{"id":98,"date":"2025-08-04T09:21:08","date_gmt":"2025-08-04T09:21:08","guid":{"rendered":"https:\/\/lottoonline365.com\/daha-fazla-uluslararasi-ikramiye\/megamillions-usa\/"},"modified":"2025-08-04T09:21:08","modified_gmt":"2025-08-04T09:21:08","slug":"megamillions-usa","status":"publish","type":"page","link":"https:\/\/lottoonline365.com\/tr\/daha-fazla-uluslararasi-ikramiye\/megamillions-usa\/","title":{"rendered":"Megamillions USA"},"content":{"rendered":"<h1>Megamillions en b\u00fcy\u00fck ikramiyelere sahip<\/h1>\n<p>Mega Millions biletlerini \u00e7evrimi\u00e7i sat\u0131n almak istiyorsan\u0131z, art\u0131k d\u00fcnyan\u0131n her yerinden bu f\u0131rsat\u0131 yakalayabilirsiniz. \u00c7\u00f6z\u00fcm, RedFoxLotto adl\u0131 bir piyango bileti kurye hizmetidir<redfoxlotto - web sitelerini ziyaret etmek i\u00e7in buraya t\u0131klay\u0131n>. Bu \u015firketin, \u00e7e\u015fitli \u00fclkelerde \u00e7al\u0131\u015fanlar\u0131 bulunmaktad\u0131r ve g\u00f6revleri, ilgili \u00fclkedeki normal bir piyango ma\u011fazas\u0131ndan \u00e7evrimi\u00e7i olarak sipari\u015f edilen biletleri sat\u0131n almakt\u0131r. Bu, \u00f6rne\u011fin Birle\u015fik Krall\u0131k&#8217;tan bir m\u00fc\u015fterinin Amerikan piyangosu i\u00e7in bir piyango bileti sat\u0131n alabilece\u011fi anlam\u0131na gelir.<\/redfoxlotto><\/p>\n<p>Bu y\u00f6ntem, <strong><span style=\"text-decoration: underline;\"><a href=\"https:\/\/redfoxlotto.com\/play\/mega-millions\/?ref=A8564250A2&amp;medium=lo365\" target=\"_blank\" rel=\"noopener\">RedFoxLotto &#8211; web sitelerini ziyaret etmek i\u00e7in buraya t\u0131klay\u0131n<\/a><\/span><\/strong><\/p>\n<h2>Sat\u0131n alma s\u00fcreci nas\u0131l i\u015fliyor?<\/h2>\n<p>Basit\u00e7e &#8211; bu ba\u011flant\u0131ya t\u0131klayarak RedFoxLotto&#8217;nun web sitesini ziyaret edin, <a href=\"https:\/\/lottoonline365.com\/tr\/hangi-piyango-en-iyi-kazanma-sansini-sunuyor\/\"<\/a> se\u00e7ene\u011fini belirleyin target=&#8221;_blank&#8221; rel=&#8221;noopener&#8221;>istedi\u011finiz piyango<\/a> (Mega Millions ile birlikte 20&#8217;den fazla mega piyango daha mevcut) ve ard\u0131ndan numaralar\u0131n\u0131z\u0131 se\u00e7in. Son olarak, \u00e7evrimi\u00e7i \u00f6deme yapars\u0131n\u0131z. En son g\u00fcvenlik protokolleri, ki\u015fisel verilerinizin g\u00fcvenli\u011fini sa\u011flar. Biletiniz (birka\u00e7 tane de sat\u0131n alabilirsiniz) size e-posta ile g\u00f6nderilecektir.<\/p>\n<h2>Mega Millions&#8217;\u0131 bu kadar \u00e7ekici k\u0131lan nedir?<\/h2>\n<p>\u00d6ncelikle, ikramiyenin her zaman \u00e7ok y\u00fcksek olmas\u0131. Bunun bir nedeni de ikramiyenin her zaman 40 milyon dolardan ba\u015flamas\u0131d\u0131r. Bir di\u011fer neden ise, ABD&#8217;de her hafta \u00e7ok say\u0131da bilet sat\u0131n al\u0131nmas\u0131 ve ikramiyenin genellikle uzun s\u00fcre k\u0131r\u0131lamamas\u0131d\u0131r. B\u00fcy\u00fck ikramiyeyi kazanma \u015fans\u0131 300 milyonda 1&#8217;dir, bu y\u00fczden birinin kazanmas\u0131 birka\u00e7 hafta s\u00fcrebilir.<\/p>\n<p>ABD&#8217;de \u015fimdiye kadar \u00f6denen en y\u00fcksek b\u00fcy\u00fck ikramiye tutar\u0131 \u015fu anda 1,5 milyar dolar\u0131n \u00fczerinde ve 100 milyon dolar\u0131n \u00fczerindeki b\u00fcy\u00fck ikramiyeler istisna de\u011fil, kurald\u0131r!<\/p>\n<p>Mega Millions&#8217;\u0131n kazanma form\u00fcl\u00fc &#8220;yetmi\u015fte be\u015f&#8221; art\u0131 &#8220;yirmi be\u015fte bir&#8221;dir; yani b\u00fcy\u00fck ikramiyeyi kazanmak i\u00e7in 70 ana say\u0131dan 5&#8217;ini ve 1 ile 25 aras\u0131nda bir say\u0131y\u0131 do\u011fru bilmeniz gerekir. \u0130sterseniz, <a href=\"https:\/\/lottoonline365.com\/tr\/kazanan-numaralar\/\" target=\"_blank\" rel=\"noopener\">say\u0131lar\u0131n\u0131z\u0131<\/a> se\u00e7mek i\u00e7in RedFoxLotto taraf\u0131ndan sunulan rastgele say\u0131 \u00fcretecini de kullanabilirsiniz.<\/p>\n<h2>Megaplier<\/h2>\n<p>Bu piyangonun bir di\u011fer \u00f6zelli\u011fi de Megaplier&#8217;d\u0131r. Bu se\u00e7ene\u011fi tercih ederseniz, kazanc\u0131n\u0131z\u0131 katlayabilirsiniz (jackpot \u00f6d\u00fclleri i\u00e7in ge\u00e7erli de\u011fildir). \u00c7ekili\u015f sonunda Megaplier&#8217;in de\u011feri (2-3-4-5x) belirlenecek ve bu se\u00e7ene\u011fi se\u00e7ip 1$ daha fazla \u00f6dediyseniz, kazanc\u0131n\u0131z \u00e7ekilen Megaplier numaras\u0131na g\u00f6re katlanacakt\u0131r.<\/p>\n<p>Bu t\u00fcr jackpotlarda, yerel <a href=\"https:\/\/lottoonline365.com\/tr\/daha-fazla-uluslararasi-ikramiye\/eurojackpot-piyangosu\/\" target=\"_blank\" rel=\"noopener\">piyango<\/a> oynaman\u0131n mant\u0131kl\u0131 olup olmad\u0131\u011f\u0131 sorusu ka\u00e7\u0131n\u0131lmaz olarak akl\u0131n\u0131za geliyor. Kurye \u00fccreti de dahil olmak \u00fczere, bilet ba\u015f\u0131na yakla\u015f\u0131k 2,70$ \u00f6dersiniz (kesin tutar piyangoya ba\u011fl\u0131d\u0131r), ancak jackpot 10-20 kat daha y\u00fcksekse, ulusal piyangonuz yerine bu piyangolar\u0131 oynamak a\u00e7\u0131k\u00e7a daha ekonomiktir.<\/p>\n","protected":false},"excerpt":{"rendered":"<p>Megamillions en b\u00fcy\u00fck ikramiyelere sahip Mega Millions biletlerini \u00e7evrimi\u00e7i sat\u0131n almak istiyorsan\u0131z, art\u0131k d\u00fcnyan\u0131n her yerinden bu f\u0131rsat\u0131 yakalayabilirsiniz. \u00c7\u00f6z\u00fcm, RedFoxLotto adl\u0131 bir piyango bileti kurye hizmetidir. Bu \u015firketin, \u00e7e\u015fitli \u00fclkelerde \u00e7al\u0131\u015fanlar\u0131 bulunmaktad\u0131r ve g\u00f6revleri, ilgili \u00fclkedeki normal bir piyango ma\u011fazas\u0131ndan \u00e7evrimi\u00e7i olarak sipari\u015f edilen biletleri sat\u0131n almakt\u0131r. Bu, \u00f6rne\u011fin Birle\u015fik Krall\u0131k&#8217;tan bir m\u00fc\u015fterinin Amerikan [&hellip;]<\/p>\n","protected":false},"author":1,"featured_media":0,"parent":88,"menu_order":0,"comment_status":"closed","ping_status":"closed","template":"","meta":{"footnotes":""},"class_list":["post-98","page","type-page","status-publish","hentry"],"blocksy_meta":[],"yoast_head":"<!-- This site is optimized with the Yoast SEO plugin v27.3 - https:\/\/yoast.com\/product\/yoast-seo-wordpress\/ -->\n<title>Mega Millions Lotto biletlerini \u00e7evrimi\u00e7i sat\u0131n al\u0131n<\/title>\n<meta name=\"robots\" content=\"index, follow, max-snippet:-1, max-image-preview:large, max-video-preview:-1\" \/>\n<link rel=\"canonical\" href=\"https:\/\/lottoonline365.com\/tr\/daha-fazla-uluslararasi-ikramiye\/megamillions-usa\/\" \/>\n<meta property=\"og:locale\" content=\"tr_TR\" \/>\n<meta property=\"og:type\" content=\"article\" \/>\n<meta property=\"og:title\" content=\"Mega Millions Lotto biletlerini \u00e7evrimi\u00e7i sat\u0131n al\u0131n\" \/>\n<meta property=\"og:description\" content=\"Megamillions en b\u00fcy\u00fck ikramiyelere sahip Mega Millions biletlerini \u00e7evrimi\u00e7i sat\u0131n almak istiyorsan\u0131z, art\u0131k d\u00fcnyan\u0131n her yerinden bu f\u0131rsat\u0131 yakalayabilirsiniz. \u00c7\u00f6z\u00fcm, RedFoxLotto adl\u0131 bir piyango bileti kurye hizmetidir. Bu \u015firketin, \u00e7e\u015fitli \u00fclkelerde \u00e7al\u0131\u015fanlar\u0131 bulunmaktad\u0131r ve g\u00f6revleri, ilgili \u00fclkedeki normal bir piyango ma\u011fazas\u0131ndan \u00e7evrimi\u00e7i olarak sipari\u015f edilen biletleri sat\u0131n almakt\u0131r. Bu, \u00f6rne\u011fin Birle\u015fik Krall\u0131k&#8217;tan bir m\u00fc\u015fterinin Amerikan [&hellip;]\" \/>\n<meta property=\"og:url\" content=\"https:\/\/lottoonline365.com\/tr\/daha-fazla-uluslararasi-ikramiye\/megamillions-usa\/\" \/>\n<meta name=\"twitter:card\" content=\"summary_large_image\" \/>\n<meta name=\"twitter:label1\" content=\"Tahmini okuma s\u00fcresi\" \/>\n\t<meta name=\"twitter:data1\" content=\"2 dakika\" \/>\n<script type=\"application\/ld+json\" class=\"yoast-schema-graph\">{\"@context\":\"https:\\\/\\\/schema.org\",\"@graph\":[{\"@type\":\"WebPage\",\"@id\":\"https:\\\/\\\/lottoonline365.com\\\/tr\\\/daha-fazla-uluslararasi-ikramiye\\\/megamillions-usa\\\/\",\"url\":\"https:\\\/\\\/lottoonline365.com\\\/tr\\\/daha-fazla-uluslararasi-ikramiye\\\/megamillions-usa\\\/\",\"name\":\"Mega Millions Lotto biletlerini \u00e7evrimi\u00e7i sat\u0131n al\u0131n\",\"isPartOf\":{\"@id\":\"https:\\\/\\\/lottoonline365.com\\\/tr\\\/#website\"},\"datePublished\":\"2025-08-04T09:21:08+00:00\",\"breadcrumb\":{\"@id\":\"https:\\\/\\\/lottoonline365.com\\\/tr\\\/daha-fazla-uluslararasi-ikramiye\\\/megamillions-usa\\\/#breadcrumb\"},\"inLanguage\":\"tr\",\"potentialAction\":[{\"@type\":\"ReadAction\",\"target\":[\"https:\\\/\\\/lottoonline365.com\\\/tr\\\/daha-fazla-uluslararasi-ikramiye\\\/megamillions-usa\\\/\"]}]},{\"@type\":\"BreadcrumbList\",\"@id\":\"https:\\\/\\\/lottoonline365.com\\\/tr\\\/daha-fazla-uluslararasi-ikramiye\\\/megamillions-usa\\\/#breadcrumb\",\"itemListElement\":[{\"@type\":\"ListItem\",\"position\":1,\"name\":\"Home\",\"item\":\"https:\\\/\\\/lottoonline365.com\\\/tr\\\/\"},{\"@type\":\"ListItem\",\"position\":2,\"name\":\"Daha fazla uluslararas\u0131 ikramiye\",\"item\":\"https:\\\/\\\/lottoonline365.com\\\/tr\\\/daha-fazla-uluslararasi-ikramiye\\\/\"},{\"@type\":\"ListItem\",\"position\":3,\"name\":\"Megamillions USA\"}]},{\"@type\":\"WebSite\",\"@id\":\"https:\\\/\\\/lottoonline365.com\\\/tr\\\/#website\",\"url\":\"https:\\\/\\\/lottoonline365.com\\\/tr\\\/\",\"name\":\"\",\"description\":\"\",\"potentialAction\":[{\"@type\":\"SearchAction\",\"target\":{\"@type\":\"EntryPoint\",\"urlTemplate\":\"https:\\\/\\\/lottoonline365.com\\\/tr\\\/?s={search_term_string}\"},\"query-input\":{\"@type\":\"PropertyValueSpecification\",\"valueRequired\":true,\"valueName\":\"search_term_string\"}}],\"inLanguage\":\"tr\"}]}<\/script>\n<!-- \/ Yoast SEO plugin. -->","yoast_head_json":{"title":"Mega Millions Lotto biletlerini \u00e7evrimi\u00e7i sat\u0131n al\u0131n","robots":{"index":"index","follow":"follow","max-snippet":"max-snippet:-1","max-image-preview":"max-image-preview:large","max-video-preview":"max-video-preview:-1"},"canonical":"https:\/\/lottoonline365.com\/tr\/daha-fazla-uluslararasi-ikramiye\/megamillions-usa\/","og_locale":"tr_TR","og_type":"article","og_title":"Mega Millions Lotto biletlerini \u00e7evrimi\u00e7i sat\u0131n al\u0131n","og_description":"Megamillions en b\u00fcy\u00fck ikramiyelere sahip Mega Millions biletlerini \u00e7evrimi\u00e7i sat\u0131n almak istiyorsan\u0131z, art\u0131k d\u00fcnyan\u0131n her yerinden bu f\u0131rsat\u0131 yakalayabilirsiniz. \u00c7\u00f6z\u00fcm, RedFoxLotto adl\u0131 bir piyango bileti kurye hizmetidir. Bu \u015firketin, \u00e7e\u015fitli \u00fclkelerde \u00e7al\u0131\u015fanlar\u0131 bulunmaktad\u0131r ve g\u00f6revleri, ilgili \u00fclkedeki normal bir piyango ma\u011fazas\u0131ndan \u00e7evrimi\u00e7i olarak sipari\u015f edilen biletleri sat\u0131n almakt\u0131r. Bu, \u00f6rne\u011fin Birle\u015fik Krall\u0131k&#8217;tan bir m\u00fc\u015fterinin Amerikan [&hellip;]","og_url":"https:\/\/lottoonline365.com\/tr\/daha-fazla-uluslararasi-ikramiye\/megamillions-usa\/","twitter_card":"summary_large_image","twitter_misc":{"Tahmini okuma s\u00fcresi":"2 dakika"},"schema":{"@context":"https:\/\/schema.org","@graph":[{"@type":"WebPage","@id":"https:\/\/lottoonline365.com\/tr\/daha-fazla-uluslararasi-ikramiye\/megamillions-usa\/","url":"https:\/\/lottoonline365.com\/tr\/daha-fazla-uluslararasi-ikramiye\/megamillions-usa\/","name":"Mega Millions Lotto biletlerini \u00e7evrimi\u00e7i sat\u0131n al\u0131n","isPartOf":{"@id":"https:\/\/lottoonline365.com\/tr\/#website"},"datePublished":"2025-08-04T09:21:08+00:00","breadcrumb":{"@id":"https:\/\/lottoonline365.com\/tr\/daha-fazla-uluslararasi-ikramiye\/megamillions-usa\/#breadcrumb"},"inLanguage":"tr","potentialAction":[{"@type":"ReadAction","target":["https:\/\/lottoonline365.com\/tr\/daha-fazla-uluslararasi-ikramiye\/megamillions-usa\/"]}]},{"@type":"BreadcrumbList","@id":"https:\/\/lottoonline365.com\/tr\/daha-fazla-uluslararasi-ikramiye\/megamillions-usa\/#breadcrumb","itemListElement":[{"@type":"ListItem","position":1,"name":"Home","item":"https:\/\/lottoonline365.com\/tr\/"},{"@type":"ListItem","position":2,"name":"Daha fazla uluslararas\u0131 ikramiye","item":"https:\/\/lottoonline365.com\/tr\/daha-fazla-uluslararasi-ikramiye\/"},{"@type":"ListItem","position":3,"name":"Megamillions USA"}]},{"@type":"WebSite","@id":"https:\/\/lottoonline365.com\/tr\/#website","url":"https:\/\/lottoonline365.com\/tr\/","name":"","description":"","potentialAction":[{"@type":"SearchAction","target":{"@type":"EntryPoint","urlTemplate":"https:\/\/lottoonline365.com\/tr\/?s={search_term_string}"},"query-input":{"@type":"PropertyValueSpecification","valueRequired":true,"valueName":"search_term_string"}}],"inLanguage":"tr"}]}},"_links":{"self":[{"href":"https:\/\/lottoonline365.com\/tr\/wp-json\/wp\/v2\/pages\/98","targetHints":{"allow":["GET"]}}],"collection":[{"href":"https:\/\/lottoonline365.com\/tr\/wp-json\/wp\/v2\/pages"}],"about":[{"href":"https:\/\/lottoonline365.com\/tr\/wp-json\/wp\/v2\/types\/page"}],"author":[{"embeddable":true,"href":"https:\/\/lottoonline365.com\/tr\/wp-json\/wp\/v2\/users\/1"}],"replies":[{"embeddable":true,"href":"https:\/\/lottoonline365.com\/tr\/wp-json\/wp\/v2\/comments?post=98"}],"version-history":[{"count":0,"href":"https:\/\/lottoonline365.com\/tr\/wp-json\/wp\/v2\/pages\/98\/revisions"}],"up":[{"embeddable":true,"href":"https:\/\/lottoonline365.com\/tr\/wp-json\/wp\/v2\/pages\/88"}],"wp:attachment":[{"href":"https:\/\/lottoonline365.com\/tr\/wp-json\/wp\/v2\/media?parent=98"}],"curies":[{"name":"wp","href":"https:\/\/api.w.org\/{rel}","templated":true}]}}