{"id":94,"date":"2025-08-04T09:25:58","date_gmt":"2025-08-04T09:25:58","guid":{"rendered":"https:\/\/lottoonline365.com\/daha-fazla-uluslararasi-ikramiye\/superenalotto-italy\/"},"modified":"2025-08-04T09:25:58","modified_gmt":"2025-08-04T09:25:58","slug":"superenalotto-italy","status":"publish","type":"page","link":"https:\/\/lottoonline365.com\/tr\/daha-fazla-uluslararasi-ikramiye\/superenalotto-italy\/","title":{"rendered":"Superenalotto Italy"},"content":{"rendered":"<h1>Bu devasa \u0130talyan piyangosu art\u0131k t\u00fcm d\u00fcnyaya a\u00e7\u0131k<\/h1>\n<p>Bu piyango, di\u011fer \u00fclkelerdeki \u00e7o\u011fu piyangodan farkl\u0131d\u0131r. Olas\u0131 kombinasyon say\u0131s\u0131 nispeten y\u00fcksektir. Bu da b\u00fcy\u00fck ikramiyelere yol a\u00e7ar \u00e7\u00fcnk\u00fc \u00e7o\u011fu zaman kimse birka\u00e7 hafta boyunca kazanan kombinasyonlara sahip olmaz. Bu piyangonun bilet fiyatlar\u0131 \u00e7o\u011fu piyangodan daha d\u00fc\u015f\u00fckt\u00fcr. \u0130talya&#8217;da insanlar piyangoyu sever ve ikramiye artt\u0131\u011f\u0131nda daha da fazla piyango bileti al\u0131rlar.<\/p>\n<h2>Di\u011fer \u00fclkelerden oynamak<\/h2>\n<p>Superenalotto biletleri ya\u015fad\u0131\u011f\u0131n\u0131z yerde sat\u0131\u015fta de\u011fil mi? Sorun de\u011fil &#8211; tek yapman\u0131z gereken <a href=\"https:\/\/redfoxlotto.com\/play\/superenalotto\/?ref=A8564250A2&amp;medium=lo365\" target=\"_blank\" rel=\"noopener\"><span style=\"text-decoration: underline;\">RedfoxLotto.com&#8217;u (bu ba\u011flant\u0131ya t\u0131klay\u0131n)<\/span><\/a> ziyaret etmek ve \u00e7evrimi\u00e7i bilet sipari\u015f etmek. Superenalotto&#8217;nun yan\u0131 s\u0131ra, <a href=\"https:\/\/lottoonline365.com\/en\/tips-for-players\/which-lottery-has-the-worlds-biggest-jackpots\">di\u011fer \u00fclkelerden piyango biletleri<\/a> i\u00e7in de bu kurye hizmeti, size b\u00fcy\u00fck Amerikan piyangolar\u0131, Euromillions ve daha fazlas\u0131 i\u00e7in bilet sa\u011flayabilir. \u00d6demeler \u00e7ok \u00e7e\u015fitli y\u00f6ntemlerle yap\u0131labilir, hatta PayPal \u00fczerinden bile \u00f6deme yapabilirsiniz.<\/p>\n<h2>\u00c7ekili\u015fi bekleyin ve numaralar\u0131n\u0131z\u0131 kontrol edin<\/h2>\n<p><a href=\"https:\/\/lottoonline365.com\/tr\/kazanan-numaralar\/\" target=\"_blank\" rel=\"noopener\">\u00c7ekili\u015f sonu\u00e7lar\u0131<\/a> a\u00e7\u0131kland\u0131ktan sonra, RedFoxLotto m\u00fc\u015fteri hesab\u0131n\u0131za geri d\u00f6n\u00fcp biletlerinizi kontrol edebilir ve t\u00fcm kazanan numaralar\u0131n vurguland\u0131\u011f\u0131n\u0131 g\u00f6rebilirsiniz. Kazanman\u0131z durumunda, hi\u00e7bir kazanc\u0131 ka\u00e7\u0131rmaman\u0131z i\u00e7in size bir e-posta mesaj\u0131 da g\u00f6nderecekler.<\/p>\n<h2>Di\u011fer ikramiyeleri de kontrol edin<\/h2>\n<p>\u00d6ncelikle \u00e7e\u015fitli piyango ikramiyelerinin b\u00fcy\u00fckl\u00fc\u011f\u00fcn\u00fc kontrol etmenizi \u00f6neririz. Superenalotto&#8217;nun \u015fu anda sundu\u011fundan daha b\u00fcy\u00fck bir ikramiye bulursan\u0131z, o piyango i\u00e7in bir bilet almay\u0131 d\u00fc\u015f\u00fcnebilirsiniz. Bol \u015fans dileriz!<\/p>\n","protected":false},"excerpt":{"rendered":"<p>Bu devasa \u0130talyan piyangosu art\u0131k t\u00fcm d\u00fcnyaya a\u00e7\u0131k Bu piyango, di\u011fer \u00fclkelerdeki \u00e7o\u011fu piyangodan farkl\u0131d\u0131r. Olas\u0131 kombinasyon say\u0131s\u0131 nispeten y\u00fcksektir. Bu da b\u00fcy\u00fck ikramiyelere yol a\u00e7ar \u00e7\u00fcnk\u00fc \u00e7o\u011fu zaman kimse birka\u00e7 hafta boyunca kazanan kombinasyonlara sahip olmaz. Bu piyangonun bilet fiyatlar\u0131 \u00e7o\u011fu piyangodan daha d\u00fc\u015f\u00fckt\u00fcr. \u0130talya&#8217;da insanlar piyangoyu sever ve ikramiye artt\u0131\u011f\u0131nda daha da fazla [&hellip;]<\/p>\n","protected":false},"author":1,"featured_media":0,"parent":88,"menu_order":0,"comment_status":"closed","ping_status":"closed","template":"","meta":{"footnotes":""},"class_list":["post-94","page","type-page","status-publish","hentry"],"blocksy_meta":[],"yoast_head":"<!-- This site is optimized with the Yoast SEO plugin v27.3 - https:\/\/yoast.com\/product\/yoast-seo-wordpress\/ -->\n<title>Superenalotto&#039;yu \u00e7evrimi\u00e7i oynayabilir miyim?<\/title>\n<meta name=\"robots\" content=\"index, follow, max-snippet:-1, max-image-preview:large, max-video-preview:-1\" \/>\n<link rel=\"canonical\" href=\"https:\/\/lottoonline365.com\/tr\/daha-fazla-uluslararasi-ikramiye\/superenalotto-italy\/\" \/>\n<meta property=\"og:locale\" content=\"tr_TR\" \/>\n<meta property=\"og:type\" content=\"article\" \/>\n<meta property=\"og:title\" content=\"Superenalotto&#039;yu \u00e7evrimi\u00e7i oynayabilir miyim?\" \/>\n<meta property=\"og:description\" content=\"Bu devasa \u0130talyan piyangosu art\u0131k t\u00fcm d\u00fcnyaya a\u00e7\u0131k Bu piyango, di\u011fer \u00fclkelerdeki \u00e7o\u011fu piyangodan farkl\u0131d\u0131r. Olas\u0131 kombinasyon say\u0131s\u0131 nispeten y\u00fcksektir. Bu da b\u00fcy\u00fck ikramiyelere yol a\u00e7ar \u00e7\u00fcnk\u00fc \u00e7o\u011fu zaman kimse birka\u00e7 hafta boyunca kazanan kombinasyonlara sahip olmaz. Bu piyangonun bilet fiyatlar\u0131 \u00e7o\u011fu piyangodan daha d\u00fc\u015f\u00fckt\u00fcr. \u0130talya&#8217;da insanlar piyangoyu sever ve ikramiye artt\u0131\u011f\u0131nda daha da fazla [&hellip;]\" \/>\n<meta property=\"og:url\" content=\"https:\/\/lottoonline365.com\/tr\/daha-fazla-uluslararasi-ikramiye\/superenalotto-italy\/\" \/>\n<meta name=\"twitter:card\" content=\"summary_large_image\" \/>\n<meta name=\"twitter:label1\" content=\"Tahmini okuma s\u00fcresi\" \/>\n\t<meta name=\"twitter:data1\" content=\"1 dakika\" \/>\n<script type=\"application\/ld+json\" class=\"yoast-schema-graph\">{\"@context\":\"https:\\\/\\\/schema.org\",\"@graph\":[{\"@type\":\"WebPage\",\"@id\":\"https:\\\/\\\/lottoonline365.com\\\/tr\\\/daha-fazla-uluslararasi-ikramiye\\\/superenalotto-italy\\\/\",\"url\":\"https:\\\/\\\/lottoonline365.com\\\/tr\\\/daha-fazla-uluslararasi-ikramiye\\\/superenalotto-italy\\\/\",\"name\":\"Superenalotto'yu \u00e7evrimi\u00e7i oynayabilir miyim?\",\"isPartOf\":{\"@id\":\"https:\\\/\\\/lottoonline365.com\\\/tr\\\/#website\"},\"datePublished\":\"2025-08-04T09:25:58+00:00\",\"breadcrumb\":{\"@id\":\"https:\\\/\\\/lottoonline365.com\\\/tr\\\/daha-fazla-uluslararasi-ikramiye\\\/superenalotto-italy\\\/#breadcrumb\"},\"inLanguage\":\"tr\",\"potentialAction\":[{\"@type\":\"ReadAction\",\"target\":[\"https:\\\/\\\/lottoonline365.com\\\/tr\\\/daha-fazla-uluslararasi-ikramiye\\\/superenalotto-italy\\\/\"]}]},{\"@type\":\"BreadcrumbList\",\"@id\":\"https:\\\/\\\/lottoonline365.com\\\/tr\\\/daha-fazla-uluslararasi-ikramiye\\\/superenalotto-italy\\\/#breadcrumb\",\"itemListElement\":[{\"@type\":\"ListItem\",\"position\":1,\"name\":\"Home\",\"item\":\"https:\\\/\\\/lottoonline365.com\\\/tr\\\/\"},{\"@type\":\"ListItem\",\"position\":2,\"name\":\"Daha fazla uluslararas\u0131 ikramiye\",\"item\":\"https:\\\/\\\/lottoonline365.com\\\/tr\\\/daha-fazla-uluslararasi-ikramiye\\\/\"},{\"@type\":\"ListItem\",\"position\":3,\"name\":\"Superenalotto Italy\"}]},{\"@type\":\"WebSite\",\"@id\":\"https:\\\/\\\/lottoonline365.com\\\/tr\\\/#website\",\"url\":\"https:\\\/\\\/lottoonline365.com\\\/tr\\\/\",\"name\":\"\",\"description\":\"\",\"potentialAction\":[{\"@type\":\"SearchAction\",\"target\":{\"@type\":\"EntryPoint\",\"urlTemplate\":\"https:\\\/\\\/lottoonline365.com\\\/tr\\\/?s={search_term_string}\"},\"query-input\":{\"@type\":\"PropertyValueSpecification\",\"valueRequired\":true,\"valueName\":\"search_term_string\"}}],\"inLanguage\":\"tr\"}]}<\/script>\n<!-- \/ Yoast SEO plugin. -->","yoast_head_json":{"title":"Superenalotto'yu \u00e7evrimi\u00e7i oynayabilir miyim?","robots":{"index":"index","follow":"follow","max-snippet":"max-snippet:-1","max-image-preview":"max-image-preview:large","max-video-preview":"max-video-preview:-1"},"canonical":"https:\/\/lottoonline365.com\/tr\/daha-fazla-uluslararasi-ikramiye\/superenalotto-italy\/","og_locale":"tr_TR","og_type":"article","og_title":"Superenalotto'yu \u00e7evrimi\u00e7i oynayabilir miyim?","og_description":"Bu devasa \u0130talyan piyangosu art\u0131k t\u00fcm d\u00fcnyaya a\u00e7\u0131k Bu piyango, di\u011fer \u00fclkelerdeki \u00e7o\u011fu piyangodan farkl\u0131d\u0131r. Olas\u0131 kombinasyon say\u0131s\u0131 nispeten y\u00fcksektir. Bu da b\u00fcy\u00fck ikramiyelere yol a\u00e7ar \u00e7\u00fcnk\u00fc \u00e7o\u011fu zaman kimse birka\u00e7 hafta boyunca kazanan kombinasyonlara sahip olmaz. Bu piyangonun bilet fiyatlar\u0131 \u00e7o\u011fu piyangodan daha d\u00fc\u015f\u00fckt\u00fcr. \u0130talya&#8217;da insanlar piyangoyu sever ve ikramiye artt\u0131\u011f\u0131nda daha da fazla [&hellip;]","og_url":"https:\/\/lottoonline365.com\/tr\/daha-fazla-uluslararasi-ikramiye\/superenalotto-italy\/","twitter_card":"summary_large_image","twitter_misc":{"Tahmini okuma s\u00fcresi":"1 dakika"},"schema":{"@context":"https:\/\/schema.org","@graph":[{"@type":"WebPage","@id":"https:\/\/lottoonline365.com\/tr\/daha-fazla-uluslararasi-ikramiye\/superenalotto-italy\/","url":"https:\/\/lottoonline365.com\/tr\/daha-fazla-uluslararasi-ikramiye\/superenalotto-italy\/","name":"Superenalotto'yu \u00e7evrimi\u00e7i oynayabilir miyim?","isPartOf":{"@id":"https:\/\/lottoonline365.com\/tr\/#website"},"datePublished":"2025-08-04T09:25:58+00:00","breadcrumb":{"@id":"https:\/\/lottoonline365.com\/tr\/daha-fazla-uluslararasi-ikramiye\/superenalotto-italy\/#breadcrumb"},"inLanguage":"tr","potentialAction":[{"@type":"ReadAction","target":["https:\/\/lottoonline365.com\/tr\/daha-fazla-uluslararasi-ikramiye\/superenalotto-italy\/"]}]},{"@type":"BreadcrumbList","@id":"https:\/\/lottoonline365.com\/tr\/daha-fazla-uluslararasi-ikramiye\/superenalotto-italy\/#breadcrumb","itemListElement":[{"@type":"ListItem","position":1,"name":"Home","item":"https:\/\/lottoonline365.com\/tr\/"},{"@type":"ListItem","position":2,"name":"Daha fazla uluslararas\u0131 ikramiye","item":"https:\/\/lottoonline365.com\/tr\/daha-fazla-uluslararasi-ikramiye\/"},{"@type":"ListItem","position":3,"name":"Superenalotto Italy"}]},{"@type":"WebSite","@id":"https:\/\/lottoonline365.com\/tr\/#website","url":"https:\/\/lottoonline365.com\/tr\/","name":"","description":"","potentialAction":[{"@type":"SearchAction","target":{"@type":"EntryPoint","urlTemplate":"https:\/\/lottoonline365.com\/tr\/?s={search_term_string}"},"query-input":{"@type":"PropertyValueSpecification","valueRequired":true,"valueName":"search_term_string"}}],"inLanguage":"tr"}]}},"_links":{"self":[{"href":"https:\/\/lottoonline365.com\/tr\/wp-json\/wp\/v2\/pages\/94","targetHints":{"allow":["GET"]}}],"collection":[{"href":"https:\/\/lottoonline365.com\/tr\/wp-json\/wp\/v2\/pages"}],"about":[{"href":"https:\/\/lottoonline365.com\/tr\/wp-json\/wp\/v2\/types\/page"}],"author":[{"embeddable":true,"href":"https:\/\/lottoonline365.com\/tr\/wp-json\/wp\/v2\/users\/1"}],"replies":[{"embeddable":true,"href":"https:\/\/lottoonline365.com\/tr\/wp-json\/wp\/v2\/comments?post=94"}],"version-history":[{"count":0,"href":"https:\/\/lottoonline365.com\/tr\/wp-json\/wp\/v2\/pages\/94\/revisions"}],"up":[{"embeddable":true,"href":"https:\/\/lottoonline365.com\/tr\/wp-json\/wp\/v2\/pages\/88"}],"wp:attachment":[{"href":"https:\/\/lottoonline365.com\/tr\/wp-json\/wp\/v2\/media?parent=94"}],"curies":[{"name":"wp","href":"https:\/\/api.w.org\/{rel}","templated":true}]}}