{"id":90,"date":"2025-08-04T09:12:05","date_gmt":"2025-08-04T09:12:05","guid":{"rendered":"https:\/\/lottoonline365.com\/kazanan-numaralar\/"},"modified":"2025-08-04T09:12:05","modified_gmt":"2025-08-04T09:12:05","slug":"kazanan-numaralar","status":"publish","type":"page","link":"https:\/\/lottoonline365.com\/tr\/kazanan-numaralar\/","title":{"rendered":"Kazanan numaralar"},"content":{"rendered":"<h1>Biletinizin kazan\u0131p kazanmad\u0131\u011f\u0131n\u0131 kontrol edin<\/h1>\n<p>Bu sayfada, Powerball, Megamillions, Euromillions ve Eurojackpot dahil olmak \u00fczere d\u00fcnyan\u0131n en b\u00fcy\u00fck piyangolar\u0131n\u0131n <a href=\"https:\/\/redfoxlotto.com\/results\/eurojackpot\/\">kazanan numaralar\u0131n\u0131<\/a> g\u00f6sterece\u011fiz. T\u00fcm \u00e7ekili\u015f sonu\u00e7lar\u0131n\u0131 buradan kontrol edin &#8211; numaralar \u00e7ekilir \u00e7ekilmez verilerimiz kal\u0131c\u0131 olarak g\u00fcncellenecektir.<\/p>\n<h2>Bu piyangolardan herhangi biri i\u00e7in bilet almak ister misiniz?<\/h2>\n<p>Duydu\u011funuz veya okudu\u011funuz o piyango ikramiyelerinden birine bilet alman\u0131n m\u00fcmk\u00fcn olup olmad\u0131\u011f\u0131n\u0131 merak etmi\u015f olabilirsiniz. \u00c7o\u011fu insan &#8220;Ke\u015fke o b\u00fcy\u00fck <a href=\"https:\/\/lottoonline365.com\/more-international-jackpots\/powerball-usa\/\" target=\"_blank\" rel=\"noopener\">Powerball ikramiyesi<\/a> i\u00e7in bilet alamasayd\u0131m &#8211; bunlar\u0131 yaln\u0131zca ABD&#8217;liler kazanabilir&#8221; diye d\u00fc\u015f\u00fcn\u00fcyor. Daha fazla yan\u0131lamazlard\u0131!<\/p>\n<p>\u0130nternet \u00e7a\u011f\u0131nda, ikamet etti\u011finiz \u00fclke d\u0131\u015f\u0131nda bir piyango bileti sat\u0131n almak \u00e7ok kolay. RedFoxLotto ad\u0131nda <a href=\"index.php?option=com_content&amp;view=article&amp;id=42&amp;Itemid=269&amp;lang=en\">d\u00fcnya \u00e7ap\u0131nda piyango bileti sat\u0131n alma<\/a> hizmeti mevcut. Tek yapman\u0131z gereken a\u015fa\u011f\u0131daki &#8220;Oyna&#8221; kutular\u0131ndan birine t\u0131klamak. Numaralar\u0131n\u0131z\u0131 se\u00e7ti\u011finiz, bir veya birden fazla \u00e7ekili\u015fe kat\u0131lmak isteyip istemedi\u011finizi ve istedi\u011finiz bilet say\u0131s\u0131n\u0131 belirledi\u011finiz sayfaya y\u00f6nlendirileceksiniz. Ard\u0131ndan biletinizi online olarak sat\u0131n al\u0131rs\u0131n\u0131z ve daha ne oldu\u011funu anlamadan orijinal biletinizin bir kopyas\u0131 e-posta kutunuzdad\u0131r.<\/p>\n<p>Bu hizmetin s\u0131rr\u0131, RedFoxLotto i\u00e7in \u00e7al\u0131\u015fan d\u00fcnya \u00e7ap\u0131nda bir acente a\u011f\u0131d\u0131r. Sipari\u015f etti\u011finiz biletleri yerinde sat\u0131n al\u0131rlar, ard\u0131ndan taray\u0131p size e-posta ile g\u00f6nderirler. RedFoxLotto, kazanman\u0131z durumunda kazanc\u0131n\u0131zdan bir y\u00fczde almadan \u00f6demelerinizi ger\u00e7ekle\u015ftirir. Tek dezavantaj\u0131, sat\u0131n alma ve i\u015flem masraflar\u0131 nedeniyle biletlerin orijinal biletin maliyetinden biraz daha pahal\u0131 olmas\u0131d\u0131r.<\/p>\n<p><script src=\"https:\/\/www.RedFoxLotto-affiliates.com\/scripts\/banner.php?tl_affid=8190&amp;tl_bannerid=925c7ea6&amp;chan=lo365numbers\" type=\"text\/javascript\"><\/script><br \/>\n<script src=\"https:\/\/www.RedFoxLotto-affiliates.com\/scripts\/banner.php?tl_affid=8190&amp;tl_bannerid=379337d4&amp;chan=lo365numbers\" type=\"text\/javascript\"><\/script><br \/>\n<script src=\"https:\/\/www.RedFoxLotto-affiliates.com\/scripts\/banner.php?tl_affid=8190&amp;tl_bannerid=e9840c5f&amp;chan=lo365numbers\" type=\"text\/javascript\"><\/script><br \/>\n<script src=\"https:\/\/www.RedFoxLotto-affiliates.com\/scripts\/banner.php?tl_affid=8190&amp;tl_bannerid=54fb7097&amp;chan=lo365numbers\" type=\"text\/javascript\"><\/script><br \/>\n<script src=\"https:\/\/www.RedFoxLotto-affiliates.com\/scripts\/banner.php?tl_affid=8190&amp;tl_bannerid=01b328c1&amp;chan=lo365numbers\" type=\"text\/javascript\"><\/script><br \/>\n<script src=\"https:\/\/www.RedFoxLotto-affiliates.com\/scripts\/banner.php?tl_affid=8190&amp;tl_bannerid=a149c04c&amp;chan=lo365numbers\" type=\"text\/javascript\"><\/script><br \/>\n<script src=\"https:\/\/www.RedFoxLotto-affiliates.com\/scripts\/banner.php?tl_affid=8190&amp;tl_bannerid=2bbda3ce&amp;chan=lo365numbers\" type=\"text\/javascript\"><\/script><br \/>\n<script src=\"https:\/\/www.RedFoxLotto-affiliates.com\/scripts\/banner.php?tl_affid=8190&amp;tl_bannerid=1d268791&amp;chan=lo365numbers\" type=\"text\/javascript\"><\/script><br \/>\n<script src=\"https:\/\/www.RedFoxLotto-affiliates.com\/scripts\/banner.php?tl_affid=8190&amp;tl_bannerid=00bfee43&amp;chan=lo365numbers\" type=\"text\/javascript\"><\/script><br \/>\n<script src=\"https:\/\/www.RedFoxLotto-affiliates.com\/scripts\/banner.php?tl_affid=8190&amp;tl_bannerid=fd25c415&amp;chan=lo365numbers\" type=\"text\/javascript\"><\/script><br \/>\n<script src=\"https:\/\/www.RedFoxLotto-affiliates.com\/scripts\/banner.php?tl_affid=8190&amp;tl_bannerid=09e05ca8&amp;chan=lo365numbers\" type=\"text\/javascript\"><\/script><br \/>\n<script src=\"https:\/\/www.RedFoxLotto-affiliates.com\/scripts\/banner.php?tl_affid=8190&amp;tl_bannerid=de7cc525&amp;chan=lo365numbers\" type=\"text\/javascript\"><\/script><br \/>\n<script src=\"https:\/\/www.RedFoxLotto-affiliates.com\/scripts\/banner.php?tl_affid=8190&amp;tl_bannerid=1927fe29&amp;chan=lo365numbers\" type=\"text\/javascript\"><\/script><br \/>\n<script src=\"https:\/\/www.RedFoxLotto-affiliates.com\/scripts\/banner.php?tl_affid=8190&amp;tl_bannerid=a025ab9c&amp;chan=lo365numbers\" type=\"text\/javascript\"><\/script><\/p>\n","protected":false},"excerpt":{"rendered":"<p>Biletinizin kazan\u0131p kazanmad\u0131\u011f\u0131n\u0131 kontrol edin Bu sayfada, Powerball, Megamillions, Euromillions ve Eurojackpot dahil olmak \u00fczere d\u00fcnyan\u0131n en b\u00fcy\u00fck piyangolar\u0131n\u0131n kazanan numaralar\u0131n\u0131 g\u00f6sterece\u011fiz. T\u00fcm \u00e7ekili\u015f sonu\u00e7lar\u0131n\u0131 buradan kontrol edin &#8211; numaralar \u00e7ekilir \u00e7ekilmez verilerimiz kal\u0131c\u0131 olarak g\u00fcncellenecektir. Bu piyangolardan herhangi biri i\u00e7in bilet almak ister misiniz? Duydu\u011funuz veya okudu\u011funuz o piyango ikramiyelerinden birine bilet alman\u0131n m\u00fcmk\u00fcn [&hellip;]<\/p>\n","protected":false},"author":1,"featured_media":0,"parent":0,"menu_order":0,"comment_status":"closed","ping_status":"closed","template":"","meta":{"footnotes":""},"class_list":["post-90","page","type-page","status-publish","hentry"],"blocksy_meta":[],"yoast_head":"<!-- This site is optimized with the Yoast SEO plugin v27.5 - https:\/\/yoast.com\/product\/yoast-seo-wordpress\/ -->\n<title>Powerball, Megamillions, Euromillions, Eurojackpot&#039;ta son kazanan numaralar<\/title>\n<meta name=\"robots\" content=\"index, follow, max-snippet:-1, max-image-preview:large, max-video-preview:-1\" \/>\n<link rel=\"canonical\" href=\"https:\/\/lottoonline365.com\/tr\/kazanan-numaralar\/\" \/>\n<meta property=\"og:locale\" content=\"tr_TR\" \/>\n<meta property=\"og:type\" content=\"article\" \/>\n<meta property=\"og:title\" content=\"Powerball, Megamillions, Euromillions, Eurojackpot&#039;ta son kazanan numaralar\" \/>\n<meta property=\"og:description\" content=\"Biletinizin kazan\u0131p kazanmad\u0131\u011f\u0131n\u0131 kontrol edin Bu sayfada, Powerball, Megamillions, Euromillions ve Eurojackpot dahil olmak \u00fczere d\u00fcnyan\u0131n en b\u00fcy\u00fck piyangolar\u0131n\u0131n kazanan numaralar\u0131n\u0131 g\u00f6sterece\u011fiz. T\u00fcm \u00e7ekili\u015f sonu\u00e7lar\u0131n\u0131 buradan kontrol edin &#8211; numaralar \u00e7ekilir \u00e7ekilmez verilerimiz kal\u0131c\u0131 olarak g\u00fcncellenecektir. Bu piyangolardan herhangi biri i\u00e7in bilet almak ister misiniz? Duydu\u011funuz veya okudu\u011funuz o piyango ikramiyelerinden birine bilet alman\u0131n m\u00fcmk\u00fcn [&hellip;]\" \/>\n<meta property=\"og:url\" content=\"https:\/\/lottoonline365.com\/tr\/kazanan-numaralar\/\" \/>\n<meta name=\"twitter:card\" content=\"summary_large_image\" \/>\n<meta name=\"twitter:label1\" content=\"Tahmini okuma s\u00fcresi\" \/>\n\t<meta name=\"twitter:data1\" content=\"1 dakika\" \/>\n<script type=\"application\/ld+json\" class=\"yoast-schema-graph\">{\"@context\":\"https:\\\/\\\/schema.org\",\"@graph\":[{\"@type\":\"WebPage\",\"@id\":\"https:\\\/\\\/lottoonline365.com\\\/tr\\\/kazanan-numaralar\\\/\",\"url\":\"https:\\\/\\\/lottoonline365.com\\\/tr\\\/kazanan-numaralar\\\/\",\"name\":\"Powerball, Megamillions, Euromillions, Eurojackpot'ta son kazanan numaralar\",\"isPartOf\":{\"@id\":\"https:\\\/\\\/lottoonline365.com\\\/tr\\\/#website\"},\"datePublished\":\"2025-08-04T09:12:05+00:00\",\"breadcrumb\":{\"@id\":\"https:\\\/\\\/lottoonline365.com\\\/tr\\\/kazanan-numaralar\\\/#breadcrumb\"},\"inLanguage\":\"tr\",\"potentialAction\":[{\"@type\":\"ReadAction\",\"target\":[\"https:\\\/\\\/lottoonline365.com\\\/tr\\\/kazanan-numaralar\\\/\"]}]},{\"@type\":\"BreadcrumbList\",\"@id\":\"https:\\\/\\\/lottoonline365.com\\\/tr\\\/kazanan-numaralar\\\/#breadcrumb\",\"itemListElement\":[{\"@type\":\"ListItem\",\"position\":1,\"name\":\"Home\",\"item\":\"https:\\\/\\\/lottoonline365.com\\\/tr\\\/\"},{\"@type\":\"ListItem\",\"position\":2,\"name\":\"Kazanan numaralar\"}]},{\"@type\":\"WebSite\",\"@id\":\"https:\\\/\\\/lottoonline365.com\\\/tr\\\/#website\",\"url\":\"https:\\\/\\\/lottoonline365.com\\\/tr\\\/\",\"name\":\"\",\"description\":\"\",\"potentialAction\":[{\"@type\":\"SearchAction\",\"target\":{\"@type\":\"EntryPoint\",\"urlTemplate\":\"https:\\\/\\\/lottoonline365.com\\\/tr\\\/?s={search_term_string}\"},\"query-input\":{\"@type\":\"PropertyValueSpecification\",\"valueRequired\":true,\"valueName\":\"search_term_string\"}}],\"inLanguage\":\"tr\"}]}<\/script>\n<!-- \/ Yoast SEO plugin. -->","yoast_head_json":{"title":"Powerball, Megamillions, Euromillions, Eurojackpot'ta son kazanan numaralar","robots":{"index":"index","follow":"follow","max-snippet":"max-snippet:-1","max-image-preview":"max-image-preview:large","max-video-preview":"max-video-preview:-1"},"canonical":"https:\/\/lottoonline365.com\/tr\/kazanan-numaralar\/","og_locale":"tr_TR","og_type":"article","og_title":"Powerball, Megamillions, Euromillions, Eurojackpot'ta son kazanan numaralar","og_description":"Biletinizin kazan\u0131p kazanmad\u0131\u011f\u0131n\u0131 kontrol edin Bu sayfada, Powerball, Megamillions, Euromillions ve Eurojackpot dahil olmak \u00fczere d\u00fcnyan\u0131n en b\u00fcy\u00fck piyangolar\u0131n\u0131n kazanan numaralar\u0131n\u0131 g\u00f6sterece\u011fiz. T\u00fcm \u00e7ekili\u015f sonu\u00e7lar\u0131n\u0131 buradan kontrol edin &#8211; numaralar \u00e7ekilir \u00e7ekilmez verilerimiz kal\u0131c\u0131 olarak g\u00fcncellenecektir. Bu piyangolardan herhangi biri i\u00e7in bilet almak ister misiniz? Duydu\u011funuz veya okudu\u011funuz o piyango ikramiyelerinden birine bilet alman\u0131n m\u00fcmk\u00fcn [&hellip;]","og_url":"https:\/\/lottoonline365.com\/tr\/kazanan-numaralar\/","twitter_card":"summary_large_image","twitter_misc":{"Tahmini okuma s\u00fcresi":"1 dakika"},"schema":{"@context":"https:\/\/schema.org","@graph":[{"@type":"WebPage","@id":"https:\/\/lottoonline365.com\/tr\/kazanan-numaralar\/","url":"https:\/\/lottoonline365.com\/tr\/kazanan-numaralar\/","name":"Powerball, Megamillions, Euromillions, Eurojackpot'ta son kazanan numaralar","isPartOf":{"@id":"https:\/\/lottoonline365.com\/tr\/#website"},"datePublished":"2025-08-04T09:12:05+00:00","breadcrumb":{"@id":"https:\/\/lottoonline365.com\/tr\/kazanan-numaralar\/#breadcrumb"},"inLanguage":"tr","potentialAction":[{"@type":"ReadAction","target":["https:\/\/lottoonline365.com\/tr\/kazanan-numaralar\/"]}]},{"@type":"BreadcrumbList","@id":"https:\/\/lottoonline365.com\/tr\/kazanan-numaralar\/#breadcrumb","itemListElement":[{"@type":"ListItem","position":1,"name":"Home","item":"https:\/\/lottoonline365.com\/tr\/"},{"@type":"ListItem","position":2,"name":"Kazanan numaralar"}]},{"@type":"WebSite","@id":"https:\/\/lottoonline365.com\/tr\/#website","url":"https:\/\/lottoonline365.com\/tr\/","name":"","description":"","potentialAction":[{"@type":"SearchAction","target":{"@type":"EntryPoint","urlTemplate":"https:\/\/lottoonline365.com\/tr\/?s={search_term_string}"},"query-input":{"@type":"PropertyValueSpecification","valueRequired":true,"valueName":"search_term_string"}}],"inLanguage":"tr"}]}},"_links":{"self":[{"href":"https:\/\/lottoonline365.com\/tr\/wp-json\/wp\/v2\/pages\/90","targetHints":{"allow":["GET"]}}],"collection":[{"href":"https:\/\/lottoonline365.com\/tr\/wp-json\/wp\/v2\/pages"}],"about":[{"href":"https:\/\/lottoonline365.com\/tr\/wp-json\/wp\/v2\/types\/page"}],"author":[{"embeddable":true,"href":"https:\/\/lottoonline365.com\/tr\/wp-json\/wp\/v2\/users\/1"}],"replies":[{"embeddable":true,"href":"https:\/\/lottoonline365.com\/tr\/wp-json\/wp\/v2\/comments?post=90"}],"version-history":[{"count":0,"href":"https:\/\/lottoonline365.com\/tr\/wp-json\/wp\/v2\/pages\/90\/revisions"}],"wp:attachment":[{"href":"https:\/\/lottoonline365.com\/tr\/wp-json\/wp\/v2\/media?parent=90"}],"curies":[{"name":"wp","href":"https:\/\/api.w.org\/{rel}","templated":true}]}}