{"id":86,"date":"2025-08-04T09:27:16","date_gmt":"2025-08-04T09:27:16","guid":{"rendered":"https:\/\/lottoonline365.com\/online-loto-guvenli-mi\/"},"modified":"2025-08-04T09:27:16","modified_gmt":"2025-08-04T09:27:16","slug":"online-loto-guvenli-mi","status":"publish","type":"page","link":"https:\/\/lottoonline365.com\/tr\/online-loto-guvenli-mi\/","title":{"rendered":"Online loto g\u00fcvenli mi?"},"content":{"rendered":"<h1>\u00c7evrimi\u00e7i lotoya g\u00fcvenilebilir mi?<\/h1>\n<p>Bir\u00e7ok oyuncu bu konuda endi\u015feli, ki bu anla\u015f\u0131labilir bir durum. Makalemizi okurken, en \u00f6nemli hususun bu yaz\u0131n\u0131n sonunda yer ald\u0131\u011f\u0131n\u0131 unutmay\u0131n!<\/p>\n<p>G\u00fcvenlik konusunda a\u00e7\u0131kl\u0131\u011fa kavu\u015fturulmas\u0131 gereken birka\u00e7 nokta var. \u0130lk olarak, <a href=\"index.php?option=com_content&amp;view=article&amp;id=42&amp;Itemid=269&amp;lang=en\">\u00e7evrimi\u00e7i loto<\/a> hizmetinin m\u00fc\u015fterilerinin verilerini nas\u0131l i\u015fledi\u011fi sorusu var. \u00c7evrimi\u00e7i lotoyu g\u00fcvenli bir \u015fekilde oynamak istiyorsan\u0131z, \u00f6ncelikle \u00f6deme y\u00f6ntemlerinin g\u00fcvenli\u011fine dikkat etmelisiniz.<\/p>\n<p>Burada, \u00f6rne\u011fin kredi kart\u0131 verilerinin iletimi i\u00e7in modern \u015fifreleme protokollerinin kullan\u0131lmas\u0131 \u00f6nemlidir. Bu, genellikle web sayfalar\u0131n\u0131n alt k\u0131sm\u0131nda verilen ipu\u00e7lar\u0131ndan anla\u015f\u0131labilir.<\/p>\n<p>Daha da \u00f6nemlisi, web sitesinin URL&#8217;sinin https:\/\/ ile ba\u015flamas\u0131d\u0131r; bu, asl\u0131nda her t\u00fcrl\u00fc \u00f6demenin yap\u0131ld\u0131\u011f\u0131 t\u00fcm g\u00fcvenilir web sitelerinde ge\u00e7erli olmal\u0131d\u0131r.<\/p>\n<p>Ne yaz\u0131k ki, yukar\u0131da belirtilen gereklilikler t\u00fcm web sitelerinde kar\u015f\u0131lanmamaktad\u0131r; bu da \u00e7evrimi\u00e7i piyango bileti sat\u0131n almak i\u00e7in RedFoxLotto&#8217;yu \u00f6nermemizin nedenlerinden biridir. <span style=\"text-decoration: underline;\"><a href=\"https:\/\/redfoxlotto.com\/?ref=A8564250A2&amp;medium=lo365\" target=\"_blank\" rel=\"noopener\">RedFoxLotto sayfas\u0131n\u0131 bu ba\u011flant\u0131 \u00fczerinden ziyaret ederseniz<\/a><\/span>, URL alan\u0131n\u0131n \u00fcst k\u0131sm\u0131nda https ile ba\u015flayan adresi ve alt k\u0131sm\u0131nda GeoTrust 128 bit SSL g\u00fcvenlik protokol\u00fc referans\u0131n\u0131 g\u00f6receksiniz; bu, mevcut en g\u00fcncel g\u00fcvenlik protokol\u00fcd\u00fcr.<\/p>\n<h2>M\u00fc\u015fteri verilerinin \u00fc\u00e7\u00fcnc\u00fc taraflarla payla\u015f\u0131lmas\u0131<\/h2>\n<p>Bu durum da bir\u00e7ok ki\u015fiyi endi\u015felendiriyor; ancak bu durumda bu endi\u015fenin bir dayana\u011f\u0131 yok. M\u00fc\u015fteri verileri, \u00f6zellikle de e-posta listesi, her sa\u011flay\u0131c\u0131 i\u00e7in en de\u011ferli varl\u0131kt\u0131r. Sonu\u00e7ta, m\u00fc\u015fterilerinizi g\u00fcncel promosyonlar veya \u00f6zellikle y\u00fcksek bir ikramiye hakk\u0131nda bilgilendirerek zaman zaman onlar\u0131 &#8220;yeniden etkinle\u015ftirmek&#8221; istersiniz. Hi\u00e7bir sa\u011flay\u0131c\u0131 bu t\u00fcr verileri \u00fc\u00e7\u00fcnc\u00fc taraflarla payla\u015fmaz.<\/p>\n<h2>\u015eirketler ger\u00e7ekten ger\u00e7ek bilet mi sat\u0131n al\u0131yor?<\/h2>\n<p>Bu, ayr\u0131nt\u0131l\u0131 bir a\u00e7\u0131klama gerektiren \u00e7ok \u00f6nemli bir nokta. Buradaki d\u00fcr\u00fcst cevap: illa ki de\u011fil !!! Asl\u0131nda, farkl\u0131 sa\u011flay\u0131c\u0131lar taraf\u0131ndan kullan\u0131lan iki model var. Bunlar \u015funlard\u0131r:<\/p>\n<p><strong>1. Ger\u00e7ek bilet sat\u0131n alma<\/strong><\/p>\n<p>Bu, m\u00fc\u015fteri a\u00e7\u0131s\u0131ndan en iyi y\u00f6ntemdir ve RedFoxLotto d\u0131\u015f\u0131nda \u00e7ok az \u015firket taraf\u0131ndan kullan\u0131l\u0131r. Burada ger\u00e7ek bir bilet sat\u0131n al\u0131n\u0131r ve m\u00fc\u015fteri, kazanmas\u0131 durumunda ger\u00e7ek piyangoya hak kazan\u0131r. \u00d6deme alamama konusunda endi\u015felenmeye gerek yoktur.<\/p>\n<p><strong>2. Sigorta y\u00f6ntemi<\/strong><\/p>\n<p>Bu y\u00f6ntemle m\u00fc\u015fteri, piyangonun sonucuna adeta bahis oynar. Elbette, sat\u0131c\u0131 m\u00fc\u015fterilerinden birinin b\u00fcy\u00fck ikramiyeyi kazan\u0131p kendisini iflas durumuna d\u00fc\u015f\u00fcrmesi ihtimaline kar\u015f\u0131 kendini korumak ister. Bu nedenle, sat\u0131c\u0131 bir sigorta \u015firketiyle s\u00f6zle\u015fme imzalar ve ayl\u0131k sigorta primi \u00f6der. B\u00fcy\u00fck bir kazan\u00e7 durumunda, sigorta kazan\u0131lan tutar\u0131 iade eder. Olumsuz taraf\u0131 ise, bu poli\u00e7elerin bazen bir risk s\u0131n\u0131r\u0131na sahip olmas\u0131d\u0131r. Bu, <a href=\"https:\/\/lottoonline365.com\/tr\/oyuncular-icin-ipuclari\/hangi-lottery-dunyanin-en-buyuk-ikramiyelerine-sahiptir\">\u00f6zellikle y\u00fcksek bir ikramiye<\/a> durumunda, sigortan\u0131n ger\u00e7ek kazanc\u0131n yaln\u0131zca bir k\u0131sm\u0131n\u0131 \u00f6deyebilece\u011fi anlam\u0131na gelir.<\/p>\n<p>Sonu\u00e7 olarak, \u00e7evrimi\u00e7i piyango oynayan m\u00fc\u015fteri, sat\u0131c\u0131n\u0131n hangi y\u00f6ntemi kulland\u0131\u011f\u0131n\u0131 umursamaz; yeter ki kazanmas\u0131 durumunda kendisine \u00f6deme yap\u0131ls\u0131n. Ancak yukar\u0131dakiler g\u00f6z \u00f6n\u00fcne al\u0131nd\u0131\u011f\u0131nda, ilk y\u00f6ntemin m\u00fc\u015fteriyi daha iyi bir konuma getirdi\u011fi ve dolay\u0131s\u0131yla tercih edilebilir oldu\u011fu a\u00e7\u0131kt\u0131r.<\/p>\n<p>Bu nedenle uluslararas\u0131 piyango bileti sat\u0131n almak i\u00e7in RedFoxLotto&#8217;yu \u00f6neriyoruz. <span style=\"text-decoration: underline;\"><a href=\"https:\/\/redfoxlotto.com\/?ref=A8564250A2&amp;medium=lo365\" target=\"_blank\" rel=\"noopener\">\u015eans\u0131n\u0131z\u0131 deneyin ve buraya t\u0131klay\u0131n<\/a><\/span>&nbsp;&#8211; b\u00fcy\u00fck ikramiyeyi birinin kazanmas\u0131 gerekiyor!<\/p>\n","protected":false},"excerpt":{"rendered":"<p>\u00c7evrimi\u00e7i lotoya g\u00fcvenilebilir mi? Bir\u00e7ok oyuncu bu konuda endi\u015feli, ki bu anla\u015f\u0131labilir bir durum. Makalemizi okurken, en \u00f6nemli hususun bu yaz\u0131n\u0131n sonunda yer ald\u0131\u011f\u0131n\u0131 unutmay\u0131n! G\u00fcvenlik konusunda a\u00e7\u0131kl\u0131\u011fa kavu\u015fturulmas\u0131 gereken birka\u00e7 nokta var. \u0130lk olarak, \u00e7evrimi\u00e7i loto hizmetinin m\u00fc\u015fterilerinin verilerini nas\u0131l i\u015fledi\u011fi sorusu var. \u00c7evrimi\u00e7i lotoyu g\u00fcvenli bir \u015fekilde oynamak istiyorsan\u0131z, \u00f6ncelikle \u00f6deme y\u00f6ntemlerinin g\u00fcvenli\u011fine [&hellip;]<\/p>\n","protected":false},"author":1,"featured_media":0,"parent":0,"menu_order":0,"comment_status":"closed","ping_status":"closed","template":"","meta":{"footnotes":""},"class_list":["post-86","page","type-page","status-publish","hentry"],"blocksy_meta":[],"yoast_head":"<!-- This site is optimized with the Yoast SEO plugin v27.3 - https:\/\/yoast.com\/product\/yoast-seo-wordpress\/ -->\n<title>Online loto g\u00fcvenli ve g\u00fcvenilir mi?<\/title>\n<meta name=\"robots\" content=\"index, follow, max-snippet:-1, max-image-preview:large, max-video-preview:-1\" \/>\n<link rel=\"canonical\" href=\"https:\/\/lottoonline365.com\/tr\/online-loto-guvenli-mi\/\" \/>\n<meta property=\"og:locale\" content=\"tr_TR\" \/>\n<meta property=\"og:type\" content=\"article\" \/>\n<meta property=\"og:title\" content=\"Online loto g\u00fcvenli ve g\u00fcvenilir mi?\" \/>\n<meta property=\"og:description\" content=\"\u00c7evrimi\u00e7i lotoya g\u00fcvenilebilir mi? Bir\u00e7ok oyuncu bu konuda endi\u015feli, ki bu anla\u015f\u0131labilir bir durum. Makalemizi okurken, en \u00f6nemli hususun bu yaz\u0131n\u0131n sonunda yer ald\u0131\u011f\u0131n\u0131 unutmay\u0131n! G\u00fcvenlik konusunda a\u00e7\u0131kl\u0131\u011fa kavu\u015fturulmas\u0131 gereken birka\u00e7 nokta var. \u0130lk olarak, \u00e7evrimi\u00e7i loto hizmetinin m\u00fc\u015fterilerinin verilerini nas\u0131l i\u015fledi\u011fi sorusu var. \u00c7evrimi\u00e7i lotoyu g\u00fcvenli bir \u015fekilde oynamak istiyorsan\u0131z, \u00f6ncelikle \u00f6deme y\u00f6ntemlerinin g\u00fcvenli\u011fine [&hellip;]\" \/>\n<meta property=\"og:url\" content=\"https:\/\/lottoonline365.com\/tr\/online-loto-guvenli-mi\/\" \/>\n<meta name=\"twitter:card\" content=\"summary_large_image\" \/>\n<meta name=\"twitter:label1\" content=\"Tahmini okuma s\u00fcresi\" \/>\n\t<meta name=\"twitter:data1\" content=\"3 dakika\" \/>\n<script type=\"application\/ld+json\" class=\"yoast-schema-graph\">{\"@context\":\"https:\\\/\\\/schema.org\",\"@graph\":[{\"@type\":\"WebPage\",\"@id\":\"https:\\\/\\\/lottoonline365.com\\\/tr\\\/online-loto-guvenli-mi\\\/\",\"url\":\"https:\\\/\\\/lottoonline365.com\\\/tr\\\/online-loto-guvenli-mi\\\/\",\"name\":\"Online loto g\u00fcvenli ve g\u00fcvenilir mi?\",\"isPartOf\":{\"@id\":\"https:\\\/\\\/lottoonline365.com\\\/tr\\\/#website\"},\"datePublished\":\"2025-08-04T09:27:16+00:00\",\"breadcrumb\":{\"@id\":\"https:\\\/\\\/lottoonline365.com\\\/tr\\\/online-loto-guvenli-mi\\\/#breadcrumb\"},\"inLanguage\":\"tr\",\"potentialAction\":[{\"@type\":\"ReadAction\",\"target\":[\"https:\\\/\\\/lottoonline365.com\\\/tr\\\/online-loto-guvenli-mi\\\/\"]}]},{\"@type\":\"BreadcrumbList\",\"@id\":\"https:\\\/\\\/lottoonline365.com\\\/tr\\\/online-loto-guvenli-mi\\\/#breadcrumb\",\"itemListElement\":[{\"@type\":\"ListItem\",\"position\":1,\"name\":\"Home\",\"item\":\"https:\\\/\\\/lottoonline365.com\\\/tr\\\/\"},{\"@type\":\"ListItem\",\"position\":2,\"name\":\"Online loto g\u00fcvenli mi?\"}]},{\"@type\":\"WebSite\",\"@id\":\"https:\\\/\\\/lottoonline365.com\\\/tr\\\/#website\",\"url\":\"https:\\\/\\\/lottoonline365.com\\\/tr\\\/\",\"name\":\"\",\"description\":\"\",\"potentialAction\":[{\"@type\":\"SearchAction\",\"target\":{\"@type\":\"EntryPoint\",\"urlTemplate\":\"https:\\\/\\\/lottoonline365.com\\\/tr\\\/?s={search_term_string}\"},\"query-input\":{\"@type\":\"PropertyValueSpecification\",\"valueRequired\":true,\"valueName\":\"search_term_string\"}}],\"inLanguage\":\"tr\"}]}<\/script>\n<!-- \/ Yoast SEO plugin. -->","yoast_head_json":{"title":"Online loto g\u00fcvenli ve g\u00fcvenilir mi?","robots":{"index":"index","follow":"follow","max-snippet":"max-snippet:-1","max-image-preview":"max-image-preview:large","max-video-preview":"max-video-preview:-1"},"canonical":"https:\/\/lottoonline365.com\/tr\/online-loto-guvenli-mi\/","og_locale":"tr_TR","og_type":"article","og_title":"Online loto g\u00fcvenli ve g\u00fcvenilir mi?","og_description":"\u00c7evrimi\u00e7i lotoya g\u00fcvenilebilir mi? Bir\u00e7ok oyuncu bu konuda endi\u015feli, ki bu anla\u015f\u0131labilir bir durum. Makalemizi okurken, en \u00f6nemli hususun bu yaz\u0131n\u0131n sonunda yer ald\u0131\u011f\u0131n\u0131 unutmay\u0131n! G\u00fcvenlik konusunda a\u00e7\u0131kl\u0131\u011fa kavu\u015fturulmas\u0131 gereken birka\u00e7 nokta var. \u0130lk olarak, \u00e7evrimi\u00e7i loto hizmetinin m\u00fc\u015fterilerinin verilerini nas\u0131l i\u015fledi\u011fi sorusu var. \u00c7evrimi\u00e7i lotoyu g\u00fcvenli bir \u015fekilde oynamak istiyorsan\u0131z, \u00f6ncelikle \u00f6deme y\u00f6ntemlerinin g\u00fcvenli\u011fine [&hellip;]","og_url":"https:\/\/lottoonline365.com\/tr\/online-loto-guvenli-mi\/","twitter_card":"summary_large_image","twitter_misc":{"Tahmini okuma s\u00fcresi":"3 dakika"},"schema":{"@context":"https:\/\/schema.org","@graph":[{"@type":"WebPage","@id":"https:\/\/lottoonline365.com\/tr\/online-loto-guvenli-mi\/","url":"https:\/\/lottoonline365.com\/tr\/online-loto-guvenli-mi\/","name":"Online loto g\u00fcvenli ve g\u00fcvenilir mi?","isPartOf":{"@id":"https:\/\/lottoonline365.com\/tr\/#website"},"datePublished":"2025-08-04T09:27:16+00:00","breadcrumb":{"@id":"https:\/\/lottoonline365.com\/tr\/online-loto-guvenli-mi\/#breadcrumb"},"inLanguage":"tr","potentialAction":[{"@type":"ReadAction","target":["https:\/\/lottoonline365.com\/tr\/online-loto-guvenli-mi\/"]}]},{"@type":"BreadcrumbList","@id":"https:\/\/lottoonline365.com\/tr\/online-loto-guvenli-mi\/#breadcrumb","itemListElement":[{"@type":"ListItem","position":1,"name":"Home","item":"https:\/\/lottoonline365.com\/tr\/"},{"@type":"ListItem","position":2,"name":"Online loto g\u00fcvenli mi?"}]},{"@type":"WebSite","@id":"https:\/\/lottoonline365.com\/tr\/#website","url":"https:\/\/lottoonline365.com\/tr\/","name":"","description":"","potentialAction":[{"@type":"SearchAction","target":{"@type":"EntryPoint","urlTemplate":"https:\/\/lottoonline365.com\/tr\/?s={search_term_string}"},"query-input":{"@type":"PropertyValueSpecification","valueRequired":true,"valueName":"search_term_string"}}],"inLanguage":"tr"}]}},"_links":{"self":[{"href":"https:\/\/lottoonline365.com\/tr\/wp-json\/wp\/v2\/pages\/86","targetHints":{"allow":["GET"]}}],"collection":[{"href":"https:\/\/lottoonline365.com\/tr\/wp-json\/wp\/v2\/pages"}],"about":[{"href":"https:\/\/lottoonline365.com\/tr\/wp-json\/wp\/v2\/types\/page"}],"author":[{"embeddable":true,"href":"https:\/\/lottoonline365.com\/tr\/wp-json\/wp\/v2\/users\/1"}],"replies":[{"embeddable":true,"href":"https:\/\/lottoonline365.com\/tr\/wp-json\/wp\/v2\/comments?post=86"}],"version-history":[{"count":0,"href":"https:\/\/lottoonline365.com\/tr\/wp-json\/wp\/v2\/pages\/86\/revisions"}],"wp:attachment":[{"href":"https:\/\/lottoonline365.com\/tr\/wp-json\/wp\/v2\/media?parent=86"}],"curies":[{"name":"wp","href":"https:\/\/api.w.org\/{rel}","templated":true}]}}