{"id":84,"date":"2025-08-04T09:28:57","date_gmt":"2025-08-04T09:28:57","guid":{"rendered":"https:\/\/lottoonline365.com\/ev\/"},"modified":"2025-08-26T19:10:48","modified_gmt":"2025-08-26T19:10:48","slug":"ev","status":"publish","type":"page","link":"https:\/\/lottoonline365.com\/tr\/","title":{"rendered":"Ev"},"content":{"rendered":"<h1>\u00c7evrimi\u00e7i loto bileti sat\u0131n almak daha fazla olas\u0131l\u0131k sunar<\/h1>\n<p>Yaln\u0131zca yerel piyangonuza odaklanmak yerine, \u00e7evrimi\u00e7i loto bileti sat\u0131n alma se\u00e7eneklerinizi de bilmelisiniz! Sonu\u00e7ta, art\u0131k kendi \u00fclkenizdeki piyangolara ba\u011f\u0131ml\u0131 de\u011filsiniz.<\/p>\n<p>Art\u0131k, \u00e7evrimi\u00e7i sat\u0131n ald\u0131\u011f\u0131n\u0131z %100 yasal bir biletle d\u00fcnyadaki t\u00fcm b\u00fcy\u00fck ikramiyelerin \u00e7ekili\u015flerine kat\u0131labilirsiniz. Bu ayn\u0131 zamanda RedFoxLotto&#8217;nun loto kurye hizmetinin yard\u0131m\u0131yla oynaman\u0131n son derece konforlu bir yoludur. <strong><span style=\"text-decoration: underline;\"><a href=\"https:\/\/redfoxlotto.com\/?ref=A8564250A2&amp;medium=lo365\" target=\"_blank\" rel=\"noopener\">RedFoxLotto web sitesini ziyaret etmek i\u00e7in buraya t\u0131klay\u0131n<\/a><\/span><\/strong>. \u00c7evrimi\u00e7i hizmetlerinin arkas\u0131ndaki prensip, RedFoxLotto&#8217;nun sipari\u015f etti\u011finiz bileti sat\u0131n almas\u0131 ve ard\u0131ndan size kan\u0131t olarak biletinizin taranm\u0131\u015f bir kopyas\u0131n\u0131 sa\u011flamas\u0131d\u0131r.<\/p>\n<p>Dolay\u0131s\u0131yla, herhangi bir piyango i\u00e7in bilet sat\u0131n almak i\u00e7in art\u0131k hangi \u00fclkede ya\u015fad\u0131\u011f\u0131n\u0131z\u0131n veya nerede oldu\u011funuzun bir \u00f6nemi yok.<\/p>\n<h2>Onlarca cazip ikramiye<\/h2>\n<p>Milli piyangoya bakarsan\u0131z, ikramiyelerin nispeten d\u00fc\u015f\u00fck oldu\u011funu g\u00f6rebilirsiniz. \u00d6te yandan, internet \u00fczerinden piyango bileti sat\u0131n al\u0131rsan\u0131z, d\u00fcnyan\u0131n bir\u00e7ok \u00fclkesindeki \u00e7e\u015fitli piyangolar aras\u0131ndan \u00f6zg\u00fcrce se\u00e7im yapabilirsiniz.<\/p>\n<p><a href=\"en\/powerball-usa\">Powerball<\/a> ve <a href=\"en\/mega-millions\">MegaMillions<\/a> gibi ABD piyangolar\u0131n\u0131n devasa ikramiyelerini haberlerde duymu\u015fsunuzdur. Son zamanlarda ABD&#8217;de 1,5 milyar ABD dolar\u0131 de\u011ferinde bir ikramiye kazan\u0131ld\u0131. B\u00f6yle bir miktar\u0131 hayal etmek bile zor, ancak ger\u00e7ek \u015fu ki siz de kendi \u00fclkenizden bu ve <a href=\"tr\/more-international-jackpots\/euromillions\" target=\"_blank\" rel=\"noopener\">di\u011fer piyangolar<\/a> i\u00e7in g\u00fcvenli ve yasal bir \u015fekilde bilet sipari\u015f edebilirsiniz.<\/p>\n<p>Elbette, kurye hizmetinin masraflar\u0131 nedeniyle bir biletin fiyat\u0131 normal bir bilete g\u00f6re biraz daha y\u00fcksektir, ancak harcanan para ile potansiyel k\u00e2r aras\u0131ndaki ili\u015fki \u00e7ok daha iyidir. \u00c7o\u011fu oyuncu, \u015fu anda en y\u00fcksek miktara sahip olan <a href=\"tr\/more-international-jackpots\/el-gordo-lotto-spain\" target=\"_blank\" rel=\"noopener\">jackpot<\/a>&#8216;u se\u00e7iyor; bu tamamen mant\u0131kl\u0131 ve matematiksel olarak do\u011fru bir strateji!<\/p>\n<h2>Bilet Sat\u0131n Alma Prosed\u00fcr\u00fc<\/h2>\n<p><img loading=\"lazy\" decoding=\"async\" src=\"images\/powerball_los.jpg\" width=\"300\" height=\"169\" alt=\"powerball ticket\" style=\"margin: 5px; float: right;\" \/>RedFoxLotto web sitesine girdikten sonra, \u00f6nce kat\u0131lmak istedi\u011finiz piyangoyu se\u00e7in. Ard\u0131ndan numaralar\u0131n\u0131z\u0131 se\u00e7in; yanl\u0131\u015f yapamazs\u0131n\u0131z, \u00e7\u00fcnk\u00fc web sitesi size se\u00e7ti\u011finiz piyango i\u00e7in ka\u00e7 tane ana ve ek numaray\u0131 i\u015faretlemeniz gerekti\u011fini tam olarak s\u00f6yler. Ayr\u0131ca, se\u00e7imin tamam\u0131n\u0131 veya bir k\u0131sm\u0131n\u0131 \u015fansa b\u0131rakabilir ve entegre bir rastgele say\u0131 \u00fcretecinin sizin i\u00e7in say\u0131lar\u0131 se\u00e7mesine izin verebilirsiniz.<\/p>\n<p>Elbette, birden fazla bilet sipari\u015f edebilir veya <a href=\"index.php?option=com_content&amp;view=article&amp;id=42&amp;Itemid=269&amp;lang=en\">birden fazla piyango<\/a> oynayabilirsiniz. Ayn\u0131 zamanda, birka\u00e7 hafta boyunca \u00e7ekili\u015flere kat\u0131lma se\u00e7ene\u011finiz de var. Bu \u00f6zellikle avantajl\u0131d\u0131r: birincisi, RedFoxLotto genellikle birden fazla \u00e7ekili\u015fe kat\u0131l\u0131rsan\u0131z size indirim sunar; ikincisi, \u00f6zellikle b\u00fcy\u00fck bir ikramiye bile bir sonraki \u00e7ekili\u015fte kazan\u0131lamayabilir ve &#8220;kal\u0131c\u0131 bilet&#8221; ile otomatik olarak bir sonraki \u00e7ekili\u015fe kat\u0131lmaya devam edersiniz!<\/p>\n<p>Sat\u0131n alma i\u015flemini tamamlamak i\u00e7in RedFoxLotto&#8217;ya kaydolman\u0131z ve ard\u0131ndan \u00e7ok say\u0131da g\u00fcvenli \u00f6deme y\u00f6nteminden birini kullanman\u0131z gerekmektedir. K\u0131sa bir s\u00fcre sonra onay\u0131n\u0131z\u0131 ve biletinizi alacaks\u0131n\u0131z.<\/p>\n<p>E\u011fer <a href=\"en\/winning-numbers\" target=\"_blank\" rel=\"noopener\">kazan\u0131rsan\u0131z<\/a>, RedFoxLotto taraf\u0131ndan otomatik olarak bilgilendirileceksiniz. 600$&#8217;a kadar olan kazan\u00e7lar\u0131n\u0131z m\u00fc\u015fteri hesab\u0131n\u0131za yat\u0131r\u0131lacak ve paran\u0131z\u0131 hemen alabilirsiniz.<\/p>\n<p>Daha y\u00fcksek kazan\u00e7lar i\u00e7in, RedFoxLotto&#8217;ya e-posta yoluyla g\u00f6nderebilece\u011finiz basit bir form bulunmaktad\u0131r. Formu sizin i\u00e7in i\u015fleme alacaklar ve ard\u0131ndan Loto Komisyonu sizinle ileti\u015fime ge\u00e7ecek ve \u00e7o\u011fu durumda size bir \u00e7ek g\u00f6nderecektir.<\/p>\n<p><strong>G\u00f6rd\u00fc\u011f\u00fcn\u00fcz gibi, online loto bileti sat\u0131n almak, kendi \u015fehrinizden bilet almak kadar g\u00fcvenli &#8211; ama potansiyel olarak \u00e7ok daha kazan\u00e7l\u0131!<\/strong><\/p>\n","protected":false},"excerpt":{"rendered":"<p>\u00c7evrimi\u00e7i loto bileti sat\u0131n almak daha fazla olas\u0131l\u0131k sunar Yaln\u0131zca yerel piyangonuza odaklanmak yerine, \u00e7evrimi\u00e7i loto bileti sat\u0131n alma se\u00e7eneklerinizi de bilmelisiniz! Sonu\u00e7ta, art\u0131k kendi \u00fclkenizdeki piyangolara ba\u011f\u0131ml\u0131 de\u011filsiniz. Art\u0131k, \u00e7evrimi\u00e7i sat\u0131n ald\u0131\u011f\u0131n\u0131z %100 yasal bir biletle d\u00fcnyadaki t\u00fcm b\u00fcy\u00fck ikramiyelerin \u00e7ekili\u015flerine kat\u0131labilirsiniz. Bu ayn\u0131 zamanda RedFoxLotto&#8217;nun loto kurye hizmetinin yard\u0131m\u0131yla oynaman\u0131n son derece konforlu [&hellip;]<\/p>\n","protected":false},"author":1,"featured_media":0,"parent":0,"menu_order":0,"comment_status":"closed","ping_status":"closed","template":"","meta":{"footnotes":""},"class_list":["post-84","page","type-page","status-publish","hentry"],"blocksy_meta":[],"yoast_head":"<!-- This site is optimized with the Yoast SEO plugin v27.4 - https:\/\/yoast.com\/product\/yoast-seo-wordpress\/ -->\n<title>\u00c7evrimi\u00e7i Loto biletleri sat\u0131n al\u0131n<\/title>\n<meta name=\"description\" content=\"Resmi piyango biletlerini evinizin rahatl\u0131\u011f\u0131nda \u00e7evrimi\u00e7i sat\u0131n al\u0131n.\" \/>\n<meta name=\"robots\" content=\"index, follow, max-snippet:-1, max-image-preview:large, max-video-preview:-1\" \/>\n<link rel=\"canonical\" href=\"https:\/\/lottoonline365.com\/tr\/\" \/>\n<meta property=\"og:locale\" content=\"tr_TR\" \/>\n<meta property=\"og:type\" content=\"article\" \/>\n<meta property=\"og:title\" content=\"\u00c7evrimi\u00e7i Loto biletleri sat\u0131n al\u0131n\" \/>\n<meta property=\"og:description\" content=\"Resmi piyango biletlerini evinizin rahatl\u0131\u011f\u0131nda \u00e7evrimi\u00e7i sat\u0131n al\u0131n.\" \/>\n<meta property=\"og:url\" content=\"https:\/\/lottoonline365.com\/tr\/\" \/>\n<meta property=\"article:modified_time\" content=\"2025-08-26T19:10:48+00:00\" \/>\n<meta name=\"twitter:card\" content=\"summary_large_image\" \/>\n<meta name=\"twitter:label1\" content=\"Tahmini okuma s\u00fcresi\" \/>\n\t<meta name=\"twitter:data1\" content=\"3 dakika\" \/>\n<script type=\"application\/ld+json\" class=\"yoast-schema-graph\">{\"@context\":\"https:\\\/\\\/schema.org\",\"@graph\":[{\"@type\":\"WebPage\",\"@id\":\"https:\\\/\\\/lottoonline365.com\\\/tr\\\/\",\"url\":\"https:\\\/\\\/lottoonline365.com\\\/tr\\\/\",\"name\":\"\u00c7evrimi\u00e7i Loto biletleri sat\u0131n al\u0131n\",\"isPartOf\":{\"@id\":\"https:\\\/\\\/lottoonline365.com\\\/tr\\\/#website\"},\"datePublished\":\"2025-08-04T09:28:57+00:00\",\"dateModified\":\"2025-08-26T19:10:48+00:00\",\"description\":\"Resmi piyango biletlerini evinizin rahatl\u0131\u011f\u0131nda \u00e7evrimi\u00e7i sat\u0131n al\u0131n.\",\"breadcrumb\":{\"@id\":\"https:\\\/\\\/lottoonline365.com\\\/tr\\\/#breadcrumb\"},\"inLanguage\":\"tr\",\"potentialAction\":[{\"@type\":\"ReadAction\",\"target\":[\"https:\\\/\\\/lottoonline365.com\\\/tr\\\/\"]}]},{\"@type\":\"BreadcrumbList\",\"@id\":\"https:\\\/\\\/lottoonline365.com\\\/tr\\\/#breadcrumb\",\"itemListElement\":[{\"@type\":\"ListItem\",\"position\":1,\"name\":\"Home\",\"item\":\"https:\\\/\\\/lottoonline365.com\\\/tr\\\/\"},{\"@type\":\"ListItem\",\"position\":2,\"name\":\"Ev\"}]},{\"@type\":\"WebSite\",\"@id\":\"https:\\\/\\\/lottoonline365.com\\\/tr\\\/#website\",\"url\":\"https:\\\/\\\/lottoonline365.com\\\/tr\\\/\",\"name\":\"\",\"description\":\"\",\"potentialAction\":[{\"@type\":\"SearchAction\",\"target\":{\"@type\":\"EntryPoint\",\"urlTemplate\":\"https:\\\/\\\/lottoonline365.com\\\/tr\\\/?s={search_term_string}\"},\"query-input\":{\"@type\":\"PropertyValueSpecification\",\"valueRequired\":true,\"valueName\":\"search_term_string\"}}],\"inLanguage\":\"tr\"}]}<\/script>\n<!-- \/ Yoast SEO plugin. -->","yoast_head_json":{"title":"\u00c7evrimi\u00e7i Loto biletleri sat\u0131n al\u0131n","description":"Resmi piyango biletlerini evinizin rahatl\u0131\u011f\u0131nda \u00e7evrimi\u00e7i sat\u0131n al\u0131n.","robots":{"index":"index","follow":"follow","max-snippet":"max-snippet:-1","max-image-preview":"max-image-preview:large","max-video-preview":"max-video-preview:-1"},"canonical":"https:\/\/lottoonline365.com\/tr\/","og_locale":"tr_TR","og_type":"article","og_title":"\u00c7evrimi\u00e7i Loto biletleri sat\u0131n al\u0131n","og_description":"Resmi piyango biletlerini evinizin rahatl\u0131\u011f\u0131nda \u00e7evrimi\u00e7i sat\u0131n al\u0131n.","og_url":"https:\/\/lottoonline365.com\/tr\/","article_modified_time":"2025-08-26T19:10:48+00:00","twitter_card":"summary_large_image","twitter_misc":{"Tahmini okuma s\u00fcresi":"3 dakika"},"schema":{"@context":"https:\/\/schema.org","@graph":[{"@type":"WebPage","@id":"https:\/\/lottoonline365.com\/tr\/","url":"https:\/\/lottoonline365.com\/tr\/","name":"\u00c7evrimi\u00e7i Loto biletleri sat\u0131n al\u0131n","isPartOf":{"@id":"https:\/\/lottoonline365.com\/tr\/#website"},"datePublished":"2025-08-04T09:28:57+00:00","dateModified":"2025-08-26T19:10:48+00:00","description":"Resmi piyango biletlerini evinizin rahatl\u0131\u011f\u0131nda \u00e7evrimi\u00e7i sat\u0131n al\u0131n.","breadcrumb":{"@id":"https:\/\/lottoonline365.com\/tr\/#breadcrumb"},"inLanguage":"tr","potentialAction":[{"@type":"ReadAction","target":["https:\/\/lottoonline365.com\/tr\/"]}]},{"@type":"BreadcrumbList","@id":"https:\/\/lottoonline365.com\/tr\/#breadcrumb","itemListElement":[{"@type":"ListItem","position":1,"name":"Home","item":"https:\/\/lottoonline365.com\/tr\/"},{"@type":"ListItem","position":2,"name":"Ev"}]},{"@type":"WebSite","@id":"https:\/\/lottoonline365.com\/tr\/#website","url":"https:\/\/lottoonline365.com\/tr\/","name":"","description":"","potentialAction":[{"@type":"SearchAction","target":{"@type":"EntryPoint","urlTemplate":"https:\/\/lottoonline365.com\/tr\/?s={search_term_string}"},"query-input":{"@type":"PropertyValueSpecification","valueRequired":true,"valueName":"search_term_string"}}],"inLanguage":"tr"}]}},"_links":{"self":[{"href":"https:\/\/lottoonline365.com\/tr\/wp-json\/wp\/v2\/pages\/84","targetHints":{"allow":["GET"]}}],"collection":[{"href":"https:\/\/lottoonline365.com\/tr\/wp-json\/wp\/v2\/pages"}],"about":[{"href":"https:\/\/lottoonline365.com\/tr\/wp-json\/wp\/v2\/types\/page"}],"author":[{"embeddable":true,"href":"https:\/\/lottoonline365.com\/tr\/wp-json\/wp\/v2\/users\/1"}],"replies":[{"embeddable":true,"href":"https:\/\/lottoonline365.com\/tr\/wp-json\/wp\/v2\/comments?post=84"}],"version-history":[{"count":1,"href":"https:\/\/lottoonline365.com\/tr\/wp-json\/wp\/v2\/pages\/84\/revisions"}],"predecessor-version":[{"id":243,"href":"https:\/\/lottoonline365.com\/tr\/wp-json\/wp\/v2\/pages\/84\/revisions\/243"}],"wp:attachment":[{"href":"https:\/\/lottoonline365.com\/tr\/wp-json\/wp\/v2\/media?parent=84"}],"curies":[{"name":"wp","href":"https:\/\/api.w.org\/{rel}","templated":true}]}}