{"id":106,"date":"2025-08-04T09:16:18","date_gmt":"2025-08-04T09:16:18","guid":{"rendered":"https:\/\/lottoonline365.com\/daha-fazla-uluslararasi-ikramiye\/el-gordo-lotto-ispanya\/"},"modified":"2025-08-04T09:16:18","modified_gmt":"2025-08-04T09:16:18","slug":"el-gordo-lotto-ispanya","status":"publish","type":"page","link":"https:\/\/lottoonline365.com\/tr\/daha-fazla-uluslararasi-ikramiye\/el-gordo-lotto-ispanya\/","title":{"rendered":"El Gordo Lotto \u0130spanya"},"content":{"rendered":"<h1>El Gordo La Primitiva&#8217;ya kat\u0131lmak olduk\u00e7a kolayd\u0131r<\/h1>\n<p>Bu piyango \u00f6zellikle Noel d\u00f6neminde pop\u00fclerdir, \u00e7\u00fcnk\u00fc \u00f6zellikle bu d\u00f6nemde b\u00fcy\u00fck miktarda para s\u00f6z konusudur. \u0130spanya&#8217;n\u0131n bu en b\u00fcy\u00fck piyangosu i\u00e7in biletler \u0130spanya&#8217;da olmad\u0131\u011f\u0131n\u0131z s\u00fcrece hi\u00e7bir yerden sat\u0131n al\u0131namad\u0131\u011f\u0131ndan, El Gordo Lotto&#8217;yu yaln\u0131zca RedFoxLotto \u00fczerinden \u00e7evrimi\u00e7i oynayabilirsiniz. Bu, piyango biletleri i\u00e7in \u00f6zel olarak sat\u0131n alma ve <a href=\"index.php?option=com_content&amp;view=article&amp;id=42&amp;Itemid=269&amp;lang=en\">kurye hizmeti<\/a> sunan bir acente hizmetidir. <span style=\"text-decoration: underline;\"><strong><a href=\"https:\/\/redfoxlotto.com\/play\/la-primitiva\/?ref=A8564250A2&amp;medium=lo365\" target=\"_blank\" rel=\"noopener\">RedFoxLotto web sitesini yeni bir sekmede a\u00e7mak i\u00e7in bu ba\u011flant\u0131y\u0131 kullan\u0131n<\/a><\/strong><\/span>.<\/p>\n<h2>El Gordo&#8217;nun \u00d6zellikleri<\/h2>\n<p>Bu piyangonun ger\u00e7ek ad\u0131 &#8220;Sorteo Extraordinario de Navidad&#8221;d\u0131r, ancak <a href=\"https:\/\/redfoxlotto.com\/results\/el-gordo-primitiva\/\" target=\"_blank\" rel=\"noopener\">El Gordo<\/a> (\u00e7evirisi: \u015fi\u015fman\/b\u00fcy\u00fck olan) daha yayg\u0131n olarak bilinir hale gelmi\u015ftir. Bu piyangoda, \u00f6rne\u011fin 50 numaradan 5&#8217;ini se\u00e7mek yerine, seri numaral\u0131 bir bilet sat\u0131n al\u0131rs\u0131n\u0131z. Bunlardan sadece 100.000 farkl\u0131 bilet bulunmaktad\u0131r ve bilet numaralar\u0131 000.000 ile 999.999 aras\u0131ndad\u0131r. Bir biletin tamam\u0131 200 \u20ac&#8217;dur ve bu \u00e7o\u011fu piyango hayran\u0131 i\u00e7in \u00e7ok fazla olaca\u011f\u0131ndan, bir bilet &#8220;Decimos&#8221; ad\u0131 verilen 10 par\u00e7aya b\u00f6l\u00fcnebilir ve her biri 20,00 \u20ac&#8217;dur. K\u0131smi bir bilette, oyuncu bilet numaras\u0131na verilen ikramiyenin &#8220;sadece&#8221; %10&#8217;unu kazan\u0131r.<\/p>\n<p>Biletin tamam\u0131 veya &#8220;Decimos&#8221;u genellikle tek bir sat\u0131\u015f noktas\u0131nda farkl\u0131 oyunculara defalarca sat\u0131ld\u0131\u011f\u0131 i\u00e7in, \u00f6rne\u011fin k\u00fc\u00e7\u00fck bir k\u00f6yde 10 ki\u015finin ayn\u0131 \u00e7ekili\u015fte milyoner olmas\u0131 gibi durumlar ya\u015fan\u0131r. Ayr\u0131ca, bir bilet al\u0131p aile \u00fcyeleriyle payla\u015fmak da olduk\u00e7a pop\u00fclerdir; b\u00f6ylece kazanan olursa, piyango t\u00fcm aileyi mutlu eder.<\/p>\n<p>Bu y\u00fczden, biraz farkl\u0131 bir piyangoya kat\u0131lmak istiyorsan\u0131z (veya belki de arkada\u015flar\u0131n\u0131za ve ailenize hediye olarak k\u0131smi biletler vermek istiyorsan\u0131z), El Gordo tam size g\u00f6re. <a href=\"https:\/\/redfoxlotto.com\/play\/la-primitiva\/?ref=A8564250A2&amp;medium=lo365\" target=\"_blank\" rel=\"noopener\">Biletinizi hemen RedFoxLotto&#8217;dan \u00e7evrimi\u00e7i sat\u0131n al\u0131n!<\/a><\/p>\n","protected":false},"excerpt":{"rendered":"<p>El Gordo La Primitiva&#8217;ya kat\u0131lmak olduk\u00e7a kolayd\u0131r Bu piyango \u00f6zellikle Noel d\u00f6neminde pop\u00fclerdir, \u00e7\u00fcnk\u00fc \u00f6zellikle bu d\u00f6nemde b\u00fcy\u00fck miktarda para s\u00f6z konusudur. \u0130spanya&#8217;n\u0131n bu en b\u00fcy\u00fck piyangosu i\u00e7in biletler \u0130spanya&#8217;da olmad\u0131\u011f\u0131n\u0131z s\u00fcrece hi\u00e7bir yerden sat\u0131n al\u0131namad\u0131\u011f\u0131ndan, El Gordo Lotto&#8217;yu yaln\u0131zca RedFoxLotto \u00fczerinden \u00e7evrimi\u00e7i oynayabilirsiniz. Bu, piyango biletleri i\u00e7in \u00f6zel olarak sat\u0131n alma ve kurye hizmeti [&hellip;]<\/p>\n","protected":false},"author":1,"featured_media":0,"parent":88,"menu_order":0,"comment_status":"closed","ping_status":"closed","template":"","meta":{"footnotes":""},"class_list":["post-106","page","type-page","status-publish","hentry"],"blocksy_meta":[],"yoast_head":"<!-- This site is optimized with the Yoast SEO plugin v27.5 - https:\/\/yoast.com\/product\/yoast-seo-wordpress\/ -->\n<title>El Gordo Lotto i\u00e7in \u00e7evrimi\u00e7i bilet sat\u0131n al\u0131n<\/title>\n<meta name=\"robots\" content=\"index, follow, max-snippet:-1, max-image-preview:large, max-video-preview:-1\" \/>\n<link rel=\"canonical\" href=\"https:\/\/lottoonline365.com\/tr\/daha-fazla-uluslararasi-ikramiye\/el-gordo-lotto-ispanya\/\" \/>\n<meta property=\"og:locale\" content=\"tr_TR\" \/>\n<meta property=\"og:type\" content=\"article\" \/>\n<meta property=\"og:title\" content=\"El Gordo Lotto i\u00e7in \u00e7evrimi\u00e7i bilet sat\u0131n al\u0131n\" \/>\n<meta property=\"og:description\" content=\"El Gordo La Primitiva&#8217;ya kat\u0131lmak olduk\u00e7a kolayd\u0131r Bu piyango \u00f6zellikle Noel d\u00f6neminde pop\u00fclerdir, \u00e7\u00fcnk\u00fc \u00f6zellikle bu d\u00f6nemde b\u00fcy\u00fck miktarda para s\u00f6z konusudur. \u0130spanya&#8217;n\u0131n bu en b\u00fcy\u00fck piyangosu i\u00e7in biletler \u0130spanya&#8217;da olmad\u0131\u011f\u0131n\u0131z s\u00fcrece hi\u00e7bir yerden sat\u0131n al\u0131namad\u0131\u011f\u0131ndan, El Gordo Lotto&#8217;yu yaln\u0131zca RedFoxLotto \u00fczerinden \u00e7evrimi\u00e7i oynayabilirsiniz. Bu, piyango biletleri i\u00e7in \u00f6zel olarak sat\u0131n alma ve kurye hizmeti [&hellip;]\" \/>\n<meta property=\"og:url\" content=\"https:\/\/lottoonline365.com\/tr\/daha-fazla-uluslararasi-ikramiye\/el-gordo-lotto-ispanya\/\" \/>\n<meta name=\"twitter:card\" content=\"summary_large_image\" \/>\n<meta name=\"twitter:label1\" content=\"Tahmini okuma s\u00fcresi\" \/>\n\t<meta name=\"twitter:data1\" content=\"2 dakika\" \/>\n<script type=\"application\/ld+json\" class=\"yoast-schema-graph\">{\"@context\":\"https:\\\/\\\/schema.org\",\"@graph\":[{\"@type\":\"WebPage\",\"@id\":\"https:\\\/\\\/lottoonline365.com\\\/tr\\\/daha-fazla-uluslararasi-ikramiye\\\/el-gordo-lotto-ispanya\\\/\",\"url\":\"https:\\\/\\\/lottoonline365.com\\\/tr\\\/daha-fazla-uluslararasi-ikramiye\\\/el-gordo-lotto-ispanya\\\/\",\"name\":\"El Gordo Lotto i\u00e7in \u00e7evrimi\u00e7i bilet sat\u0131n al\u0131n\",\"isPartOf\":{\"@id\":\"https:\\\/\\\/lottoonline365.com\\\/tr\\\/#website\"},\"datePublished\":\"2025-08-04T09:16:18+00:00\",\"breadcrumb\":{\"@id\":\"https:\\\/\\\/lottoonline365.com\\\/tr\\\/daha-fazla-uluslararasi-ikramiye\\\/el-gordo-lotto-ispanya\\\/#breadcrumb\"},\"inLanguage\":\"tr\",\"potentialAction\":[{\"@type\":\"ReadAction\",\"target\":[\"https:\\\/\\\/lottoonline365.com\\\/tr\\\/daha-fazla-uluslararasi-ikramiye\\\/el-gordo-lotto-ispanya\\\/\"]}]},{\"@type\":\"BreadcrumbList\",\"@id\":\"https:\\\/\\\/lottoonline365.com\\\/tr\\\/daha-fazla-uluslararasi-ikramiye\\\/el-gordo-lotto-ispanya\\\/#breadcrumb\",\"itemListElement\":[{\"@type\":\"ListItem\",\"position\":1,\"name\":\"Home\",\"item\":\"https:\\\/\\\/lottoonline365.com\\\/tr\\\/\"},{\"@type\":\"ListItem\",\"position\":2,\"name\":\"Daha fazla uluslararas\u0131 ikramiye\",\"item\":\"https:\\\/\\\/lottoonline365.com\\\/tr\\\/daha-fazla-uluslararasi-ikramiye\\\/\"},{\"@type\":\"ListItem\",\"position\":3,\"name\":\"El Gordo Lotto \u0130spanya\"}]},{\"@type\":\"WebSite\",\"@id\":\"https:\\\/\\\/lottoonline365.com\\\/tr\\\/#website\",\"url\":\"https:\\\/\\\/lottoonline365.com\\\/tr\\\/\",\"name\":\"\",\"description\":\"\",\"potentialAction\":[{\"@type\":\"SearchAction\",\"target\":{\"@type\":\"EntryPoint\",\"urlTemplate\":\"https:\\\/\\\/lottoonline365.com\\\/tr\\\/?s={search_term_string}\"},\"query-input\":{\"@type\":\"PropertyValueSpecification\",\"valueRequired\":true,\"valueName\":\"search_term_string\"}}],\"inLanguage\":\"tr\"}]}<\/script>\n<!-- \/ Yoast SEO plugin. -->","yoast_head_json":{"title":"El Gordo Lotto i\u00e7in \u00e7evrimi\u00e7i bilet sat\u0131n al\u0131n","robots":{"index":"index","follow":"follow","max-snippet":"max-snippet:-1","max-image-preview":"max-image-preview:large","max-video-preview":"max-video-preview:-1"},"canonical":"https:\/\/lottoonline365.com\/tr\/daha-fazla-uluslararasi-ikramiye\/el-gordo-lotto-ispanya\/","og_locale":"tr_TR","og_type":"article","og_title":"El Gordo Lotto i\u00e7in \u00e7evrimi\u00e7i bilet sat\u0131n al\u0131n","og_description":"El Gordo La Primitiva&#8217;ya kat\u0131lmak olduk\u00e7a kolayd\u0131r Bu piyango \u00f6zellikle Noel d\u00f6neminde pop\u00fclerdir, \u00e7\u00fcnk\u00fc \u00f6zellikle bu d\u00f6nemde b\u00fcy\u00fck miktarda para s\u00f6z konusudur. \u0130spanya&#8217;n\u0131n bu en b\u00fcy\u00fck piyangosu i\u00e7in biletler \u0130spanya&#8217;da olmad\u0131\u011f\u0131n\u0131z s\u00fcrece hi\u00e7bir yerden sat\u0131n al\u0131namad\u0131\u011f\u0131ndan, El Gordo Lotto&#8217;yu yaln\u0131zca RedFoxLotto \u00fczerinden \u00e7evrimi\u00e7i oynayabilirsiniz. Bu, piyango biletleri i\u00e7in \u00f6zel olarak sat\u0131n alma ve kurye hizmeti [&hellip;]","og_url":"https:\/\/lottoonline365.com\/tr\/daha-fazla-uluslararasi-ikramiye\/el-gordo-lotto-ispanya\/","twitter_card":"summary_large_image","twitter_misc":{"Tahmini okuma s\u00fcresi":"2 dakika"},"schema":{"@context":"https:\/\/schema.org","@graph":[{"@type":"WebPage","@id":"https:\/\/lottoonline365.com\/tr\/daha-fazla-uluslararasi-ikramiye\/el-gordo-lotto-ispanya\/","url":"https:\/\/lottoonline365.com\/tr\/daha-fazla-uluslararasi-ikramiye\/el-gordo-lotto-ispanya\/","name":"El Gordo Lotto i\u00e7in \u00e7evrimi\u00e7i bilet sat\u0131n al\u0131n","isPartOf":{"@id":"https:\/\/lottoonline365.com\/tr\/#website"},"datePublished":"2025-08-04T09:16:18+00:00","breadcrumb":{"@id":"https:\/\/lottoonline365.com\/tr\/daha-fazla-uluslararasi-ikramiye\/el-gordo-lotto-ispanya\/#breadcrumb"},"inLanguage":"tr","potentialAction":[{"@type":"ReadAction","target":["https:\/\/lottoonline365.com\/tr\/daha-fazla-uluslararasi-ikramiye\/el-gordo-lotto-ispanya\/"]}]},{"@type":"BreadcrumbList","@id":"https:\/\/lottoonline365.com\/tr\/daha-fazla-uluslararasi-ikramiye\/el-gordo-lotto-ispanya\/#breadcrumb","itemListElement":[{"@type":"ListItem","position":1,"name":"Home","item":"https:\/\/lottoonline365.com\/tr\/"},{"@type":"ListItem","position":2,"name":"Daha fazla uluslararas\u0131 ikramiye","item":"https:\/\/lottoonline365.com\/tr\/daha-fazla-uluslararasi-ikramiye\/"},{"@type":"ListItem","position":3,"name":"El Gordo Lotto \u0130spanya"}]},{"@type":"WebSite","@id":"https:\/\/lottoonline365.com\/tr\/#website","url":"https:\/\/lottoonline365.com\/tr\/","name":"","description":"","potentialAction":[{"@type":"SearchAction","target":{"@type":"EntryPoint","urlTemplate":"https:\/\/lottoonline365.com\/tr\/?s={search_term_string}"},"query-input":{"@type":"PropertyValueSpecification","valueRequired":true,"valueName":"search_term_string"}}],"inLanguage":"tr"}]}},"_links":{"self":[{"href":"https:\/\/lottoonline365.com\/tr\/wp-json\/wp\/v2\/pages\/106","targetHints":{"allow":["GET"]}}],"collection":[{"href":"https:\/\/lottoonline365.com\/tr\/wp-json\/wp\/v2\/pages"}],"about":[{"href":"https:\/\/lottoonline365.com\/tr\/wp-json\/wp\/v2\/types\/page"}],"author":[{"embeddable":true,"href":"https:\/\/lottoonline365.com\/tr\/wp-json\/wp\/v2\/users\/1"}],"replies":[{"embeddable":true,"href":"https:\/\/lottoonline365.com\/tr\/wp-json\/wp\/v2\/comments?post=106"}],"version-history":[{"count":0,"href":"https:\/\/lottoonline365.com\/tr\/wp-json\/wp\/v2\/pages\/106\/revisions"}],"up":[{"embeddable":true,"href":"https:\/\/lottoonline365.com\/tr\/wp-json\/wp\/v2\/pages\/88"}],"wp:attachment":[{"href":"https:\/\/lottoonline365.com\/tr\/wp-json\/wp\/v2\/media?parent=106"}],"curies":[{"name":"wp","href":"https:\/\/api.w.org\/{rel}","templated":true}]}}