{"id":104,"date":"2025-08-04T09:17:44","date_gmt":"2025-08-04T09:17:44","guid":{"rendered":"https:\/\/lottoonline365.com\/daha-fazla-uluslararasi-ikramiye\/eurojackpot-piyangosu\/"},"modified":"2025-08-04T09:17:44","modified_gmt":"2025-08-04T09:17:44","slug":"eurojackpot-piyangosu","status":"publish","type":"page","link":"https:\/\/lottoonline365.com\/tr\/daha-fazla-uluslararasi-ikramiye\/eurojackpot-piyangosu\/","title":{"rendered":"Eurojackpot piyangosu"},"content":{"rendered":"<h1>\u0130kamet etti\u011finiz \u00fclkeden Eurojackpot oynay\u0131n ve kazan\u0131n<\/h1>\n<p>Eurojackpot, b\u00fcy\u00fck bir Avrupa piyangosudur ve \u00f6zellikle de b\u00fcy\u00fck ikramiyeyi kazanma olas\u0131l\u0131\u011f\u0131n\u0131n di\u011fer \u00e7o\u011fu piyangoya k\u0131yasla \u00e7ok y\u00fcksek olmas\u0131 nedeniyle pop\u00fclerdir. Yine de Eurojackpot d\u00fczenli olarak \u00f6nemli miktarlara ula\u015fabilir. Eurojackpot hakk\u0131nda bir \u015feyler duyabilir veya okuyabilirsiniz ve her duydu\u011funuzda \u015fu soru akl\u0131n\u0131za gelir: <strong>Eurojackpot i\u00e7in online bilet alabilir miyim?<\/strong><\/p>\n<p>Bu piyangoya resmi olarak kat\u0131lan Avrupa \u00fclkelerinden birinde ya\u015f\u0131yorsan\u0131z, buna bile gerek yok \u00e7\u00fcnk\u00fc biletinizi yerel ma\u011fazadan sat\u0131n alabilirsiniz. Ayn\u0131 durum, \u00fclkedeyseniz de ge\u00e7erlidir \u00e7\u00fcnk\u00fc yerle\u015fik olmayanlar\u0131n da Eurojackpot bileti sat\u0131n almas\u0131na izin verilmektedir.<\/p>\n<p>Ancak kat\u0131l\u0131mc\u0131 \u00fclkelerden birinde ikamet etmiyorsan\u0131z (bu arada: \u0130spanya, \u0130talya, Hollanda, Almanya, Norve\u00e7, \u0130sve\u00e7, Finlandiya, Danimarka, \u0130zlanda, H\u0131rvatistan, \u00c7ek Cumhuriyeti, Macaristan, Estonya, Letonya, Litvanya, Polonya, Slovakya ve Slovenya), bilet sat\u0131n alman\u0131n ba\u015fka yollar\u0131n\u0131 araman\u0131z gerekir.<\/p>\n<p>\u00c7\u00f6z\u00fcm ise \u015fu: Eurojackpot biletinizi internetten sat\u0131n al\u0131n. RedFoxLotto ad\u0131nda bir \u015firket var &#8211; <span style=\"text-decoration: underline;\"><a href=\"https:\/\/redfoxlotto.com\/play\/eurojackpot\/?ref=A8564250A2&amp;medium=lo365\" target=\"_blank\" rel=\"noopener\">web sitelerini ziyaret etmek i\u00e7in buraya t\u0131klaman\u0131z yeterli<\/a><\/span>. \u0130\u015f modelleri, dahiyane oldu\u011fu kadar basit: RedFoxLotto m\u00fc\u015fterileri i\u00e7in d\u00fcnya \u00e7ap\u0131nda \u00e7ok say\u0131da acente \u00e7al\u0131\u015ft\u0131r\u0131yorlar. Siz, m\u00fc\u015fteri olarak, Powerball, Megamillions, <a href=\"https:\/\/lottoonline365.com\/tr\/daha-fazla-uluslararasi-ikramiye\/mega-sena-brezilya\/\" target=\"_blank\" rel=\"noopener\">Mega-Sena<\/a>, <a href=\"https:\/\/lottoonline365.com\/tr\/daha-fazla-uluslararasi-ikramiye\/euromillions\/\">Euromillions<\/a>, Eurojackpot, <a href=\"https:\/\/lottoonline365.com\/en\/more-international-jackpots\/superenalotto\" target=\"_blank\" rel=\"noopener\">Superena<\/a> ve daha bir\u00e7ok piyango i\u00e7in istedi\u011finiz say\u0131da bilet sipari\u015f edebilirsiniz. Bu arada, gerekli t\u00fcm say\u0131lar\u0131 se\u00e7ememe endi\u015fesi ya\u015famadan kendi numaralar\u0131n\u0131z\u0131 se\u00e7ebilirsiniz; web sitesi, biletinizde ka\u00e7 say\u0131 olmas\u0131 gerekti\u011fini size hat\u0131rlatacakt\u0131r.<\/p>\n<p>Bunu yapt\u0131ktan sonra, online loto hesab\u0131n\u0131z\u0131 onlara kaydedin, bir \u00f6deme se\u00e7ene\u011fi belirleyin (t\u00fcm se\u00e7enekleri tamamen g\u00fcvenlidir) ve k\u0131sa bir s\u00fcre sonra kan\u0131t olarak bir onay e-postas\u0131 alacaks\u0131n\u0131z. Biletinizi kaybetme veya numaralar\u0131n\u0131z\u0131 \u00e7ekili\u015fle kar\u015f\u0131la\u015ft\u0131rmay\u0131 unutma konusunda endi\u015felenmenize gerek yok; biletiniz kazan\u0131rsa, bununla ilgili de bir e-posta alacaks\u0131n\u0131z. Ayr\u0131ca, RedFoxLotto kazan\u00e7lar\u0131n\u0131z\u0131 herhangi bir \u00fccret veya komisyon almadan i\u015fleyecektir.<\/p>\n<p>D\u00fcnya genelindeki loto hayranlar\u0131n\u0131 mutlu etmek i\u00e7in daha iyi bir fikir d\u00fc\u015f\u00fcnebiliyor musunuz? Size \u00e7ok daha fazla olanak sundular; online piyango bileti sat\u0131n ald\u0131\u011f\u0131n\u0131zda daha fazla se\u00e7ene\u011finiz olur. En \u00f6nemlisi, ulusal piyangonuzun makul bir ikramiye tutar\u0131na ula\u015fmas\u0131n\u0131 beklemenize gerek yok. Mevcut en y\u00fcksek ikramiye tutar\u0131na sahip piyangoyu se\u00e7ebilirsiniz. Eurojackpot \u015fu anda pek cazip g\u00f6r\u00fcnmese de (her ne kadar minimum her zaman 10 Milyon Euro olsa da), zaman\u0131n\u0131za de\u011fecek bir piyango bulacaks\u0131n\u0131z. Harika, de\u011fil mi?<\/p>\n<p>Sa\u011fdaki pankarta bak\u0131n ve \u015fu anda en iyi ikramiyelerin hangileri oldu\u011funu g\u00f6r\u00fcn, ard\u0131ndan oynamak ve Milyonlar kazanmak i\u00e7in RedFoxLotto&#8217;ya gidin!<\/p>\n","protected":false},"excerpt":{"rendered":"<p>\u0130kamet etti\u011finiz \u00fclkeden Eurojackpot oynay\u0131n ve kazan\u0131n Eurojackpot, b\u00fcy\u00fck bir Avrupa piyangosudur ve \u00f6zellikle de b\u00fcy\u00fck ikramiyeyi kazanma olas\u0131l\u0131\u011f\u0131n\u0131n di\u011fer \u00e7o\u011fu piyangoya k\u0131yasla \u00e7ok y\u00fcksek olmas\u0131 nedeniyle pop\u00fclerdir. Yine de Eurojackpot d\u00fczenli olarak \u00f6nemli miktarlara ula\u015fabilir. Eurojackpot hakk\u0131nda bir \u015feyler duyabilir veya okuyabilirsiniz ve her duydu\u011funuzda \u015fu soru akl\u0131n\u0131za gelir: Eurojackpot i\u00e7in online bilet alabilir [&hellip;]<\/p>\n","protected":false},"author":1,"featured_media":0,"parent":88,"menu_order":0,"comment_status":"closed","ping_status":"closed","template":"","meta":{"footnotes":""},"class_list":["post-104","page","type-page","status-publish","hentry"],"blocksy_meta":[],"yoast_head":"<!-- This site is optimized with the Yoast SEO plugin v27.3 - https:\/\/yoast.com\/product\/yoast-seo-wordpress\/ -->\n<title>Eurojackpot biletlerini internetten sat\u0131n alabilir miyim?<\/title>\n<meta name=\"robots\" content=\"index, follow, max-snippet:-1, max-image-preview:large, max-video-preview:-1\" \/>\n<link rel=\"canonical\" href=\"https:\/\/lottoonline365.com\/tr\/daha-fazla-uluslararasi-ikramiye\/eurojackpot-piyangosu\/\" \/>\n<meta property=\"og:locale\" content=\"tr_TR\" \/>\n<meta property=\"og:type\" content=\"article\" \/>\n<meta property=\"og:title\" content=\"Eurojackpot biletlerini internetten sat\u0131n alabilir miyim?\" \/>\n<meta property=\"og:description\" content=\"\u0130kamet etti\u011finiz \u00fclkeden Eurojackpot oynay\u0131n ve kazan\u0131n Eurojackpot, b\u00fcy\u00fck bir Avrupa piyangosudur ve \u00f6zellikle de b\u00fcy\u00fck ikramiyeyi kazanma olas\u0131l\u0131\u011f\u0131n\u0131n di\u011fer \u00e7o\u011fu piyangoya k\u0131yasla \u00e7ok y\u00fcksek olmas\u0131 nedeniyle pop\u00fclerdir. Yine de Eurojackpot d\u00fczenli olarak \u00f6nemli miktarlara ula\u015fabilir. Eurojackpot hakk\u0131nda bir \u015feyler duyabilir veya okuyabilirsiniz ve her duydu\u011funuzda \u015fu soru akl\u0131n\u0131za gelir: Eurojackpot i\u00e7in online bilet alabilir [&hellip;]\" \/>\n<meta property=\"og:url\" content=\"https:\/\/lottoonline365.com\/tr\/daha-fazla-uluslararasi-ikramiye\/eurojackpot-piyangosu\/\" \/>\n<meta name=\"twitter:card\" content=\"summary_large_image\" \/>\n<meta name=\"twitter:label1\" content=\"Tahmini okuma s\u00fcresi\" \/>\n\t<meta name=\"twitter:data1\" content=\"2 dakika\" \/>\n<script type=\"application\/ld+json\" class=\"yoast-schema-graph\">{\"@context\":\"https:\\\/\\\/schema.org\",\"@graph\":[{\"@type\":\"WebPage\",\"@id\":\"https:\\\/\\\/lottoonline365.com\\\/tr\\\/daha-fazla-uluslararasi-ikramiye\\\/eurojackpot-piyangosu\\\/\",\"url\":\"https:\\\/\\\/lottoonline365.com\\\/tr\\\/daha-fazla-uluslararasi-ikramiye\\\/eurojackpot-piyangosu\\\/\",\"name\":\"Eurojackpot biletlerini internetten sat\u0131n alabilir miyim?\",\"isPartOf\":{\"@id\":\"https:\\\/\\\/lottoonline365.com\\\/tr\\\/#website\"},\"datePublished\":\"2025-08-04T09:17:44+00:00\",\"breadcrumb\":{\"@id\":\"https:\\\/\\\/lottoonline365.com\\\/tr\\\/daha-fazla-uluslararasi-ikramiye\\\/eurojackpot-piyangosu\\\/#breadcrumb\"},\"inLanguage\":\"tr\",\"potentialAction\":[{\"@type\":\"ReadAction\",\"target\":[\"https:\\\/\\\/lottoonline365.com\\\/tr\\\/daha-fazla-uluslararasi-ikramiye\\\/eurojackpot-piyangosu\\\/\"]}]},{\"@type\":\"BreadcrumbList\",\"@id\":\"https:\\\/\\\/lottoonline365.com\\\/tr\\\/daha-fazla-uluslararasi-ikramiye\\\/eurojackpot-piyangosu\\\/#breadcrumb\",\"itemListElement\":[{\"@type\":\"ListItem\",\"position\":1,\"name\":\"Home\",\"item\":\"https:\\\/\\\/lottoonline365.com\\\/tr\\\/\"},{\"@type\":\"ListItem\",\"position\":2,\"name\":\"Daha fazla uluslararas\u0131 ikramiye\",\"item\":\"https:\\\/\\\/lottoonline365.com\\\/tr\\\/daha-fazla-uluslararasi-ikramiye\\\/\"},{\"@type\":\"ListItem\",\"position\":3,\"name\":\"Eurojackpot piyangosu\"}]},{\"@type\":\"WebSite\",\"@id\":\"https:\\\/\\\/lottoonline365.com\\\/tr\\\/#website\",\"url\":\"https:\\\/\\\/lottoonline365.com\\\/tr\\\/\",\"name\":\"\",\"description\":\"\",\"potentialAction\":[{\"@type\":\"SearchAction\",\"target\":{\"@type\":\"EntryPoint\",\"urlTemplate\":\"https:\\\/\\\/lottoonline365.com\\\/tr\\\/?s={search_term_string}\"},\"query-input\":{\"@type\":\"PropertyValueSpecification\",\"valueRequired\":true,\"valueName\":\"search_term_string\"}}],\"inLanguage\":\"tr\"}]}<\/script>\n<!-- \/ Yoast SEO plugin. -->","yoast_head_json":{"title":"Eurojackpot biletlerini internetten sat\u0131n alabilir miyim?","robots":{"index":"index","follow":"follow","max-snippet":"max-snippet:-1","max-image-preview":"max-image-preview:large","max-video-preview":"max-video-preview:-1"},"canonical":"https:\/\/lottoonline365.com\/tr\/daha-fazla-uluslararasi-ikramiye\/eurojackpot-piyangosu\/","og_locale":"tr_TR","og_type":"article","og_title":"Eurojackpot biletlerini internetten sat\u0131n alabilir miyim?","og_description":"\u0130kamet etti\u011finiz \u00fclkeden Eurojackpot oynay\u0131n ve kazan\u0131n Eurojackpot, b\u00fcy\u00fck bir Avrupa piyangosudur ve \u00f6zellikle de b\u00fcy\u00fck ikramiyeyi kazanma olas\u0131l\u0131\u011f\u0131n\u0131n di\u011fer \u00e7o\u011fu piyangoya k\u0131yasla \u00e7ok y\u00fcksek olmas\u0131 nedeniyle pop\u00fclerdir. Yine de Eurojackpot d\u00fczenli olarak \u00f6nemli miktarlara ula\u015fabilir. Eurojackpot hakk\u0131nda bir \u015feyler duyabilir veya okuyabilirsiniz ve her duydu\u011funuzda \u015fu soru akl\u0131n\u0131za gelir: Eurojackpot i\u00e7in online bilet alabilir [&hellip;]","og_url":"https:\/\/lottoonline365.com\/tr\/daha-fazla-uluslararasi-ikramiye\/eurojackpot-piyangosu\/","twitter_card":"summary_large_image","twitter_misc":{"Tahmini okuma s\u00fcresi":"2 dakika"},"schema":{"@context":"https:\/\/schema.org","@graph":[{"@type":"WebPage","@id":"https:\/\/lottoonline365.com\/tr\/daha-fazla-uluslararasi-ikramiye\/eurojackpot-piyangosu\/","url":"https:\/\/lottoonline365.com\/tr\/daha-fazla-uluslararasi-ikramiye\/eurojackpot-piyangosu\/","name":"Eurojackpot biletlerini internetten sat\u0131n alabilir miyim?","isPartOf":{"@id":"https:\/\/lottoonline365.com\/tr\/#website"},"datePublished":"2025-08-04T09:17:44+00:00","breadcrumb":{"@id":"https:\/\/lottoonline365.com\/tr\/daha-fazla-uluslararasi-ikramiye\/eurojackpot-piyangosu\/#breadcrumb"},"inLanguage":"tr","potentialAction":[{"@type":"ReadAction","target":["https:\/\/lottoonline365.com\/tr\/daha-fazla-uluslararasi-ikramiye\/eurojackpot-piyangosu\/"]}]},{"@type":"BreadcrumbList","@id":"https:\/\/lottoonline365.com\/tr\/daha-fazla-uluslararasi-ikramiye\/eurojackpot-piyangosu\/#breadcrumb","itemListElement":[{"@type":"ListItem","position":1,"name":"Home","item":"https:\/\/lottoonline365.com\/tr\/"},{"@type":"ListItem","position":2,"name":"Daha fazla uluslararas\u0131 ikramiye","item":"https:\/\/lottoonline365.com\/tr\/daha-fazla-uluslararasi-ikramiye\/"},{"@type":"ListItem","position":3,"name":"Eurojackpot piyangosu"}]},{"@type":"WebSite","@id":"https:\/\/lottoonline365.com\/tr\/#website","url":"https:\/\/lottoonline365.com\/tr\/","name":"","description":"","potentialAction":[{"@type":"SearchAction","target":{"@type":"EntryPoint","urlTemplate":"https:\/\/lottoonline365.com\/tr\/?s={search_term_string}"},"query-input":{"@type":"PropertyValueSpecification","valueRequired":true,"valueName":"search_term_string"}}],"inLanguage":"tr"}]}},"_links":{"self":[{"href":"https:\/\/lottoonline365.com\/tr\/wp-json\/wp\/v2\/pages\/104","targetHints":{"allow":["GET"]}}],"collection":[{"href":"https:\/\/lottoonline365.com\/tr\/wp-json\/wp\/v2\/pages"}],"about":[{"href":"https:\/\/lottoonline365.com\/tr\/wp-json\/wp\/v2\/types\/page"}],"author":[{"embeddable":true,"href":"https:\/\/lottoonline365.com\/tr\/wp-json\/wp\/v2\/users\/1"}],"replies":[{"embeddable":true,"href":"https:\/\/lottoonline365.com\/tr\/wp-json\/wp\/v2\/comments?post=104"}],"version-history":[{"count":0,"href":"https:\/\/lottoonline365.com\/tr\/wp-json\/wp\/v2\/pages\/104\/revisions"}],"up":[{"embeddable":true,"href":"https:\/\/lottoonline365.com\/tr\/wp-json\/wp\/v2\/pages\/88"}],"wp:attachment":[{"href":"https:\/\/lottoonline365.com\/tr\/wp-json\/wp\/v2\/media?parent=104"}],"curies":[{"name":"wp","href":"https:\/\/api.w.org\/{rel}","templated":true}]}}