{"id":102,"date":"2025-08-04T09:19:12","date_gmt":"2025-08-04T09:19:12","guid":{"rendered":"https:\/\/lottoonline365.com\/daha-fazla-uluslararasi-ikramiye\/euromillions\/"},"modified":"2025-08-04T09:19:12","modified_gmt":"2025-08-04T09:19:12","slug":"euromillions","status":"publish","type":"page","link":"https:\/\/lottoonline365.com\/tr\/daha-fazla-uluslararasi-ikramiye\/euromillions\/","title":{"rendered":"EuroMillions"},"content":{"rendered":"<h1>EuroMillions art\u0131k herkes i\u00e7in \u00e7evrimi\u00e7i!<\/h1>\n<p>EuroMillions ad\u0131n\u0131 duydu\u011funuzda, bu piyangonun Avrupa genelinde sunuldu\u011funu d\u00fc\u015f\u00fcnmeniz do\u011fald\u0131r. Ancak durum b\u00f6yle de\u011fil, \u00e7\u00fcnk\u00fc yaln\u0131zca baz\u0131 Avrupa \u00fclkeleri ma\u011fazalarda normal bilet sat\u0131\u015f\u0131na izin veriyor. Elbette, Avrupa d\u0131\u015f\u0131nda ikamet ediyorsan\u0131z geleneksel y\u00f6ntemle bilet bulamazs\u0131n\u0131z.<\/p>\n<p>Ancak bu, bu \u00fclkelerden birinde ikamet etmeyen bir piyango oyuncusunun EuroMillions&#8217;tan mahrum kalaca\u011f\u0131 anlam\u0131na gelmez; \u00e7\u00fcnk\u00fc bu piyango i\u00e7in her zaman <a href=\"index.php?option=com_content&amp;view=article&amp;id=42&amp;Itemid=269&amp;lang=en\">online bilet sat\u0131n alabilirsiniz!<\/a><\/p>\n<p>RedFoxLotto ad\u0131nda bir online piyango sa\u011flay\u0131c\u0131s\u0131 var (<strong><span style=\"text-decoration: underline;\"><a href=\"https:\/\/redfoxlotto.com\/play\/euromillions\/?ref=A8564250A2&amp;medium=lo365\" target=\"_blank\" rel=\"noopener\">web sitelerini yeni bir sekmede a\u00e7mak i\u00e7in buraya t\u0131klay\u0131n<\/a><\/span><\/strong>), bu sa\u011flay\u0131c\u0131 sizin i\u00e7in istedi\u011finiz biletleri sat\u0131n al\u0131r. \u00c7evrimi\u00e7i sipari\u015f verip \u00f6deme yapabilirsiniz &#8211; elbette numaralar\u0131n\u0131z\u0131 \u00f6zg\u00fcrce se\u00e7ebilirsiniz. \u00dcstelik bu sa\u011flay\u0131c\u0131, kazanman\u0131z durumunda da sizinle ilgilenir.<\/p>\n<h2>Tek sa\u011flay\u0131c\u0131 &#8211; bir\u00e7ok piyango, b\u00fcy\u00fck ikramiyeler<\/h2>\n<p>RedFoxLotto&#8217;da yaln\u0131zca EuroMillions i\u00e7in de\u011fil, 20&#8217;den fazla b\u00fcy\u00fck piyango i\u00e7in de bilet alabilirsiniz. Bunlar aras\u0131nda, ikramiyeleri genellikle 500 milyon dolar\u0131 a\u015ft\u0131\u011f\u0131 i\u00e7in man\u015fetlere \u00e7\u0131kan <a href=\"https:\/\/lottoonline365.com\/en\/mega-millions\" target=\"_blank\" rel=\"noopener\">Amerika&#8217;n\u0131n en b\u00fcy\u00fck iki piyangosu Powerball ve Mega Millions<\/a> da bulunur.<\/p>\n<p>Burada istedi\u011finiz zaman b\u00fcy\u00fck bir ikramiye bulabilirsiniz ve kurye hizmeti dahil lotlar\u0131n fiyatlar\u0131 makuld\u00fcr.<\/p>\n<h2>Bu ger\u00e7ekten yasal m\u0131?<\/h2>\n<p>Evet, kesinlikle yasal. ABD&#8217;de tatildeyken oradan bir Powerball bileti ald\u0131ysan\u0131z veya ba\u015fka bir Avrupa \u00fclkesini ziyaret ederken EuroMillions bileti ald\u0131ysan\u0131z, bu kesinlikle yasald\u0131r. Kazan\u0131rsan\u0131z, piyango \u015firketine kar\u015f\u0131 kusursuz bir hak iddia edebilirsiniz. RedFoxLotto arac\u0131l\u0131\u011f\u0131yla sat\u0131n alman\u0131n tek fark\u0131, biletleri sizin ad\u0131n\u0131za ba\u015fka birinin sat\u0131n almas\u0131d\u0131r.<\/p>\n<h2>EuroMillions nas\u0131l \u00e7al\u0131\u015f\u0131r?<\/h2>\n<p>Burada 50 ana numaradan 5&#8217;ini ve 1-12 aras\u0131nda 2 y\u0131ld\u0131zl\u0131 numaralar\u0131 se\u00e7meniz gerekir. B\u00fcy\u00fck ikramiye her zaman en az 14 milyonla ba\u015flar ve 190 milyonda b\u00fcy\u00fck ikramiye s\u0131n\u0131rlan\u0131r. Numaralar her Sal\u0131 ve Cuma g\u00fcn\u00fc \u00e7ekilecektir.<\/p>\n","protected":false},"excerpt":{"rendered":"<p>EuroMillions art\u0131k herkes i\u00e7in \u00e7evrimi\u00e7i! EuroMillions ad\u0131n\u0131 duydu\u011funuzda, bu piyangonun Avrupa genelinde sunuldu\u011funu d\u00fc\u015f\u00fcnmeniz do\u011fald\u0131r. Ancak durum b\u00f6yle de\u011fil, \u00e7\u00fcnk\u00fc yaln\u0131zca baz\u0131 Avrupa \u00fclkeleri ma\u011fazalarda normal bilet sat\u0131\u015f\u0131na izin veriyor. Elbette, Avrupa d\u0131\u015f\u0131nda ikamet ediyorsan\u0131z geleneksel y\u00f6ntemle bilet bulamazs\u0131n\u0131z. Ancak bu, bu \u00fclkelerden birinde ikamet etmeyen bir piyango oyuncusunun EuroMillions&#8217;tan mahrum kalaca\u011f\u0131 anlam\u0131na gelmez; \u00e7\u00fcnk\u00fc [&hellip;]<\/p>\n","protected":false},"author":1,"featured_media":0,"parent":88,"menu_order":0,"comment_status":"closed","ping_status":"closed","template":"","meta":{"footnotes":""},"class_list":["post-102","page","type-page","status-publish","hentry"],"blocksy_meta":[],"yoast_head":"<!-- This site is optimized with the Yoast SEO plugin v27.3 - https:\/\/yoast.com\/product\/yoast-seo-wordpress\/ -->\n<title>Euromillions biletlerini \u00e7evrimi\u00e7i sat\u0131n al\u0131n - Avrupa d\u0131\u015f\u0131ndan da m\u00fcmk\u00fcn!<\/title>\n<meta name=\"robots\" content=\"index, follow, max-snippet:-1, max-image-preview:large, max-video-preview:-1\" \/>\n<link rel=\"canonical\" href=\"https:\/\/lottoonline365.com\/tr\/daha-fazla-uluslararasi-ikramiye\/euromillions\/\" \/>\n<meta property=\"og:locale\" content=\"tr_TR\" \/>\n<meta property=\"og:type\" content=\"article\" \/>\n<meta property=\"og:title\" content=\"Euromillions biletlerini \u00e7evrimi\u00e7i sat\u0131n al\u0131n - Avrupa d\u0131\u015f\u0131ndan da m\u00fcmk\u00fcn!\" \/>\n<meta property=\"og:description\" content=\"EuroMillions art\u0131k herkes i\u00e7in \u00e7evrimi\u00e7i! EuroMillions ad\u0131n\u0131 duydu\u011funuzda, bu piyangonun Avrupa genelinde sunuldu\u011funu d\u00fc\u015f\u00fcnmeniz do\u011fald\u0131r. Ancak durum b\u00f6yle de\u011fil, \u00e7\u00fcnk\u00fc yaln\u0131zca baz\u0131 Avrupa \u00fclkeleri ma\u011fazalarda normal bilet sat\u0131\u015f\u0131na izin veriyor. Elbette, Avrupa d\u0131\u015f\u0131nda ikamet ediyorsan\u0131z geleneksel y\u00f6ntemle bilet bulamazs\u0131n\u0131z. Ancak bu, bu \u00fclkelerden birinde ikamet etmeyen bir piyango oyuncusunun EuroMillions&#8217;tan mahrum kalaca\u011f\u0131 anlam\u0131na gelmez; \u00e7\u00fcnk\u00fc [&hellip;]\" \/>\n<meta property=\"og:url\" content=\"https:\/\/lottoonline365.com\/tr\/daha-fazla-uluslararasi-ikramiye\/euromillions\/\" \/>\n<meta name=\"twitter:card\" content=\"summary_large_image\" \/>\n<meta name=\"twitter:label1\" content=\"Tahmini okuma s\u00fcresi\" \/>\n\t<meta name=\"twitter:data1\" content=\"2 dakika\" \/>\n<script type=\"application\/ld+json\" class=\"yoast-schema-graph\">{\"@context\":\"https:\\\/\\\/schema.org\",\"@graph\":[{\"@type\":\"WebPage\",\"@id\":\"https:\\\/\\\/lottoonline365.com\\\/tr\\\/daha-fazla-uluslararasi-ikramiye\\\/euromillions\\\/\",\"url\":\"https:\\\/\\\/lottoonline365.com\\\/tr\\\/daha-fazla-uluslararasi-ikramiye\\\/euromillions\\\/\",\"name\":\"Euromillions biletlerini \u00e7evrimi\u00e7i sat\u0131n al\u0131n - Avrupa d\u0131\u015f\u0131ndan da m\u00fcmk\u00fcn!\",\"isPartOf\":{\"@id\":\"https:\\\/\\\/lottoonline365.com\\\/tr\\\/#website\"},\"datePublished\":\"2025-08-04T09:19:12+00:00\",\"breadcrumb\":{\"@id\":\"https:\\\/\\\/lottoonline365.com\\\/tr\\\/daha-fazla-uluslararasi-ikramiye\\\/euromillions\\\/#breadcrumb\"},\"inLanguage\":\"tr\",\"potentialAction\":[{\"@type\":\"ReadAction\",\"target\":[\"https:\\\/\\\/lottoonline365.com\\\/tr\\\/daha-fazla-uluslararasi-ikramiye\\\/euromillions\\\/\"]}]},{\"@type\":\"BreadcrumbList\",\"@id\":\"https:\\\/\\\/lottoonline365.com\\\/tr\\\/daha-fazla-uluslararasi-ikramiye\\\/euromillions\\\/#breadcrumb\",\"itemListElement\":[{\"@type\":\"ListItem\",\"position\":1,\"name\":\"Home\",\"item\":\"https:\\\/\\\/lottoonline365.com\\\/tr\\\/\"},{\"@type\":\"ListItem\",\"position\":2,\"name\":\"Daha fazla uluslararas\u0131 ikramiye\",\"item\":\"https:\\\/\\\/lottoonline365.com\\\/tr\\\/daha-fazla-uluslararasi-ikramiye\\\/\"},{\"@type\":\"ListItem\",\"position\":3,\"name\":\"EuroMillions\"}]},{\"@type\":\"WebSite\",\"@id\":\"https:\\\/\\\/lottoonline365.com\\\/tr\\\/#website\",\"url\":\"https:\\\/\\\/lottoonline365.com\\\/tr\\\/\",\"name\":\"\",\"description\":\"\",\"potentialAction\":[{\"@type\":\"SearchAction\",\"target\":{\"@type\":\"EntryPoint\",\"urlTemplate\":\"https:\\\/\\\/lottoonline365.com\\\/tr\\\/?s={search_term_string}\"},\"query-input\":{\"@type\":\"PropertyValueSpecification\",\"valueRequired\":true,\"valueName\":\"search_term_string\"}}],\"inLanguage\":\"tr\"}]}<\/script>\n<!-- \/ Yoast SEO plugin. -->","yoast_head_json":{"title":"Euromillions biletlerini \u00e7evrimi\u00e7i sat\u0131n al\u0131n - Avrupa d\u0131\u015f\u0131ndan da m\u00fcmk\u00fcn!","robots":{"index":"index","follow":"follow","max-snippet":"max-snippet:-1","max-image-preview":"max-image-preview:large","max-video-preview":"max-video-preview:-1"},"canonical":"https:\/\/lottoonline365.com\/tr\/daha-fazla-uluslararasi-ikramiye\/euromillions\/","og_locale":"tr_TR","og_type":"article","og_title":"Euromillions biletlerini \u00e7evrimi\u00e7i sat\u0131n al\u0131n - Avrupa d\u0131\u015f\u0131ndan da m\u00fcmk\u00fcn!","og_description":"EuroMillions art\u0131k herkes i\u00e7in \u00e7evrimi\u00e7i! EuroMillions ad\u0131n\u0131 duydu\u011funuzda, bu piyangonun Avrupa genelinde sunuldu\u011funu d\u00fc\u015f\u00fcnmeniz do\u011fald\u0131r. Ancak durum b\u00f6yle de\u011fil, \u00e7\u00fcnk\u00fc yaln\u0131zca baz\u0131 Avrupa \u00fclkeleri ma\u011fazalarda normal bilet sat\u0131\u015f\u0131na izin veriyor. Elbette, Avrupa d\u0131\u015f\u0131nda ikamet ediyorsan\u0131z geleneksel y\u00f6ntemle bilet bulamazs\u0131n\u0131z. Ancak bu, bu \u00fclkelerden birinde ikamet etmeyen bir piyango oyuncusunun EuroMillions&#8217;tan mahrum kalaca\u011f\u0131 anlam\u0131na gelmez; \u00e7\u00fcnk\u00fc [&hellip;]","og_url":"https:\/\/lottoonline365.com\/tr\/daha-fazla-uluslararasi-ikramiye\/euromillions\/","twitter_card":"summary_large_image","twitter_misc":{"Tahmini okuma s\u00fcresi":"2 dakika"},"schema":{"@context":"https:\/\/schema.org","@graph":[{"@type":"WebPage","@id":"https:\/\/lottoonline365.com\/tr\/daha-fazla-uluslararasi-ikramiye\/euromillions\/","url":"https:\/\/lottoonline365.com\/tr\/daha-fazla-uluslararasi-ikramiye\/euromillions\/","name":"Euromillions biletlerini \u00e7evrimi\u00e7i sat\u0131n al\u0131n - Avrupa d\u0131\u015f\u0131ndan da m\u00fcmk\u00fcn!","isPartOf":{"@id":"https:\/\/lottoonline365.com\/tr\/#website"},"datePublished":"2025-08-04T09:19:12+00:00","breadcrumb":{"@id":"https:\/\/lottoonline365.com\/tr\/daha-fazla-uluslararasi-ikramiye\/euromillions\/#breadcrumb"},"inLanguage":"tr","potentialAction":[{"@type":"ReadAction","target":["https:\/\/lottoonline365.com\/tr\/daha-fazla-uluslararasi-ikramiye\/euromillions\/"]}]},{"@type":"BreadcrumbList","@id":"https:\/\/lottoonline365.com\/tr\/daha-fazla-uluslararasi-ikramiye\/euromillions\/#breadcrumb","itemListElement":[{"@type":"ListItem","position":1,"name":"Home","item":"https:\/\/lottoonline365.com\/tr\/"},{"@type":"ListItem","position":2,"name":"Daha fazla uluslararas\u0131 ikramiye","item":"https:\/\/lottoonline365.com\/tr\/daha-fazla-uluslararasi-ikramiye\/"},{"@type":"ListItem","position":3,"name":"EuroMillions"}]},{"@type":"WebSite","@id":"https:\/\/lottoonline365.com\/tr\/#website","url":"https:\/\/lottoonline365.com\/tr\/","name":"","description":"","potentialAction":[{"@type":"SearchAction","target":{"@type":"EntryPoint","urlTemplate":"https:\/\/lottoonline365.com\/tr\/?s={search_term_string}"},"query-input":{"@type":"PropertyValueSpecification","valueRequired":true,"valueName":"search_term_string"}}],"inLanguage":"tr"}]}},"_links":{"self":[{"href":"https:\/\/lottoonline365.com\/tr\/wp-json\/wp\/v2\/pages\/102","targetHints":{"allow":["GET"]}}],"collection":[{"href":"https:\/\/lottoonline365.com\/tr\/wp-json\/wp\/v2\/pages"}],"about":[{"href":"https:\/\/lottoonline365.com\/tr\/wp-json\/wp\/v2\/types\/page"}],"author":[{"embeddable":true,"href":"https:\/\/lottoonline365.com\/tr\/wp-json\/wp\/v2\/users\/1"}],"replies":[{"embeddable":true,"href":"https:\/\/lottoonline365.com\/tr\/wp-json\/wp\/v2\/comments?post=102"}],"version-history":[{"count":0,"href":"https:\/\/lottoonline365.com\/tr\/wp-json\/wp\/v2\/pages\/102\/revisions"}],"up":[{"embeddable":true,"href":"https:\/\/lottoonline365.com\/tr\/wp-json\/wp\/v2\/pages\/88"}],"wp:attachment":[{"href":"https:\/\/lottoonline365.com\/tr\/wp-json\/wp\/v2\/media?parent=102"}],"curies":[{"name":"wp","href":"https:\/\/api.w.org\/{rel}","templated":true}]}}