{"id":100,"date":"2025-08-04T09:22:43","date_gmt":"2025-08-04T09:22:43","guid":{"rendered":"https:\/\/lottoonline365.com\/daha-fazla-uluslararasi-ikramiye\/mega-sena-brezilya\/"},"modified":"2025-08-04T09:22:43","modified_gmt":"2025-08-04T09:22:43","slug":"mega-sena-brezilya","status":"publish","type":"page","link":"https:\/\/lottoonline365.com\/tr\/daha-fazla-uluslararasi-ikramiye\/mega-sena-brezilya\/","title":{"rendered":"Mega Sena Brezilya"},"content":{"rendered":"<h1>Mega-Sena&#8217;da da b\u00fcy\u00fck ikramiyeler var<\/h1>\n<p>Mega-Sena piyangosu asl\u0131nda Brezilya&#8217;da ger\u00e7ekle\u015fiyor ve \u00fclkede ya\u015famayan veya kalmayanlar\u0131n piyangoya kat\u0131lma \u015fans\u0131 yok. Ancak art\u0131k d\u00fcnyan\u0131n d\u00f6rt bir yan\u0131ndan oyuncular i\u00e7in, online bilet sipari\u015f ederek kat\u0131l\u0131m imk\u00e2n\u0131 mevcut. RedFoxLotto adl\u0131 bir piyango bileti hizmeti, t\u00fcm piyango severlerin istedikleri kadar bilet sat\u0131n almalar\u0131na olanak tan\u0131yor. <span style=\"text-decoration: underline;\"><a href=\"https:\/\/redfoxlotto.com\/?ref=A8564250A2&#038;medium=lo365\" target=\"_blank\" rel=\"noopener\">Bu ba\u011flant\u0131, \u00f6nce birka\u00e7 fare t\u0131klamas\u0131yla numaralar\u0131n\u0131z\u0131 se\u00e7ip ard\u0131ndan online \u00f6deme yapabilece\u011finiz web sitelerine y\u00f6nlendiriyor<\/a><\/span>. K\u0131sa bir s\u00fcre sonra, e-posta gelen kutunuzda sat\u0131n alma onay\u0131n\u0131 bulacaks\u0131n\u0131z.<\/p>\n<p>Kazanman\u0131z durumunda, kazanc\u0131n\u0131z\u0131n \u00f6denmesi (bu arada, herhangi bir kesinti yap\u0131lmadan) RedFoxLotto taraf\u0131ndan ger\u00e7ekle\u015ftirilecektir. Bilet sizin ad\u0131n\u0131zad\u0131r ve \u00f6d\u00fcl\u00fc yaln\u0131zca sizin alaca\u011f\u0131n\u0131zdan emin olabilirsiniz. Ayr\u0131ca, kazand\u0131\u011f\u0131n\u0131zda otomatik olarak bir bildirim al\u0131rs\u0131n\u0131z!<\/p>\n<p>Mega-Sena&#8217;n\u0131n format\u0131 di\u011fer \u00e7o\u011fu piyangodan daha basittir. Her kat\u0131l\u0131mc\u0131n\u0131n 6&#8217;s\u0131n\u0131 se\u00e7ebilece\u011fi 60 say\u0131 vard\u0131r. Ek say\u0131 yoktur. 60 say\u0131dan 6&#8217;s\u0131n\u0131 do\u011fru tahmin etme olas\u0131l\u0131\u011f\u0131 yakla\u015f\u0131k 1:50 milyondur. Haftada iki \u00e7ekili\u015f d\u00fczenleniyor: \u00c7ar\u015famba ve Cumartesi g\u00fcnleri.<\/p>\n<p><a href=\"https:\/\/lottoonline365.com\/tr\/oyuncular-icin-ipuclari\/dunyanin-en-buyuk-ikramiyelerine-sahip-hangi-piyango\" target=\"_blank\" rel=\"noopener\">Son birka\u00e7 y\u0131l\u0131n rekor ikramiyesi<\/a> yakla\u015f\u0131k 75 milyon avroydu.<\/p>\n<h2>Uluslararas\u0131 piyangolara \u00e7evrimi\u00e7i kat\u0131lman\u0131n faydalar\u0131 nelerdir?<\/h2>\n<p>\u00d6ncelikle, RedFoxLotto size geleneksel y\u00f6ntemlerle bilet alamayaca\u011f\u0131n\u0131z 20&#8217;den fazla \u00e7evrimi\u00e7i piyango sunuyor. Elbette en b\u00fcy\u00fck avantaj\u0131, bilet ba\u015f\u0131na sabit bir fiyat kar\u015f\u0131l\u0131\u011f\u0131nda, kendi \u00fclkenizde \u015fu anda sunulandan \u00f6nemli \u00f6l\u00e7\u00fcde daha b\u00fcy\u00fck bir piyango ikramiyesi se\u00e7ebilmenizdir. Matematiksel olarak bu, k\u00e2r beklentilerinizi art\u0131r\u0131r; yani \u00e7evrimi\u00e7i kat\u0131l\u0131mda paran\u0131z\u0131n kar\u015f\u0131l\u0131\u011f\u0131n\u0131 daha iyi al\u0131rs\u0131n\u0131z!<\/p>\n<p>Web sitemizin sa\u011f taraf\u0131na bir g\u00f6z at\u0131n (bunu cep telefonunuzdan okuyorsan\u0131z a\u015fa\u011f\u0131 kayd\u0131r\u0131n) &#8211; \u015fu anda hangi piyango ikramiyelerinin en y\u00fcksek kazan\u00e7lar\u0131 sundu\u011funu g\u00f6receksiniz. Mega-Sena o kadar y\u00fcksek de\u011filse, daha \u00f6d\u00fcllendirici g\u00f6r\u00fcnen ba\u015fka bir ikramiye se\u00e7meniz en iyisidir &#8211; <strong>RedFoxLotto ile saniyeler i\u00e7inde \u00e7evrimi\u00e7i olarak herhangi bir ikramiyeye kat\u0131labilirsiniz!<\/strong><\/p>\n","protected":false},"excerpt":{"rendered":"<p>Mega-Sena&#8217;da da b\u00fcy\u00fck ikramiyeler var Mega-Sena piyangosu asl\u0131nda Brezilya&#8217;da ger\u00e7ekle\u015fiyor ve \u00fclkede ya\u015famayan veya kalmayanlar\u0131n piyangoya kat\u0131lma \u015fans\u0131 yok. Ancak art\u0131k d\u00fcnyan\u0131n d\u00f6rt bir yan\u0131ndan oyuncular i\u00e7in, online bilet sipari\u015f ederek kat\u0131l\u0131m imk\u00e2n\u0131 mevcut. RedFoxLotto adl\u0131 bir piyango bileti hizmeti, t\u00fcm piyango severlerin istedikleri kadar bilet sat\u0131n almalar\u0131na olanak tan\u0131yor. Bu ba\u011flant\u0131, \u00f6nce birka\u00e7 fare [&hellip;]<\/p>\n","protected":false},"author":1,"featured_media":0,"parent":88,"menu_order":0,"comment_status":"closed","ping_status":"closed","template":"","meta":{"footnotes":""},"class_list":["post-100","page","type-page","status-publish","hentry"],"blocksy_meta":[],"yoast_head":"<!-- This site is optimized with the Yoast SEO plugin v27.4 - https:\/\/yoast.com\/product\/yoast-seo-wordpress\/ -->\n<title>Brezilya&#039;dan Mega-Sena Lotto&#039;ya nas\u0131l kat\u0131labilirim?<\/title>\n<meta name=\"robots\" content=\"index, follow, max-snippet:-1, max-image-preview:large, max-video-preview:-1\" \/>\n<link rel=\"canonical\" href=\"https:\/\/lottoonline365.com\/tr\/daha-fazla-uluslararasi-ikramiye\/mega-sena-brezilya\/\" \/>\n<meta property=\"og:locale\" content=\"tr_TR\" \/>\n<meta property=\"og:type\" content=\"article\" \/>\n<meta property=\"og:title\" content=\"Brezilya&#039;dan Mega-Sena Lotto&#039;ya nas\u0131l kat\u0131labilirim?\" \/>\n<meta property=\"og:description\" content=\"Mega-Sena&#8217;da da b\u00fcy\u00fck ikramiyeler var Mega-Sena piyangosu asl\u0131nda Brezilya&#8217;da ger\u00e7ekle\u015fiyor ve \u00fclkede ya\u015famayan veya kalmayanlar\u0131n piyangoya kat\u0131lma \u015fans\u0131 yok. Ancak art\u0131k d\u00fcnyan\u0131n d\u00f6rt bir yan\u0131ndan oyuncular i\u00e7in, online bilet sipari\u015f ederek kat\u0131l\u0131m imk\u00e2n\u0131 mevcut. RedFoxLotto adl\u0131 bir piyango bileti hizmeti, t\u00fcm piyango severlerin istedikleri kadar bilet sat\u0131n almalar\u0131na olanak tan\u0131yor. Bu ba\u011flant\u0131, \u00f6nce birka\u00e7 fare [&hellip;]\" \/>\n<meta property=\"og:url\" content=\"https:\/\/lottoonline365.com\/tr\/daha-fazla-uluslararasi-ikramiye\/mega-sena-brezilya\/\" \/>\n<meta name=\"twitter:card\" content=\"summary_large_image\" \/>\n<meta name=\"twitter:label1\" content=\"Tahmini okuma s\u00fcresi\" \/>\n\t<meta name=\"twitter:data1\" content=\"2 dakika\" \/>\n<script type=\"application\/ld+json\" class=\"yoast-schema-graph\">{\"@context\":\"https:\\\/\\\/schema.org\",\"@graph\":[{\"@type\":\"WebPage\",\"@id\":\"https:\\\/\\\/lottoonline365.com\\\/tr\\\/daha-fazla-uluslararasi-ikramiye\\\/mega-sena-brezilya\\\/\",\"url\":\"https:\\\/\\\/lottoonline365.com\\\/tr\\\/daha-fazla-uluslararasi-ikramiye\\\/mega-sena-brezilya\\\/\",\"name\":\"Brezilya'dan Mega-Sena Lotto'ya nas\u0131l kat\u0131labilirim?\",\"isPartOf\":{\"@id\":\"https:\\\/\\\/lottoonline365.com\\\/tr\\\/#website\"},\"datePublished\":\"2025-08-04T09:22:43+00:00\",\"breadcrumb\":{\"@id\":\"https:\\\/\\\/lottoonline365.com\\\/tr\\\/daha-fazla-uluslararasi-ikramiye\\\/mega-sena-brezilya\\\/#breadcrumb\"},\"inLanguage\":\"tr\",\"potentialAction\":[{\"@type\":\"ReadAction\",\"target\":[\"https:\\\/\\\/lottoonline365.com\\\/tr\\\/daha-fazla-uluslararasi-ikramiye\\\/mega-sena-brezilya\\\/\"]}]},{\"@type\":\"BreadcrumbList\",\"@id\":\"https:\\\/\\\/lottoonline365.com\\\/tr\\\/daha-fazla-uluslararasi-ikramiye\\\/mega-sena-brezilya\\\/#breadcrumb\",\"itemListElement\":[{\"@type\":\"ListItem\",\"position\":1,\"name\":\"Home\",\"item\":\"https:\\\/\\\/lottoonline365.com\\\/tr\\\/\"},{\"@type\":\"ListItem\",\"position\":2,\"name\":\"Daha fazla uluslararas\u0131 ikramiye\",\"item\":\"https:\\\/\\\/lottoonline365.com\\\/tr\\\/daha-fazla-uluslararasi-ikramiye\\\/\"},{\"@type\":\"ListItem\",\"position\":3,\"name\":\"Mega Sena Brezilya\"}]},{\"@type\":\"WebSite\",\"@id\":\"https:\\\/\\\/lottoonline365.com\\\/tr\\\/#website\",\"url\":\"https:\\\/\\\/lottoonline365.com\\\/tr\\\/\",\"name\":\"\",\"description\":\"\",\"potentialAction\":[{\"@type\":\"SearchAction\",\"target\":{\"@type\":\"EntryPoint\",\"urlTemplate\":\"https:\\\/\\\/lottoonline365.com\\\/tr\\\/?s={search_term_string}\"},\"query-input\":{\"@type\":\"PropertyValueSpecification\",\"valueRequired\":true,\"valueName\":\"search_term_string\"}}],\"inLanguage\":\"tr\"}]}<\/script>\n<!-- \/ Yoast SEO plugin. -->","yoast_head_json":{"title":"Brezilya'dan Mega-Sena Lotto'ya nas\u0131l kat\u0131labilirim?","robots":{"index":"index","follow":"follow","max-snippet":"max-snippet:-1","max-image-preview":"max-image-preview:large","max-video-preview":"max-video-preview:-1"},"canonical":"https:\/\/lottoonline365.com\/tr\/daha-fazla-uluslararasi-ikramiye\/mega-sena-brezilya\/","og_locale":"tr_TR","og_type":"article","og_title":"Brezilya'dan Mega-Sena Lotto'ya nas\u0131l kat\u0131labilirim?","og_description":"Mega-Sena&#8217;da da b\u00fcy\u00fck ikramiyeler var Mega-Sena piyangosu asl\u0131nda Brezilya&#8217;da ger\u00e7ekle\u015fiyor ve \u00fclkede ya\u015famayan veya kalmayanlar\u0131n piyangoya kat\u0131lma \u015fans\u0131 yok. Ancak art\u0131k d\u00fcnyan\u0131n d\u00f6rt bir yan\u0131ndan oyuncular i\u00e7in, online bilet sipari\u015f ederek kat\u0131l\u0131m imk\u00e2n\u0131 mevcut. RedFoxLotto adl\u0131 bir piyango bileti hizmeti, t\u00fcm piyango severlerin istedikleri kadar bilet sat\u0131n almalar\u0131na olanak tan\u0131yor. Bu ba\u011flant\u0131, \u00f6nce birka\u00e7 fare [&hellip;]","og_url":"https:\/\/lottoonline365.com\/tr\/daha-fazla-uluslararasi-ikramiye\/mega-sena-brezilya\/","twitter_card":"summary_large_image","twitter_misc":{"Tahmini okuma s\u00fcresi":"2 dakika"},"schema":{"@context":"https:\/\/schema.org","@graph":[{"@type":"WebPage","@id":"https:\/\/lottoonline365.com\/tr\/daha-fazla-uluslararasi-ikramiye\/mega-sena-brezilya\/","url":"https:\/\/lottoonline365.com\/tr\/daha-fazla-uluslararasi-ikramiye\/mega-sena-brezilya\/","name":"Brezilya'dan Mega-Sena Lotto'ya nas\u0131l kat\u0131labilirim?","isPartOf":{"@id":"https:\/\/lottoonline365.com\/tr\/#website"},"datePublished":"2025-08-04T09:22:43+00:00","breadcrumb":{"@id":"https:\/\/lottoonline365.com\/tr\/daha-fazla-uluslararasi-ikramiye\/mega-sena-brezilya\/#breadcrumb"},"inLanguage":"tr","potentialAction":[{"@type":"ReadAction","target":["https:\/\/lottoonline365.com\/tr\/daha-fazla-uluslararasi-ikramiye\/mega-sena-brezilya\/"]}]},{"@type":"BreadcrumbList","@id":"https:\/\/lottoonline365.com\/tr\/daha-fazla-uluslararasi-ikramiye\/mega-sena-brezilya\/#breadcrumb","itemListElement":[{"@type":"ListItem","position":1,"name":"Home","item":"https:\/\/lottoonline365.com\/tr\/"},{"@type":"ListItem","position":2,"name":"Daha fazla uluslararas\u0131 ikramiye","item":"https:\/\/lottoonline365.com\/tr\/daha-fazla-uluslararasi-ikramiye\/"},{"@type":"ListItem","position":3,"name":"Mega Sena Brezilya"}]},{"@type":"WebSite","@id":"https:\/\/lottoonline365.com\/tr\/#website","url":"https:\/\/lottoonline365.com\/tr\/","name":"","description":"","potentialAction":[{"@type":"SearchAction","target":{"@type":"EntryPoint","urlTemplate":"https:\/\/lottoonline365.com\/tr\/?s={search_term_string}"},"query-input":{"@type":"PropertyValueSpecification","valueRequired":true,"valueName":"search_term_string"}}],"inLanguage":"tr"}]}},"_links":{"self":[{"href":"https:\/\/lottoonline365.com\/tr\/wp-json\/wp\/v2\/pages\/100","targetHints":{"allow":["GET"]}}],"collection":[{"href":"https:\/\/lottoonline365.com\/tr\/wp-json\/wp\/v2\/pages"}],"about":[{"href":"https:\/\/lottoonline365.com\/tr\/wp-json\/wp\/v2\/types\/page"}],"author":[{"embeddable":true,"href":"https:\/\/lottoonline365.com\/tr\/wp-json\/wp\/v2\/users\/1"}],"replies":[{"embeddable":true,"href":"https:\/\/lottoonline365.com\/tr\/wp-json\/wp\/v2\/comments?post=100"}],"version-history":[{"count":0,"href":"https:\/\/lottoonline365.com\/tr\/wp-json\/wp\/v2\/pages\/100\/revisions"}],"up":[{"embeddable":true,"href":"https:\/\/lottoonline365.com\/tr\/wp-json\/wp\/v2\/pages\/88"}],"wp:attachment":[{"href":"https:\/\/lottoonline365.com\/tr\/wp-json\/wp\/v2\/media?parent=100"}],"curies":[{"name":"wp","href":"https:\/\/api.w.org\/{rel}","templated":true}]}}