{"id":248,"date":"2025-08-04T09:28:57","date_gmt":"2025-08-04T09:28:57","guid":{"rendered":"https:\/\/lottoonline365.com\/hem\/"},"modified":"2025-08-04T09:28:57","modified_gmt":"2025-08-04T09:28:57","slug":"hem","status":"publish","type":"page","link":"https:\/\/lottoonline365.com\/sv\/","title":{"rendered":"Hem"},"content":{"rendered":"<h2>Att k\u00f6pa lotter online \u00f6ppnar upp f\u00f6r fler m\u00f6jligheter<\/h2>\n<p>Ist\u00e4llet f\u00f6r att bara fokusera p\u00e5 ditt lokala lotteri b\u00f6r du ocks\u00e5 k\u00e4nna till dina alternativ f\u00f6r att k\u00f6pa lotter online! Du \u00e4r trots allt inte l\u00e4ngre beroende av lotterierna som erbjuds i ditt eget land.<\/p>\n<p>Numera kan du delta i dragningarna av alla jackpottar i v\u00e4rlden &#8211; med en 100 % laglig lott som du k\u00f6pt online. Detta \u00e4r ocks\u00e5 ett extremt bekv\u00e4mt s\u00e4tt att spela, med hj\u00e4lp av RedFoxLottos lottobudtj\u00e4nst. <strong><span style=\"text-decoration: underline;\"><a href=\"https:\/\/redfoxlotto.com\/?ref=A8564250A2&amp;medium=lo365\" target=\"_blank\" rel=\"noopener\">Klicka h\u00e4r f\u00f6r att bes\u00f6ka RedFoxLottos webbplats<\/a><\/span><\/strong>. Principen bakom deras onlinetj\u00e4nst \u00e4r att RedFoxLotto k\u00f6per lotten du best\u00e4llt och sedan ger dig en skannad kopia av din lott som bevis.<\/p>\n<p>S\u00e5 f\u00f6r att k\u00f6pa en lott till vilket lotteri som helst spelar det ingen roll l\u00e4ngre vilket land du bor i eller var du befinner dig f\u00f6r n\u00e4rvarande.<\/p>\n<h2>Dussintals mycket attraktiva jackpottar<\/h2>\n<p>Om du tittar p\u00e5 ditt nationella lotteri kan du uppt\u00e4cka att jackpottarna \u00e4r relativt l\u00e5ga. \u00c5 andra sidan, om du k\u00f6per lotter via internet, har du fritt val mellan en m\u00e4ngd olika lotterier fr\u00e5n m\u00e5nga l\u00e4nder i v\u00e4rlden.<\/p>\n<p>Du har s\u00e4kert h\u00f6rt talas om enorma jackpottar f\u00f6r amerikanska lotterier som <a href=\"en\/powerball-usa\">Powerball<\/a> och <a href=\"en\/mega-millions\">MegaMillions<\/a>. Nyligen vanns en jackpott v\u00e4rd 1,5 miljarder USD i USA. En s\u00e5dan summa \u00e4r sv\u00e5r att ens b\u00f6rja f\u00f6rest\u00e4lla sig, men faktum \u00e4r att \u00e4ven du s\u00e4kert och lagligt kan best\u00e4lla en lott till dessa och <a href=\"en\/more-international-jackpots\/euromillions\" target=\"_blank\" rel=\"noopener\">andra lotterier<\/a> fr\u00e5n ditt eget land.<\/p>\n<p>Naturligtvis \u00e4r priset p\u00e5 en lott n\u00e5got h\u00f6gre \u00e4n en vanlig lott p\u00e5 grund av kostnaderna f\u00f6r budtj\u00e4nsten, men f\u00f6rh\u00e5llandet mellan de spenderade pengarna och den potentiella vinsten \u00e4r m\u00e5nga g\u00e5nger b\u00e4ttre. De flesta spelare v\u00e4ljer <a href=\"en\/more-international-jackpots\/el-gordo-lotto-spain\" target=\"_blank\" rel=\"noopener\">jackpotten <\/a>som f\u00f6r n\u00e4rvarande har det h\u00f6gsta beloppet &#8211; detta \u00e4r en helt logisk och matematiskt korrekt strategi!<\/p>\n<h2>Lottk\u00f6psf\u00f6rfarandet<\/h2>\n<p><img loading=\"lazy\" decoding=\"async\" style=\"margin: 5px; float: right;\" src=\"images\/powerball_los.jpg\" alt=\"powerball ticket\" width=\"300\" height=\"169\" \/>N\u00e4r du \u00e4r inne p\u00e5 RedFoxLottos webbplats v\u00e4ljer du f\u00f6rst det lotteri du vill delta i. Sedan v\u00e4ljer du dina nummer \u2013 du kan inte g\u00e5 fel, eftersom webbplatsen anger exakt hur m\u00e5nga huvudnummer och ytterligare nummer du beh\u00f6ver kryssa i f\u00f6r det lotteri du har valt. Dessutom kan du l\u00e5ta hela eller delar av valet avg\u00f6ras av slumpen och l\u00e5ta en integrerad slumptalsgenerator v\u00e4lja numren \u00e5t dig.<\/p>\n<p>Naturligtvis kan du ocks\u00e5 best\u00e4lla flera lotter eller spela <a href=\"index.php?option=com_content&amp;view=article&amp;id=42&amp;Itemid=269&amp;lang=en\">flera lotterier<\/a>. Samtidigt har du m\u00f6jlighet att delta i dragningarna i flera veckor. Detta \u00e4r s\u00e4rskilt f\u00f6rdelaktigt: f\u00f6r det f\u00f6rsta, eftersom RedFoxLotto vanligtvis erbjuder dig rabatt om du deltar i flera dragningar; och f\u00f6r det andra, eftersom inte ens en s\u00e4rskilt stor jackpott kan vinnas vid n\u00e4sta dragning, och med en &#8221;permanent lott&#8221; \u00e4r du automatiskt fortfarande med i loppet om n\u00e4sta dragning!<\/p>\n<p>F\u00f6r att slutf\u00f6ra k\u00f6pet m\u00e5ste du registrera dig hos RedFoxLotto och sedan anv\u00e4nda en av de m\u00e5nga och s\u00e4kra betalningsmetoderna. En kort tid senare f\u00e5r du bekr\u00e4ftelsen och din lott.<\/p>\n<p>Om du <a href=\"en\/winning-numbers\" target=\"_blank\" rel=\"noopener\">vinner<\/a> kommer du automatiskt att meddelas av RedFoxLotto. Utbetalningen f\u00f6r vinster upp till 600 dollar krediteras ditt kundkonto &#8211; du kan f\u00e5 pengarna utbetalda omedelbart.<\/p>\n<p>F\u00f6r h\u00f6gre vinster finns det ett enkelt formul\u00e4r som ska fyllas i och skickas till RedFoxLotto via e-post. De kommer att behandla det \u00e5t dig och Lottokommissionen kommer sedan att kontakta dig och i de flesta fall skicka en check till dig.<\/p>\n<p><strong>Du f\u00f6rst\u00e5r, att k\u00f6pa lotter online \u00e4r lika s\u00e4kert som att k\u00f6pa en lott i din egen stad \u2013 men potentiellt mycket mer lukrativt!<\/strong><\/p>\n","protected":false},"excerpt":{"rendered":"<p>Att k\u00f6pa lotter online \u00f6ppnar upp f\u00f6r fler m\u00f6jligheter Ist\u00e4llet f\u00f6r att bara fokusera p\u00e5 ditt lokala lotteri b\u00f6r du ocks\u00e5 k\u00e4nna till dina alternativ f\u00f6r att k\u00f6pa lotter online! Du \u00e4r trots allt inte l\u00e4ngre beroende av lotterierna som erbjuds i ditt eget land. Numera kan du delta i dragningarna av alla jackpottar i [&hellip;]<\/p>\n","protected":false},"author":1,"featured_media":0,"parent":0,"menu_order":0,"comment_status":"closed","ping_status":"closed","template":"","meta":{"footnotes":""},"class_list":["post-248","page","type-page","status-publish","hentry"],"blocksy_meta":[],"yoast_head":"<!-- This site is optimized with the Yoast SEO plugin v27.5 - https:\/\/yoast.com\/product\/yoast-seo-wordpress\/ -->\n<title>Buy Lotto tickets online<\/title>\n<meta name=\"description\" content=\"K\u00f6p officiella lotter online bekv\u00e4mt hemifr\u00e5n.\" \/>\n<meta name=\"robots\" content=\"index, follow, max-snippet:-1, max-image-preview:large, max-video-preview:-1\" \/>\n<link rel=\"canonical\" href=\"https:\/\/lottoonline365.com\/sv\/\" \/>\n<meta property=\"og:locale\" content=\"sv_SE\" \/>\n<meta property=\"og:type\" content=\"article\" \/>\n<meta property=\"og:title\" content=\"Buy Lotto tickets online\" \/>\n<meta property=\"og:description\" content=\"K\u00f6p officiella lotter online bekv\u00e4mt hemifr\u00e5n.\" \/>\n<meta property=\"og:url\" content=\"https:\/\/lottoonline365.com\/sv\/\" \/>\n<meta name=\"twitter:card\" content=\"summary_large_image\" \/>\n<meta name=\"twitter:label1\" content=\"Ber\u00e4knad l\u00e4stid\" \/>\n\t<meta name=\"twitter:data1\" content=\"3 minuter\" \/>\n<script type=\"application\/ld+json\" class=\"yoast-schema-graph\">{\"@context\":\"https:\\\/\\\/schema.org\",\"@graph\":[{\"@type\":\"WebPage\",\"@id\":\"https:\\\/\\\/lottoonline365.com\\\/sv\\\/\",\"url\":\"https:\\\/\\\/lottoonline365.com\\\/sv\\\/\",\"name\":\"Buy Lotto tickets online\",\"isPartOf\":{\"@id\":\"https:\\\/\\\/lottoonline365.com\\\/sv\\\/#website\"},\"datePublished\":\"2025-08-04T09:28:57+00:00\",\"description\":\"K\u00f6p officiella lotter online bekv\u00e4mt hemifr\u00e5n.\",\"breadcrumb\":{\"@id\":\"https:\\\/\\\/lottoonline365.com\\\/sv\\\/#breadcrumb\"},\"inLanguage\":\"sv-SE\",\"potentialAction\":[{\"@type\":\"ReadAction\",\"target\":[\"https:\\\/\\\/lottoonline365.com\\\/sv\\\/\"]}]},{\"@type\":\"BreadcrumbList\",\"@id\":\"https:\\\/\\\/lottoonline365.com\\\/sv\\\/#breadcrumb\",\"itemListElement\":[{\"@type\":\"ListItem\",\"position\":1,\"name\":\"Home\",\"item\":\"https:\\\/\\\/lottoonline365.com\\\/sv\\\/\"},{\"@type\":\"ListItem\",\"position\":2,\"name\":\"Hem\"}]},{\"@type\":\"WebSite\",\"@id\":\"https:\\\/\\\/lottoonline365.com\\\/sv\\\/#website\",\"url\":\"https:\\\/\\\/lottoonline365.com\\\/sv\\\/\",\"name\":\"\",\"description\":\"\",\"potentialAction\":[{\"@type\":\"SearchAction\",\"target\":{\"@type\":\"EntryPoint\",\"urlTemplate\":\"https:\\\/\\\/lottoonline365.com\\\/sv\\\/?s={search_term_string}\"},\"query-input\":{\"@type\":\"PropertyValueSpecification\",\"valueRequired\":true,\"valueName\":\"search_term_string\"}}],\"inLanguage\":\"sv-SE\"}]}<\/script>\n<!-- \/ Yoast SEO plugin. -->","yoast_head_json":{"title":"Buy Lotto tickets online","description":"K\u00f6p officiella lotter online bekv\u00e4mt hemifr\u00e5n.","robots":{"index":"index","follow":"follow","max-snippet":"max-snippet:-1","max-image-preview":"max-image-preview:large","max-video-preview":"max-video-preview:-1"},"canonical":"https:\/\/lottoonline365.com\/sv\/","og_locale":"sv_SE","og_type":"article","og_title":"Buy Lotto tickets online","og_description":"K\u00f6p officiella lotter online bekv\u00e4mt hemifr\u00e5n.","og_url":"https:\/\/lottoonline365.com\/sv\/","twitter_card":"summary_large_image","twitter_misc":{"Ber\u00e4knad l\u00e4stid":"3 minuter"},"schema":{"@context":"https:\/\/schema.org","@graph":[{"@type":"WebPage","@id":"https:\/\/lottoonline365.com\/sv\/","url":"https:\/\/lottoonline365.com\/sv\/","name":"Buy Lotto tickets online","isPartOf":{"@id":"https:\/\/lottoonline365.com\/sv\/#website"},"datePublished":"2025-08-04T09:28:57+00:00","description":"K\u00f6p officiella lotter online bekv\u00e4mt hemifr\u00e5n.","breadcrumb":{"@id":"https:\/\/lottoonline365.com\/sv\/#breadcrumb"},"inLanguage":"sv-SE","potentialAction":[{"@type":"ReadAction","target":["https:\/\/lottoonline365.com\/sv\/"]}]},{"@type":"BreadcrumbList","@id":"https:\/\/lottoonline365.com\/sv\/#breadcrumb","itemListElement":[{"@type":"ListItem","position":1,"name":"Home","item":"https:\/\/lottoonline365.com\/sv\/"},{"@type":"ListItem","position":2,"name":"Hem"}]},{"@type":"WebSite","@id":"https:\/\/lottoonline365.com\/sv\/#website","url":"https:\/\/lottoonline365.com\/sv\/","name":"","description":"","potentialAction":[{"@type":"SearchAction","target":{"@type":"EntryPoint","urlTemplate":"https:\/\/lottoonline365.com\/sv\/?s={search_term_string}"},"query-input":{"@type":"PropertyValueSpecification","valueRequired":true,"valueName":"search_term_string"}}],"inLanguage":"sv-SE"}]}},"_links":{"self":[{"href":"https:\/\/lottoonline365.com\/sv\/wp-json\/wp\/v2\/pages\/248","targetHints":{"allow":["GET"]}}],"collection":[{"href":"https:\/\/lottoonline365.com\/sv\/wp-json\/wp\/v2\/pages"}],"about":[{"href":"https:\/\/lottoonline365.com\/sv\/wp-json\/wp\/v2\/types\/page"}],"author":[{"embeddable":true,"href":"https:\/\/lottoonline365.com\/sv\/wp-json\/wp\/v2\/users\/1"}],"replies":[{"embeddable":true,"href":"https:\/\/lottoonline365.com\/sv\/wp-json\/wp\/v2\/comments?post=248"}],"version-history":[{"count":0,"href":"https:\/\/lottoonline365.com\/sv\/wp-json\/wp\/v2\/pages\/248\/revisions"}],"wp:attachment":[{"href":"https:\/\/lottoonline365.com\/sv\/wp-json\/wp\/v2\/media?parent=248"}],"curies":[{"name":"wp","href":"https:\/\/api.w.org\/{rel}","templated":true}]}}