{"id":257,"date":"2025-08-04T09:28:57","date_gmt":"2025-08-04T09:28:57","guid":{"rendered":"https:\/\/lottoonline365.com\/acasa\/"},"modified":"2025-08-04T09:28:57","modified_gmt":"2025-08-04T09:28:57","slug":"acasa","status":"publish","type":"page","link":"https:\/\/lottoonline365.com\/ro\/","title":{"rendered":"Acas\u0103"},"content":{"rendered":"<h2>Cump\u0103rarea biletelor la loto online deschide mai multe posibilit\u0103\u021bi<\/h2>\n<p>\u00cen loc s\u0103 v\u0103 concentra\u021bi doar pe loteria local\u0103, ar trebui s\u0103 cunoa\u0219te\u021bi \u0219i op\u021biunile de cump\u0103rare a biletelor la loto online! La urma urmei, nu mai depinde\u021bi de loteriile oferite \u00een propria \u021bar\u0103.<\/p>\n<p>\u00cen zilele noastre pute\u021bi participa la extragerile tuturor jackpoturilor din lume &#8211; cu un bilet 100% legal pe care l-a\u021bi cump\u0103rat online. Aceasta este, de asemenea, o modalitate extrem de confortabil\u0103 de a juca, cu ajutorul serviciului de curierat loto RedFoxLotto. <strong><span style=\"text-decoration: underline;\"><a href=\"https:\/\/redfoxlotto.com\/?ref=A8564250A2&amp;medium=lo365\" target=\"_blank\" rel=\"noopener\">Face\u021bi clic aici pentru a vizita site-ul web RedFoxLotto<\/a><\/span><\/strong>. Principiul din spatele serviciului lor online este ca RedFoxLotto s\u0103 cumpere biletul comandat \u0219i apoi s\u0103 v\u0103 ofere o copie scanat\u0103 a biletului dvs. ca dovad\u0103.<\/p>\n<p>A\u0219adar, pentru a cump\u0103ra un bilet la orice loterie, nu mai conteaz\u0103 \u00een ce \u021bar\u0103 locui\u021bi sau unde v\u0103 afla\u021bi \u00een prezent.<\/p>\n<h2>Zeci de jackpoturi extrem de atractive<\/h2>\n<p>Dac\u0103 v\u0103 uita\u021bi la loteria na\u021bional\u0103, pute\u021bi constata c\u0103 jackpoturile sunt relativ mici. Pe de alt\u0103 parte, dac\u0103 cump\u0103ra\u021bi bilete de loterie prin internet, ave\u021bi libertatea de a alege dintr-o varietate de loterii din multe \u021b\u0103ri din lume.<\/p>\n<p>Cu siguran\u021b\u0103 a\u021bi auzit la \u0219tiri despre jackpoturi imense pentru loteriile americane, cum ar fi <a href=\"en\/powerball-usa\">Powerball<\/a> \u0219i <a href=\"en\/mega-millions\">MegaMillions<\/a>. Recent, un jackpot \u00een valoare de 1,5 miliarde de dolari americani a fost c\u00e2\u0219tigat \u00een SUA. O astfel de sum\u0103 este greu de imaginat, dar adev\u0103rul este c\u0103 \u0219i dumneavoastr\u0103 pute\u021bi comanda \u00een siguran\u021b\u0103 \u0219i legal un bilet pentru aceste loterii \u0219i <a href=\"ro\/mai-multe-jackpoturi-interna\u021bionale\/euromillions\" target=\"_blank\" rel=\"noopener\">alte loterii<\/a> din propria \u021bar\u0103.<\/p>\n<p>Desigur, pre\u021bul unui bilet este pu\u021bin mai mare dec\u00e2t al unui bilet normal din cauza cheltuielilor pentru serviciul de curierat, dar raportul dintre banii cheltui\u021bi \u0219i profitul poten\u021bial este de multe ori mai bun. Majoritatea juc\u0103torilor aleg <a href=\"ro\/mai-multe-jackpoturi-interna\u021bionale\/loteria-el-gordo-spania\" target=\"_blank\" rel=\"noopener\">jackpotul<\/a> care are \u00een prezent cea mai mare sum\u0103 &#8211; aceasta este o strategie complet logic\u0103 \u0219i corect\u0103 din punct de vedere matematic!<\/p>\n<h2>Procedura de cump\u0103rare a biletelor<\/h2>\n<p><img loading=\"lazy\" decoding=\"async\" style=\"margin: 5px; float: right;\" src=\"images\/powerball_los.jpg\" alt=\"bilet powerball\" width=\"300\" height=\"169\" \/>Dup\u0103 ce v\u0103 afla\u021bi pe site-ul RedFoxLotto, selecta\u021bi mai \u00eent\u00e2i loteria la care dori\u021bi s\u0103 participa\u021bi. Apoi, alege\u021bi numerele &#8211; nu pute\u021bi gre\u0219i, deoarece site-ul v\u0103 spune exact c\u00e2te numere principale \u0219i numere suplimentare trebuie s\u0103 bifa\u021bi pentru loteria pe care a\u021bi ales-o. \u00cen plus, pute\u021bi l\u0103sa toat\u0103 selec\u021bia sau o parte din ea la voia \u00eent\u00e2mpl\u0103rii \u0219i pute\u021bi l\u0103sa un generator integrat de numere aleatorii s\u0103 aleag\u0103 numerele pentru dvs.<\/p>\n<p>Desigur, pute\u021bi comanda \u0219i mai multe bilete sau pute\u021bi juca la <a href=\"index.php?option=com_content&amp;view=article&amp;id=42&amp;Itemid=269&amp;lang=en\">mai multe loterii<\/a>. \u00cen acela\u0219i timp, ave\u021bi op\u021biunea de a participa la extrageri timp de c\u00e2teva s\u0103pt\u0103m\u00e2ni. Acest lucru este deosebit de benefic: \u00een primul r\u00e2nd, deoarece RedFoxLotto v\u0103 ofer\u0103 de obicei o reducere dac\u0103 participa\u021bi la mai multe extrageri; \u0219i \u00een al doilea r\u00e2nd, pentru c\u0103 nici m\u0103car un jackpot deosebit de mare nu poate fi c\u00e2\u0219tigat la urm\u0103toarea extragere, iar cu un \u201ebilet permanent\u201d sunte\u021bi automat \u00een cursa pentru urm\u0103toarea extragere!<\/p>\n<p>Pentru a finaliza achizi\u021bia, trebuie s\u0103 v\u0103 \u00eenregistra\u021bi la RedFoxLotto \u0219i apoi s\u0103 utiliza\u021bi una dintre numeroasele \u0219i sigurele metode de plat\u0103. La scurt timp dup\u0103 aceea ve\u021bi primi confirmarea \u0219i biletul dumneavoastr\u0103.<\/p>\n<p>Dac\u0103 <a href=\"ro\/numere-c\u00e2\u0219tig\u0103toare\" target=\"_blank\" rel=\"noopener\">c\u00e2\u0219tiga\u021bi<\/a>, ve\u021bi fi notificat automat de c\u0103tre RedFoxLotto. Plata pentru c\u00e2\u0219tiguri de p\u00e2n\u0103 la 600 USD va fi creditat\u0103 \u00een contul dumneavoastr\u0103 de client &#8211; pute\u021bi primi banii imediat.<\/p>\n<p>Pentru c\u00e2\u0219tiguri mai mari, exist\u0103 un formular simplu care trebuie completat \u0219i trimis c\u0103tre RedFoxLotto prin e-mail. Ace\u0219tia \u00eel vor procesa pentru dumneavoastr\u0103, iar Comisia Loto v\u0103 va contacta apoi \u0219i, \u00een majoritatea cazurilor, v\u0103 va trimite un cec.<\/p>\n<p><strong>Vede\u021bi, cump\u0103rarea biletelor la loto online este la fel de sigur\u0103 ca \u0219i cump\u0103rarea unui bilet \u00een propriul ora\u0219 &#8211; dar poten\u021bial mult mai profitabil\u0103!<\/strong><\/p>\n","protected":false},"excerpt":{"rendered":"<p>Cump\u0103rarea biletelor la loto online deschide mai multe posibilit\u0103\u021bi \u00cen loc s\u0103 v\u0103 concentra\u021bi doar pe loteria local\u0103, ar trebui s\u0103 cunoa\u0219te\u021bi \u0219i op\u021biunile de cump\u0103rare a biletelor la loto online! La urma urmei, nu mai depinde\u021bi de loteriile oferite \u00een propria \u021bar\u0103. \u00cen zilele noastre pute\u021bi participa la extragerile tuturor jackpoturilor din lume &#8211; [&hellip;]<\/p>\n","protected":false},"author":1,"featured_media":0,"parent":0,"menu_order":0,"comment_status":"closed","ping_status":"closed","template":"","meta":{"footnotes":""},"class_list":["post-257","page","type-page","status-publish","hentry"],"blocksy_meta":[],"yoast_head":"<!-- This site is optimized with the Yoast SEO plugin v27.3 - https:\/\/yoast.com\/product\/yoast-seo-wordpress\/ -->\n<title>Cump\u0103r\u0103 bilete la loto online<\/title>\n<meta name=\"description\" content=\"Cump\u0103r\u0103 bilete oficiale de loterie online din confortul casei tale.\" \/>\n<meta name=\"robots\" content=\"index, follow, max-snippet:-1, max-image-preview:large, max-video-preview:-1\" \/>\n<link rel=\"canonical\" href=\"https:\/\/lottoonline365.com\/ro\/\" \/>\n<meta property=\"og:locale\" content=\"ro_RO\" \/>\n<meta property=\"og:type\" content=\"article\" \/>\n<meta property=\"og:title\" content=\"Cump\u0103r\u0103 bilete la loto online\" \/>\n<meta property=\"og:description\" content=\"Cump\u0103r\u0103 bilete oficiale de loterie online din confortul casei tale.\" \/>\n<meta property=\"og:url\" content=\"https:\/\/lottoonline365.com\/ro\/\" \/>\n<meta name=\"twitter:card\" content=\"summary_large_image\" \/>\n<meta name=\"twitter:label1\" content=\"Timp estimat pentru citire\" \/>\n\t<meta name=\"twitter:data1\" content=\"3 minute\" \/>\n<script type=\"application\/ld+json\" class=\"yoast-schema-graph\">{\"@context\":\"https:\\\/\\\/schema.org\",\"@graph\":[{\"@type\":\"WebPage\",\"@id\":\"https:\\\/\\\/lottoonline365.com\\\/ro\\\/\",\"url\":\"https:\\\/\\\/lottoonline365.com\\\/ro\\\/\",\"name\":\"Cump\u0103r\u0103 bilete la loto online\",\"isPartOf\":{\"@id\":\"https:\\\/\\\/lottoonline365.com\\\/ro\\\/#website\"},\"datePublished\":\"2025-08-04T09:28:57+00:00\",\"description\":\"Cump\u0103r\u0103 bilete oficiale de loterie online din confortul casei tale.\",\"breadcrumb\":{\"@id\":\"https:\\\/\\\/lottoonline365.com\\\/ro\\\/#breadcrumb\"},\"inLanguage\":\"ro-RO\",\"potentialAction\":[{\"@type\":\"ReadAction\",\"target\":[\"https:\\\/\\\/lottoonline365.com\\\/ro\\\/\"]}]},{\"@type\":\"BreadcrumbList\",\"@id\":\"https:\\\/\\\/lottoonline365.com\\\/ro\\\/#breadcrumb\",\"itemListElement\":[{\"@type\":\"ListItem\",\"position\":1,\"name\":\"Home\",\"item\":\"https:\\\/\\\/lottoonline365.com\\\/ro\\\/\"},{\"@type\":\"ListItem\",\"position\":2,\"name\":\"Acas\u0103\"}]},{\"@type\":\"WebSite\",\"@id\":\"https:\\\/\\\/lottoonline365.com\\\/ro\\\/#website\",\"url\":\"https:\\\/\\\/lottoonline365.com\\\/ro\\\/\",\"name\":\"\",\"description\":\"\",\"potentialAction\":[{\"@type\":\"SearchAction\",\"target\":{\"@type\":\"EntryPoint\",\"urlTemplate\":\"https:\\\/\\\/lottoonline365.com\\\/ro\\\/?s={search_term_string}\"},\"query-input\":{\"@type\":\"PropertyValueSpecification\",\"valueRequired\":true,\"valueName\":\"search_term_string\"}}],\"inLanguage\":\"ro-RO\"}]}<\/script>\n<!-- \/ Yoast SEO plugin. -->","yoast_head_json":{"title":"Cump\u0103r\u0103 bilete la loto online","description":"Cump\u0103r\u0103 bilete oficiale de loterie online din confortul casei tale.","robots":{"index":"index","follow":"follow","max-snippet":"max-snippet:-1","max-image-preview":"max-image-preview:large","max-video-preview":"max-video-preview:-1"},"canonical":"https:\/\/lottoonline365.com\/ro\/","og_locale":"ro_RO","og_type":"article","og_title":"Cump\u0103r\u0103 bilete la loto online","og_description":"Cump\u0103r\u0103 bilete oficiale de loterie online din confortul casei tale.","og_url":"https:\/\/lottoonline365.com\/ro\/","twitter_card":"summary_large_image","twitter_misc":{"Timp estimat pentru citire":"3 minute"},"schema":{"@context":"https:\/\/schema.org","@graph":[{"@type":"WebPage","@id":"https:\/\/lottoonline365.com\/ro\/","url":"https:\/\/lottoonline365.com\/ro\/","name":"Cump\u0103r\u0103 bilete la loto online","isPartOf":{"@id":"https:\/\/lottoonline365.com\/ro\/#website"},"datePublished":"2025-08-04T09:28:57+00:00","description":"Cump\u0103r\u0103 bilete oficiale de loterie online din confortul casei tale.","breadcrumb":{"@id":"https:\/\/lottoonline365.com\/ro\/#breadcrumb"},"inLanguage":"ro-RO","potentialAction":[{"@type":"ReadAction","target":["https:\/\/lottoonline365.com\/ro\/"]}]},{"@type":"BreadcrumbList","@id":"https:\/\/lottoonline365.com\/ro\/#breadcrumb","itemListElement":[{"@type":"ListItem","position":1,"name":"Home","item":"https:\/\/lottoonline365.com\/ro\/"},{"@type":"ListItem","position":2,"name":"Acas\u0103"}]},{"@type":"WebSite","@id":"https:\/\/lottoonline365.com\/ro\/#website","url":"https:\/\/lottoonline365.com\/ro\/","name":"","description":"","potentialAction":[{"@type":"SearchAction","target":{"@type":"EntryPoint","urlTemplate":"https:\/\/lottoonline365.com\/ro\/?s={search_term_string}"},"query-input":{"@type":"PropertyValueSpecification","valueRequired":true,"valueName":"search_term_string"}}],"inLanguage":"ro-RO"}]}},"_links":{"self":[{"href":"https:\/\/lottoonline365.com\/ro\/wp-json\/wp\/v2\/pages\/257","targetHints":{"allow":["GET"]}}],"collection":[{"href":"https:\/\/lottoonline365.com\/ro\/wp-json\/wp\/v2\/pages"}],"about":[{"href":"https:\/\/lottoonline365.com\/ro\/wp-json\/wp\/v2\/types\/page"}],"author":[{"embeddable":true,"href":"https:\/\/lottoonline365.com\/ro\/wp-json\/wp\/v2\/users\/1"}],"replies":[{"embeddable":true,"href":"https:\/\/lottoonline365.com\/ro\/wp-json\/wp\/v2\/comments?post=257"}],"version-history":[{"count":0,"href":"https:\/\/lottoonline365.com\/ro\/wp-json\/wp\/v2\/pages\/257\/revisions"}],"wp:attachment":[{"href":"https:\/\/lottoonline365.com\/ro\/wp-json\/wp\/v2\/media?parent=257"}],"curies":[{"name":"wp","href":"https:\/\/api.w.org\/{rel}","templated":true}]}}