{"id":260,"date":"2025-08-04T09:28:57","date_gmt":"2025-08-04T09:28:57","guid":{"rendered":"https:\/\/lottoonline365.com\/casa\/"},"modified":"2025-08-04T09:28:57","modified_gmt":"2025-08-04T09:28:57","slug":"casa","status":"publish","type":"page","link":"https:\/\/lottoonline365.com\/pt-pt\/","title":{"rendered":"Casa"},"content":{"rendered":"<h2>Comprar bilhetes de lotaria online abre mais possibilidades<\/h2>\n<p>Em vez de se concentrar apenas na sua lotaria local, tamb\u00e9m deve conhecer as op\u00e7\u00f5es para comprar bilhetes de lotaria online! Afinal, j\u00e1 n\u00e3o depende das lotarias oferecidas no seu pa\u00eds.<\/p>\n<p>Hoje em dia, pode participar nos sorteios de todos os pr\u00e9mios do mundo com um bilhete 100% cool comprado online. Esta \u00e9 tamb\u00e9m uma forma extremamente confort\u00e1vel de jogar, com a ajuda do servi\u00e7o de entrega de lotaria da RedFoxLotto. <strong><span style=\"text-decoration: underline;\"><a href=\"https:\/\/redfoxlotto.com\/?ref=A8564250A2&amp;medium=lo365\" target=\"_blank\" rel=\"noopener\">Clique aqui para visitar o site da RedFoxLotto<\/a><\/span><\/strong>. O princ\u00edpio por detr\u00e1s do servi\u00e7o online da RedFoxLotto \u00e9 comprar o bilhete que encomendou e fornecer uma c\u00f3pia digitalizada do seu bilhete como prova.<\/p>\n<p>Portanto, para comprar um bilhete de lotaria, j\u00e1 n\u00e3o importa em que pa\u00eds vive ou onde se encontra atualmente.<\/p>\n<h2>Dezenas de pr\u00e9mios altamente atrativos<\/h2>\n<p>Se observar a sua lotaria nacional, poder\u00e1 descobrir que os pr\u00e9mios s\u00e3o relativamente baixos. Por outro lado, se comprar bilhetes de lotaria atrav\u00e9s da internet, poder\u00e1 escolher livremente entre uma variedade de lotarias de v\u00e1rios pa\u00edses do mundo.<\/p>\n<p>Certamente j\u00e1 ouviu falar nas not\u00edcias sobre pr\u00e9mios enormes em lotarias americanas, como o <a href=\"pt\/powerball-usa\">Powerball<\/a> e o <a href=\"pt\/mega-millions\">MegaMillions<\/a>. Recentemente, foi ganho um pr\u00e9mio de 1,5 mil milh\u00f5es de d\u00f3lares nos EUA. \u00c9 dif\u00edcil imaginar um valor como este, mas a verdade \u00e9 que tamb\u00e9m pode comprar um bilhete para estas e <a href=\"pt\/more-international-jackpots\/euromillions\" target=\"_blank\" rel=\"noopener\">outras lotarias<\/a> com seguran\u00e7a e legalidade, no seu pr\u00f3prio pa\u00eds.<\/p>\n<p>\u00c9 claro que o pre\u00e7o de um bilhete \u00e9 um pouco mais elevado do que um bilhete normal devido aos custos com o servi\u00e7o de entrega, mas a rela\u00e7\u00e3o entre o dinheiro gasto e o lucro potencial \u00e9 muito melhor. A maioria dos jogadores escolhe o <a href=\"pt\/more-international-jackpots\/el-gordo-lotto-spain\" target=\"_blank\" rel=\"noopener\">pr\u00e9mio acumulado<\/a> que tem atualmente o valor mais elevado &#8211; esta \u00e9 uma estrat\u00e9gia completamente l\u00f3gica e matematicamente correta!<\/p>\n<h2>Procedimento de compra do bilhete<\/h2>\n<p><img loading=\"lazy\" decoding=\"async\" style=\"margin: 5px; float: right;\" src=\"images\/powerball_los.jpg\" alt=\"bilhete da Powerball\" width=\"300\" height=\"169\" \/>Ao aceder ao site da RedFoxLotto, selecione primeiro a lotaria em que pretende participar. Em seguida, escolha os seus n\u00fameros \u2013 n\u00e3o tem como errar, pois o site diz-lhe exatamente quantos n\u00fameros principais e adicionais precisa de marcar para a lotaria escolhida. Al\u00e9m disso, pode deixar toda ou parte da sele\u00e7\u00e3o ao acaso e deixar que um gerador de n\u00fameros aleat\u00f3rios integrado escolha os n\u00fameros por si.<\/p>\n<p>Claro que tamb\u00e9m pode comprar v\u00e1rios bilhetes ou jogar em <a href=\"index.php?option=com_content&amp;view=article&amp;id=42&amp;Itemid=269&amp;lang=en\">v\u00e1rias lotarias<\/a>. Ao mesmo tempo, tem a op\u00e7\u00e3o de participar nos sorteios durante v\u00e1rias semanas. Isto \u00e9 particularmente vantajoso: em primeiro lugar, porque a RedFoxLotto geralmente oferece um desconto se participar em v\u00e1rios sorteios; e, segundo, porque mesmo um pr\u00e9mio particularmente grande pode n\u00e3o ser ganho no sorteio seguinte, e com um &#8220;bilhete permanente&#8221; continua-se automaticamente na disputa para o sorteio seguinte!<\/p>\n<p>Para concluir a compra, precisa de se registar na RedFoxLotto e utilizar um dos v\u00e1rios m\u00e9todos de pagamento seguros. Em breve, receber\u00e1 a confirma\u00e7\u00e3o e o seu bilhete.<\/p>\n<p>Se <a href=\"en\/winning-numbers\" target=\"_blank\" rel=\"noopener\">ganhar<\/a>, ser\u00e1 automaticamente notificado pela RedFoxLotto. O pagamento para pr\u00e9mios at\u00e9 600 d\u00f3lares ser\u00e1 creditado na sua conta de cliente &#8211; pode receber o dinheiro imediatamente.<\/p>\n<p>Para pr\u00e9mios maiores, existe um formul\u00e1rio simples para preencher e enviar para a RedFoxLotto por e-mail. Estes processar\u00e3o o pagamento por si e a Comiss\u00e3o da Lotaria entrar\u00e1 em contacto consigo e, na maioria dos casos, enviar-lhe-\u00e1 um cheque.<\/p>\n<p><strong>Veja bem, comprar bilhetes de lotaria online \u00e9 t\u00e3o seguro como comprar um bilhete na sua pr\u00f3pria cidade &#8211; mas potencialmente muito mais rent\u00e1vel!<\/strong><\/p>\n","protected":false},"excerpt":{"rendered":"<p>Comprar bilhetes de lotaria online abre mais possibilidades Em vez de se concentrar apenas na sua lotaria local, tamb\u00e9m deve conhecer as op\u00e7\u00f5es para comprar bilhetes de lotaria online! Afinal, j\u00e1 n\u00e3o depende das lotarias oferecidas no seu pa\u00eds. Hoje em dia, pode participar nos sorteios de todos os pr\u00e9mios do mundo com um bilhete [&hellip;]<\/p>\n","protected":false},"author":1,"featured_media":0,"parent":0,"menu_order":0,"comment_status":"closed","ping_status":"closed","template":"","meta":{"footnotes":""},"class_list":["post-260","page","type-page","status-publish","hentry"],"blocksy_meta":[],"yoast_head":"<!-- This site is optimized with the Yoast SEO plugin v27.5 - https:\/\/yoast.com\/product\/yoast-seo-wordpress\/ -->\n<title>Compre bilhetes de lotaria online<\/title>\n<meta name=\"description\" content=\"Compre bilhetes de lotaria oficiais online no conforto da sua casa.\" \/>\n<meta name=\"robots\" content=\"index, follow, max-snippet:-1, max-image-preview:large, max-video-preview:-1\" \/>\n<link rel=\"canonical\" href=\"https:\/\/lottoonline365.com\/pt-pt\/\" \/>\n<meta property=\"og:locale\" content=\"pt_PT\" \/>\n<meta property=\"og:type\" content=\"article\" \/>\n<meta property=\"og:title\" content=\"Compre bilhetes de lotaria online\" \/>\n<meta property=\"og:description\" content=\"Compre bilhetes de lotaria oficiais online no conforto da sua casa.\" \/>\n<meta property=\"og:url\" content=\"https:\/\/lottoonline365.com\/pt-pt\/\" \/>\n<meta name=\"twitter:card\" content=\"summary_large_image\" \/>\n<meta name=\"twitter:label1\" content=\"Tempo estimado de leitura\" \/>\n\t<meta name=\"twitter:data1\" content=\"3 minutos\" \/>\n<script type=\"application\/ld+json\" class=\"yoast-schema-graph\">{\"@context\":\"https:\\\/\\\/schema.org\",\"@graph\":[{\"@type\":\"WebPage\",\"@id\":\"https:\\\/\\\/lottoonline365.com\\\/pt-pt\\\/\",\"url\":\"https:\\\/\\\/lottoonline365.com\\\/pt-pt\\\/\",\"name\":\"Compre bilhetes de lotaria online\",\"isPartOf\":{\"@id\":\"https:\\\/\\\/lottoonline365.com\\\/pt-pt\\\/#website\"},\"datePublished\":\"2025-08-04T09:28:57+00:00\",\"description\":\"Compre bilhetes de lotaria oficiais online no conforto da sua casa.\",\"breadcrumb\":{\"@id\":\"https:\\\/\\\/lottoonline365.com\\\/pt-pt\\\/#breadcrumb\"},\"inLanguage\":\"pt-PT\",\"potentialAction\":[{\"@type\":\"ReadAction\",\"target\":[\"https:\\\/\\\/lottoonline365.com\\\/pt-pt\\\/\"]}]},{\"@type\":\"BreadcrumbList\",\"@id\":\"https:\\\/\\\/lottoonline365.com\\\/pt-pt\\\/#breadcrumb\",\"itemListElement\":[{\"@type\":\"ListItem\",\"position\":1,\"name\":\"Home\",\"item\":\"https:\\\/\\\/lottoonline365.com\\\/pt-pt\\\/\"},{\"@type\":\"ListItem\",\"position\":2,\"name\":\"Casa\"}]},{\"@type\":\"WebSite\",\"@id\":\"https:\\\/\\\/lottoonline365.com\\\/pt-pt\\\/#website\",\"url\":\"https:\\\/\\\/lottoonline365.com\\\/pt-pt\\\/\",\"name\":\"\",\"description\":\"\",\"potentialAction\":[{\"@type\":\"SearchAction\",\"target\":{\"@type\":\"EntryPoint\",\"urlTemplate\":\"https:\\\/\\\/lottoonline365.com\\\/pt-pt\\\/?s={search_term_string}\"},\"query-input\":{\"@type\":\"PropertyValueSpecification\",\"valueRequired\":true,\"valueName\":\"search_term_string\"}}],\"inLanguage\":\"pt-PT\"}]}<\/script>\n<!-- \/ Yoast SEO plugin. -->","yoast_head_json":{"title":"Compre bilhetes de lotaria online","description":"Compre bilhetes de lotaria oficiais online no conforto da sua casa.","robots":{"index":"index","follow":"follow","max-snippet":"max-snippet:-1","max-image-preview":"max-image-preview:large","max-video-preview":"max-video-preview:-1"},"canonical":"https:\/\/lottoonline365.com\/pt-pt\/","og_locale":"pt_PT","og_type":"article","og_title":"Compre bilhetes de lotaria online","og_description":"Compre bilhetes de lotaria oficiais online no conforto da sua casa.","og_url":"https:\/\/lottoonline365.com\/pt-pt\/","twitter_card":"summary_large_image","twitter_misc":{"Tempo estimado de leitura":"3 minutos"},"schema":{"@context":"https:\/\/schema.org","@graph":[{"@type":"WebPage","@id":"https:\/\/lottoonline365.com\/pt-pt\/","url":"https:\/\/lottoonline365.com\/pt-pt\/","name":"Compre bilhetes de lotaria online","isPartOf":{"@id":"https:\/\/lottoonline365.com\/pt-pt\/#website"},"datePublished":"2025-08-04T09:28:57+00:00","description":"Compre bilhetes de lotaria oficiais online no conforto da sua casa.","breadcrumb":{"@id":"https:\/\/lottoonline365.com\/pt-pt\/#breadcrumb"},"inLanguage":"pt-PT","potentialAction":[{"@type":"ReadAction","target":["https:\/\/lottoonline365.com\/pt-pt\/"]}]},{"@type":"BreadcrumbList","@id":"https:\/\/lottoonline365.com\/pt-pt\/#breadcrumb","itemListElement":[{"@type":"ListItem","position":1,"name":"Home","item":"https:\/\/lottoonline365.com\/pt-pt\/"},{"@type":"ListItem","position":2,"name":"Casa"}]},{"@type":"WebSite","@id":"https:\/\/lottoonline365.com\/pt-pt\/#website","url":"https:\/\/lottoonline365.com\/pt-pt\/","name":"","description":"","potentialAction":[{"@type":"SearchAction","target":{"@type":"EntryPoint","urlTemplate":"https:\/\/lottoonline365.com\/pt-pt\/?s={search_term_string}"},"query-input":{"@type":"PropertyValueSpecification","valueRequired":true,"valueName":"search_term_string"}}],"inLanguage":"pt-PT"}]}},"_links":{"self":[{"href":"https:\/\/lottoonline365.com\/pt-pt\/wp-json\/wp\/v2\/pages\/260","targetHints":{"allow":["GET"]}}],"collection":[{"href":"https:\/\/lottoonline365.com\/pt-pt\/wp-json\/wp\/v2\/pages"}],"about":[{"href":"https:\/\/lottoonline365.com\/pt-pt\/wp-json\/wp\/v2\/types\/page"}],"author":[{"embeddable":true,"href":"https:\/\/lottoonline365.com\/pt-pt\/wp-json\/wp\/v2\/users\/1"}],"replies":[{"embeddable":true,"href":"https:\/\/lottoonline365.com\/pt-pt\/wp-json\/wp\/v2\/comments?post=260"}],"version-history":[{"count":0,"href":"https:\/\/lottoonline365.com\/pt-pt\/wp-json\/wp\/v2\/pages\/260\/revisions"}],"wp:attachment":[{"href":"https:\/\/lottoonline365.com\/pt-pt\/wp-json\/wp\/v2\/media?parent=260"}],"curies":[{"name":"wp","href":"https:\/\/api.w.org\/{rel}","templated":true}]}}