{"id":265,"date":"2025-08-04T09:28:57","date_gmt":"2025-08-04T09:28:57","guid":{"rendered":"https:\/\/lottoonline365.com\/dom\/"},"modified":"2025-08-04T09:28:57","modified_gmt":"2025-08-04T09:28:57","slug":"dom","status":"publish","type":"page","link":"https:\/\/lottoonline365.com\/pl\/","title":{"rendered":"Dom"},"content":{"rendered":"<h2>Kupowanie los\u00f3w lotto online otwiera wi\u0119cej mo\u017cliwo\u015bci<\/h2>\n<p>Zamiast skupia\u0107 si\u0119 tylko na lokalnej loterii, warto r\u00f3wnie\u017c pozna\u0107 mo\u017cliwo\u015bci zakupu los\u00f3w lotto online! W ko\u0144cu nie jeste\u015b ju\u017c zale\u017cny od loterii oferowanych w Twoim kraju.<\/p>\n<p>Dzi\u015b mo\u017cesz wzi\u0105\u0107 udzia\u0142 w losowaniach wszystkich kumulacji na \u015bwiecie \u2013 z w 100% legalnym losem kupionym online. To r\u00f3wnie\u017c niezwykle wygodny spos\u00f3b gry, z pomoc\u0105 firmy kurierskiej RedFoxLotto. <strong><span style=\"text-decoration: underline;\"><a href=\"https:\/\/redfoxlotto.com\/?ref=A8564250A2&amp;medium=lo365\" target=\"_blank\" rel=\"noopener\">Kliknij tutaj, aby odwiedzi\u0107 stron\u0119 internetow\u0105 RedFoxLotto<\/a><\/span><\/strong>. Zasada dzia\u0142ania serwisu online polega na tym, \u017ce RedFoxLotto kupuje zam\u00f3wiony przez Ciebie los, a nast\u0119pnie dostarcza Ci jego zeskanowan\u0105 kopi\u0119 jako dow\u00f3d zakupu.<\/p>\n<p>W zwi\u0105zku z tym, aby kupi\u0107 los na dowoln\u0105 loteri\u0119, nie ma ju\u017c znaczenia, w jakim kraju mieszkasz ani gdzie aktualnie si\u0119 znajdujesz.<\/p>\n<h2>Dziesi\u0105tki atrakcyjnych jackpot\u00f3w<\/h2>\n<p>Je\u015bli spojrzysz na swoj\u0105 loteri\u0119 krajow\u0105, mo\u017cesz zauwa\u017cy\u0107, \u017ce jackpoty s\u0105 stosunkowo niskie. Z drugiej strony, kupuj\u0105c losy przez Internet, masz swobodny wyb\u00f3r spo\u015br\u00f3d r\u00f3\u017cnorodnych loterii z wielu kraj\u00f3w na \u015bwiecie.<\/p>\n<p>Z pewno\u015bci\u0105 s\u0142ysza\u0142e\u015b w wiadomo\u015bciach o ogromnych jackpotach w ameryka\u0144skich loteriach, takich jak <a href=\"en\/powerball-usa\">Powerball<\/a> i <a href=\"en\/mega-millions\">MegaMillions<\/a>. Niedawno w USA pad\u0142a kumulacja o warto\u015bci 1,5 miliarda dolar\u00f3w. Trudno sobie wyobrazi\u0107 tak\u0105 kwot\u0119, ale faktem jest, \u017ce Ty r\u00f3wnie\u017c mo\u017cesz bezpiecznie i legalnie zam\u00f3wi\u0107 los na te i <a href=\"en\/more-international-jackpots\/euromillions\" target=\"_blank\" rel=\"noopener\">inne loterie<\/a> z Twojego kraju.<\/p>\n<p>Oczywi\u015bcie cena losu jest nieco wy\u017csza ni\u017c zwyk\u0142ego losu ze wzgl\u0119du na koszty przesy\u0142ki kurierskiej, ale stosunek wydanych pieni\u0119dzy do potencjalnego zysku jest wielokrotnie lepszy. Wi\u0119kszo\u015b\u0107 graczy wybiera <a href=\"en\/more-international-jackpots\/el-gordo-lotto-spain\" target=\"_blank\" rel=\"noopener\">jackpota<\/a>, kt\u00f3ry obecnie ma najwy\u017csz\u0105 kwot\u0119 \u2013 to ca\u0142kowicie logiczna i matematycznie poprawna strategia!<\/p>\n<h2>Procedura zakupu losu<\/h2>\n<p><img loading=\"lazy\" decoding=\"async\" style=\"margin: 5px; float: right;\" src=\"images\/powerball_los.jpg\" alt=\"bilet powerball\" width=\"300\" height=\"169\" \/>Po wej\u015bciu na stron\u0119 RedFoxLotto, najpierw wybierz loteri\u0119, w kt\u00f3rej chcesz wzi\u0105\u0107 udzia\u0142. Nast\u0119pnie wybierz swoje liczby \u2013 nie pomylisz si\u0119, poniewa\u017c strona dok\u0142adnie podpowie, ile liczb g\u0142\u00f3wnych i dodatkowych musisz zaznaczy\u0107 w wybranej loterii. Dodatkowo mo\u017cesz pozostawi\u0107 ca\u0142y lub cz\u0119\u015b\u0107 wyboru przypadkowi i pozwoli\u0107 zintegrowanemu generatorowi liczb losowych wybra\u0107 liczby za Ciebie.<\/p>\n<p>Oczywi\u015bcie mo\u017cesz r\u00f3wnie\u017c zam\u00f3wi\u0107 wiele los\u00f3w lub zagra\u0107 w <a href=\"index.php?option=com_content&amp;view=article&amp;id=42&amp;Itemid=269&amp;lang=en\">wiele loterii<\/a>. Jednocze\u015bnie masz mo\u017cliwo\u015b\u0107 uczestniczenia w losowaniach przez kilka tygodni. Jest to szczeg\u00f3lnie korzystne: po pierwsze, RedFoxLotto zazwyczaj oferuje zni\u017ck\u0119 za udzia\u0142 w wielu losowaniach; Po drugie, poniewa\u017c nawet wyj\u0105tkowo du\u017ca kumulacja mo\u017ce nie zosta\u0107 wygrana w kolejnym losowaniu, a dzi\u0119ki \u201esta\u0142emu losowi\u201d automatycznie bierzesz udzia\u0142 w kolejnym losowaniu!<\/p>\n<p>Aby sfinalizowa\u0107 zakup, musisz zarejestrowa\u0107 si\u0119 w RedFoxLotto, a nast\u0119pnie skorzysta\u0107 z jednej z licznych i bezpiecznych metod p\u0142atno\u015bci. Wkr\u00f3tce otrzymasz potwierdzenie i sw\u00f3j los.<\/p>\n<p>Je\u015bli <a href=\"pl\/wygrywaj\u0105ce-liczby\" target=\"_blank\" rel=\"noopener\">wygrasz<\/a>, RedFoxLotto automatycznie Ci\u0119 o tym powiadomi. Wyp\u0142ata za wygrane do 600 USD zostanie zaksi\u0119gowana na Twoim koncie klienta \u2013 mo\u017cesz zleci\u0107 wyp\u0142at\u0119 natychmiast.<\/p>\n<p>Aby uzyska\u0107 wy\u017csze wygrane, wype\u0142nij prosty formularz i wy\u015blij go do RedFoxLotto e-mailem. Przetworzymy go w Twoim imieniu, a Komisja Lotto skontaktuje si\u0119 z Tob\u0105 i w wi\u0119kszo\u015bci przypadk\u00f3w wy\u015ble \u200b\u200bCi czek.<\/p>\n<p><strong>Widzisz, kupowanie los\u00f3w na loteri\u0119 online jest tak samo bezpieczne, jak kupowanie los\u00f3w w swoim mie\u015bcie \u2013 a potencjalnie o wiele bardziej op\u0142acalne!<\/strong><\/p>\n","protected":false},"excerpt":{"rendered":"<p>Kupowanie los\u00f3w lotto online otwiera wi\u0119cej mo\u017cliwo\u015bci Zamiast skupia\u0107 si\u0119 tylko na lokalnej loterii, warto r\u00f3wnie\u017c pozna\u0107 mo\u017cliwo\u015bci zakupu los\u00f3w lotto online! W ko\u0144cu nie jeste\u015b ju\u017c zale\u017cny od loterii oferowanych w Twoim kraju. Dzi\u015b mo\u017cesz wzi\u0105\u0107 udzia\u0142 w losowaniach wszystkich kumulacji na \u015bwiecie \u2013 z w 100% legalnym losem kupionym online. To r\u00f3wnie\u017c niezwykle [&hellip;]<\/p>\n","protected":false},"author":1,"featured_media":0,"parent":0,"menu_order":0,"comment_status":"closed","ping_status":"closed","template":"","meta":{"footnotes":""},"class_list":["post-265","page","type-page","status-publish","hentry"],"blocksy_meta":[],"yoast_head":"<!-- This site is optimized with the Yoast SEO plugin v27.4 - https:\/\/yoast.com\/product\/yoast-seo-wordpress\/ -->\n<title>Kup losy Lotto online<\/title>\n<meta name=\"description\" content=\"Kup oficjalne losy loterii online, nie wychodz\u0105c z domu.\" \/>\n<meta name=\"robots\" content=\"index, follow, max-snippet:-1, max-image-preview:large, max-video-preview:-1\" \/>\n<link rel=\"canonical\" href=\"https:\/\/lottoonline365.com\/pl\/\" \/>\n<meta property=\"og:locale\" content=\"pl_PL\" \/>\n<meta property=\"og:type\" content=\"article\" \/>\n<meta property=\"og:title\" content=\"Kup losy Lotto online\" \/>\n<meta property=\"og:description\" content=\"Kup oficjalne losy loterii online, nie wychodz\u0105c z domu.\" \/>\n<meta property=\"og:url\" content=\"https:\/\/lottoonline365.com\/pl\/\" \/>\n<meta name=\"twitter:card\" content=\"summary_large_image\" \/>\n<meta name=\"twitter:label1\" content=\"Szacowany czas czytania\" \/>\n\t<meta name=\"twitter:data1\" content=\"3 minuty\" \/>\n<script type=\"application\/ld+json\" class=\"yoast-schema-graph\">{\"@context\":\"https:\\\/\\\/schema.org\",\"@graph\":[{\"@type\":\"WebPage\",\"@id\":\"https:\\\/\\\/lottoonline365.com\\\/pl\\\/\",\"url\":\"https:\\\/\\\/lottoonline365.com\\\/pl\\\/\",\"name\":\"Kup losy Lotto online\",\"isPartOf\":{\"@id\":\"https:\\\/\\\/lottoonline365.com\\\/pl\\\/#website\"},\"datePublished\":\"2025-08-04T09:28:57+00:00\",\"description\":\"Kup oficjalne losy loterii online, nie wychodz\u0105c z domu.\",\"breadcrumb\":{\"@id\":\"https:\\\/\\\/lottoonline365.com\\\/pl\\\/#breadcrumb\"},\"inLanguage\":\"pl-PL\",\"potentialAction\":[{\"@type\":\"ReadAction\",\"target\":[\"https:\\\/\\\/lottoonline365.com\\\/pl\\\/\"]}]},{\"@type\":\"BreadcrumbList\",\"@id\":\"https:\\\/\\\/lottoonline365.com\\\/pl\\\/#breadcrumb\",\"itemListElement\":[{\"@type\":\"ListItem\",\"position\":1,\"name\":\"Home\",\"item\":\"https:\\\/\\\/lottoonline365.com\\\/pl\\\/\"},{\"@type\":\"ListItem\",\"position\":2,\"name\":\"Dom\"}]},{\"@type\":\"WebSite\",\"@id\":\"https:\\\/\\\/lottoonline365.com\\\/pl\\\/#website\",\"url\":\"https:\\\/\\\/lottoonline365.com\\\/pl\\\/\",\"name\":\"\",\"description\":\"\",\"potentialAction\":[{\"@type\":\"SearchAction\",\"target\":{\"@type\":\"EntryPoint\",\"urlTemplate\":\"https:\\\/\\\/lottoonline365.com\\\/pl\\\/?s={search_term_string}\"},\"query-input\":{\"@type\":\"PropertyValueSpecification\",\"valueRequired\":true,\"valueName\":\"search_term_string\"}}],\"inLanguage\":\"pl-PL\"}]}<\/script>\n<!-- \/ Yoast SEO plugin. -->","yoast_head_json":{"title":"Kup losy Lotto online","description":"Kup oficjalne losy loterii online, nie wychodz\u0105c z domu.","robots":{"index":"index","follow":"follow","max-snippet":"max-snippet:-1","max-image-preview":"max-image-preview:large","max-video-preview":"max-video-preview:-1"},"canonical":"https:\/\/lottoonline365.com\/pl\/","og_locale":"pl_PL","og_type":"article","og_title":"Kup losy Lotto online","og_description":"Kup oficjalne losy loterii online, nie wychodz\u0105c z domu.","og_url":"https:\/\/lottoonline365.com\/pl\/","twitter_card":"summary_large_image","twitter_misc":{"Szacowany czas czytania":"3 minuty"},"schema":{"@context":"https:\/\/schema.org","@graph":[{"@type":"WebPage","@id":"https:\/\/lottoonline365.com\/pl\/","url":"https:\/\/lottoonline365.com\/pl\/","name":"Kup losy Lotto online","isPartOf":{"@id":"https:\/\/lottoonline365.com\/pl\/#website"},"datePublished":"2025-08-04T09:28:57+00:00","description":"Kup oficjalne losy loterii online, nie wychodz\u0105c z domu.","breadcrumb":{"@id":"https:\/\/lottoonline365.com\/pl\/#breadcrumb"},"inLanguage":"pl-PL","potentialAction":[{"@type":"ReadAction","target":["https:\/\/lottoonline365.com\/pl\/"]}]},{"@type":"BreadcrumbList","@id":"https:\/\/lottoonline365.com\/pl\/#breadcrumb","itemListElement":[{"@type":"ListItem","position":1,"name":"Home","item":"https:\/\/lottoonline365.com\/pl\/"},{"@type":"ListItem","position":2,"name":"Dom"}]},{"@type":"WebSite","@id":"https:\/\/lottoonline365.com\/pl\/#website","url":"https:\/\/lottoonline365.com\/pl\/","name":"","description":"","potentialAction":[{"@type":"SearchAction","target":{"@type":"EntryPoint","urlTemplate":"https:\/\/lottoonline365.com\/pl\/?s={search_term_string}"},"query-input":{"@type":"PropertyValueSpecification","valueRequired":true,"valueName":"search_term_string"}}],"inLanguage":"pl-PL"}]}},"_links":{"self":[{"href":"https:\/\/lottoonline365.com\/pl\/wp-json\/wp\/v2\/pages\/265","targetHints":{"allow":["GET"]}}],"collection":[{"href":"https:\/\/lottoonline365.com\/pl\/wp-json\/wp\/v2\/pages"}],"about":[{"href":"https:\/\/lottoonline365.com\/pl\/wp-json\/wp\/v2\/types\/page"}],"author":[{"embeddable":true,"href":"https:\/\/lottoonline365.com\/pl\/wp-json\/wp\/v2\/users\/1"}],"replies":[{"embeddable":true,"href":"https:\/\/lottoonline365.com\/pl\/wp-json\/wp\/v2\/comments?post=265"}],"version-history":[{"count":0,"href":"https:\/\/lottoonline365.com\/pl\/wp-json\/wp\/v2\/pages\/265\/revisions"}],"wp:attachment":[{"href":"https:\/\/lottoonline365.com\/pl\/wp-json\/wp\/v2\/media?parent=265"}],"curies":[{"name":"wp","href":"https:\/\/api.w.org\/{rel}","templated":true}]}}