{"id":263,"date":"2025-08-04T09:28:57","date_gmt":"2025-08-04T09:28:57","guid":{"rendered":"https:\/\/lottoonline365.com\/hjem\/"},"modified":"2025-08-04T09:28:57","modified_gmt":"2025-08-04T09:28:57","slug":"hjem","status":"publish","type":"page","link":"https:\/\/lottoonline365.com\/no\/","title":{"rendered":"Hjem"},"content":{"rendered":"<h2>\u00c5 kj\u00f8pe lottokuponger p\u00e5 nett \u00e5pner for flere muligheter<\/h2>\n<p>I stedet for \u00e5 bare fokusere p\u00e5 ditt lokale lotteri, b\u00f8r du ogs\u00e5 vite om mulighetene dine for \u00e5 kj\u00f8pe lottokuponger p\u00e5 nett! Tross alt er du ikke lenger avhengig av lotteriene som tilbys i ditt eget land.<\/p>\n<p>I dag kan du delta i trekningene av alle jackpotene i verden \u2013 med en 100 % lovlig kupong du har kj\u00f8pt p\u00e5 nett. Dette er ogs\u00e5 en ekstremt komfortabel m\u00e5te \u00e5 spille p\u00e5, med hjelp av RedFoxLottos lottobudtjeneste. <strong><span style=\"text-decoration: underline;\"><a href=\"https:\/\/redfoxlotto.com\/?ref=A8564250A2&amp;medium=lo365\" target=\"_blank\" rel=\"noopener\">Klikk her for \u00e5 bes\u00f8ke RedFoxLottos nettsted<\/a><\/span><\/strong>. Prinsippet bak deres nettbaserte tjeneste er at RedFoxLotto kj\u00f8per kupongen du bestilte og deretter gir deg en skannet kopi av kupongen din som bevis.<\/p>\n<p>S\u00e5, for \u00e5 kj\u00f8pe en lodd til et lotteri, spiller det ingen rolle lenger hvilket land du bor i eller hvor du er for \u00f8yeblikket.<\/p>\n<h2>Dusinvis av sv\u00e6rt attraktive jackpoter<\/h2>\n<p>Hvis du ser p\u00e5 ditt nasjonale lotteri, kan du oppdage at jackpotene er relativt lave. P\u00e5 den annen side, hvis du kj\u00f8per lodd via internett, har du fritt valg mellom en rekke lotterier fra mange land i verden.<\/p>\n<p>Du har sikkert h\u00f8rt p\u00e5 nyhetene om enorme jackpoter for amerikanske lotterier som <a href=\"en\/powerball-usa\">Powerball <\/a> og <a href=\"en\/mega-millions\">MegaMillions<\/a>. Nylig ble en jackpot verdt 1,5 milliarder amerikanske dollar vunnet i USA. Et slikt bel\u00f8p er vanskelig \u00e5 engang begynne \u00e5 forestille seg, men faktum er at ogs\u00e5 du trygt og lovlig kan bestille en billett til disse og <a href=\"en\/more-international-jackpots\/euromillions\" target=\"_blank\" rel=\"noopener\">andre lotterier<\/a> fra ditt eget land.<\/p>\n<p>Selvf\u00f8lgelig er prisen p\u00e5 en billett litt h\u00f8yere enn en vanlig billett p\u00e5 grunn av utgiftene til budtjenesten, men forholdet mellom pengene som brukes og den potensielle fortjenesten er mange ganger bedre. De fleste spillere velger <a href=\"en\/more-international-jackpots\/el-gordo-lotto-spain\" target=\"_blank\" rel=\"noopener\">jackpotten <\/a>som for \u00f8yeblikket har det h\u00f8yeste bel\u00f8pet &#8211; dette er en helt logisk og matematisk korrekt strategi!<\/p>\n<h2>Kj\u00f8psprosedyren for billett<\/h2>\n<p><img loading=\"lazy\" decoding=\"async\" style=\"margin: 5px; float: right;\" src=\"images\/powerball_los.jpg\" alt=\"powerball-billett\" width=\"300\" height=\"169\" \/>N\u00e5r du er p\u00e5 nettsiden til RedFoxLotto, velger du f\u00f8rst lotteriet du vil delta i. Deretter velger du tallene dine \u2013 du kan ikke g\u00e5 feil, fordi nettsiden forteller deg n\u00f8yaktig hvor mange hovedtall og tilleggstall du m\u00e5 krysse av for lotteriet du har valgt. I tillegg kan du la hele eller deler av utvalget v\u00e6re til tilfeldighetene og la en integrert tilfeldig tallgenerator velge tallene for deg.<\/p>\n<p>Selvf\u00f8lgelig kan du ogs\u00e5 bestille flere lodd, eller spille <a href=\"index.php?option=com_content&amp;view=article&amp;id=42&amp;Itemid=269&amp;lang=en\">flere lotterier<\/a>. Samtidig har du muligheten til \u00e5 delta i trekningene i flere uker. Dette er spesielt fordelaktig: for det f\u00f8rste fordi RedFoxLotto vanligvis tilbyr deg rabatt hvis du deltar i flere trekninger; og for det andre, fordi selv en spesielt stor jackpot kanskje ikke vinnes ved neste trekning, og med en &laquo;permanent billett&raquo; er du automatisk fortsatt med i l\u00f8pet av neste trekning!<\/p>\n<p>For \u00e5 fullf\u00f8re kj\u00f8pet m\u00e5 du registrere deg hos RedFoxLotto og deretter bruke en av de mange og sikre betalingsmetodene. Kort tid senere vil du motta bekreftelsen og kupongen din.<\/p>\n<p>Hvis du <a href=\"en\/winning-numbers\" target=\"_blank\" rel=\"noopener\">vinner<\/a>, vil du automatisk bli varslet av RedFoxLotto. Utbetalingen for gevinster opptil $ 600 vil bli kreditert kundekontoen din &#8211; du kan f\u00e5 pengene utbetalt umiddelbart.<\/p>\n<p>For h\u00f8yere gevinster er det et enkelt skjema som m\u00e5 fylles ut og sendes til RedFoxLotto via e-post. De vil behandle det for deg, og Lottokommisjonen vil deretter kontakte deg og i de fleste tilfeller sende deg en sjekk.<\/p>\n<p><strong>Du skj\u00f8nner, \u00e5 kj\u00f8pe lottokuponger p\u00e5 nett er like trygt som \u00e5 kj\u00f8pe en billett i din egen by \u2013 men potensielt mye mer lukrativt!<\/strong><\/p>\n","protected":false},"excerpt":{"rendered":"<p>\u00c5 kj\u00f8pe lottokuponger p\u00e5 nett \u00e5pner for flere muligheter I stedet for \u00e5 bare fokusere p\u00e5 ditt lokale lotteri, b\u00f8r du ogs\u00e5 vite om mulighetene dine for \u00e5 kj\u00f8pe lottokuponger p\u00e5 nett! Tross alt er du ikke lenger avhengig av lotteriene som tilbys i ditt eget land. I dag kan du delta i trekningene av [&hellip;]<\/p>\n","protected":false},"author":1,"featured_media":0,"parent":0,"menu_order":0,"comment_status":"closed","ping_status":"closed","template":"","meta":{"footnotes":""},"class_list":["post-263","page","type-page","status-publish","hentry"],"blocksy_meta":[],"yoast_head":"<!-- This site is optimized with the Yoast SEO plugin v27.3 - https:\/\/yoast.com\/product\/yoast-seo-wordpress\/ -->\n<title>Kj\u00f8p lottobilletter p\u00e5 nett<\/title>\n<meta name=\"description\" content=\"Kj\u00f8p offisielle lotterikuponger p\u00e5 nett fra komforten av ditt eget hjem.\" \/>\n<meta name=\"robots\" content=\"index, follow, max-snippet:-1, max-image-preview:large, max-video-preview:-1\" \/>\n<link rel=\"canonical\" href=\"https:\/\/lottoonline365.com\/no\/\" \/>\n<meta property=\"og:locale\" content=\"nb_NO\" \/>\n<meta property=\"og:type\" content=\"article\" \/>\n<meta property=\"og:title\" content=\"Kj\u00f8p lottobilletter p\u00e5 nett\" \/>\n<meta property=\"og:description\" content=\"Kj\u00f8p offisielle lotterikuponger p\u00e5 nett fra komforten av ditt eget hjem.\" \/>\n<meta property=\"og:url\" content=\"https:\/\/lottoonline365.com\/no\/\" \/>\n<meta name=\"twitter:card\" content=\"summary_large_image\" \/>\n<meta name=\"twitter:label1\" content=\"Ansl. lesetid\" \/>\n\t<meta name=\"twitter:data1\" content=\"3 minutter\" \/>\n<script type=\"application\/ld+json\" class=\"yoast-schema-graph\">{\"@context\":\"https:\\\/\\\/schema.org\",\"@graph\":[{\"@type\":\"WebPage\",\"@id\":\"https:\\\/\\\/lottoonline365.com\\\/no\\\/\",\"url\":\"https:\\\/\\\/lottoonline365.com\\\/no\\\/\",\"name\":\"Kj\u00f8p lottobilletter p\u00e5 nett\",\"isPartOf\":{\"@id\":\"https:\\\/\\\/lottoonline365.com\\\/no\\\/#website\"},\"datePublished\":\"2025-08-04T09:28:57+00:00\",\"description\":\"Kj\u00f8p offisielle lotterikuponger p\u00e5 nett fra komforten av ditt eget hjem.\",\"breadcrumb\":{\"@id\":\"https:\\\/\\\/lottoonline365.com\\\/no\\\/#breadcrumb\"},\"inLanguage\":\"nb-NO\",\"potentialAction\":[{\"@type\":\"ReadAction\",\"target\":[\"https:\\\/\\\/lottoonline365.com\\\/no\\\/\"]}]},{\"@type\":\"BreadcrumbList\",\"@id\":\"https:\\\/\\\/lottoonline365.com\\\/no\\\/#breadcrumb\",\"itemListElement\":[{\"@type\":\"ListItem\",\"position\":1,\"name\":\"Home\",\"item\":\"https:\\\/\\\/lottoonline365.com\\\/no\\\/\"},{\"@type\":\"ListItem\",\"position\":2,\"name\":\"Hjem\"}]},{\"@type\":\"WebSite\",\"@id\":\"https:\\\/\\\/lottoonline365.com\\\/no\\\/#website\",\"url\":\"https:\\\/\\\/lottoonline365.com\\\/no\\\/\",\"name\":\"\",\"description\":\"\",\"potentialAction\":[{\"@type\":\"SearchAction\",\"target\":{\"@type\":\"EntryPoint\",\"urlTemplate\":\"https:\\\/\\\/lottoonline365.com\\\/no\\\/?s={search_term_string}\"},\"query-input\":{\"@type\":\"PropertyValueSpecification\",\"valueRequired\":true,\"valueName\":\"search_term_string\"}}],\"inLanguage\":\"nb-NO\"}]}<\/script>\n<!-- \/ Yoast SEO plugin. -->","yoast_head_json":{"title":"Kj\u00f8p lottobilletter p\u00e5 nett","description":"Kj\u00f8p offisielle lotterikuponger p\u00e5 nett fra komforten av ditt eget hjem.","robots":{"index":"index","follow":"follow","max-snippet":"max-snippet:-1","max-image-preview":"max-image-preview:large","max-video-preview":"max-video-preview:-1"},"canonical":"https:\/\/lottoonline365.com\/no\/","og_locale":"nb_NO","og_type":"article","og_title":"Kj\u00f8p lottobilletter p\u00e5 nett","og_description":"Kj\u00f8p offisielle lotterikuponger p\u00e5 nett fra komforten av ditt eget hjem.","og_url":"https:\/\/lottoonline365.com\/no\/","twitter_card":"summary_large_image","twitter_misc":{"Ansl. lesetid":"3 minutter"},"schema":{"@context":"https:\/\/schema.org","@graph":[{"@type":"WebPage","@id":"https:\/\/lottoonline365.com\/no\/","url":"https:\/\/lottoonline365.com\/no\/","name":"Kj\u00f8p lottobilletter p\u00e5 nett","isPartOf":{"@id":"https:\/\/lottoonline365.com\/no\/#website"},"datePublished":"2025-08-04T09:28:57+00:00","description":"Kj\u00f8p offisielle lotterikuponger p\u00e5 nett fra komforten av ditt eget hjem.","breadcrumb":{"@id":"https:\/\/lottoonline365.com\/no\/#breadcrumb"},"inLanguage":"nb-NO","potentialAction":[{"@type":"ReadAction","target":["https:\/\/lottoonline365.com\/no\/"]}]},{"@type":"BreadcrumbList","@id":"https:\/\/lottoonline365.com\/no\/#breadcrumb","itemListElement":[{"@type":"ListItem","position":1,"name":"Home","item":"https:\/\/lottoonline365.com\/no\/"},{"@type":"ListItem","position":2,"name":"Hjem"}]},{"@type":"WebSite","@id":"https:\/\/lottoonline365.com\/no\/#website","url":"https:\/\/lottoonline365.com\/no\/","name":"","description":"","potentialAction":[{"@type":"SearchAction","target":{"@type":"EntryPoint","urlTemplate":"https:\/\/lottoonline365.com\/no\/?s={search_term_string}"},"query-input":{"@type":"PropertyValueSpecification","valueRequired":true,"valueName":"search_term_string"}}],"inLanguage":"nb-NO"}]}},"_links":{"self":[{"href":"https:\/\/lottoonline365.com\/no\/wp-json\/wp\/v2\/pages\/263","targetHints":{"allow":["GET"]}}],"collection":[{"href":"https:\/\/lottoonline365.com\/no\/wp-json\/wp\/v2\/pages"}],"about":[{"href":"https:\/\/lottoonline365.com\/no\/wp-json\/wp\/v2\/types\/page"}],"author":[{"embeddable":true,"href":"https:\/\/lottoonline365.com\/no\/wp-json\/wp\/v2\/users\/1"}],"replies":[{"embeddable":true,"href":"https:\/\/lottoonline365.com\/no\/wp-json\/wp\/v2\/comments?post=263"}],"version-history":[{"count":0,"href":"https:\/\/lottoonline365.com\/no\/wp-json\/wp\/v2\/pages\/263\/revisions"}],"wp:attachment":[{"href":"https:\/\/lottoonline365.com\/no\/wp-json\/wp\/v2\/media?parent=263"}],"curies":[{"name":"wp","href":"https:\/\/api.w.org\/{rel}","templated":true}]}}