{"id":262,"date":"2025-08-04T09:28:57","date_gmt":"2025-08-04T09:28:57","guid":{"rendered":"https:\/\/lottoonline365.com\/sakums\/"},"modified":"2025-08-04T09:28:57","modified_gmt":"2025-08-04T09:28:57","slug":"sakums","status":"publish","type":"page","link":"https:\/\/lottoonline365.com\/lv\/","title":{"rendered":"S\u0101kums"},"content":{"rendered":"<h2>Loterijas bi\u013ce\u0161u ieg\u0101de tie\u0161saist\u0113 paver vair\u0101k iesp\u0113ju<\/h2>\n<p>T\u0101 viet\u0101, lai koncentr\u0113tos tikai uz viet\u0113jo loteriju, jums vajadz\u0113tu zin\u0101t ar\u012b par iesp\u0113j\u0101m ieg\u0101d\u0101ties loterijas bi\u013cetes tie\u0161saist\u0113! Galu gal\u0101 j\u016bs vairs neesat atkar\u012bgs no loterij\u0101m, kas tiek pied\u0101v\u0101tas j\u016bsu valst\u012b.<\/p>\n<p>M\u016bsdien\u0101s j\u016bs varat piedal\u012bties visu pasaules d\u017eekpotu izloz\u0113s &#8211; ar 100% likum\u012bgu bi\u013ceti, ko ieg\u0101d\u0101j\u0101ties tie\u0161saist\u0113. Tas ir ar\u012b \u0101rk\u0101rt\u012bgi \u0113rts sp\u0113l\u0113\u0161anas veids, izmantojot RedFoxLotto loterijas kurjera pakalpojumu. <strong><span style=\"text-decoration: underline;\"><a href=\"https:\/\/redfoxlotto.com\/?ref=A8564250A2&amp;medium=lo365\" target=\"_blank\" rel=\"noopener\">Noklik\u0161\u0137iniet \u0161eit, lai apmekl\u0113tu RedFoxLotto vietni<\/a><\/span><\/strong>. Vi\u0146u tie\u0161saistes pakalpojuma princips ir t\u0101ds, ka RedFoxLotto ieg\u0101d\u0101jas j\u016bsu pas\u016bt\u012bto bi\u013ceti un p\u0113c tam sniedz jums sken\u0113tu bi\u013cetes kopiju k\u0101 pier\u0101d\u012bjumu.<\/p>\n<p>T\u0101tad, lai ieg\u0101d\u0101tos bi\u013ceti jebkurai loterijai, vairs nav svar\u012bgi, kur\u0101 valst\u012b j\u016bs dz\u012bvojat vai kur atrodaties pa\u0161laik.<\/p>\n<h2>Desmitiem \u013coti pievilc\u012bgu d\u017eekpotu<\/h2>\n<p>Apl\u016bkojot savas valsts loteriju, j\u016bs varat atkl\u0101t, ka d\u017eekpoti ir sal\u012bdzino\u0161i zemi. No otras puses, ja ieg\u0101d\u0101jaties loterijas bi\u013cetes internet\u0101, jums ir br\u012bva izv\u0113le no da\u017e\u0101d\u0101m loterij\u0101m no daudz\u0101m pasaules valst\u012bm.<\/p>\n<p>J\u016bs noteikti esat dzird\u0113ju\u0161i par milz\u012bgiem d\u017eekpotiem ASV loterij\u0101s, piem\u0113ram, <a href=\"en\/powerball-usa\">Powerball<\/a> un <a href=\"en\/mega-millions\">MegaMillions<\/a>. Nesen ASV tika laim\u0113ts d\u017eekpots 1,5 miljardu ASV dol\u0101ru apm\u0113r\u0101. \u0160\u0101du summu ir gr\u016bti pat iedom\u0101ties, ta\u010du paties\u012bba ir t\u0101da, ka ar\u012b j\u016bs varat dro\u0161i un likum\u012bgi pas\u016bt\u012bt bi\u013ceti uz \u0161\u012bm un <a href=\"en\/more-international-jackpots\/euromillions\" target=\"_blank\" rel=\"noopener\">cit\u0101m loterij\u0101m<\/a> no savas valsts.<\/p>\n<p>Protams, bi\u013cetes cena ir nedaudz augst\u0101ka nek\u0101 parastai bi\u013cetei kurjera pakalpojumu izmaksu d\u0113\u013c, ta\u010du attiec\u012bba starp izt\u0113r\u0113to naudu un potenci\u0101lo pe\u013c\u0146u ir daudzk\u0101rt lab\u0101ka. Liel\u0101k\u0101 da\u013ca sp\u0113l\u0113t\u0101ju izv\u0113las <a href=\"en\/more-international-jackpots\/el-gordo-lotto-spain\" target=\"_blank\" rel=\"noopener\">d\u017eekpotu<\/a>, kur\u0101 pa\u0161laik ir visliel\u0101k\u0101 summa \u2013 t\u0101 ir piln\u012bgi lo\u0123iska un matem\u0101tiski pareiza strat\u0113\u0123ija!<\/p>\n<h2>Bi\u013cetes ieg\u0101des proced\u016bra<\/h2>\n<p><img loading=\"lazy\" decoding=\"async\" style=\"margin: 5px; float: right;\" src=\"images\/powerball_los.jpg\" alt=\"powerball ticket\" width=\"300\" height=\"169\" \/>Kad esat non\u0101cis RedFoxLotto t\u012bmek\u013ca vietn\u0113, vispirms atlasiet loteriju, kur\u0101 v\u0113laties piedal\u012bties. P\u0113c tam izv\u0113lieties savus skait\u013cus \u2014 j\u016bs nevarat k\u013c\u016bd\u012bties, jo t\u012bmek\u013ca vietn\u0113 ir nor\u0101d\u012bts prec\u012bzi, cik galveno skait\u013cu un papildu skait\u013cu jums j\u0101atz\u012bm\u0113 izv\u0113l\u0113taj\u0101 loterij\u0101. Turkl\u0101t j\u016bs varat atst\u0101t visu izv\u0113li vai da\u013cu no t\u0101s nejau\u0161\u012bbas zi\u0146\u0101 un \u013caut integr\u0113tam nejau\u0161o skait\u013cu \u0123eneratoram izv\u0113l\u0113ties skait\u013cus j\u016bsu viet\u0101.<\/p>\n<p>Protams, j\u016bs varat ar\u012b pas\u016bt\u012bt vair\u0101kas bi\u013cetes vai sp\u0113l\u0113t <a href=\"index.php?option=com_content&amp;view=article&amp;id=42&amp;Itemid=269&amp;lang=en\">vair\u0101kas loterijas<\/a>. Vienlaikus jums ir iesp\u0113ja piedal\u012bties izloz\u0113s vair\u0101kas ned\u0113\u013cas. Tas ir \u012bpa\u0161i izdev\u012bgi: pirmk\u0101rt, t\u0101p\u0113c, ka RedFoxLotto parasti pied\u0101v\u0101 atlaidi, ja piedal\u0101ties vair\u0101k\u0101s izloz\u0113s; un, otrk\u0101rt, t\u0101p\u0113c, ka pat \u012bpa\u0161i lielu d\u017eekpotu n\u0101kamaj\u0101 izloz\u0113 var netikt laim\u0113ts, un ar &#8220;past\u0101v\u012bgo bi\u013ceti&#8221; j\u016bs autom\u0101tiski joproj\u0101m esat sacens\u012bb\u0101s par n\u0101kamo izlozi!<\/p>\n<p>Lai pabeigtu pirkumu, jums j\u0101re\u0123istr\u0113jas RedFoxLotto un p\u0113c tam j\u0101izmanto viena no daudzaj\u0101m un dro\u0161aj\u0101m maks\u0101juma metod\u0113m. Neilgi p\u0113c tam j\u016bs sa\u0146emsiet apstiprin\u0101jumu un savu bi\u013ceti.<\/p>\n<p>Ja j\u016bs <a href=\"en\/winning-numbers\" target=\"_blank\" rel=\"noopener\">laim\u0113jat<\/a>, RedFoxLotto j\u016bs autom\u0101tiski inform\u0113s. Laimesta l\u012bdz 600 USD izmaksa tiks ieskait\u012bta j\u016bsu klienta kont\u0101 \u2014 naudu varat sa\u0146emt nekav\u0113joties.<\/p>\n<p>Liel\u0101kiem laimestiem ir j\u0101aizpilda vienk\u0101r\u0161a veidlapa un j\u0101nos\u016bta RedFoxLotto pa e-pastu. Vi\u0146i to apstr\u0101d\u0101s j\u016bsu viet\u0101, un Loto komisija p\u0113c tam sazin\u0101sies ar jums un vairum\u0101 gad\u012bjumu nos\u016bt\u012bs jums \u010deku.<\/p>\n<p><strong>Redziet, loterijas bi\u013ce\u0161u ieg\u0101de tie\u0161saist\u0113 ir tikpat dro\u0161a k\u0101 bi\u013cetes ieg\u0101de sav\u0101 pils\u0113t\u0101, ta\u010du potenci\u0101li daudz ienes\u012bg\u0101ka!<\/strong><\/p>\n","protected":false},"excerpt":{"rendered":"<p>Loterijas bi\u013ce\u0161u ieg\u0101de tie\u0161saist\u0113 paver vair\u0101k iesp\u0113ju T\u0101 viet\u0101, lai koncentr\u0113tos tikai uz viet\u0113jo loteriju, jums vajadz\u0113tu zin\u0101t ar\u012b par iesp\u0113j\u0101m ieg\u0101d\u0101ties loterijas bi\u013cetes tie\u0161saist\u0113! Galu gal\u0101 j\u016bs vairs neesat atkar\u012bgs no loterij\u0101m, kas tiek pied\u0101v\u0101tas j\u016bsu valst\u012b. M\u016bsdien\u0101s j\u016bs varat piedal\u012bties visu pasaules d\u017eekpotu izloz\u0113s &#8211; ar 100% likum\u012bgu bi\u013ceti, ko ieg\u0101d\u0101j\u0101ties tie\u0161saist\u0113. Tas [&hellip;]<\/p>\n","protected":false},"author":1,"featured_media":0,"parent":0,"menu_order":0,"comment_status":"closed","ping_status":"closed","template":"","meta":{"footnotes":""},"class_list":["post-262","page","type-page","status-publish","hentry"],"blocksy_meta":[],"yoast_head":"<!-- This site is optimized with the Yoast SEO plugin v27.4 - https:\/\/yoast.com\/product\/yoast-seo-wordpress\/ -->\n<title>Ieg\u0101d\u0101jieties loto bi\u013cetes tie\u0161saist\u0113<\/title>\n<meta name=\"description\" content=\"Ieg\u0101d\u0101jieties ofici\u0101las loterijas bi\u013cetes tie\u0161saist\u0113, \u0113rti atrodoties m\u0101j\u0101s.\" \/>\n<meta name=\"robots\" content=\"index, follow, max-snippet:-1, max-image-preview:large, max-video-preview:-1\" \/>\n<link rel=\"canonical\" href=\"https:\/\/lottoonline365.com\/lv\/\" \/>\n<meta property=\"og:locale\" content=\"lv_LV\" \/>\n<meta property=\"og:type\" content=\"article\" \/>\n<meta property=\"og:title\" content=\"Ieg\u0101d\u0101jieties loto bi\u013cetes tie\u0161saist\u0113\" \/>\n<meta property=\"og:description\" content=\"Ieg\u0101d\u0101jieties ofici\u0101las loterijas bi\u013cetes tie\u0161saist\u0113, \u0113rti atrodoties m\u0101j\u0101s.\" \/>\n<meta property=\"og:url\" content=\"https:\/\/lottoonline365.com\/lv\/\" \/>\n<meta name=\"twitter:card\" content=\"summary_large_image\" \/>\n<meta name=\"twitter:label1\" content=\"Est. reading time\" \/>\n\t<meta name=\"twitter:data1\" content=\"4 minutes\" \/>\n<script type=\"application\/ld+json\" class=\"yoast-schema-graph\">{\"@context\":\"https:\\\/\\\/schema.org\",\"@graph\":[{\"@type\":\"WebPage\",\"@id\":\"https:\\\/\\\/lottoonline365.com\\\/lv\\\/\",\"url\":\"https:\\\/\\\/lottoonline365.com\\\/lv\\\/\",\"name\":\"Ieg\u0101d\u0101jieties loto bi\u013cetes tie\u0161saist\u0113\",\"isPartOf\":{\"@id\":\"https:\\\/\\\/lottoonline365.com\\\/lv\\\/#website\"},\"datePublished\":\"2025-08-04T09:28:57+00:00\",\"description\":\"Ieg\u0101d\u0101jieties ofici\u0101las loterijas bi\u013cetes tie\u0161saist\u0113, \u0113rti atrodoties m\u0101j\u0101s.\",\"breadcrumb\":{\"@id\":\"https:\\\/\\\/lottoonline365.com\\\/lv\\\/#breadcrumb\"},\"inLanguage\":\"lv-LV\",\"potentialAction\":[{\"@type\":\"ReadAction\",\"target\":[\"https:\\\/\\\/lottoonline365.com\\\/lv\\\/\"]}]},{\"@type\":\"BreadcrumbList\",\"@id\":\"https:\\\/\\\/lottoonline365.com\\\/lv\\\/#breadcrumb\",\"itemListElement\":[{\"@type\":\"ListItem\",\"position\":1,\"name\":\"Home\",\"item\":\"https:\\\/\\\/lottoonline365.com\\\/lv\\\/\"},{\"@type\":\"ListItem\",\"position\":2,\"name\":\"S\u0101kums\"}]},{\"@type\":\"WebSite\",\"@id\":\"https:\\\/\\\/lottoonline365.com\\\/lv\\\/#website\",\"url\":\"https:\\\/\\\/lottoonline365.com\\\/lv\\\/\",\"name\":\"\",\"description\":\"\",\"potentialAction\":[{\"@type\":\"SearchAction\",\"target\":{\"@type\":\"EntryPoint\",\"urlTemplate\":\"https:\\\/\\\/lottoonline365.com\\\/lv\\\/?s={search_term_string}\"},\"query-input\":{\"@type\":\"PropertyValueSpecification\",\"valueRequired\":true,\"valueName\":\"search_term_string\"}}],\"inLanguage\":\"lv-LV\"}]}<\/script>\n<!-- \/ Yoast SEO plugin. -->","yoast_head_json":{"title":"Ieg\u0101d\u0101jieties loto bi\u013cetes tie\u0161saist\u0113","description":"Ieg\u0101d\u0101jieties ofici\u0101las loterijas bi\u013cetes tie\u0161saist\u0113, \u0113rti atrodoties m\u0101j\u0101s.","robots":{"index":"index","follow":"follow","max-snippet":"max-snippet:-1","max-image-preview":"max-image-preview:large","max-video-preview":"max-video-preview:-1"},"canonical":"https:\/\/lottoonline365.com\/lv\/","og_locale":"lv_LV","og_type":"article","og_title":"Ieg\u0101d\u0101jieties loto bi\u013cetes tie\u0161saist\u0113","og_description":"Ieg\u0101d\u0101jieties ofici\u0101las loterijas bi\u013cetes tie\u0161saist\u0113, \u0113rti atrodoties m\u0101j\u0101s.","og_url":"https:\/\/lottoonline365.com\/lv\/","twitter_card":"summary_large_image","twitter_misc":{"Est. reading time":"4 minutes"},"schema":{"@context":"https:\/\/schema.org","@graph":[{"@type":"WebPage","@id":"https:\/\/lottoonline365.com\/lv\/","url":"https:\/\/lottoonline365.com\/lv\/","name":"Ieg\u0101d\u0101jieties loto bi\u013cetes tie\u0161saist\u0113","isPartOf":{"@id":"https:\/\/lottoonline365.com\/lv\/#website"},"datePublished":"2025-08-04T09:28:57+00:00","description":"Ieg\u0101d\u0101jieties ofici\u0101las loterijas bi\u013cetes tie\u0161saist\u0113, \u0113rti atrodoties m\u0101j\u0101s.","breadcrumb":{"@id":"https:\/\/lottoonline365.com\/lv\/#breadcrumb"},"inLanguage":"lv-LV","potentialAction":[{"@type":"ReadAction","target":["https:\/\/lottoonline365.com\/lv\/"]}]},{"@type":"BreadcrumbList","@id":"https:\/\/lottoonline365.com\/lv\/#breadcrumb","itemListElement":[{"@type":"ListItem","position":1,"name":"Home","item":"https:\/\/lottoonline365.com\/lv\/"},{"@type":"ListItem","position":2,"name":"S\u0101kums"}]},{"@type":"WebSite","@id":"https:\/\/lottoonline365.com\/lv\/#website","url":"https:\/\/lottoonline365.com\/lv\/","name":"","description":"","potentialAction":[{"@type":"SearchAction","target":{"@type":"EntryPoint","urlTemplate":"https:\/\/lottoonline365.com\/lv\/?s={search_term_string}"},"query-input":{"@type":"PropertyValueSpecification","valueRequired":true,"valueName":"search_term_string"}}],"inLanguage":"lv-LV"}]}},"_links":{"self":[{"href":"https:\/\/lottoonline365.com\/lv\/wp-json\/wp\/v2\/pages\/262","targetHints":{"allow":["GET"]}}],"collection":[{"href":"https:\/\/lottoonline365.com\/lv\/wp-json\/wp\/v2\/pages"}],"about":[{"href":"https:\/\/lottoonline365.com\/lv\/wp-json\/wp\/v2\/types\/page"}],"author":[{"embeddable":true,"href":"https:\/\/lottoonline365.com\/lv\/wp-json\/wp\/v2\/users\/1"}],"replies":[{"embeddable":true,"href":"https:\/\/lottoonline365.com\/lv\/wp-json\/wp\/v2\/comments?post=262"}],"version-history":[{"count":0,"href":"https:\/\/lottoonline365.com\/lv\/wp-json\/wp\/v2\/pages\/262\/revisions"}],"wp:attachment":[{"href":"https:\/\/lottoonline365.com\/lv\/wp-json\/wp\/v2\/media?parent=262"}],"curies":[{"name":"wp","href":"https:\/\/api.w.org\/{rel}","templated":true}]}}