{"id":256,"date":"2025-08-04T09:28:57","date_gmt":"2025-08-04T09:28:57","guid":{"rendered":"https:\/\/lottoonline365.com\/pradzia\/"},"modified":"2025-08-04T09:28:57","modified_gmt":"2025-08-04T09:28:57","slug":"pradzia","status":"publish","type":"page","link":"https:\/\/lottoonline365.com\/lt\/","title":{"rendered":"Prad\u017eia"},"content":{"rendered":"<h2>Loterijos biliet\u0173 pirkimas internetu atveria daugiau galimybi\u0173<\/h2>\n<p>U\u017euot sutelk\u0119 d\u0117mes\u012f tik \u012f savo vietin\u0119 loterij\u0105, tur\u0117tum\u0117te \u017einoti ir apie galimybes pirkti loterijos bilietus internetu! Juk j\u016bs nebepriklausote nuo savo \u0161alyje si\u016blom\u0173 loterij\u0173.<\/p>\n<p>\u0160iais laikais galite dalyvauti vis\u0173 pasaulio didvyri\u0173 traukimuose \u2013 su 100 % teis\u0117tu bilietu, kur\u012f \u012fsigijote internetu. Tai taip pat itin patogus b\u016bdas \u017eaisti, pasitelkus \u201eRedFoxLotto\u201c loterijos kurjeri\u0173 tarnyb\u0105. <strong><span style=\"text-decoration: underline;\"><a href=\"https:\/\/redfoxlotto.com\/?ref=A8564250A2&amp;medium=lo365\" target=\"_blank\" rel=\"noopener\">Nor\u0117dami apsilankyti \u201eRedFoxLotto\u201c svetain\u0117je, spustel\u0117kite \u010dia<\/a><\/span><\/strong>. J\u0173 internetin\u0117s paslaugos principas yra tas, kad \u201eRedFoxLotto\u201c nuperka j\u016bs\u0173 u\u017esakyt\u0105 biliet\u0105 ir pateikia jums nuskaityt\u0105 bilieto kopij\u0105 kaip \u012frodym\u0105.<\/p>\n<p>Taigi, norint nusipirkti biliet\u0105 \u012f bet kuri\u0105 loterij\u0105, nebesvarbu, kurioje \u0161alyje gyvenate ar kur \u0161iuo metu esate.<\/p>\n<h2>De\u0161imtys labai patraukli\u0173 kaupiam\u0173j\u0173 priz\u0173<\/h2>\n<p>Jei pa\u017evelgsite \u012f savo nacionalin\u0119 loterij\u0105, galite pasteb\u0117ti, kad kaupiamieji prizai yra gana ma\u017ei. Kita vertus, jei perkate loterijos bilietus internetu, galite laisvai rinktis i\u0161 \u012fvairi\u0173 loterij\u0173 i\u0161 daugelio pasaulio \u0161ali\u0173.<\/p>\n<p>Tikrai gird\u0117jote apie did\u017eiulius JAV loterij\u0173, toki\u0173 kaip <a href=\"en\/powerball-usa\">Powerball<\/a> ir <a href=\"en\/mega-millions\">MegaMillions<\/a>, kaupiamuosius prizus. Neseniai JAV buvo laim\u0117tas 1,5 milijardo JAV doleri\u0173 vert\u0117s kaupiamasis prizas. Toki\u0105 sum\u0105 sunku net \u012fsivaizduoti, ta\u010diau faktas yra tas, kad ir j\u016bs galite saugiai ir legaliai u\u017esisakyti biliet\u0105 \u012f \u0161ias ir <a href=\"en\/more-international-jackpots\/euromillions\" target=\"_blank\" rel=\"noopener\">kitas loterijas<\/a> i\u0161 savo \u0161alies.<\/p>\n<p>\u017dinoma, bilieto kaina yra \u0161iek tiek didesn\u0117 nei \u012fprasto bilieto d\u0117l kurjerio paslaug\u0173 i\u0161laid\u0173, ta\u010diau santykis tarp i\u0161leist\u0173 pinig\u0173 ir galimo pelno yra daug kart\u0173 geresnis. Dauguma \u017eaid\u0117j\u0173 renkasi <a href=\"en\/more-international-jackpots\/el-gordo-lotto-spain\" target=\"_blank\" rel=\"noopener\">d\u017eekpot\u0105<\/a>, kuriame \u0161iuo metu yra did\u017eiausia suma \u2013 tai visi\u0161kai logi\u0161ka ir matemati\u0161kai teisinga strategija!<\/p>\n<h2>Biliet\u0173 pirkimo proced\u016bra<\/h2>\n<p><img loading=\"lazy\" decoding=\"async\" style=\"margin: 5px; float: right;\" src=\"images\/powerball_los.jpg\" alt=\"powerball ticket\" width=\"300\" height=\"169\" \/>Pasiek\u0119 \u201eRedFoxLotto\u201c svetain\u0119, pirmiausia pasirinkite loterij\u0105, kurioje norite dalyvauti. Tada pasirinkite skai\u010dius \u2013 nesuklysite, nes svetain\u0117je tiksliai nurodoma, kiek pagrindini\u0173 ir papildom\u0173 skai\u010di\u0173 reikia pa\u017eym\u0117ti pasirinktai loterijai. Be to, galite palikti vis\u0105 pasirinkim\u0105 arba jo dal\u012f atsitiktinumui ir leisti integruotam atsitiktini\u0173 skai\u010di\u0173 generatoriui parinkti skai\u010dius u\u017e jus.<\/p>\n<p>\u017dinoma, taip pat galite u\u017esisakyti kelis bilietus arba \u017eaisti <a href=\"index.php?option=com_content&amp;view=article&amp;id=42&amp;Itemid=269&amp;lang=en\">kelias loterijas<\/a>. Tuo pa\u010diu metu turite galimyb\u0119 dalyvauti loterijose kelias savaites. Tai ypa\u010d naudinga: pirma, tod\u0117l, kad \u201eRedFoxLotto\u201c paprastai si\u016blo nuolaid\u0105, jei dalyvaujate keliuose loterijose; ir antra, tod\u0117l, kad net ir ypa\u010d didelis jackpotas gali b\u016bti nelaim\u0117tas kitame lo\u0161ime, o su \u201enuolatiniu bilietu\u201c j\u016bs automati\u0161kai vis tiek dalyvaujate lenktyn\u0117se d\u0117l kito lo\u0161imo!<\/p>\n<p>Nor\u0117dami u\u017ebaigti pirkim\u0105, turite u\u017esiregistruoti \u201eRedFoxLotto\u201c ir tada naudoti vien\u0105 i\u0161 daugelio saugi\u0173 mok\u0117jimo b\u016bd\u0173. Netrukus gausite patvirtinim\u0105 ir savo biliet\u0105.<\/p>\n<p>Jei <a href=\"en\/winning-numbers\" target=\"_blank\" rel=\"noopener\">laim\u0117site<\/a>, \u201eRedFoxLotto\u201c jus automati\u0161kai informuos. Laim\u0117jimai iki 600 USD bus \u012fskaityti \u012f j\u016bs\u0173 kliento s\u0105skait\u0105 \u2013 pinigus galite gauti nedelsdami.<\/p>\n<p>Didesniems laim\u0117jimams reikia u\u017epildyti paprast\u0105 form\u0105 ir i\u0161si\u0173sti j\u0105 el. pa\u0161tu \u201eRedFoxLotto\u201c. Jie j\u0105 apdoros u\u017e jus, o su jumis susisieks Loterijos komisija ir daugeliu atvej\u0173 atsi\u0173s jums \u010dek\u012f.<\/p>\n<p><strong>Matote, pirkti loterijos bilietus internetu yra taip pat saugu, kaip ir pirkti biliet\u0105 savo mieste, bet potencialiai daug pelningiau!<\/strong><\/p>\n","protected":false},"excerpt":{"rendered":"<p>Loterijos biliet\u0173 pirkimas internetu atveria daugiau galimybi\u0173 U\u017euot sutelk\u0119 d\u0117mes\u012f tik \u012f savo vietin\u0119 loterij\u0105, tur\u0117tum\u0117te \u017einoti ir apie galimybes pirkti loterijos bilietus internetu! Juk j\u016bs nebepriklausote nuo savo \u0161alyje si\u016blom\u0173 loterij\u0173. \u0160iais laikais galite dalyvauti vis\u0173 pasaulio didvyri\u0173 traukimuose \u2013 su 100 % teis\u0117tu bilietu, kur\u012f \u012fsigijote internetu. Tai taip pat itin patogus b\u016bdas [&hellip;]<\/p>\n","protected":false},"author":1,"featured_media":0,"parent":0,"menu_order":0,"comment_status":"closed","ping_status":"closed","template":"","meta":{"footnotes":""},"class_list":["post-256","page","type-page","status-publish","hentry"],"blocksy_meta":[],"yoast_head":"<!-- This site is optimized with the Yoast SEO plugin v27.5 - https:\/\/yoast.com\/product\/yoast-seo-wordpress\/ -->\n<title>Pirkite loterijos bilietus internetu<\/title>\n<meta name=\"description\" content=\"Pirkite oficialius loterijos bilietus internetu patogiai i\u0161 nam\u0173.\" \/>\n<meta name=\"robots\" content=\"index, follow, max-snippet:-1, max-image-preview:large, max-video-preview:-1\" \/>\n<link rel=\"canonical\" href=\"https:\/\/lottoonline365.com\/lt\/\" \/>\n<meta property=\"og:locale\" content=\"lt_LT\" \/>\n<meta property=\"og:type\" content=\"article\" \/>\n<meta property=\"og:title\" content=\"Pirkite loterijos bilietus internetu\" \/>\n<meta property=\"og:description\" content=\"Pirkite oficialius loterijos bilietus internetu patogiai i\u0161 nam\u0173.\" \/>\n<meta property=\"og:url\" content=\"https:\/\/lottoonline365.com\/lt\/\" \/>\n<meta name=\"twitter:card\" content=\"summary_large_image\" \/>\n<meta name=\"twitter:label1\" content=\"Est. reading time\" \/>\n\t<meta name=\"twitter:data1\" content=\"2 minut\u0117s\" \/>\n<script type=\"application\/ld+json\" class=\"yoast-schema-graph\">{\"@context\":\"https:\\\/\\\/schema.org\",\"@graph\":[{\"@type\":\"WebPage\",\"@id\":\"https:\\\/\\\/lottoonline365.com\\\/lt\\\/\",\"url\":\"https:\\\/\\\/lottoonline365.com\\\/lt\\\/\",\"name\":\"Pirkite loterijos bilietus internetu\",\"isPartOf\":{\"@id\":\"https:\\\/\\\/lottoonline365.com\\\/lt\\\/#website\"},\"datePublished\":\"2025-08-04T09:28:57+00:00\",\"description\":\"Pirkite oficialius loterijos bilietus internetu patogiai i\u0161 nam\u0173.\",\"breadcrumb\":{\"@id\":\"https:\\\/\\\/lottoonline365.com\\\/lt\\\/#breadcrumb\"},\"inLanguage\":\"lt-LT\",\"potentialAction\":[{\"@type\":\"ReadAction\",\"target\":[\"https:\\\/\\\/lottoonline365.com\\\/lt\\\/\"]}]},{\"@type\":\"BreadcrumbList\",\"@id\":\"https:\\\/\\\/lottoonline365.com\\\/lt\\\/#breadcrumb\",\"itemListElement\":[{\"@type\":\"ListItem\",\"position\":1,\"name\":\"Home\",\"item\":\"https:\\\/\\\/lottoonline365.com\\\/lt\\\/\"},{\"@type\":\"ListItem\",\"position\":2,\"name\":\"Prad\u017eia\"}]},{\"@type\":\"WebSite\",\"@id\":\"https:\\\/\\\/lottoonline365.com\\\/lt\\\/#website\",\"url\":\"https:\\\/\\\/lottoonline365.com\\\/lt\\\/\",\"name\":\"\",\"description\":\"\",\"potentialAction\":[{\"@type\":\"SearchAction\",\"target\":{\"@type\":\"EntryPoint\",\"urlTemplate\":\"https:\\\/\\\/lottoonline365.com\\\/lt\\\/?s={search_term_string}\"},\"query-input\":{\"@type\":\"PropertyValueSpecification\",\"valueRequired\":true,\"valueName\":\"search_term_string\"}}],\"inLanguage\":\"lt-LT\"}]}<\/script>\n<!-- \/ Yoast SEO plugin. -->","yoast_head_json":{"title":"Pirkite loterijos bilietus internetu","description":"Pirkite oficialius loterijos bilietus internetu patogiai i\u0161 nam\u0173.","robots":{"index":"index","follow":"follow","max-snippet":"max-snippet:-1","max-image-preview":"max-image-preview:large","max-video-preview":"max-video-preview:-1"},"canonical":"https:\/\/lottoonline365.com\/lt\/","og_locale":"lt_LT","og_type":"article","og_title":"Pirkite loterijos bilietus internetu","og_description":"Pirkite oficialius loterijos bilietus internetu patogiai i\u0161 nam\u0173.","og_url":"https:\/\/lottoonline365.com\/lt\/","twitter_card":"summary_large_image","twitter_misc":{"Est. reading time":"2 minut\u0117s"},"schema":{"@context":"https:\/\/schema.org","@graph":[{"@type":"WebPage","@id":"https:\/\/lottoonline365.com\/lt\/","url":"https:\/\/lottoonline365.com\/lt\/","name":"Pirkite loterijos bilietus internetu","isPartOf":{"@id":"https:\/\/lottoonline365.com\/lt\/#website"},"datePublished":"2025-08-04T09:28:57+00:00","description":"Pirkite oficialius loterijos bilietus internetu patogiai i\u0161 nam\u0173.","breadcrumb":{"@id":"https:\/\/lottoonline365.com\/lt\/#breadcrumb"},"inLanguage":"lt-LT","potentialAction":[{"@type":"ReadAction","target":["https:\/\/lottoonline365.com\/lt\/"]}]},{"@type":"BreadcrumbList","@id":"https:\/\/lottoonline365.com\/lt\/#breadcrumb","itemListElement":[{"@type":"ListItem","position":1,"name":"Home","item":"https:\/\/lottoonline365.com\/lt\/"},{"@type":"ListItem","position":2,"name":"Prad\u017eia"}]},{"@type":"WebSite","@id":"https:\/\/lottoonline365.com\/lt\/#website","url":"https:\/\/lottoonline365.com\/lt\/","name":"","description":"","potentialAction":[{"@type":"SearchAction","target":{"@type":"EntryPoint","urlTemplate":"https:\/\/lottoonline365.com\/lt\/?s={search_term_string}"},"query-input":{"@type":"PropertyValueSpecification","valueRequired":true,"valueName":"search_term_string"}}],"inLanguage":"lt-LT"}]}},"_links":{"self":[{"href":"https:\/\/lottoonline365.com\/lt\/wp-json\/wp\/v2\/pages\/256","targetHints":{"allow":["GET"]}}],"collection":[{"href":"https:\/\/lottoonline365.com\/lt\/wp-json\/wp\/v2\/pages"}],"about":[{"href":"https:\/\/lottoonline365.com\/lt\/wp-json\/wp\/v2\/types\/page"}],"author":[{"embeddable":true,"href":"https:\/\/lottoonline365.com\/lt\/wp-json\/wp\/v2\/users\/1"}],"replies":[{"embeddable":true,"href":"https:\/\/lottoonline365.com\/lt\/wp-json\/wp\/v2\/comments?post=256"}],"version-history":[{"count":0,"href":"https:\/\/lottoonline365.com\/lt\/wp-json\/wp\/v2\/pages\/256\/revisions"}],"wp:attachment":[{"href":"https:\/\/lottoonline365.com\/lt\/wp-json\/wp\/v2\/media?parent=256"}],"curies":[{"name":"wp","href":"https:\/\/api.w.org\/{rel}","templated":true}]}}