{"id":81,"date":"2025-08-04T09:17:44","date_gmt":"2025-08-04T09:17:44","guid":{"rendered":"https:\/\/lottoonline365.com\/altri-jackpot-internazionali\/eurojackpot-lotto\/"},"modified":"2025-08-04T09:17:44","modified_gmt":"2025-08-04T09:17:44","slug":"eurojackpot-lotto","status":"publish","type":"page","link":"https:\/\/lottoonline365.com\/it\/altri-jackpot-internazionali\/eurojackpot-lotto\/","title":{"rendered":"Eurojackpot lotto"},"content":{"rendered":"<h1>Gioca e vinci all&#8217;Eurojackpot dal tuo paese di residenza<\/h1>\n<p>L&#8217;Eurojackpot \u00e8 una delle principali lotterie europee, particolarmente popolare perch\u00e9 la probabilit\u00e0 matematica di vincere effettivamente il jackpot \u00e8 molto alta rispetto alla maggior parte delle altre lotterie. Tuttavia, l&#8217;Eurojackpot pu\u00f2 raggiungere cifre considerevoli regolarmente. Potresti sentire o leggere dell&#8217;Eurojackpot e ogni volta che lo fai, ti chiedi: <strong>Posso acquistare i biglietti per l&#8217;Eurojackpot online?<\/strong><\/p>\n<p>Beh, se vivi in uno dei paesi europei che partecipano ufficialmente a questa lotteria, non devi nemmeno farlo, perch\u00e9 puoi acquistare il biglietto presso il rivenditore locale. Lo stesso vale se vi trovate nel Paese, perch\u00e9 anche i non residenti possono acquistare i biglietti per l&#8217;Eurojackpot.<\/p>\n<p>Ma se non siete residenti in uno dei Paesi partecipanti (che sono, tra l&#8217;altro: Spagna, Italia, Paesi Bassi, Germania, Norvegia, Svezia, Finlandia, Danimarca, Islanda, Croazia, Repubblica Ceca, Ungheria, Estonia, Lettonia, Lituania, Polonia, Slovacchia e Slovenia), allora dovete cercare altri modi per acquistare un biglietto.<\/p>\n<p>E questa \u00e8 la soluzione: acquistate semplicemente il vostro biglietto per l&#8217;Eurojackpot online. Esiste un&#8217;azienda chiamata RedFoxLotto &#8211; <span style=\"text-decoration: underline;\"><a href=\"https:\/\/redfoxlotto.com\/play\/eurojackpot\/?ref=A8564250A2&amp;medium=lo365\" target=\"_blank\" rel=\"noopener\">cliccate qui per visitare il loro sito web<\/a><\/span>. Il loro modello di business \u00e8 tanto semplice quanto geniale: impiegano diversi agenti in tutto il mondo che acquistano biglietti per i clienti di RedFoxLotto. Tu, il cliente, puoi ordinare un numero qualsiasi di biglietti per oltre 20 lotterie come Powerball, Megamillions, <a href=\"https:\/\/lottoonline365.com\/it\/altri-jackpot-internazionali\/mega-sena-brasile\/\" target=\"_blank\" rel=\"noopener\">Mega-Sena<\/a>, <a href=\"https:\/\/lottoonline365.com\/it\/altri-jackpot-internazionali\/euromillions\/\">Euromillions<\/a>, Eurojackpot, <a href=\"https:\/\/lottoonline365.com\/it\/altri-jackpot-internazionali\/superenalotto\" target=\"_blank\" rel=\"noopener\">Superena<\/a> e molte altre. Puoi scegliere i tuoi numeri, senza preoccuparti di non aver scelto tutti i numeri richiesti: il sito web ti ricorder\u00e0 quanti numeri devi avere sulla tua schedina.<\/p>\n<p>Una volta fatto, registra il tuo account del lotto online, scegli un&#8217;opzione di pagamento (tutte le opzioni sono perfettamente sicure) e poco dopo riceverai un&#8217;email di conferma come prova. Non devi preoccuparti di perdere il tuo biglietto o di dimenticare di confrontare i tuoi numeri con quelli dell&#8217;estrazione: se il tuo biglietto ha vinto, riceverai un&#8217;email anche per questo. Inoltre, RedFoxLotto elaborer\u00e0 anche le tue vincite, senza addebitare alcuna commissione.<\/p>\n<p>Riesci a pensare a un&#8217;idea migliore per rendere felici gli appassionati del lotto di tutto il mondo? Ti hanno appena aperto molte pi\u00f9 possibilit\u00e0: quando acquisti biglietti della lotteria online, hai pi\u00f9 scelta. Soprattutto, non devi aspettare che la tua lotteria nazionale raggiunga un jackpot di dimensioni decenti. Puoi semplicemente scegliere la lotteria con il jackpot attualmente pi\u00f9 alto. Anche se l&#8217;Eurojackpot non sembra essere cos\u00ec allettante al momento (anche se il minimo \u00e8 sempre di 10 milioni di euro), troverete una lotteria che vale la pena provare. Non \u00e8 fantastico?<\/p>\n<p>Controllate il banner a destra e scoprite quali sono i jackpot migliori del momento, poi andate su RedFoxLotto per giocare e vincere milioni!<\/p>\n","protected":false},"excerpt":{"rendered":"<p>Gioca e vinci all&#8217;Eurojackpot dal tuo paese di residenza L&#8217;Eurojackpot \u00e8 una delle principali lotterie europee, particolarmente popolare perch\u00e9 la probabilit\u00e0 matematica di vincere effettivamente il jackpot \u00e8 molto alta rispetto alla maggior parte delle altre lotterie. Tuttavia, l&#8217;Eurojackpot pu\u00f2 raggiungere cifre considerevoli regolarmente. Potresti sentire o leggere dell&#8217;Eurojackpot e ogni volta che lo fai, [&hellip;]<\/p>\n","protected":false},"author":1,"featured_media":0,"parent":54,"menu_order":0,"comment_status":"closed","ping_status":"closed","template":"","meta":{"footnotes":""},"class_list":["post-81","page","type-page","status-publish","hentry"],"blocksy_meta":[],"yoast_head":"<!-- This site is optimized with the Yoast SEO plugin v27.4 - https:\/\/yoast.com\/product\/yoast-seo-wordpress\/ -->\n<title>Posso acquistare i biglietti dell&#039;Eurojackpot online?<\/title>\n<meta name=\"robots\" content=\"index, follow, max-snippet:-1, max-image-preview:large, max-video-preview:-1\" \/>\n<link rel=\"canonical\" href=\"https:\/\/lottoonline365.com\/it\/altri-jackpot-internazionali\/eurojackpot-lotto\/\" \/>\n<meta property=\"og:locale\" content=\"it_IT\" \/>\n<meta property=\"og:type\" content=\"article\" \/>\n<meta property=\"og:title\" content=\"Posso acquistare i biglietti dell&#039;Eurojackpot online?\" \/>\n<meta property=\"og:description\" content=\"Gioca e vinci all&#8217;Eurojackpot dal tuo paese di residenza L&#8217;Eurojackpot \u00e8 una delle principali lotterie europee, particolarmente popolare perch\u00e9 la probabilit\u00e0 matematica di vincere effettivamente il jackpot \u00e8 molto alta rispetto alla maggior parte delle altre lotterie. Tuttavia, l&#8217;Eurojackpot pu\u00f2 raggiungere cifre considerevoli regolarmente. Potresti sentire o leggere dell&#8217;Eurojackpot e ogni volta che lo fai, [&hellip;]\" \/>\n<meta property=\"og:url\" content=\"https:\/\/lottoonline365.com\/it\/altri-jackpot-internazionali\/eurojackpot-lotto\/\" \/>\n<meta name=\"twitter:card\" content=\"summary_large_image\" \/>\n<meta name=\"twitter:label1\" content=\"Tempo di lettura stimato\" \/>\n\t<meta name=\"twitter:data1\" content=\"2 minuti\" \/>\n<script type=\"application\/ld+json\" class=\"yoast-schema-graph\">{\"@context\":\"https:\\\/\\\/schema.org\",\"@graph\":[{\"@type\":\"WebPage\",\"@id\":\"https:\\\/\\\/lottoonline365.com\\\/it\\\/altri-jackpot-internazionali\\\/eurojackpot-lotto\\\/\",\"url\":\"https:\\\/\\\/lottoonline365.com\\\/it\\\/altri-jackpot-internazionali\\\/eurojackpot-lotto\\\/\",\"name\":\"Posso acquistare i biglietti dell'Eurojackpot online?\",\"isPartOf\":{\"@id\":\"https:\\\/\\\/lottoonline365.com\\\/it\\\/#website\"},\"datePublished\":\"2025-08-04T09:17:44+00:00\",\"breadcrumb\":{\"@id\":\"https:\\\/\\\/lottoonline365.com\\\/it\\\/altri-jackpot-internazionali\\\/eurojackpot-lotto\\\/#breadcrumb\"},\"inLanguage\":\"it-IT\",\"potentialAction\":[{\"@type\":\"ReadAction\",\"target\":[\"https:\\\/\\\/lottoonline365.com\\\/it\\\/altri-jackpot-internazionali\\\/eurojackpot-lotto\\\/\"]}]},{\"@type\":\"BreadcrumbList\",\"@id\":\"https:\\\/\\\/lottoonline365.com\\\/it\\\/altri-jackpot-internazionali\\\/eurojackpot-lotto\\\/#breadcrumb\",\"itemListElement\":[{\"@type\":\"ListItem\",\"position\":1,\"name\":\"Home\",\"item\":\"https:\\\/\\\/lottoonline365.com\\\/it\\\/\"},{\"@type\":\"ListItem\",\"position\":2,\"name\":\"Altri jackpot internazionali\",\"item\":\"https:\\\/\\\/lottoonline365.com\\\/it\\\/altri-jackpot-internazionali\\\/\"},{\"@type\":\"ListItem\",\"position\":3,\"name\":\"Eurojackpot lotto\"}]},{\"@type\":\"WebSite\",\"@id\":\"https:\\\/\\\/lottoonline365.com\\\/it\\\/#website\",\"url\":\"https:\\\/\\\/lottoonline365.com\\\/it\\\/\",\"name\":\"\",\"description\":\"\",\"potentialAction\":[{\"@type\":\"SearchAction\",\"target\":{\"@type\":\"EntryPoint\",\"urlTemplate\":\"https:\\\/\\\/lottoonline365.com\\\/it\\\/?s={search_term_string}\"},\"query-input\":{\"@type\":\"PropertyValueSpecification\",\"valueRequired\":true,\"valueName\":\"search_term_string\"}}],\"inLanguage\":\"it-IT\"}]}<\/script>\n<!-- \/ Yoast SEO plugin. -->","yoast_head_json":{"title":"Posso acquistare i biglietti dell'Eurojackpot online?","robots":{"index":"index","follow":"follow","max-snippet":"max-snippet:-1","max-image-preview":"max-image-preview:large","max-video-preview":"max-video-preview:-1"},"canonical":"https:\/\/lottoonline365.com\/it\/altri-jackpot-internazionali\/eurojackpot-lotto\/","og_locale":"it_IT","og_type":"article","og_title":"Posso acquistare i biglietti dell'Eurojackpot online?","og_description":"Gioca e vinci all&#8217;Eurojackpot dal tuo paese di residenza L&#8217;Eurojackpot \u00e8 una delle principali lotterie europee, particolarmente popolare perch\u00e9 la probabilit\u00e0 matematica di vincere effettivamente il jackpot \u00e8 molto alta rispetto alla maggior parte delle altre lotterie. Tuttavia, l&#8217;Eurojackpot pu\u00f2 raggiungere cifre considerevoli regolarmente. Potresti sentire o leggere dell&#8217;Eurojackpot e ogni volta che lo fai, [&hellip;]","og_url":"https:\/\/lottoonline365.com\/it\/altri-jackpot-internazionali\/eurojackpot-lotto\/","twitter_card":"summary_large_image","twitter_misc":{"Tempo di lettura stimato":"2 minuti"},"schema":{"@context":"https:\/\/schema.org","@graph":[{"@type":"WebPage","@id":"https:\/\/lottoonline365.com\/it\/altri-jackpot-internazionali\/eurojackpot-lotto\/","url":"https:\/\/lottoonline365.com\/it\/altri-jackpot-internazionali\/eurojackpot-lotto\/","name":"Posso acquistare i biglietti dell'Eurojackpot online?","isPartOf":{"@id":"https:\/\/lottoonline365.com\/it\/#website"},"datePublished":"2025-08-04T09:17:44+00:00","breadcrumb":{"@id":"https:\/\/lottoonline365.com\/it\/altri-jackpot-internazionali\/eurojackpot-lotto\/#breadcrumb"},"inLanguage":"it-IT","potentialAction":[{"@type":"ReadAction","target":["https:\/\/lottoonline365.com\/it\/altri-jackpot-internazionali\/eurojackpot-lotto\/"]}]},{"@type":"BreadcrumbList","@id":"https:\/\/lottoonline365.com\/it\/altri-jackpot-internazionali\/eurojackpot-lotto\/#breadcrumb","itemListElement":[{"@type":"ListItem","position":1,"name":"Home","item":"https:\/\/lottoonline365.com\/it\/"},{"@type":"ListItem","position":2,"name":"Altri jackpot internazionali","item":"https:\/\/lottoonline365.com\/it\/altri-jackpot-internazionali\/"},{"@type":"ListItem","position":3,"name":"Eurojackpot lotto"}]},{"@type":"WebSite","@id":"https:\/\/lottoonline365.com\/it\/#website","url":"https:\/\/lottoonline365.com\/it\/","name":"","description":"","potentialAction":[{"@type":"SearchAction","target":{"@type":"EntryPoint","urlTemplate":"https:\/\/lottoonline365.com\/it\/?s={search_term_string}"},"query-input":{"@type":"PropertyValueSpecification","valueRequired":true,"valueName":"search_term_string"}}],"inLanguage":"it-IT"}]}},"_links":{"self":[{"href":"https:\/\/lottoonline365.com\/it\/wp-json\/wp\/v2\/pages\/81","targetHints":{"allow":["GET"]}}],"collection":[{"href":"https:\/\/lottoonline365.com\/it\/wp-json\/wp\/v2\/pages"}],"about":[{"href":"https:\/\/lottoonline365.com\/it\/wp-json\/wp\/v2\/types\/page"}],"author":[{"embeddable":true,"href":"https:\/\/lottoonline365.com\/it\/wp-json\/wp\/v2\/users\/1"}],"replies":[{"embeddable":true,"href":"https:\/\/lottoonline365.com\/it\/wp-json\/wp\/v2\/comments?post=81"}],"version-history":[{"count":0,"href":"https:\/\/lottoonline365.com\/it\/wp-json\/wp\/v2\/pages\/81\/revisions"}],"up":[{"embeddable":true,"href":"https:\/\/lottoonline365.com\/it\/wp-json\/wp\/v2\/pages\/54"}],"wp:attachment":[{"href":"https:\/\/lottoonline365.com\/it\/wp-json\/wp\/v2\/media?parent=81"}],"curies":[{"name":"wp","href":"https:\/\/api.w.org\/{rel}","templated":true}]}}