{"id":78,"date":"2025-08-04T09:19:12","date_gmt":"2025-08-04T09:19:12","guid":{"rendered":"https:\/\/lottoonline365.com\/altri-jackpot-internazionali\/euromillions\/"},"modified":"2025-08-04T09:19:12","modified_gmt":"2025-08-04T09:19:12","slug":"euromillions","status":"publish","type":"page","link":"https:\/\/lottoonline365.com\/it\/altri-jackpot-internazionali\/euromillions\/","title":{"rendered":"EuroMillions"},"content":{"rendered":"<h1>EuroMillions ora accessibile online a tutti!<\/h1>\n<p>Sentendo il nome EuroMillions, \u00e8 naturale pensare che questa lotteria sia disponibile in tutta Europa. Purtroppo non \u00e8 cos\u00ec, perch\u00e9 solo alcuni paesi europei consentono la vendita di biglietti tradizionali nei punti vendita. E naturalmente, se risiedi fuori dall&#8217;Europa, non sono disponibili biglietti nel modo tradizionale.<\/p>\n<p>Ma questo non significa che un giocatore della lotteria che non risiede in uno di questi paesi debba rinunciare all&#8217;EuroMillions, perch\u00e9 puoi sempre <a href=\"index.php?option=com_content&amp;view=article&amp;id=42&amp;Itemid=269&amp;lang=it\">acquistare i biglietti per questa lotteria online!<\/a><\/p>\n<p>Esiste un fornitore di lotterie online chiamato RedFoxLotto (<strong><span style=\"text-decoration: underline;\"><a href=\"https:\/\/redfoxlotto.com\/play\/euromillions\/?ref=A8564250A2&amp;medium=lo365\" target=\"_blank\" rel=\"noopener\">clicca qui per aprire il loro sito web in una nuova scheda<\/a><\/span><\/strong>), che acquista i biglietti che desideri per te. Ordini e paghi online, naturalmente puoi scegliere liberamente i tuoi numeri. E questo fornitore si prende cura di te anche in caso di vincita.<\/p>\n<h2>Un unico fornitore: tante lotterie, jackpot enormi<\/h2>\n<p>Su RedFoxLotto puoi acquistare non solo biglietti per l&#8217;EuroMillions, ma anche per pi\u00f9 di 20 altre grandi lotterie. Tra queste, le <a href=\"https:\/\/lottoonline365.com\/it\/mega-millions\" target=\"_blank\" rel=\"noopener\">due delle pi\u00f9 grandi lotterie americane, Powerball e Mega Millions,<\/a> che continuano a fare notizia perch\u00e9 i loro jackpot superano spesso i 500 milioni di dollari.<\/p>\n<p>Qui puoi trovare un jackpot enorme in qualsiasi momento e i prezzi per le lotterie, incluso il servizio di corriere, sono ragionevoli.<\/p>\n<h2>\u00c8 davvero legale?<\/h2>\n<p>S\u00ec, assolutamente. Se fossi in vacanza negli Stati Uniti e acquistassi un biglietto del Powerball l\u00ec, o se acquistassi un biglietto dell&#8217;EuroMillions mentre sei in un altro paese europeo, sarebbe assolutamente legale. Se vincessi, avresti diritto alla lotteria. L&#8217;unica differenza nell&#8217;acquisto tramite RedFoxLotto \u00e8 che qualcun altro acquista i biglietti a tuo nome.<\/p>\n<h2>Come funziona l&#8217;EuroMillions?<\/h2>\n<p>Qui devi selezionare 5 dei 50 numeri principali, oltre ai numeri a 2 stelle dall&#8217;1 al 12. Il jackpot parte sempre da almeno 14 milioni e a 190 milioni verr\u00e0 raggiunto un limite massimo. I numeri verranno estratti ogni marted\u00ec e venerd\u00ec.<\/p>\n","protected":false},"excerpt":{"rendered":"<p>EuroMillions ora accessibile online a tutti! Sentendo il nome EuroMillions, \u00e8 naturale pensare che questa lotteria sia disponibile in tutta Europa. Purtroppo non \u00e8 cos\u00ec, perch\u00e9 solo alcuni paesi europei consentono la vendita di biglietti tradizionali nei punti vendita. E naturalmente, se risiedi fuori dall&#8217;Europa, non sono disponibili biglietti nel modo tradizionale. Ma questo non [&hellip;]<\/p>\n","protected":false},"author":1,"featured_media":0,"parent":54,"menu_order":0,"comment_status":"closed","ping_status":"closed","template":"","meta":{"footnotes":""},"class_list":["post-78","page","type-page","status-publish","hentry"],"blocksy_meta":[],"yoast_head":"<!-- This site is optimized with the Yoast SEO plugin v27.4 - https:\/\/yoast.com\/product\/yoast-seo-wordpress\/ -->\n<title>Acquista i biglietti per l&#039;Euromillions online: \u00e8 possibile acquistarli anche da fuori Europa!<\/title>\n<meta name=\"robots\" content=\"index, follow, max-snippet:-1, max-image-preview:large, max-video-preview:-1\" \/>\n<link rel=\"canonical\" href=\"https:\/\/lottoonline365.com\/it\/altri-jackpot-internazionali\/euromillions\/\" \/>\n<meta property=\"og:locale\" content=\"it_IT\" \/>\n<meta property=\"og:type\" content=\"article\" \/>\n<meta property=\"og:title\" content=\"Acquista i biglietti per l&#039;Euromillions online: \u00e8 possibile acquistarli anche da fuori Europa!\" \/>\n<meta property=\"og:description\" content=\"EuroMillions ora accessibile online a tutti! Sentendo il nome EuroMillions, \u00e8 naturale pensare che questa lotteria sia disponibile in tutta Europa. Purtroppo non \u00e8 cos\u00ec, perch\u00e9 solo alcuni paesi europei consentono la vendita di biglietti tradizionali nei punti vendita. E naturalmente, se risiedi fuori dall&#8217;Europa, non sono disponibili biglietti nel modo tradizionale. Ma questo non [&hellip;]\" \/>\n<meta property=\"og:url\" content=\"https:\/\/lottoonline365.com\/it\/altri-jackpot-internazionali\/euromillions\/\" \/>\n<meta name=\"twitter:card\" content=\"summary_large_image\" \/>\n<meta name=\"twitter:label1\" content=\"Tempo di lettura stimato\" \/>\n\t<meta name=\"twitter:data1\" content=\"1 minuto\" \/>\n<script type=\"application\/ld+json\" class=\"yoast-schema-graph\">{\"@context\":\"https:\\\/\\\/schema.org\",\"@graph\":[{\"@type\":\"WebPage\",\"@id\":\"https:\\\/\\\/lottoonline365.com\\\/it\\\/altri-jackpot-internazionali\\\/euromillions\\\/\",\"url\":\"https:\\\/\\\/lottoonline365.com\\\/it\\\/altri-jackpot-internazionali\\\/euromillions\\\/\",\"name\":\"Acquista i biglietti per l'Euromillions online: \u00e8 possibile acquistarli anche da fuori Europa!\",\"isPartOf\":{\"@id\":\"https:\\\/\\\/lottoonline365.com\\\/it\\\/#website\"},\"datePublished\":\"2025-08-04T09:19:12+00:00\",\"breadcrumb\":{\"@id\":\"https:\\\/\\\/lottoonline365.com\\\/it\\\/altri-jackpot-internazionali\\\/euromillions\\\/#breadcrumb\"},\"inLanguage\":\"it-IT\",\"potentialAction\":[{\"@type\":\"ReadAction\",\"target\":[\"https:\\\/\\\/lottoonline365.com\\\/it\\\/altri-jackpot-internazionali\\\/euromillions\\\/\"]}]},{\"@type\":\"BreadcrumbList\",\"@id\":\"https:\\\/\\\/lottoonline365.com\\\/it\\\/altri-jackpot-internazionali\\\/euromillions\\\/#breadcrumb\",\"itemListElement\":[{\"@type\":\"ListItem\",\"position\":1,\"name\":\"Home\",\"item\":\"https:\\\/\\\/lottoonline365.com\\\/it\\\/\"},{\"@type\":\"ListItem\",\"position\":2,\"name\":\"Altri jackpot internazionali\",\"item\":\"https:\\\/\\\/lottoonline365.com\\\/it\\\/altri-jackpot-internazionali\\\/\"},{\"@type\":\"ListItem\",\"position\":3,\"name\":\"EuroMillions\"}]},{\"@type\":\"WebSite\",\"@id\":\"https:\\\/\\\/lottoonline365.com\\\/it\\\/#website\",\"url\":\"https:\\\/\\\/lottoonline365.com\\\/it\\\/\",\"name\":\"\",\"description\":\"\",\"potentialAction\":[{\"@type\":\"SearchAction\",\"target\":{\"@type\":\"EntryPoint\",\"urlTemplate\":\"https:\\\/\\\/lottoonline365.com\\\/it\\\/?s={search_term_string}\"},\"query-input\":{\"@type\":\"PropertyValueSpecification\",\"valueRequired\":true,\"valueName\":\"search_term_string\"}}],\"inLanguage\":\"it-IT\"}]}<\/script>\n<!-- \/ Yoast SEO plugin. -->","yoast_head_json":{"title":"Acquista i biglietti per l'Euromillions online: \u00e8 possibile acquistarli anche da fuori Europa!","robots":{"index":"index","follow":"follow","max-snippet":"max-snippet:-1","max-image-preview":"max-image-preview:large","max-video-preview":"max-video-preview:-1"},"canonical":"https:\/\/lottoonline365.com\/it\/altri-jackpot-internazionali\/euromillions\/","og_locale":"it_IT","og_type":"article","og_title":"Acquista i biglietti per l'Euromillions online: \u00e8 possibile acquistarli anche da fuori Europa!","og_description":"EuroMillions ora accessibile online a tutti! Sentendo il nome EuroMillions, \u00e8 naturale pensare che questa lotteria sia disponibile in tutta Europa. Purtroppo non \u00e8 cos\u00ec, perch\u00e9 solo alcuni paesi europei consentono la vendita di biglietti tradizionali nei punti vendita. E naturalmente, se risiedi fuori dall&#8217;Europa, non sono disponibili biglietti nel modo tradizionale. Ma questo non [&hellip;]","og_url":"https:\/\/lottoonline365.com\/it\/altri-jackpot-internazionali\/euromillions\/","twitter_card":"summary_large_image","twitter_misc":{"Tempo di lettura stimato":"1 minuto"},"schema":{"@context":"https:\/\/schema.org","@graph":[{"@type":"WebPage","@id":"https:\/\/lottoonline365.com\/it\/altri-jackpot-internazionali\/euromillions\/","url":"https:\/\/lottoonline365.com\/it\/altri-jackpot-internazionali\/euromillions\/","name":"Acquista i biglietti per l'Euromillions online: \u00e8 possibile acquistarli anche da fuori Europa!","isPartOf":{"@id":"https:\/\/lottoonline365.com\/it\/#website"},"datePublished":"2025-08-04T09:19:12+00:00","breadcrumb":{"@id":"https:\/\/lottoonline365.com\/it\/altri-jackpot-internazionali\/euromillions\/#breadcrumb"},"inLanguage":"it-IT","potentialAction":[{"@type":"ReadAction","target":["https:\/\/lottoonline365.com\/it\/altri-jackpot-internazionali\/euromillions\/"]}]},{"@type":"BreadcrumbList","@id":"https:\/\/lottoonline365.com\/it\/altri-jackpot-internazionali\/euromillions\/#breadcrumb","itemListElement":[{"@type":"ListItem","position":1,"name":"Home","item":"https:\/\/lottoonline365.com\/it\/"},{"@type":"ListItem","position":2,"name":"Altri jackpot internazionali","item":"https:\/\/lottoonline365.com\/it\/altri-jackpot-internazionali\/"},{"@type":"ListItem","position":3,"name":"EuroMillions"}]},{"@type":"WebSite","@id":"https:\/\/lottoonline365.com\/it\/#website","url":"https:\/\/lottoonline365.com\/it\/","name":"","description":"","potentialAction":[{"@type":"SearchAction","target":{"@type":"EntryPoint","urlTemplate":"https:\/\/lottoonline365.com\/it\/?s={search_term_string}"},"query-input":{"@type":"PropertyValueSpecification","valueRequired":true,"valueName":"search_term_string"}}],"inLanguage":"it-IT"}]}},"_links":{"self":[{"href":"https:\/\/lottoonline365.com\/it\/wp-json\/wp\/v2\/pages\/78","targetHints":{"allow":["GET"]}}],"collection":[{"href":"https:\/\/lottoonline365.com\/it\/wp-json\/wp\/v2\/pages"}],"about":[{"href":"https:\/\/lottoonline365.com\/it\/wp-json\/wp\/v2\/types\/page"}],"author":[{"embeddable":true,"href":"https:\/\/lottoonline365.com\/it\/wp-json\/wp\/v2\/users\/1"}],"replies":[{"embeddable":true,"href":"https:\/\/lottoonline365.com\/it\/wp-json\/wp\/v2\/comments?post=78"}],"version-history":[{"count":0,"href":"https:\/\/lottoonline365.com\/it\/wp-json\/wp\/v2\/pages\/78\/revisions"}],"up":[{"embeddable":true,"href":"https:\/\/lottoonline365.com\/it\/wp-json\/wp\/v2\/pages\/54"}],"wp:attachment":[{"href":"https:\/\/lottoonline365.com\/it\/wp-json\/wp\/v2\/media?parent=78"}],"curies":[{"name":"wp","href":"https:\/\/api.w.org\/{rel}","templated":true}]}}