{"id":75,"date":"2025-08-04T09:22:43","date_gmt":"2025-08-04T09:22:43","guid":{"rendered":"https:\/\/lottoonline365.com\/altri-jackpot-internazionali\/mega-sena-brasile\/"},"modified":"2025-08-04T09:22:43","modified_gmt":"2025-08-04T09:22:43","slug":"mega-sena-brasile","status":"publish","type":"page","link":"https:\/\/lottoonline365.com\/it\/altri-jackpot-internazionali\/mega-sena-brasile\/","title":{"rendered":"Mega Sena Brasile"},"content":{"rendered":"<h1>Anche Mega-Sena offre premi sostanziosi<\/h1>\n<p>La lotteria Mega-Sena si svolge in Brasile e chi non vive o non soggiorna nel Paese non ha la possibilit\u00e0 di partecipare. Tuttavia, ora \u00e8 possibile partecipare per giocatori di tutto il mondo, ordinando un biglietto online. Un servizio di biglietti della lotteria chiamato RedFoxLotto consente a tutti gli appassionati di acquistare tutti i biglietti che desiderano. <span style=\"text-decoration: underline;\"><a href=\"https:\/\/redfoxlotto.com\/?ref=A8564250A2&#038;medium=lo365\" target=\"_blank\" rel=\"noopener\">Questo link porta al loro sito web<\/a><\/span>, dove \u00e8 possibile selezionare i numeri con pochi clic del mouse e poi pagare online. Poco dopo, troverai la conferma dell&#8217;acquisto nella tua casella di posta elettronica.<\/p>\n<p>In caso di vincita, anche il pagamento delle tue vincite (senza alcuna detrazione) sar\u00e0 gestito da RedFoxLotto. Il biglietto \u00e8 intestato a te e puoi essere certo che solo tu riceverai il premio. Inoltre, riceverai automaticamente una notifica in caso di vincita!<\/p>\n<p>Il formato di Mega-Sena \u00e8 pi\u00f9 semplice rispetto alla maggior parte delle altre lotterie. Ci sono 60 numeri tra cui ogni partecipante pu\u00f2 sceglierne 6. Non ci sono numeri aggiuntivi. La probabilit\u00e0 di indovinare 6 numeri su 60 \u00e8 di circa 1:50 milioni. Ci sono due estrazioni a settimana, il mercoled\u00ec e il sabato.<\/p>\n<p>Il <a href=\"https:\/\/lottoonline365.com\/it\/consigli-per-i-giocatori\/quale-lotteria-ha-i-jackpot-piu-grandi-del-mondo\" target=\"_blank\" rel=\"noopener\">jackpot record degli ultimi anni<\/a> \u00e8 stato di circa 75 milioni di euro.<\/p>\n<h2>Quali sono i vantaggi di partecipare alle lotterie internazionali online?<\/h2>\n<p>Beh, innanzitutto RedFoxLotto ti offre oltre 20 lotterie online per le quali non \u00e8 possibile acquistare un biglietto con i metodi tradizionali. Il vantaggio principale, ovviamente, \u00e8 che, a un prezzo fisso per biglietto, puoi scegliere un jackpot della lotteria significativamente pi\u00f9 alto di quello attualmente offerto nel tuo paese. In termini matematici, questo aumenta le tue aspettative di profitto, o in altre parole, ottieni pi\u00f9 valore per i tuoi soldi quando partecipi online!<\/p>\n<p>Dai un&#8217;occhiata alla parte destra del nostro sito web (se leggi questo articolo sul tuo cellulare, scorri verso il basso): vedrai quali jackpot della lotteria offrono attualmente le vincite pi\u00f9 elevate. Se Mega-Sena non \u00e8 cos\u00ec alto, allora \u00e8 meglio scegliere un altro jackpot che sembra pi\u00f9 gratificante: <strong>con RedFoxLotto puoi partecipare a qualsiasi jackpot online in pochi secondi!<\/strong><\/p>\n","protected":false},"excerpt":{"rendered":"<p>Anche Mega-Sena offre premi sostanziosi La lotteria Mega-Sena si svolge in Brasile e chi non vive o non soggiorna nel Paese non ha la possibilit\u00e0 di partecipare. Tuttavia, ora \u00e8 possibile partecipare per giocatori di tutto il mondo, ordinando un biglietto online. Un servizio di biglietti della lotteria chiamato RedFoxLotto consente a tutti gli appassionati [&hellip;]<\/p>\n","protected":false},"author":1,"featured_media":0,"parent":54,"menu_order":0,"comment_status":"closed","ping_status":"closed","template":"","meta":{"footnotes":""},"class_list":["post-75","page","type-page","status-publish","hentry"],"blocksy_meta":[],"yoast_head":"<!-- This site is optimized with the Yoast SEO plugin v27.4 - https:\/\/yoast.com\/product\/yoast-seo-wordpress\/ -->\n<title>Come posso partecipare al Mega-Sena Lotto dal Brasile?<\/title>\n<meta name=\"robots\" content=\"index, follow, max-snippet:-1, max-image-preview:large, max-video-preview:-1\" \/>\n<link rel=\"canonical\" href=\"https:\/\/lottoonline365.com\/it\/altri-jackpot-internazionali\/mega-sena-brasile\/\" \/>\n<meta property=\"og:locale\" content=\"it_IT\" \/>\n<meta property=\"og:type\" content=\"article\" \/>\n<meta property=\"og:title\" content=\"Come posso partecipare al Mega-Sena Lotto dal Brasile?\" \/>\n<meta property=\"og:description\" content=\"Anche Mega-Sena offre premi sostanziosi La lotteria Mega-Sena si svolge in Brasile e chi non vive o non soggiorna nel Paese non ha la possibilit\u00e0 di partecipare. Tuttavia, ora \u00e8 possibile partecipare per giocatori di tutto il mondo, ordinando un biglietto online. Un servizio di biglietti della lotteria chiamato RedFoxLotto consente a tutti gli appassionati [&hellip;]\" \/>\n<meta property=\"og:url\" content=\"https:\/\/lottoonline365.com\/it\/altri-jackpot-internazionali\/mega-sena-brasile\/\" \/>\n<meta name=\"twitter:card\" content=\"summary_large_image\" \/>\n<meta name=\"twitter:label1\" content=\"Tempo di lettura stimato\" \/>\n\t<meta name=\"twitter:data1\" content=\"2 minuti\" \/>\n<script type=\"application\/ld+json\" class=\"yoast-schema-graph\">{\"@context\":\"https:\\\/\\\/schema.org\",\"@graph\":[{\"@type\":\"WebPage\",\"@id\":\"https:\\\/\\\/lottoonline365.com\\\/it\\\/altri-jackpot-internazionali\\\/mega-sena-brasile\\\/\",\"url\":\"https:\\\/\\\/lottoonline365.com\\\/it\\\/altri-jackpot-internazionali\\\/mega-sena-brasile\\\/\",\"name\":\"Come posso partecipare al Mega-Sena Lotto dal Brasile?\",\"isPartOf\":{\"@id\":\"https:\\\/\\\/lottoonline365.com\\\/it\\\/#website\"},\"datePublished\":\"2025-08-04T09:22:43+00:00\",\"breadcrumb\":{\"@id\":\"https:\\\/\\\/lottoonline365.com\\\/it\\\/altri-jackpot-internazionali\\\/mega-sena-brasile\\\/#breadcrumb\"},\"inLanguage\":\"it-IT\",\"potentialAction\":[{\"@type\":\"ReadAction\",\"target\":[\"https:\\\/\\\/lottoonline365.com\\\/it\\\/altri-jackpot-internazionali\\\/mega-sena-brasile\\\/\"]}]},{\"@type\":\"BreadcrumbList\",\"@id\":\"https:\\\/\\\/lottoonline365.com\\\/it\\\/altri-jackpot-internazionali\\\/mega-sena-brasile\\\/#breadcrumb\",\"itemListElement\":[{\"@type\":\"ListItem\",\"position\":1,\"name\":\"Home\",\"item\":\"https:\\\/\\\/lottoonline365.com\\\/it\\\/\"},{\"@type\":\"ListItem\",\"position\":2,\"name\":\"Altri jackpot internazionali\",\"item\":\"https:\\\/\\\/lottoonline365.com\\\/it\\\/altri-jackpot-internazionali\\\/\"},{\"@type\":\"ListItem\",\"position\":3,\"name\":\"Mega Sena Brasile\"}]},{\"@type\":\"WebSite\",\"@id\":\"https:\\\/\\\/lottoonline365.com\\\/it\\\/#website\",\"url\":\"https:\\\/\\\/lottoonline365.com\\\/it\\\/\",\"name\":\"\",\"description\":\"\",\"potentialAction\":[{\"@type\":\"SearchAction\",\"target\":{\"@type\":\"EntryPoint\",\"urlTemplate\":\"https:\\\/\\\/lottoonline365.com\\\/it\\\/?s={search_term_string}\"},\"query-input\":{\"@type\":\"PropertyValueSpecification\",\"valueRequired\":true,\"valueName\":\"search_term_string\"}}],\"inLanguage\":\"it-IT\"}]}<\/script>\n<!-- \/ Yoast SEO plugin. -->","yoast_head_json":{"title":"Come posso partecipare al Mega-Sena Lotto dal Brasile?","robots":{"index":"index","follow":"follow","max-snippet":"max-snippet:-1","max-image-preview":"max-image-preview:large","max-video-preview":"max-video-preview:-1"},"canonical":"https:\/\/lottoonline365.com\/it\/altri-jackpot-internazionali\/mega-sena-brasile\/","og_locale":"it_IT","og_type":"article","og_title":"Come posso partecipare al Mega-Sena Lotto dal Brasile?","og_description":"Anche Mega-Sena offre premi sostanziosi La lotteria Mega-Sena si svolge in Brasile e chi non vive o non soggiorna nel Paese non ha la possibilit\u00e0 di partecipare. Tuttavia, ora \u00e8 possibile partecipare per giocatori di tutto il mondo, ordinando un biglietto online. Un servizio di biglietti della lotteria chiamato RedFoxLotto consente a tutti gli appassionati [&hellip;]","og_url":"https:\/\/lottoonline365.com\/it\/altri-jackpot-internazionali\/mega-sena-brasile\/","twitter_card":"summary_large_image","twitter_misc":{"Tempo di lettura stimato":"2 minuti"},"schema":{"@context":"https:\/\/schema.org","@graph":[{"@type":"WebPage","@id":"https:\/\/lottoonline365.com\/it\/altri-jackpot-internazionali\/mega-sena-brasile\/","url":"https:\/\/lottoonline365.com\/it\/altri-jackpot-internazionali\/mega-sena-brasile\/","name":"Come posso partecipare al Mega-Sena Lotto dal Brasile?","isPartOf":{"@id":"https:\/\/lottoonline365.com\/it\/#website"},"datePublished":"2025-08-04T09:22:43+00:00","breadcrumb":{"@id":"https:\/\/lottoonline365.com\/it\/altri-jackpot-internazionali\/mega-sena-brasile\/#breadcrumb"},"inLanguage":"it-IT","potentialAction":[{"@type":"ReadAction","target":["https:\/\/lottoonline365.com\/it\/altri-jackpot-internazionali\/mega-sena-brasile\/"]}]},{"@type":"BreadcrumbList","@id":"https:\/\/lottoonline365.com\/it\/altri-jackpot-internazionali\/mega-sena-brasile\/#breadcrumb","itemListElement":[{"@type":"ListItem","position":1,"name":"Home","item":"https:\/\/lottoonline365.com\/it\/"},{"@type":"ListItem","position":2,"name":"Altri jackpot internazionali","item":"https:\/\/lottoonline365.com\/it\/altri-jackpot-internazionali\/"},{"@type":"ListItem","position":3,"name":"Mega Sena Brasile"}]},{"@type":"WebSite","@id":"https:\/\/lottoonline365.com\/it\/#website","url":"https:\/\/lottoonline365.com\/it\/","name":"","description":"","potentialAction":[{"@type":"SearchAction","target":{"@type":"EntryPoint","urlTemplate":"https:\/\/lottoonline365.com\/it\/?s={search_term_string}"},"query-input":{"@type":"PropertyValueSpecification","valueRequired":true,"valueName":"search_term_string"}}],"inLanguage":"it-IT"}]}},"_links":{"self":[{"href":"https:\/\/lottoonline365.com\/it\/wp-json\/wp\/v2\/pages\/75","targetHints":{"allow":["GET"]}}],"collection":[{"href":"https:\/\/lottoonline365.com\/it\/wp-json\/wp\/v2\/pages"}],"about":[{"href":"https:\/\/lottoonline365.com\/it\/wp-json\/wp\/v2\/types\/page"}],"author":[{"embeddable":true,"href":"https:\/\/lottoonline365.com\/it\/wp-json\/wp\/v2\/users\/1"}],"replies":[{"embeddable":true,"href":"https:\/\/lottoonline365.com\/it\/wp-json\/wp\/v2\/comments?post=75"}],"version-history":[{"count":0,"href":"https:\/\/lottoonline365.com\/it\/wp-json\/wp\/v2\/pages\/75\/revisions"}],"up":[{"embeddable":true,"href":"https:\/\/lottoonline365.com\/it\/wp-json\/wp\/v2\/pages\/54"}],"wp:attachment":[{"href":"https:\/\/lottoonline365.com\/it\/wp-json\/wp\/v2\/media?parent=75"}],"curies":[{"name":"wp","href":"https:\/\/api.w.org\/{rel}","templated":true}]}}