{"id":72,"date":"2025-08-04T09:21:08","date_gmt":"2025-08-04T09:21:08","guid":{"rendered":"https:\/\/lottoonline365.com\/altri-jackpot-internazionali\/megamillions-usa\/"},"modified":"2025-08-04T09:21:08","modified_gmt":"2025-08-04T09:21:08","slug":"megamillions-usa","status":"publish","type":"page","link":"https:\/\/lottoonline365.com\/it\/altri-jackpot-internazionali\/megamillions-usa\/","title":{"rendered":"Megamillions USA"},"content":{"rendered":"<h1>MegaMillions ha i jackpot pi\u00f9 alti<\/h1>\n<p>Se vuoi acquistare i biglietti per Mega Millions online, ora hai la possibilit\u00e0 di farlo, da qualsiasi parte del mondo. La soluzione \u00e8 un servizio di corriere per biglietti della lotteria chiamato RedFoxLotto<redfoxlotto -=\"\" clicca=\"\" qui=\"\" per=\"\" visitare=\"\" il=\"\" loro=\"\" sito web=\"\">. Questa azienda ha dipendenti in diversi paesi, il cui compito \u00e8 acquistare i biglietti ordinati online presso un normale punto vendita della lotteria nel rispettivo paese. Ci\u00f2 significa che, ad esempio, un cliente del Regno Unito pu\u00f2 acquistare un biglietto della lotteria americana.<\/redfoxlotto><\/p>\n<p>Questo metodo \u00e8 completamente legale e sicuro, a patto che si utilizzi un servizio affidabile come <strong><span style=\"text-decoration: underline;\"><a href=\"https:\/\/redfoxlotto.com\/play\/mega-millions\/?ref=A8564250A2&amp;medium=lo365\" target=\"_blank\" rel=\"noopener\">RedFoxLotto &#8211; clicca qui per visitare il loro sito web<\/a>.<\/span><\/strong><\/p>\n<h2>Come funziona la procedura di acquisto?<\/h2>\n<p>In parole povere: visita il sito web di RedFoxLotto cliccando su questo link, seleziona <a href=\"https:\/\/lottoonline365.com\/it\/suggerimenti-per-i-giocatori\/quale-lotteria-offre-le-migliori-probabilit\u00e0-di-vincita\" target=\"_blank\" rel=\"noopener\">lotteria a tua scelta<\/a> (oltre a Mega Millions, ci sono oltre 20 altre mega lotterie tra cui scegliere), quindi scegli i tuoi numeri. Infine, paghi online. Protocolli di sicurezza all&#8217;avanguardia garantiscono la sicurezza dei tuoi dati personali. Il tuo biglietto (puoi anche acquistarne pi\u00f9 di uno) ti verr\u00e0 inviato via email.<\/p>\n<h2>Cosa rende Mega Millions cos\u00ec attraente?<\/h2>\n<p>Beh, innanzitutto, il fatto che il jackpot sia sempre immensamente alto. Questo \u00e8 dovuto in parte al fatto che il jackpot parte sempre da 40 milioni di dollari. Un altro motivo \u00e8 che negli Stati Uniti vengono acquistati molti biglietti settimana dopo settimana e il jackpot spesso non viene indovinato per molto tempo. La probabilit\u00e0 di vincere il jackpot \u00e8 di 1 su 300 milioni, quindi potrebbero volerci diverse settimane prima che qualcuno lo vinca.<\/p>\n<p>Il jackpot pi\u00f9 alto mai pagato negli Stati Uniti \u00e8 attualmente di oltre 1,5 miliardi di dollari, e i jackpot superiori a 100 milioni di dollari sono la regola piuttosto che l&#8217;eccezione!<\/p>\n<p>La formula vincente del Mega Millions \u00e8 &#8220;cinque su settanta&#8221; pi\u00f9 &#8220;uno su venticinque&#8221;, il che significa che devi indovinare 5 numeri su 70 numeri principali pi\u00f9 un numero aggiuntivo tra 1 e 25 per vincere il jackpot. Se vuoi, puoi anche utilizzare un generatore di numeri casuali offerto da RedFoxLotto per scegliere i tuoi <a href=\"https:\/\/lottoonline365.com\/it\/numeri-vincenti\/\" target=\"_blank\" rel=\"noopener\">numeri<\/a>.<\/p>\n<h2>Megaplier<\/h2>\n<p>Un&#8217;ulteriore caratteristica di questa lotteria \u00e8 il Megaplier. Prenotando questa opzione, puoi moltiplicare le tue vincite (non si applica ai premi jackpot). Al termine dell&#8217;estrazione, verr\u00e0 determinato il valore del Megaplier (2-3-4-5x) e, se hai scelto questa opzione e hai pagato 1 dollaro in pi\u00f9, le tue vincite verranno moltiplicate in base al numero Megaplier estratto.<\/p>\n<p>Con jackpot di questo tipo, ci si chiede inevitabilmente se abbia senso giocare alla <a href=\"https:\/\/lottoonline365.com\/it\/altri-jackpot-internazionali\/eurojackpot-lotto\/\" target=\"_blank\" rel=\"noopener\">lotteria<\/a> locale. Includendo il costo del servizio di corriere, si pagano circa 2,70 dollari a biglietto (l&#8217;importo esatto dipende dalla lotteria), ma se il jackpot \u00e8 10-20 volte superiore, \u00e8 chiaramente pi\u00f9 economico giocare a quelle lotterie piuttosto che al lotto nazionale.<\/p>\n","protected":false},"excerpt":{"rendered":"<p>MegaMillions ha i jackpot pi\u00f9 alti Se vuoi acquistare i biglietti per Mega Millions online, ora hai la possibilit\u00e0 di farlo, da qualsiasi parte del mondo. La soluzione \u00e8 un servizio di corriere per biglietti della lotteria chiamato RedFoxLotto. Questa azienda ha dipendenti in diversi paesi, il cui compito \u00e8 acquistare i biglietti ordinati online [&hellip;]<\/p>\n","protected":false},"author":1,"featured_media":0,"parent":54,"menu_order":0,"comment_status":"closed","ping_status":"closed","template":"","meta":{"footnotes":""},"class_list":["post-72","page","type-page","status-publish","hentry"],"blocksy_meta":[],"yoast_head":"<!-- This site is optimized with the Yoast SEO plugin v27.4 - https:\/\/yoast.com\/product\/yoast-seo-wordpress\/ -->\n<title>Acquista online i biglietti della lotteria Mega Millions<\/title>\n<meta name=\"robots\" content=\"index, follow, max-snippet:-1, max-image-preview:large, max-video-preview:-1\" \/>\n<link rel=\"canonical\" href=\"https:\/\/lottoonline365.com\/it\/altri-jackpot-internazionali\/megamillions-usa\/\" \/>\n<meta property=\"og:locale\" content=\"it_IT\" \/>\n<meta property=\"og:type\" content=\"article\" \/>\n<meta property=\"og:title\" content=\"Acquista online i biglietti della lotteria Mega Millions\" \/>\n<meta property=\"og:description\" content=\"MegaMillions ha i jackpot pi\u00f9 alti Se vuoi acquistare i biglietti per Mega Millions online, ora hai la possibilit\u00e0 di farlo, da qualsiasi parte del mondo. La soluzione \u00e8 un servizio di corriere per biglietti della lotteria chiamato RedFoxLotto. Questa azienda ha dipendenti in diversi paesi, il cui compito \u00e8 acquistare i biglietti ordinati online [&hellip;]\" \/>\n<meta property=\"og:url\" content=\"https:\/\/lottoonline365.com\/it\/altri-jackpot-internazionali\/megamillions-usa\/\" \/>\n<meta name=\"twitter:card\" content=\"summary_large_image\" \/>\n<meta name=\"twitter:label1\" content=\"Tempo di lettura stimato\" \/>\n\t<meta name=\"twitter:data1\" content=\"2 minuti\" \/>\n<script type=\"application\/ld+json\" class=\"yoast-schema-graph\">{\"@context\":\"https:\\\/\\\/schema.org\",\"@graph\":[{\"@type\":\"WebPage\",\"@id\":\"https:\\\/\\\/lottoonline365.com\\\/it\\\/altri-jackpot-internazionali\\\/megamillions-usa\\\/\",\"url\":\"https:\\\/\\\/lottoonline365.com\\\/it\\\/altri-jackpot-internazionali\\\/megamillions-usa\\\/\",\"name\":\"Acquista online i biglietti della lotteria Mega Millions\",\"isPartOf\":{\"@id\":\"https:\\\/\\\/lottoonline365.com\\\/it\\\/#website\"},\"datePublished\":\"2025-08-04T09:21:08+00:00\",\"breadcrumb\":{\"@id\":\"https:\\\/\\\/lottoonline365.com\\\/it\\\/altri-jackpot-internazionali\\\/megamillions-usa\\\/#breadcrumb\"},\"inLanguage\":\"it-IT\",\"potentialAction\":[{\"@type\":\"ReadAction\",\"target\":[\"https:\\\/\\\/lottoonline365.com\\\/it\\\/altri-jackpot-internazionali\\\/megamillions-usa\\\/\"]}]},{\"@type\":\"BreadcrumbList\",\"@id\":\"https:\\\/\\\/lottoonline365.com\\\/it\\\/altri-jackpot-internazionali\\\/megamillions-usa\\\/#breadcrumb\",\"itemListElement\":[{\"@type\":\"ListItem\",\"position\":1,\"name\":\"Home\",\"item\":\"https:\\\/\\\/lottoonline365.com\\\/it\\\/\"},{\"@type\":\"ListItem\",\"position\":2,\"name\":\"Altri jackpot internazionali\",\"item\":\"https:\\\/\\\/lottoonline365.com\\\/it\\\/altri-jackpot-internazionali\\\/\"},{\"@type\":\"ListItem\",\"position\":3,\"name\":\"Megamillions USA\"}]},{\"@type\":\"WebSite\",\"@id\":\"https:\\\/\\\/lottoonline365.com\\\/it\\\/#website\",\"url\":\"https:\\\/\\\/lottoonline365.com\\\/it\\\/\",\"name\":\"\",\"description\":\"\",\"potentialAction\":[{\"@type\":\"SearchAction\",\"target\":{\"@type\":\"EntryPoint\",\"urlTemplate\":\"https:\\\/\\\/lottoonline365.com\\\/it\\\/?s={search_term_string}\"},\"query-input\":{\"@type\":\"PropertyValueSpecification\",\"valueRequired\":true,\"valueName\":\"search_term_string\"}}],\"inLanguage\":\"it-IT\"}]}<\/script>\n<!-- \/ Yoast SEO plugin. -->","yoast_head_json":{"title":"Acquista online i biglietti della lotteria Mega Millions","robots":{"index":"index","follow":"follow","max-snippet":"max-snippet:-1","max-image-preview":"max-image-preview:large","max-video-preview":"max-video-preview:-1"},"canonical":"https:\/\/lottoonline365.com\/it\/altri-jackpot-internazionali\/megamillions-usa\/","og_locale":"it_IT","og_type":"article","og_title":"Acquista online i biglietti della lotteria Mega Millions","og_description":"MegaMillions ha i jackpot pi\u00f9 alti Se vuoi acquistare i biglietti per Mega Millions online, ora hai la possibilit\u00e0 di farlo, da qualsiasi parte del mondo. La soluzione \u00e8 un servizio di corriere per biglietti della lotteria chiamato RedFoxLotto. Questa azienda ha dipendenti in diversi paesi, il cui compito \u00e8 acquistare i biglietti ordinati online [&hellip;]","og_url":"https:\/\/lottoonline365.com\/it\/altri-jackpot-internazionali\/megamillions-usa\/","twitter_card":"summary_large_image","twitter_misc":{"Tempo di lettura stimato":"2 minuti"},"schema":{"@context":"https:\/\/schema.org","@graph":[{"@type":"WebPage","@id":"https:\/\/lottoonline365.com\/it\/altri-jackpot-internazionali\/megamillions-usa\/","url":"https:\/\/lottoonline365.com\/it\/altri-jackpot-internazionali\/megamillions-usa\/","name":"Acquista online i biglietti della lotteria Mega Millions","isPartOf":{"@id":"https:\/\/lottoonline365.com\/it\/#website"},"datePublished":"2025-08-04T09:21:08+00:00","breadcrumb":{"@id":"https:\/\/lottoonline365.com\/it\/altri-jackpot-internazionali\/megamillions-usa\/#breadcrumb"},"inLanguage":"it-IT","potentialAction":[{"@type":"ReadAction","target":["https:\/\/lottoonline365.com\/it\/altri-jackpot-internazionali\/megamillions-usa\/"]}]},{"@type":"BreadcrumbList","@id":"https:\/\/lottoonline365.com\/it\/altri-jackpot-internazionali\/megamillions-usa\/#breadcrumb","itemListElement":[{"@type":"ListItem","position":1,"name":"Home","item":"https:\/\/lottoonline365.com\/it\/"},{"@type":"ListItem","position":2,"name":"Altri jackpot internazionali","item":"https:\/\/lottoonline365.com\/it\/altri-jackpot-internazionali\/"},{"@type":"ListItem","position":3,"name":"Megamillions USA"}]},{"@type":"WebSite","@id":"https:\/\/lottoonline365.com\/it\/#website","url":"https:\/\/lottoonline365.com\/it\/","name":"","description":"","potentialAction":[{"@type":"SearchAction","target":{"@type":"EntryPoint","urlTemplate":"https:\/\/lottoonline365.com\/it\/?s={search_term_string}"},"query-input":{"@type":"PropertyValueSpecification","valueRequired":true,"valueName":"search_term_string"}}],"inLanguage":"it-IT"}]}},"_links":{"self":[{"href":"https:\/\/lottoonline365.com\/it\/wp-json\/wp\/v2\/pages\/72","targetHints":{"allow":["GET"]}}],"collection":[{"href":"https:\/\/lottoonline365.com\/it\/wp-json\/wp\/v2\/pages"}],"about":[{"href":"https:\/\/lottoonline365.com\/it\/wp-json\/wp\/v2\/types\/page"}],"author":[{"embeddable":true,"href":"https:\/\/lottoonline365.com\/it\/wp-json\/wp\/v2\/users\/1"}],"replies":[{"embeddable":true,"href":"https:\/\/lottoonline365.com\/it\/wp-json\/wp\/v2\/comments?post=72"}],"version-history":[{"count":0,"href":"https:\/\/lottoonline365.com\/it\/wp-json\/wp\/v2\/pages\/72\/revisions"}],"up":[{"embeddable":true,"href":"https:\/\/lottoonline365.com\/it\/wp-json\/wp\/v2\/pages\/54"}],"wp:attachment":[{"href":"https:\/\/lottoonline365.com\/it\/wp-json\/wp\/v2\/media?parent=72"}],"curies":[{"name":"wp","href":"https:\/\/api.w.org\/{rel}","templated":true}]}}