{"id":63,"date":"2025-08-04T09:25:58","date_gmt":"2025-08-04T09:25:58","guid":{"rendered":"https:\/\/lottoonline365.com\/altri-jackpot-internazionali\/superenalotto-italia\/"},"modified":"2025-08-04T09:25:58","modified_gmt":"2025-08-04T09:25:58","slug":"superenalotto-italia","status":"publish","type":"page","link":"https:\/\/lottoonline365.com\/it\/altri-jackpot-internazionali\/superenalotto-italia\/","title":{"rendered":"Superenalotto Italia"},"content":{"rendered":"<h1>Questa grande lotteria italiana \u00e8 ora aperta al mondo<\/h1>\n<p>Questa lotteria \u00e8 diversa dalla maggior parte delle lotterie di altri paesi. Il numero di combinazioni possibili \u00e8 relativamente alto. Questo porta a jackpot elevati perch\u00e9 spesso nessuno riesce a indovinare le combinazioni vincenti per diverse settimane. I prezzi dei biglietti per questa lotteria sono pi\u00f9 bassi rispetto alla maggior parte delle altre. In Italia, la gente ama la lotteria e quando il jackpot aumenta, acquista ancora pi\u00f9 biglietti.<\/p>\n<h2>Giochi da altri paesi<\/h2>\n<p>I biglietti del Superenalotto non sono in vendita dove vivi? Nessun problema: basta visitare <a href=\"https:\/\/redfoxlotto.com\/play\/superenalotto\/?ref=A8564250A2&amp;medium=lo365\" target=\"_blank\" rel=\"noopener\"><span style=\"text-decoration: underline;\">RedfoxLotto.com (clicca su questo link)<\/span><\/a> e ordinare i biglietti online. Oltre al Superenalotto, questo servizio di corriere per <a href=\"https:\/\/lottoonline365.com\/it\/suggerimenti-per-i-giocatori\/quale-lotteria-ha-i-jackpot-piu-grandi-del-mondo\">biglietti della lotteria provenienti da altri paesi<\/a> pu\u00f2 fornirti biglietti per le grandi lotterie americane, per l&#8217;Euromillions e molto altro ancora. I pagamenti possono essere effettuati tramite un&#8217;ampia scelta di metodi, incluso il pagamento tramite PayPal.<\/p>\n<h2>Aspetta l&#8217;estrazione e controlla i tuoi numeri<\/h2>\n<p>Dopo la pubblicazione dei <a href=\"https:\/\/lottoonline365.com\/it\/numeri-vincenti\/\" target=\"_blank\" rel=\"noopener\">risultati dell&#8217;estrazione<\/a>, puoi semplicemente tornare al tuo account cliente RedFoxLotto, controllare le tue schedine e vedrai tutti i numeri vincenti evidenziati. In ogni caso, in caso di vincita, ti verr\u00e0 inviata anche un&#8217;e-mail per assicurarti di non perdere nessuna vincita.<\/p>\n<h2>Controlla anche gli altri jackpot<\/h2>\n<p>Ti consigliamo di controllare prima l&#8217;entit\u00e0 dei vari jackpot della lotteria. Se trovi un jackpot superiore a quello attualmente offerto dal Superenalotto, potresti decidere di acquistare una schedina per quella lotteria. Ti auguriamo buona fortuna!<\/p>\n","protected":false},"excerpt":{"rendered":"<p>Questa grande lotteria italiana \u00e8 ora aperta al mondo Questa lotteria \u00e8 diversa dalla maggior parte delle lotterie di altri paesi. Il numero di combinazioni possibili \u00e8 relativamente alto. Questo porta a jackpot elevati perch\u00e9 spesso nessuno riesce a indovinare le combinazioni vincenti per diverse settimane. I prezzi dei biglietti per questa lotteria sono pi\u00f9 [&hellip;]<\/p>\n","protected":false},"author":1,"featured_media":0,"parent":54,"menu_order":0,"comment_status":"closed","ping_status":"closed","template":"","meta":{"footnotes":""},"class_list":["post-63","page","type-page","status-publish","hentry"],"blocksy_meta":[],"yoast_head":"<!-- This site is optimized with the Yoast SEO plugin v27.3 - https:\/\/yoast.com\/product\/yoast-seo-wordpress\/ -->\n<title>Posso giocare al Superenalotto online?<\/title>\n<meta name=\"robots\" content=\"index, follow, max-snippet:-1, max-image-preview:large, max-video-preview:-1\" \/>\n<link rel=\"canonical\" href=\"https:\/\/lottoonline365.com\/it\/altri-jackpot-internazionali\/superenalotto-italia\/\" \/>\n<meta property=\"og:locale\" content=\"it_IT\" \/>\n<meta property=\"og:type\" content=\"article\" \/>\n<meta property=\"og:title\" content=\"Posso giocare al Superenalotto online?\" \/>\n<meta property=\"og:description\" content=\"Questa grande lotteria italiana \u00e8 ora aperta al mondo Questa lotteria \u00e8 diversa dalla maggior parte delle lotterie di altri paesi. Il numero di combinazioni possibili \u00e8 relativamente alto. Questo porta a jackpot elevati perch\u00e9 spesso nessuno riesce a indovinare le combinazioni vincenti per diverse settimane. I prezzi dei biglietti per questa lotteria sono pi\u00f9 [&hellip;]\" \/>\n<meta property=\"og:url\" content=\"https:\/\/lottoonline365.com\/it\/altri-jackpot-internazionali\/superenalotto-italia\/\" \/>\n<meta name=\"twitter:card\" content=\"summary_large_image\" \/>\n<meta name=\"twitter:label1\" content=\"Tempo di lettura stimato\" \/>\n\t<meta name=\"twitter:data1\" content=\"1 minuto\" \/>\n<script type=\"application\/ld+json\" class=\"yoast-schema-graph\">{\"@context\":\"https:\\\/\\\/schema.org\",\"@graph\":[{\"@type\":\"WebPage\",\"@id\":\"https:\\\/\\\/lottoonline365.com\\\/it\\\/altri-jackpot-internazionali\\\/superenalotto-italia\\\/\",\"url\":\"https:\\\/\\\/lottoonline365.com\\\/it\\\/altri-jackpot-internazionali\\\/superenalotto-italia\\\/\",\"name\":\"Posso giocare al Superenalotto online?\",\"isPartOf\":{\"@id\":\"https:\\\/\\\/lottoonline365.com\\\/it\\\/#website\"},\"datePublished\":\"2025-08-04T09:25:58+00:00\",\"breadcrumb\":{\"@id\":\"https:\\\/\\\/lottoonline365.com\\\/it\\\/altri-jackpot-internazionali\\\/superenalotto-italia\\\/#breadcrumb\"},\"inLanguage\":\"it-IT\",\"potentialAction\":[{\"@type\":\"ReadAction\",\"target\":[\"https:\\\/\\\/lottoonline365.com\\\/it\\\/altri-jackpot-internazionali\\\/superenalotto-italia\\\/\"]}]},{\"@type\":\"BreadcrumbList\",\"@id\":\"https:\\\/\\\/lottoonline365.com\\\/it\\\/altri-jackpot-internazionali\\\/superenalotto-italia\\\/#breadcrumb\",\"itemListElement\":[{\"@type\":\"ListItem\",\"position\":1,\"name\":\"Home\",\"item\":\"https:\\\/\\\/lottoonline365.com\\\/it\\\/\"},{\"@type\":\"ListItem\",\"position\":2,\"name\":\"Altri jackpot internazionali\",\"item\":\"https:\\\/\\\/lottoonline365.com\\\/it\\\/altri-jackpot-internazionali\\\/\"},{\"@type\":\"ListItem\",\"position\":3,\"name\":\"Superenalotto Italia\"}]},{\"@type\":\"WebSite\",\"@id\":\"https:\\\/\\\/lottoonline365.com\\\/it\\\/#website\",\"url\":\"https:\\\/\\\/lottoonline365.com\\\/it\\\/\",\"name\":\"\",\"description\":\"\",\"potentialAction\":[{\"@type\":\"SearchAction\",\"target\":{\"@type\":\"EntryPoint\",\"urlTemplate\":\"https:\\\/\\\/lottoonline365.com\\\/it\\\/?s={search_term_string}\"},\"query-input\":{\"@type\":\"PropertyValueSpecification\",\"valueRequired\":true,\"valueName\":\"search_term_string\"}}],\"inLanguage\":\"it-IT\"}]}<\/script>\n<!-- \/ Yoast SEO plugin. -->","yoast_head_json":{"title":"Posso giocare al Superenalotto online?","robots":{"index":"index","follow":"follow","max-snippet":"max-snippet:-1","max-image-preview":"max-image-preview:large","max-video-preview":"max-video-preview:-1"},"canonical":"https:\/\/lottoonline365.com\/it\/altri-jackpot-internazionali\/superenalotto-italia\/","og_locale":"it_IT","og_type":"article","og_title":"Posso giocare al Superenalotto online?","og_description":"Questa grande lotteria italiana \u00e8 ora aperta al mondo Questa lotteria \u00e8 diversa dalla maggior parte delle lotterie di altri paesi. Il numero di combinazioni possibili \u00e8 relativamente alto. Questo porta a jackpot elevati perch\u00e9 spesso nessuno riesce a indovinare le combinazioni vincenti per diverse settimane. I prezzi dei biglietti per questa lotteria sono pi\u00f9 [&hellip;]","og_url":"https:\/\/lottoonline365.com\/it\/altri-jackpot-internazionali\/superenalotto-italia\/","twitter_card":"summary_large_image","twitter_misc":{"Tempo di lettura stimato":"1 minuto"},"schema":{"@context":"https:\/\/schema.org","@graph":[{"@type":"WebPage","@id":"https:\/\/lottoonline365.com\/it\/altri-jackpot-internazionali\/superenalotto-italia\/","url":"https:\/\/lottoonline365.com\/it\/altri-jackpot-internazionali\/superenalotto-italia\/","name":"Posso giocare al Superenalotto online?","isPartOf":{"@id":"https:\/\/lottoonline365.com\/it\/#website"},"datePublished":"2025-08-04T09:25:58+00:00","breadcrumb":{"@id":"https:\/\/lottoonline365.com\/it\/altri-jackpot-internazionali\/superenalotto-italia\/#breadcrumb"},"inLanguage":"it-IT","potentialAction":[{"@type":"ReadAction","target":["https:\/\/lottoonline365.com\/it\/altri-jackpot-internazionali\/superenalotto-italia\/"]}]},{"@type":"BreadcrumbList","@id":"https:\/\/lottoonline365.com\/it\/altri-jackpot-internazionali\/superenalotto-italia\/#breadcrumb","itemListElement":[{"@type":"ListItem","position":1,"name":"Home","item":"https:\/\/lottoonline365.com\/it\/"},{"@type":"ListItem","position":2,"name":"Altri jackpot internazionali","item":"https:\/\/lottoonline365.com\/it\/altri-jackpot-internazionali\/"},{"@type":"ListItem","position":3,"name":"Superenalotto Italia"}]},{"@type":"WebSite","@id":"https:\/\/lottoonline365.com\/it\/#website","url":"https:\/\/lottoonline365.com\/it\/","name":"","description":"","potentialAction":[{"@type":"SearchAction","target":{"@type":"EntryPoint","urlTemplate":"https:\/\/lottoonline365.com\/it\/?s={search_term_string}"},"query-input":{"@type":"PropertyValueSpecification","valueRequired":true,"valueName":"search_term_string"}}],"inLanguage":"it-IT"}]}},"_links":{"self":[{"href":"https:\/\/lottoonline365.com\/it\/wp-json\/wp\/v2\/pages\/63","targetHints":{"allow":["GET"]}}],"collection":[{"href":"https:\/\/lottoonline365.com\/it\/wp-json\/wp\/v2\/pages"}],"about":[{"href":"https:\/\/lottoonline365.com\/it\/wp-json\/wp\/v2\/types\/page"}],"author":[{"embeddable":true,"href":"https:\/\/lottoonline365.com\/it\/wp-json\/wp\/v2\/users\/1"}],"replies":[{"embeddable":true,"href":"https:\/\/lottoonline365.com\/it\/wp-json\/wp\/v2\/comments?post=63"}],"version-history":[{"count":0,"href":"https:\/\/lottoonline365.com\/it\/wp-json\/wp\/v2\/pages\/63\/revisions"}],"up":[{"embeddable":true,"href":"https:\/\/lottoonline365.com\/it\/wp-json\/wp\/v2\/pages\/54"}],"wp:attachment":[{"href":"https:\/\/lottoonline365.com\/it\/wp-json\/wp\/v2\/media?parent=63"}],"curies":[{"name":"wp","href":"https:\/\/api.w.org\/{rel}","templated":true}]}}