{"id":60,"date":"2025-08-04T09:13:44","date_gmt":"2025-08-04T09:13:44","guid":{"rendered":"https:\/\/lottoonline365.com\/quale-lotteria-offre-le-migliori-probabilita-di-vincita\/"},"modified":"2025-08-04T09:13:44","modified_gmt":"2025-08-04T09:13:44","slug":"quale-lotteria-offre-le-migliori-probabilita-di-vincita","status":"publish","type":"page","link":"https:\/\/lottoonline365.com\/it\/quale-lotteria-offre-le-migliori-probabilita-di-vincita\/","title":{"rendered":"Quale lotteria offre le migliori probabilit\u00e0 di vincita?"},"content":{"rendered":"<h1>Dove le tue probabilit\u00e0 di vincita sono buone<\/h1>\n<p>Come per ogni altro acquisto, prima di decidere di spendere soldi per un biglietto della lotteria, dovresti valutare attentamente e determinare quale lotteria offre le migliori probabilit\u00e0 di vincita. Cercheremo di rispondere a questa domanda, anche se non \u00e8 una decisione facile e ci sono alcune variabili.<\/p>\n<h2>Come calcolare le probabilit\u00e0 di vincita alla lotteria?<\/h2>\n<p>Chiariamo prima un paio di cose. Quando parliamo di probabilit\u00e0 di vincita alla lotteria, di cosa stiamo parlando in realt\u00e0? Dell&#8217;importo che possiamo vincere, delle probabilit\u00e0 di vincere il jackpot o di qual \u00e8 il fattore decisivo? Beh, da un punto di vista matematico, la definizione migliore sarebbe quella di aspettativa di vincita, o &#8220;valore atteso&#8221; del tuo investimento. La disciplina matematica specifica che si occupa di questo calcolo \u00e8 la statistica.<\/p>\n<p>Il valore atteso significa che, da un lato, hai il tuo investimento. D&#8217;altra parte, ci sono i possibili premi che puoi vincere. Ora, con un biglietto della lotteria, puoi vincere non solo un jackpot, ma ci sono diverse fasce di premio che puoi vincere. Ad esempio, diamo un&#8217;occhiata al <a href=\"https:\/\/lottoonline365.com\/en\/mega-millions\" target=\"_blank\" rel=\"noopener\">Megamillions Lotto<\/a>, dove si scelgono 5 numeri principali su 70 con un numero extra tra 1 e 25, e il premio di terza fascia \u00e8 quello che si ottiene indovinando due numeri principali pi\u00f9 il numero extra.<\/p>\n<p>Qui dobbiamo calcolare le probabilit\u00e0 di indovinare correttamente quei due numeri. Per farlo, bisogna usare un&#8217;equazione con delle facolt\u00e0&#8230; beh, \u00e8 una cosa davvero complicata, quindi prendiamo quel numero dal sito web di Megamillions. \u00c8 1 su 693, ovvero lo 0,001443%.<br \/>Ora prendi il premio che vinci per questo livello, che \u00e8 di 10$, moltiplicalo per quella percentuale e poi dividi per 2$ (le spese per un biglietto). Il risultato \u00e8 lo 0,007215%. Questo \u00e8 il valore atteso del tuo biglietto per il livello 3.<\/p>\n<p>Ora dovresti fare lo stesso calcolo per tutti gli altri livelli e sommare i risultati finali per ogni livello. Quello che ottieni \u00e8 il valore atteso totale. Ora diventa ovvio che pi\u00f9 alto \u00e8 il prezzo, maggiore \u00e8 il valore atteso o EV. L&#8217;EV totale dipende molto dall&#8217;importo del jackpot, ovvero il prezzo del livello pi\u00f9 alto. Questo livello ha la maggiore influenza sul tuo EV.<\/p>\n<h2>Quindi, pi\u00f9 alto \u00e8 il jackpot, maggiore \u00e8 il mio valore atteso (e le probabilit\u00e0 di vincita)<\/h2>\n<p>Corretto, a parit\u00e0 di tutti gli altri fattori. Anche i dettagli dell&#8217;estrazione (quante palline numerate ha la lotteria, quanti numeri devo scegliere, uno o due numeri extra, ecc.) sono importanti. Ma ecco un fatto importante: se le &#8220;probabilit\u00e0&#8221; di indovinare tutti i numeri sono estremamente &#8220;scarse&#8221; per te come giocatore, allora la lotteria tende a generare jackpot pi\u00f9 alti.<\/p>\n<p>Il motivo \u00e8 semplice: probabilit\u00e0 basse significano che il jackpot probabilmente non verr\u00e0 vinto per un periodo di tempo prolungato. Le probabilit\u00e0 di vincere il primo premio al Megamillions sono circa 1 su 302 milioni, il che significa che statisticamente devono essere venduti 302 milioni di biglietti (o linee) prima che qualcuno vinca il jackpot. Quindi, pi\u00f9 alto \u00e8 questo numero, maggiore sar\u00e0 il jackpot (a meno che l&#8217;importo del jackpot non sia limitato).<\/p>\n<p>Di conseguenza, quando si cerca la <strong>lotteria con le migliori probabilit\u00e0 di vincita<\/strong>, la soluzione pi\u00f9 semplice \u00e8 sempre quella di puntare al jackpot pi\u00f9 alto del momento. Questo significa che bisogna aspettare che il jackpot della lotteria locale raggiunga un certo importo? No, anche se in passato era cos\u00ec, oggi \u00e8 possibile scegliere tra una moltitudine di <a href=\"index.php?option=com_content&amp;view=article&amp;id=42&amp;Itemid=269&amp;lang=en\">lotterie da tutto il mondo<\/a>. Un&#8217;azienda chiamata RedFoxLotto rende possibile tutto questo offrendo un servizio online in cui \u00e8 possibile ordinare biglietti online per oltre 20 dei jackpot pi\u00f9 alti e redditizi del lotto internazionale. <span style=\"text-decoration: underline;\"><a href=\"https:\/\/redfoxlotto.com\/?ref=A8564250A2&amp;medium=lo365\" target=\"_blank\" rel=\"noopener\">Basta un clic su questo link e ti verranno presentati diversi jackpot sul loro sito<\/a><\/span>. <strong>Ecco come puoi davvero migliorare le tue possibilit\u00e0 di vincita alla lotteria!<\/strong><\/p>\n<p>&nbsp;<\/p>\n<p>&nbsp;<\/p>\n","protected":false},"excerpt":{"rendered":"<p>Dove le tue probabilit\u00e0 di vincita sono buone Come per ogni altro acquisto, prima di decidere di spendere soldi per un biglietto della lotteria, dovresti valutare attentamente e determinare quale lotteria offre le migliori probabilit\u00e0 di vincita. Cercheremo di rispondere a questa domanda, anche se non \u00e8 una decisione facile e ci sono alcune variabili. [&hellip;]<\/p>\n","protected":false},"author":1,"featured_media":0,"parent":0,"menu_order":0,"comment_status":"closed","ping_status":"closed","template":"","meta":{"footnotes":""},"class_list":["post-60","page","type-page","status-publish","hentry"],"blocksy_meta":[],"yoast_head":"<!-- This site is optimized with the Yoast SEO plugin v27.3 - https:\/\/yoast.com\/product\/yoast-seo-wordpress\/ -->\n<title>Quale lotteria offre le migliori probabilit\u00e0 di vincita?<\/title>\n<meta name=\"robots\" content=\"index, follow, max-snippet:-1, max-image-preview:large, max-video-preview:-1\" \/>\n<link rel=\"canonical\" href=\"https:\/\/lottoonline365.com\/it\/quale-lotteria-offre-le-migliori-probabilita-di-vincita\/\" \/>\n<meta property=\"og:locale\" content=\"it_IT\" \/>\n<meta property=\"og:type\" content=\"article\" \/>\n<meta property=\"og:title\" content=\"Quale lotteria offre le migliori probabilit\u00e0 di vincita?\" \/>\n<meta property=\"og:description\" content=\"Dove le tue probabilit\u00e0 di vincita sono buone Come per ogni altro acquisto, prima di decidere di spendere soldi per un biglietto della lotteria, dovresti valutare attentamente e determinare quale lotteria offre le migliori probabilit\u00e0 di vincita. Cercheremo di rispondere a questa domanda, anche se non \u00e8 una decisione facile e ci sono alcune variabili. [&hellip;]\" \/>\n<meta property=\"og:url\" content=\"https:\/\/lottoonline365.com\/it\/quale-lotteria-offre-le-migliori-probabilita-di-vincita\/\" \/>\n<meta name=\"twitter:card\" content=\"summary_large_image\" \/>\n<meta name=\"twitter:label1\" content=\"Tempo di lettura stimato\" \/>\n\t<meta name=\"twitter:data1\" content=\"3 minuti\" \/>\n<script type=\"application\/ld+json\" class=\"yoast-schema-graph\">{\"@context\":\"https:\\\/\\\/schema.org\",\"@graph\":[{\"@type\":\"WebPage\",\"@id\":\"https:\\\/\\\/lottoonline365.com\\\/it\\\/quale-lotteria-offre-le-migliori-probabilita-di-vincita\\\/\",\"url\":\"https:\\\/\\\/lottoonline365.com\\\/it\\\/quale-lotteria-offre-le-migliori-probabilita-di-vincita\\\/\",\"name\":\"Quale lotteria offre le migliori probabilit\u00e0 di vincita?\",\"isPartOf\":{\"@id\":\"https:\\\/\\\/lottoonline365.com\\\/it\\\/#website\"},\"datePublished\":\"2025-08-04T09:13:44+00:00\",\"breadcrumb\":{\"@id\":\"https:\\\/\\\/lottoonline365.com\\\/it\\\/quale-lotteria-offre-le-migliori-probabilita-di-vincita\\\/#breadcrumb\"},\"inLanguage\":\"it-IT\",\"potentialAction\":[{\"@type\":\"ReadAction\",\"target\":[\"https:\\\/\\\/lottoonline365.com\\\/it\\\/quale-lotteria-offre-le-migliori-probabilita-di-vincita\\\/\"]}]},{\"@type\":\"BreadcrumbList\",\"@id\":\"https:\\\/\\\/lottoonline365.com\\\/it\\\/quale-lotteria-offre-le-migliori-probabilita-di-vincita\\\/#breadcrumb\",\"itemListElement\":[{\"@type\":\"ListItem\",\"position\":1,\"name\":\"Home\",\"item\":\"https:\\\/\\\/lottoonline365.com\\\/it\\\/\"},{\"@type\":\"ListItem\",\"position\":2,\"name\":\"Quale lotteria offre le migliori probabilit\u00e0 di vincita?\"}]},{\"@type\":\"WebSite\",\"@id\":\"https:\\\/\\\/lottoonline365.com\\\/it\\\/#website\",\"url\":\"https:\\\/\\\/lottoonline365.com\\\/it\\\/\",\"name\":\"\",\"description\":\"\",\"potentialAction\":[{\"@type\":\"SearchAction\",\"target\":{\"@type\":\"EntryPoint\",\"urlTemplate\":\"https:\\\/\\\/lottoonline365.com\\\/it\\\/?s={search_term_string}\"},\"query-input\":{\"@type\":\"PropertyValueSpecification\",\"valueRequired\":true,\"valueName\":\"search_term_string\"}}],\"inLanguage\":\"it-IT\"}]}<\/script>\n<!-- \/ Yoast SEO plugin. -->","yoast_head_json":{"title":"Quale lotteria offre le migliori probabilit\u00e0 di vincita?","robots":{"index":"index","follow":"follow","max-snippet":"max-snippet:-1","max-image-preview":"max-image-preview:large","max-video-preview":"max-video-preview:-1"},"canonical":"https:\/\/lottoonline365.com\/it\/quale-lotteria-offre-le-migliori-probabilita-di-vincita\/","og_locale":"it_IT","og_type":"article","og_title":"Quale lotteria offre le migliori probabilit\u00e0 di vincita?","og_description":"Dove le tue probabilit\u00e0 di vincita sono buone Come per ogni altro acquisto, prima di decidere di spendere soldi per un biglietto della lotteria, dovresti valutare attentamente e determinare quale lotteria offre le migliori probabilit\u00e0 di vincita. Cercheremo di rispondere a questa domanda, anche se non \u00e8 una decisione facile e ci sono alcune variabili. [&hellip;]","og_url":"https:\/\/lottoonline365.com\/it\/quale-lotteria-offre-le-migliori-probabilita-di-vincita\/","twitter_card":"summary_large_image","twitter_misc":{"Tempo di lettura stimato":"3 minuti"},"schema":{"@context":"https:\/\/schema.org","@graph":[{"@type":"WebPage","@id":"https:\/\/lottoonline365.com\/it\/quale-lotteria-offre-le-migliori-probabilita-di-vincita\/","url":"https:\/\/lottoonline365.com\/it\/quale-lotteria-offre-le-migliori-probabilita-di-vincita\/","name":"Quale lotteria offre le migliori probabilit\u00e0 di vincita?","isPartOf":{"@id":"https:\/\/lottoonline365.com\/it\/#website"},"datePublished":"2025-08-04T09:13:44+00:00","breadcrumb":{"@id":"https:\/\/lottoonline365.com\/it\/quale-lotteria-offre-le-migliori-probabilita-di-vincita\/#breadcrumb"},"inLanguage":"it-IT","potentialAction":[{"@type":"ReadAction","target":["https:\/\/lottoonline365.com\/it\/quale-lotteria-offre-le-migliori-probabilita-di-vincita\/"]}]},{"@type":"BreadcrumbList","@id":"https:\/\/lottoonline365.com\/it\/quale-lotteria-offre-le-migliori-probabilita-di-vincita\/#breadcrumb","itemListElement":[{"@type":"ListItem","position":1,"name":"Home","item":"https:\/\/lottoonline365.com\/it\/"},{"@type":"ListItem","position":2,"name":"Quale lotteria offre le migliori probabilit\u00e0 di vincita?"}]},{"@type":"WebSite","@id":"https:\/\/lottoonline365.com\/it\/#website","url":"https:\/\/lottoonline365.com\/it\/","name":"","description":"","potentialAction":[{"@type":"SearchAction","target":{"@type":"EntryPoint","urlTemplate":"https:\/\/lottoonline365.com\/it\/?s={search_term_string}"},"query-input":{"@type":"PropertyValueSpecification","valueRequired":true,"valueName":"search_term_string"}}],"inLanguage":"it-IT"}]}},"_links":{"self":[{"href":"https:\/\/lottoonline365.com\/it\/wp-json\/wp\/v2\/pages\/60","targetHints":{"allow":["GET"]}}],"collection":[{"href":"https:\/\/lottoonline365.com\/it\/wp-json\/wp\/v2\/pages"}],"about":[{"href":"https:\/\/lottoonline365.com\/it\/wp-json\/wp\/v2\/types\/page"}],"author":[{"embeddable":true,"href":"https:\/\/lottoonline365.com\/it\/wp-json\/wp\/v2\/users\/1"}],"replies":[{"embeddable":true,"href":"https:\/\/lottoonline365.com\/it\/wp-json\/wp\/v2\/comments?post=60"}],"version-history":[{"count":0,"href":"https:\/\/lottoonline365.com\/it\/wp-json\/wp\/v2\/pages\/60\/revisions"}],"wp:attachment":[{"href":"https:\/\/lottoonline365.com\/it\/wp-json\/wp\/v2\/media?parent=60"}],"curies":[{"name":"wp","href":"https:\/\/api.w.org\/{rel}","templated":true}]}}