{"id":51,"date":"2025-08-04T09:27:16","date_gmt":"2025-08-04T09:27:16","guid":{"rendered":"https:\/\/lottoonline365.com\/il-lotto-online-e-sicuro\/"},"modified":"2025-08-04T09:27:16","modified_gmt":"2025-08-04T09:27:16","slug":"il-lotto-online-e-sicuro","status":"publish","type":"page","link":"https:\/\/lottoonline365.com\/it\/il-lotto-online-e-sicuro\/","title":{"rendered":"Il lotto online \u00e8 sicuro?"},"content":{"rendered":"<h1>Ci si pu\u00f2 fidare del lotto online?<\/h1>\n<p>Molti giocatori ovviamente si preoccupano di questo, il che \u00e8 comprensibile. Quando leggete il nostro articolo, sappiate che l&#8217;aspetto pi\u00f9 importante si trova in fondo a questo post!<\/p>\n<p>Ci sono diverse cose da chiarire sulla sicurezza. Innanzitutto, c&#8217;\u00e8 la questione di come il servizio di <a href=\"index.php?option=com_content&amp;view=article&amp;id=42&amp;Itemid=269&amp;lang=en\">lotteria online<\/a> gestisce i dati dei propri clienti. Se volete giocare al lotto online in modo sicuro, dovreste prima prestare attenzione alla sicurezza dei metodi di pagamento.<\/p>\n<p>\u00c8 importante che per la trasmissione, ad esempio, dei dati delle carte di credito, vengano utilizzati protocolli di crittografia moderni. Di solito, questo pu\u00f2 essere riconosciuto dai suggerimenti forniti in fondo alle pagine web.<\/p>\n<p>Ancora pi\u00f9 importante \u00e8 il fatto che l&#8217;URL del sito web stesso inizi con https:\/\/ &#8211; questo dovrebbe essere il caso di tutti i siti web affidabili in cui vengono effettuati pagamenti di qualsiasi tipo.<\/p>\n<p>Purtroppo, i requisiti sopra menzionati non sono soddisfatti su tutti i siti web, ed \u00e8 uno dei motivi per cui consigliamo RedFoxLotto per l&#8217;acquisto di biglietti della lotteria online. Se <span style=\"text-decoration: underline;\"><a href=\"https:\/\/redfoxlotto.com\/?ref=A8564250A2&amp;medium=lo365\" target=\"_blank\" rel=\"noopener\">visiti la pagina di RedFoxLotto tramite questo link<\/a><\/span>, vedrai l&#8217;indirizzo che inizia con https nella parte superiore del campo URL e il riferimento al protocollo di sicurezza GeoTrust SSL a 128 bit in basso, il protocollo di sicurezza pi\u00f9 aggiornato disponibile.<\/p>\n<h2>Condivisione dei dati dei clienti con terze parti<\/h2>\n<p>Anche questo preoccupa molte persone, ma in questo caso \u00e8 infondato. I dati dei clienti, in particolare la mailing list, sono la risorsa pi\u00f9 preziosa per ogni fornitore. Dopotutto, vuoi &#8220;riattivare&#8221; i tuoi clienti di tanto in tanto tenendoli informati sulle promozioni in corso o su un jackpot particolarmente elevato. Nessun fornitore renderebbe tali dati disponibili a terzi.<\/p>\n<h2>Le aziende acquistano effettivamente biglietti veri?<\/h2>\n<p>Questo \u00e8 un punto molto importante che necessita di una spiegazione dettagliata. La risposta onesta \u00e8: non necessariamente!!! In realt\u00e0, ci sono due modelli utilizzati da diversi fornitori. Ecco quali sono:<\/p>\n<p><strong>1. Acquisto di biglietti veri<\/strong><\/p>\n<p>Questo \u00e8 il metodo migliore dal punto di vista del cliente, utilizzato solo da pochissime aziende oltre a RedFoxLotto. In questo caso, viene acquistato un biglietto vero e proprio e il cliente, in caso di vincita, ha diritto alla lotteria vera e propria. Non c&#8217;\u00e8 bisogno di preoccuparsi di non essere pagato.<\/p>\n<p><strong>2. Il metodo assicurativo<\/strong><\/p>\n<p>Con questo metodo, il cliente praticamente scommette sull&#8217;esito della lotteria. Naturalmente, il venditore vuole tutelarsi dalla possibilit\u00e0 che uno dei suoi clienti possa vincere alla grande, causando cos\u00ec l&#8217;insolvenza del venditore. Pertanto, il venditore stipula un contratto con una compagnia assicurativa e paga un premio assicurativo mensile. In caso di vincita importante, l&#8217;assicurazione rimborsa l&#8217;importo vinto. Lo svantaggio \u00e8 che queste polizze a volte prevedono un limite massimo di rischio. Ci\u00f2 significa che, in caso di un <a href=\"https:\/\/lottoonline365.com\/it\/consigli-per-i-giocatori\/quale-lotteria-ha-i-jackpot-piu-grandi-del-mondo\">jackpot particolarmente alto<\/a>, l&#8217;assicurazione potrebbe coprire solo una parte della vincita effettiva.<\/p>\n<p>In fin dei conti, al cliente che gioca alla lotteria online non importa quale metodo utilizzi il venditore, purch\u00e9 venga pagato in caso di vincita. Tuttavia, alla luce di quanto sopra, dovrebbe essere chiaro che il primo metodo mette il cliente in una posizione migliore ed \u00e8 quindi preferibile.<\/p>\n<p>Ecco perch\u00e9 consigliamo RedFoxLotto per l&#8217;acquisto di biglietti della lotteria internazionale. <span style=\"text-decoration: underline;\"><a href=\"https:\/\/redfoxlotto.com\/?ref=A8564250A2&amp;medium=lo365\" target=\"_blank\" rel=\"noopener\">Tenta la fortuna e clicca qui<\/a><\/span> &#8211; qualcuno deve pur vincere il jackpot!<\/p>\n","protected":false},"excerpt":{"rendered":"<p>Ci si pu\u00f2 fidare del lotto online? Molti giocatori ovviamente si preoccupano di questo, il che \u00e8 comprensibile. Quando leggete il nostro articolo, sappiate che l&#8217;aspetto pi\u00f9 importante si trova in fondo a questo post! Ci sono diverse cose da chiarire sulla sicurezza. Innanzitutto, c&#8217;\u00e8 la questione di come il servizio di lotteria online gestisce [&hellip;]<\/p>\n","protected":false},"author":1,"featured_media":0,"parent":0,"menu_order":0,"comment_status":"closed","ping_status":"closed","template":"","meta":{"footnotes":""},"class_list":["post-51","page","type-page","status-publish","hentry"],"blocksy_meta":[],"yoast_head":"<!-- This site is optimized with the Yoast SEO plugin v27.3 - https:\/\/yoast.com\/product\/yoast-seo-wordpress\/ -->\n<title>Il lotto online \u00e8 sicuro e affidabile?<\/title>\n<meta name=\"robots\" content=\"index, follow, max-snippet:-1, max-image-preview:large, max-video-preview:-1\" \/>\n<link rel=\"canonical\" href=\"https:\/\/lottoonline365.com\/it\/il-lotto-online-e-sicuro\/\" \/>\n<meta property=\"og:locale\" content=\"it_IT\" \/>\n<meta property=\"og:type\" content=\"article\" \/>\n<meta property=\"og:title\" content=\"Il lotto online \u00e8 sicuro e affidabile?\" \/>\n<meta property=\"og:description\" content=\"Ci si pu\u00f2 fidare del lotto online? Molti giocatori ovviamente si preoccupano di questo, il che \u00e8 comprensibile. Quando leggete il nostro articolo, sappiate che l&#8217;aspetto pi\u00f9 importante si trova in fondo a questo post! Ci sono diverse cose da chiarire sulla sicurezza. Innanzitutto, c&#8217;\u00e8 la questione di come il servizio di lotteria online gestisce [&hellip;]\" \/>\n<meta property=\"og:url\" content=\"https:\/\/lottoonline365.com\/it\/il-lotto-online-e-sicuro\/\" \/>\n<meta name=\"twitter:card\" content=\"summary_large_image\" \/>\n<meta name=\"twitter:label1\" content=\"Tempo di lettura stimato\" \/>\n\t<meta name=\"twitter:data1\" content=\"3 minuti\" \/>\n<script type=\"application\/ld+json\" class=\"yoast-schema-graph\">{\"@context\":\"https:\\\/\\\/schema.org\",\"@graph\":[{\"@type\":\"WebPage\",\"@id\":\"https:\\\/\\\/lottoonline365.com\\\/it\\\/il-lotto-online-e-sicuro\\\/\",\"url\":\"https:\\\/\\\/lottoonline365.com\\\/it\\\/il-lotto-online-e-sicuro\\\/\",\"name\":\"Il lotto online \u00e8 sicuro e affidabile?\",\"isPartOf\":{\"@id\":\"https:\\\/\\\/lottoonline365.com\\\/it\\\/#website\"},\"datePublished\":\"2025-08-04T09:27:16+00:00\",\"breadcrumb\":{\"@id\":\"https:\\\/\\\/lottoonline365.com\\\/it\\\/il-lotto-online-e-sicuro\\\/#breadcrumb\"},\"inLanguage\":\"it-IT\",\"potentialAction\":[{\"@type\":\"ReadAction\",\"target\":[\"https:\\\/\\\/lottoonline365.com\\\/it\\\/il-lotto-online-e-sicuro\\\/\"]}]},{\"@type\":\"BreadcrumbList\",\"@id\":\"https:\\\/\\\/lottoonline365.com\\\/it\\\/il-lotto-online-e-sicuro\\\/#breadcrumb\",\"itemListElement\":[{\"@type\":\"ListItem\",\"position\":1,\"name\":\"Home\",\"item\":\"https:\\\/\\\/lottoonline365.com\\\/it\\\/\"},{\"@type\":\"ListItem\",\"position\":2,\"name\":\"Il lotto online \u00e8 sicuro?\"}]},{\"@type\":\"WebSite\",\"@id\":\"https:\\\/\\\/lottoonline365.com\\\/it\\\/#website\",\"url\":\"https:\\\/\\\/lottoonline365.com\\\/it\\\/\",\"name\":\"\",\"description\":\"\",\"potentialAction\":[{\"@type\":\"SearchAction\",\"target\":{\"@type\":\"EntryPoint\",\"urlTemplate\":\"https:\\\/\\\/lottoonline365.com\\\/it\\\/?s={search_term_string}\"},\"query-input\":{\"@type\":\"PropertyValueSpecification\",\"valueRequired\":true,\"valueName\":\"search_term_string\"}}],\"inLanguage\":\"it-IT\"}]}<\/script>\n<!-- \/ Yoast SEO plugin. -->","yoast_head_json":{"title":"Il lotto online \u00e8 sicuro e affidabile?","robots":{"index":"index","follow":"follow","max-snippet":"max-snippet:-1","max-image-preview":"max-image-preview:large","max-video-preview":"max-video-preview:-1"},"canonical":"https:\/\/lottoonline365.com\/it\/il-lotto-online-e-sicuro\/","og_locale":"it_IT","og_type":"article","og_title":"Il lotto online \u00e8 sicuro e affidabile?","og_description":"Ci si pu\u00f2 fidare del lotto online? Molti giocatori ovviamente si preoccupano di questo, il che \u00e8 comprensibile. Quando leggete il nostro articolo, sappiate che l&#8217;aspetto pi\u00f9 importante si trova in fondo a questo post! Ci sono diverse cose da chiarire sulla sicurezza. Innanzitutto, c&#8217;\u00e8 la questione di come il servizio di lotteria online gestisce [&hellip;]","og_url":"https:\/\/lottoonline365.com\/it\/il-lotto-online-e-sicuro\/","twitter_card":"summary_large_image","twitter_misc":{"Tempo di lettura stimato":"3 minuti"},"schema":{"@context":"https:\/\/schema.org","@graph":[{"@type":"WebPage","@id":"https:\/\/lottoonline365.com\/it\/il-lotto-online-e-sicuro\/","url":"https:\/\/lottoonline365.com\/it\/il-lotto-online-e-sicuro\/","name":"Il lotto online \u00e8 sicuro e affidabile?","isPartOf":{"@id":"https:\/\/lottoonline365.com\/it\/#website"},"datePublished":"2025-08-04T09:27:16+00:00","breadcrumb":{"@id":"https:\/\/lottoonline365.com\/it\/il-lotto-online-e-sicuro\/#breadcrumb"},"inLanguage":"it-IT","potentialAction":[{"@type":"ReadAction","target":["https:\/\/lottoonline365.com\/it\/il-lotto-online-e-sicuro\/"]}]},{"@type":"BreadcrumbList","@id":"https:\/\/lottoonline365.com\/it\/il-lotto-online-e-sicuro\/#breadcrumb","itemListElement":[{"@type":"ListItem","position":1,"name":"Home","item":"https:\/\/lottoonline365.com\/it\/"},{"@type":"ListItem","position":2,"name":"Il lotto online \u00e8 sicuro?"}]},{"@type":"WebSite","@id":"https:\/\/lottoonline365.com\/it\/#website","url":"https:\/\/lottoonline365.com\/it\/","name":"","description":"","potentialAction":[{"@type":"SearchAction","target":{"@type":"EntryPoint","urlTemplate":"https:\/\/lottoonline365.com\/it\/?s={search_term_string}"},"query-input":{"@type":"PropertyValueSpecification","valueRequired":true,"valueName":"search_term_string"}}],"inLanguage":"it-IT"}]}},"_links":{"self":[{"href":"https:\/\/lottoonline365.com\/it\/wp-json\/wp\/v2\/pages\/51","targetHints":{"allow":["GET"]}}],"collection":[{"href":"https:\/\/lottoonline365.com\/it\/wp-json\/wp\/v2\/pages"}],"about":[{"href":"https:\/\/lottoonline365.com\/it\/wp-json\/wp\/v2\/types\/page"}],"author":[{"embeddable":true,"href":"https:\/\/lottoonline365.com\/it\/wp-json\/wp\/v2\/users\/1"}],"replies":[{"embeddable":true,"href":"https:\/\/lottoonline365.com\/it\/wp-json\/wp\/v2\/comments?post=51"}],"version-history":[{"count":0,"href":"https:\/\/lottoonline365.com\/it\/wp-json\/wp\/v2\/pages\/51\/revisions"}],"wp:attachment":[{"href":"https:\/\/lottoonline365.com\/it\/wp-json\/wp\/v2\/media?parent=51"}],"curies":[{"name":"wp","href":"https:\/\/api.w.org\/{rel}","templated":true}]}}