{"id":48,"date":"2025-08-04T09:28:57","date_gmt":"2025-08-04T09:28:57","guid":{"rendered":"https:\/\/lottoonline365.com\/casa\/"},"modified":"2025-08-26T19:09:33","modified_gmt":"2025-08-26T19:09:33","slug":"casa","status":"publish","type":"page","link":"https:\/\/lottoonline365.com\/it\/","title":{"rendered":"Casa"},"content":{"rendered":"<h1>Acquistare biglietti del lotto online apre nuove possibilit\u00e0<\/h1>\n<p>Invece di concentrarti solo sulla lotteria locale, dovresti anche conoscere le opzioni a tua disposizione per acquistare biglietti del lotto online! Dopotutto, non sei pi\u00f9 dipendente dalle lotterie offerte nel tuo paese.<\/p>\n<p>Oggigiorno puoi partecipare alle estrazioni di tutti i jackpot del mondo, con un biglietto legale al 100% acquistato online. Questo \u00e8 anche un modo estremamente comodo di giocare, con l&#8217;aiuto del servizio di corriere espresso RedFoxLotto. <strong><span style=\"text-decoration: underline;\"><a href=\"https:\/\/redfoxlotto.com\/?ref=A8564250A2&amp;medium=lo365\" target=\"_blank\" rel=\"noopener\">Clicca qui per visitare il sito web di RedFoxLotto<\/a><\/span><\/strong>. Il principio alla base del loro servizio online \u00e8 che RedFoxLotto acquista il biglietto ordinato e ne fornisce una copia scansionata come prova.<\/p>\n<p>Quindi, per acquistare un biglietto per qualsiasi lotteria, non importa pi\u00f9 in quale paese vivi o dove ti trovi attualmente.<\/p>\n<h2>Decine di jackpot molto interessanti<\/h2>\n<p>Se dai un&#8217;occhiata alla tua lotteria nazionale, potresti scoprire che i jackpot sono relativamente bassi. D&#8217;altra parte, se acquisti biglietti della lotteria via Internet, hai la possibilit\u00e0 di scegliere tra una variet\u00e0 di lotterie di molti paesi del mondo.<\/p>\n<p>Sicuramente avrai sentito parlare al telegiornale degli immensi jackpot delle lotterie statunitensi come <a href=\"en\/powerball-usa\">Powerball<\/a> e <a href=\"en\/mega-millions\">MegaMillions<\/a>. Recentemente, negli Stati Uniti \u00e8 stato vinto un jackpot del valore di 1,5 miliardi di dollari. Una cifra del genere \u00e8 difficile anche solo da immaginare, ma il fatto \u00e8 che anche tu puoi ordinare in tutta sicurezza e legalit\u00e0 un biglietto per queste e <a href=\"it\/altri-jackpot-internazionali\/euromillions\" target=\"_blank\" rel=\"noopener\">altre lotterie<\/a> dal tuo Paese.<\/p>\n<p>Certo, il prezzo di un biglietto \u00e8 leggermente pi\u00f9 alto di un biglietto normale a causa delle spese del corriere, ma il rapporto tra il denaro speso e il potenziale profitto \u00e8 di gran lunga migliore. La maggior parte dei giocatori sceglie il <a href=\"it\/altri-jackpot-internazionali\/el-gordo-lotto-spagna\" target=\"_blank\" rel=\"noopener\">jackpot<\/a>, che attualmente ha l&#8217;importo pi\u00f9 alto: questa \u00e8 una strategia del tutto logica e matematicamente corretta!<\/p>\n<h2>La procedura di acquisto del biglietto<\/h2>\n<p><img loading=\"lazy\" decoding=\"async\" src=\"images\/powerball_los.jpg\" width=\"300\" height=\"169\" alt=\"biglietto Powerball\" style=\"margin: 5px; float: right;\" \/>Una volta sul sito web di RedFoxLotto, seleziona prima la lotteria a cui desideri partecipare. Poi scegli i tuoi numeri: non puoi sbagliare, perch\u00e9 il sito web ti dice esattamente quanti numeri principali e numeri aggiuntivi devi spuntare per la lotteria che hai scelto. Inoltre, puoi affidare tutta o parte della selezione al caso e lasciare che un generatore di numeri casuali integrato scelga i numeri per te.<\/p>\n<p>Naturalmente, puoi anche ordinare pi\u00f9 biglietti o giocare a <a href=\"index.php?option=com_content&amp;view=article&amp;id=42&amp;Itemid=269&amp;lang=en\">pi\u00f9 lotterie<\/a>. Allo stesso tempo, hai la possibilit\u00e0 di partecipare alle estrazioni per diverse settimane. Questo \u00e8 particolarmente vantaggioso: in primo luogo, perch\u00e9 RedFoxLotto di solito offre uno sconto se partecipi a pi\u00f9 estrazioni; e in secondo luogo, perch\u00e9 anche un jackpot particolarmente elevato potrebbe non essere vinto all&#8217;estrazione successiva, e con un &#8220;biglietto permanente&#8221; sei automaticamente ancora in lizza per l&#8217;estrazione successiva!<\/p>\n<p>Per completare l&#8217;acquisto, \u00e8 necessario registrarsi su RedFoxLotto e quindi utilizzare uno dei numerosi e sicuri metodi di pagamento. Poco dopo riceverai la conferma e il tuo biglietto.<\/p>\n<p>Se <a href=\"it\/winning-numbers\" target=\"_blank\" rel=\"noopener\">vinci<\/a>, sarai automaticamente avvisato da RedFoxLotto. La vincita per vincite fino a $ 600 verr\u00e0 accreditata sul tuo conto cliente: potrai ricevere il pagamento immediatamente.<\/p>\n<p>Per vincite pi\u00f9 elevate, \u00e8 necessario compilare un semplice modulo e inviarlo a RedFoxLotto via e-mail. Loro lo elaboreranno per te e la Commissione del Lotto ti contatter\u00e0 e, nella maggior parte dei casi, ti invier\u00e0 un assegno.<\/p>\n<p><strong>Vedete, acquistare biglietti del lotto online \u00e8 sicuro quanto acquistare un biglietto nella propria citt\u00e0, ma potenzialmente molto pi\u00f9 redditizio!<\/strong><\/p>\n","protected":false},"excerpt":{"rendered":"<p>Acquistare biglietti del lotto online apre nuove possibilit\u00e0 Invece di concentrarti solo sulla lotteria locale, dovresti anche conoscere le opzioni a tua disposizione per acquistare biglietti del lotto online! Dopotutto, non sei pi\u00f9 dipendente dalle lotterie offerte nel tuo paese. Oggigiorno puoi partecipare alle estrazioni di tutti i jackpot del mondo, con un biglietto legale [&hellip;]<\/p>\n","protected":false},"author":1,"featured_media":0,"parent":0,"menu_order":0,"comment_status":"closed","ping_status":"closed","template":"","meta":{"footnotes":""},"class_list":["post-48","page","type-page","status-publish","hentry"],"blocksy_meta":[],"yoast_head":"<!-- This site is optimized with the Yoast SEO plugin v27.3 - https:\/\/yoast.com\/product\/yoast-seo-wordpress\/ -->\n<title>Acquista i biglietti del Lotto online<\/title>\n<meta name=\"description\" content=\"Acquista online i biglietti ufficiali della lotteria comodamente da casa tua.\" \/>\n<meta name=\"robots\" content=\"index, follow, max-snippet:-1, max-image-preview:large, max-video-preview:-1\" \/>\n<link rel=\"canonical\" href=\"https:\/\/lottoonline365.com\/it\/\" \/>\n<meta property=\"og:locale\" content=\"it_IT\" \/>\n<meta property=\"og:type\" content=\"article\" \/>\n<meta property=\"og:title\" content=\"Acquista i biglietti del Lotto online\" \/>\n<meta property=\"og:description\" content=\"Acquista online i biglietti ufficiali della lotteria comodamente da casa tua.\" \/>\n<meta property=\"og:url\" content=\"https:\/\/lottoonline365.com\/it\/\" \/>\n<meta property=\"article:modified_time\" content=\"2025-08-26T19:09:33+00:00\" \/>\n<meta name=\"twitter:card\" content=\"summary_large_image\" \/>\n<meta name=\"twitter:label1\" content=\"Tempo di lettura stimato\" \/>\n\t<meta name=\"twitter:data1\" content=\"3 minuti\" \/>\n<script type=\"application\/ld+json\" class=\"yoast-schema-graph\">{\"@context\":\"https:\\\/\\\/schema.org\",\"@graph\":[{\"@type\":\"WebPage\",\"@id\":\"https:\\\/\\\/lottoonline365.com\\\/it\\\/\",\"url\":\"https:\\\/\\\/lottoonline365.com\\\/it\\\/\",\"name\":\"Acquista i biglietti del Lotto online\",\"isPartOf\":{\"@id\":\"https:\\\/\\\/lottoonline365.com\\\/it\\\/#website\"},\"datePublished\":\"2025-08-04T09:28:57+00:00\",\"dateModified\":\"2025-08-26T19:09:33+00:00\",\"description\":\"Acquista online i biglietti ufficiali della lotteria comodamente da casa tua.\",\"breadcrumb\":{\"@id\":\"https:\\\/\\\/lottoonline365.com\\\/it\\\/#breadcrumb\"},\"inLanguage\":\"it-IT\",\"potentialAction\":[{\"@type\":\"ReadAction\",\"target\":[\"https:\\\/\\\/lottoonline365.com\\\/it\\\/\"]}]},{\"@type\":\"BreadcrumbList\",\"@id\":\"https:\\\/\\\/lottoonline365.com\\\/it\\\/#breadcrumb\",\"itemListElement\":[{\"@type\":\"ListItem\",\"position\":1,\"name\":\"Home\",\"item\":\"https:\\\/\\\/lottoonline365.com\\\/it\\\/\"},{\"@type\":\"ListItem\",\"position\":2,\"name\":\"Casa\"}]},{\"@type\":\"WebSite\",\"@id\":\"https:\\\/\\\/lottoonline365.com\\\/it\\\/#website\",\"url\":\"https:\\\/\\\/lottoonline365.com\\\/it\\\/\",\"name\":\"\",\"description\":\"\",\"potentialAction\":[{\"@type\":\"SearchAction\",\"target\":{\"@type\":\"EntryPoint\",\"urlTemplate\":\"https:\\\/\\\/lottoonline365.com\\\/it\\\/?s={search_term_string}\"},\"query-input\":{\"@type\":\"PropertyValueSpecification\",\"valueRequired\":true,\"valueName\":\"search_term_string\"}}],\"inLanguage\":\"it-IT\"}]}<\/script>\n<!-- \/ Yoast SEO plugin. -->","yoast_head_json":{"title":"Acquista i biglietti del Lotto online","description":"Acquista online i biglietti ufficiali della lotteria comodamente da casa tua.","robots":{"index":"index","follow":"follow","max-snippet":"max-snippet:-1","max-image-preview":"max-image-preview:large","max-video-preview":"max-video-preview:-1"},"canonical":"https:\/\/lottoonline365.com\/it\/","og_locale":"it_IT","og_type":"article","og_title":"Acquista i biglietti del Lotto online","og_description":"Acquista online i biglietti ufficiali della lotteria comodamente da casa tua.","og_url":"https:\/\/lottoonline365.com\/it\/","article_modified_time":"2025-08-26T19:09:33+00:00","twitter_card":"summary_large_image","twitter_misc":{"Tempo di lettura stimato":"3 minuti"},"schema":{"@context":"https:\/\/schema.org","@graph":[{"@type":"WebPage","@id":"https:\/\/lottoonline365.com\/it\/","url":"https:\/\/lottoonline365.com\/it\/","name":"Acquista i biglietti del Lotto online","isPartOf":{"@id":"https:\/\/lottoonline365.com\/it\/#website"},"datePublished":"2025-08-04T09:28:57+00:00","dateModified":"2025-08-26T19:09:33+00:00","description":"Acquista online i biglietti ufficiali della lotteria comodamente da casa tua.","breadcrumb":{"@id":"https:\/\/lottoonline365.com\/it\/#breadcrumb"},"inLanguage":"it-IT","potentialAction":[{"@type":"ReadAction","target":["https:\/\/lottoonline365.com\/it\/"]}]},{"@type":"BreadcrumbList","@id":"https:\/\/lottoonline365.com\/it\/#breadcrumb","itemListElement":[{"@type":"ListItem","position":1,"name":"Home","item":"https:\/\/lottoonline365.com\/it\/"},{"@type":"ListItem","position":2,"name":"Casa"}]},{"@type":"WebSite","@id":"https:\/\/lottoonline365.com\/it\/#website","url":"https:\/\/lottoonline365.com\/it\/","name":"","description":"","potentialAction":[{"@type":"SearchAction","target":{"@type":"EntryPoint","urlTemplate":"https:\/\/lottoonline365.com\/it\/?s={search_term_string}"},"query-input":{"@type":"PropertyValueSpecification","valueRequired":true,"valueName":"search_term_string"}}],"inLanguage":"it-IT"}]}},"_links":{"self":[{"href":"https:\/\/lottoonline365.com\/it\/wp-json\/wp\/v2\/pages\/48","targetHints":{"allow":["GET"]}}],"collection":[{"href":"https:\/\/lottoonline365.com\/it\/wp-json\/wp\/v2\/pages"}],"about":[{"href":"https:\/\/lottoonline365.com\/it\/wp-json\/wp\/v2\/types\/page"}],"author":[{"embeddable":true,"href":"https:\/\/lottoonline365.com\/it\/wp-json\/wp\/v2\/users\/1"}],"replies":[{"embeddable":true,"href":"https:\/\/lottoonline365.com\/it\/wp-json\/wp\/v2\/comments?post=48"}],"version-history":[{"count":1,"href":"https:\/\/lottoonline365.com\/it\/wp-json\/wp\/v2\/pages\/48\/revisions"}],"predecessor-version":[{"id":241,"href":"https:\/\/lottoonline365.com\/it\/wp-json\/wp\/v2\/pages\/48\/revisions\/241"}],"wp:attachment":[{"href":"https:\/\/lottoonline365.com\/it\/wp-json\/wp\/v2\/media?parent=48"}],"curies":[{"name":"wp","href":"https:\/\/api.w.org\/{rel}","templated":true}]}}