{"id":254,"date":"2025-08-04T09:28:57","date_gmt":"2025-08-04T09:28:57","guid":{"rendered":"https:\/\/lottoonline365.com\/otthon\/"},"modified":"2025-08-04T09:28:57","modified_gmt":"2025-08-04T09:28:57","slug":"otthon","status":"publish","type":"page","link":"https:\/\/lottoonline365.com\/hu\/","title":{"rendered":"Otthon"},"content":{"rendered":"<h2>Az online lott\u00f3szelv\u00e9nyek v\u00e1s\u00e1rl\u00e1sa t\u00f6bb lehet\u0151s\u00e9get nyit meg<\/h2>\n<p>Ahelyett, hogy csak a helyi lott\u00f3ra koncentr\u00e1lna, \u00e9rdemes t\u00e1j\u00e9koz\u00f3dnia a lott\u00f3szelv\u00e9nyek online v\u00e1s\u00e1rl\u00e1s\u00e1nak lehet\u0151s\u00e9geir\u0151l is! V\u00e9g\u00fcl is m\u00e1r nem f\u00fcgg a saj\u00e1t orsz\u00e1g\u00e1ban k\u00edn\u00e1lt lott\u00f3kt\u00f3l.<\/p>\n<p>Manaps\u00e1g m\u00e1r r\u00e9szt vehet a vil\u00e1g \u00f6sszes jackpotj\u00e1nak sorsol\u00e1s\u00e1n \u2013 egy 100%-ban leg\u00e1lis, online v\u00e1s\u00e1rolt szelv\u00e9nnyel. Ez egy rendk\u00edv\u00fcl k\u00e9nyelmes j\u00e1t\u00e9km\u00f3d is a RedFoxLotto lott\u00f3fut\u00e1rszolg\u00e1lat\u00e1nak seg\u00edts\u00e9g\u00e9vel. <strong><span style=\"text-decoration: underline;\"><a href=\"https:\/\/redfoxlotto.com\/?ref=A8564250A2&amp;medium=lo365\" target=\"_blank\" rel=\"noopener\">Kattintson ide a RedFoxLotto weboldal\u00e1nak felkeres\u00e9s\u00e9hez<\/a><\/span><\/strong>. Online szolg\u00e1ltat\u00e1suk m\u00f6g\u00f6tt az az elv \u00e1ll, hogy a RedFoxLotto megv\u00e1s\u00e1rolja a megrendelt szelv\u00e9nyt, majd annak szkennelt m\u00e1solat\u00e1t bizony\u00edt\u00e9kk\u00e9nt \u00e1tadja \u00d6nnek.<\/p>\n<p>Teh\u00e1t, ha lott\u00f3szelv\u00e9nyt szeretne v\u00e1s\u00e1rolni, m\u00e1r nem sz\u00e1m\u00edt, melyik orsz\u00e1gban \u00e9l, vagy hol tart\u00f3zkodik jelenleg.<\/p>\n<h2>T\u00f6bb tucat vonz\u00f3 jackpot<\/h2>\n<p>Ha megn\u00e9zi a nemzeti lott\u00f3j\u00e1t, azt tapasztalhatja, hogy a jackpotok viszonylag alacsonyak. M\u00e1sr\u00e9szt, ha interneten kereszt\u00fcl v\u00e1s\u00e1rol lott\u00f3szelv\u00e9nyt, szabadon v\u00e1laszthat a vil\u00e1g sz\u00e1mos orsz\u00e1g\u00e1b\u00f3l sz\u00e1rmaz\u00f3 lott\u00f3k k\u00f6z\u00fcl.<\/p>\n<p>Biztosan hallott m\u00e1r a h\u00edrekben az amerikai lott\u00f3k, p\u00e9ld\u00e1ul a <a href=\"en\/powerball-usa\">Powerball<\/a> \u00e9s a <a href=\"en\/mega-millions\">MegaMillions<\/a> hatalmas jackpotjair\u00f3l. Nemr\u00e9giben 1,5 milli\u00e1rd amerikai doll\u00e1r \u00e9rt\u00e9k\u0171 jackpotot nyertek az Egyes\u00fclt \u00c1llamokban. Egy ekkora \u00f6sszeget elk\u00e9pzelni is neh\u00e9z, de a helyzet az, hogy te is biztons\u00e1gosan \u00e9s leg\u00e1lisan rendelhetsz szelv\u00e9nyt ezekre \u00e9s <a href=\"en\/more-international-jackpots\/euromillions\" target=\"_blank\" rel=\"noopener\">m\u00e1s lott\u00f3kra<\/a> a saj\u00e1t orsz\u00e1godb\u00f3l.<\/p>\n<p>Term\u00e9szetesen egy szelv\u00e9ny \u00e1ra valamivel magasabb, mint egy norm\u00e1l szelv\u00e9ny\u00e9 a fut\u00e1rszolg\u00e1lat k\u00f6lts\u00e9gei miatt, de a kifizetett p\u00e9nz \u00e9s a potenci\u00e1lis profit k\u00f6z\u00f6tti ar\u00e1ny sokszor jobb. A legt\u00f6bb j\u00e1t\u00e9kos a <a href=\"en\/more-international-jackpots\/el-gordo-lotto-spain\" target=\"_blank\" rel=\"noopener\">jackpotot<\/a> v\u00e1lasztja, amely jelenleg a legmagasabb \u00f6sszeggel rendelkezik &#8211; ez egy teljesen logikus \u00e9s matematikailag helyes strat\u00e9gia!<\/p>\n<h2>A szelv\u00e9nyv\u00e1s\u00e1rl\u00e1s menete<\/h2>\n<p><img loading=\"lazy\" decoding=\"async\" style=\"margin: 5px; float: right;\" src=\"images\/powerball_los.jpg\" alt=\"powerball ticket\" width=\"300\" height=\"169\" \/>Miut\u00e1n a RedFoxLotto weboldal\u00e1n j\u00e1rt, el\u0151sz\u00f6r v\u00e1lassza ki a lott\u00f3t, amelyen r\u00e9szt szeretne venni. Ezut\u00e1n v\u00e1lassza ki a sz\u00e1mait \u2013 nem t\u00e9vedhet, mert a weboldal pontosan megmondja, hogy h\u00e1ny f\u0151- \u00e9s kieg\u00e9sz\u00edt\u0151 sz\u00e1mot kell kipip\u00e1lnia a kiv\u00e1lasztott lott\u00f3hoz. Ezenk\u00edv\u00fcl a kiv\u00e1laszt\u00e1s eg\u00e9sz\u00e9t vagy egy r\u00e9sz\u00e9t a v\u00e9letlenre b\u00edzhatja, \u00e9s egy integr\u00e1lt v\u00e9letlensz\u00e1m-gener\u00e1torra b\u00edzhatja a sz\u00e1mok kiv\u00e1laszt\u00e1s\u00e1t.<\/p>\n<p>Term\u00e9szetesen t\u00f6bb szelv\u00e9nyt is rendelhet, vagy <a href=\"index.php?option=com_content&amp;view=article&amp;id=42&amp;Itemid=269&amp;lang=en\">t\u00f6bb lott\u00f3n<\/a> is j\u00e1tszhat. Ugyanakkor lehet\u0151s\u00e9ge van t\u00f6bb h\u00e9ten kereszt\u00fcl r\u00e9szt venni a sorsol\u00e1sokon. Ez k\u00fcl\u00f6n\u00f6sen el\u0151ny\u00f6s: el\u0151sz\u00f6r is, mert a RedFoxLotto \u00e1ltal\u00e1ban kedvezm\u00e9nyt k\u00edn\u00e1l, ha t\u00f6bb sorsol\u00e1son vesz r\u00e9szt; m\u00e1sodszor pedig az\u00e9rt, mert m\u00e9g egy k\u00fcl\u00f6n\u00f6sen nagy jackpotot sem biztos, hogy megnyernek a k\u00f6vetkez\u0151 sorsol\u00e1son, \u00e9s egy \u201e\u00e1lland\u00f3 szelv\u00e9nnyel\u201d automatikusan versenyben maradsz a k\u00f6vetkez\u0151 sorsol\u00e1s\u00e9rt!<\/p>\n<p>A v\u00e1s\u00e1rl\u00e1s befejez\u00e9s\u00e9hez regisztr\u00e1lnod kell a RedFoxLotto-n\u00e1l, majd a sz\u00e1mos \u00e9s biztons\u00e1gos fizet\u00e9si m\u00f3d egyik\u00e9t kell haszn\u00e1lnod. R\u00f6vid id\u0151n bel\u00fcl megkapod a visszaigazol\u00e1st \u00e9s a szelv\u00e9nyedet.<\/p>\n<p>Ha <a href=\"en\/winning-numbers\" target=\"_blank\" rel=\"noopener\">nyersz<\/a>, a RedFoxLotto automatikusan \u00e9rtes\u00edt. A 600 doll\u00e1rig terjed\u0151 nyerem\u00e9nyek kifizet\u00e9se j\u00f3v\u00e1\u00edr\u00e1sra ker\u00fcl az \u00fcgyf\u00e9lsz\u00e1ml\u00e1don \u2013 a p\u00e9nzt azonnal kifizetheted.<\/p>\n<p>Nagyobb nyerem\u00e9nyek eset\u00e9n egy egyszer\u0171 \u0171rlapot kell kit\u00f6ltened \u00e9s elk\u00fcldened a RedFoxLotto-nak e-mailben. \u0150k feldolgozz\u00e1k azt helyetted, majd a Lott\u00f3bizotts\u00e1g felveszi veled a kapcsolatot, \u00e9s a legt\u00f6bb esetben csekket is k\u00fcld neked.<\/p>\n<p><strong>Tudja, az online lott\u00f3szelv\u00e9nyek v\u00e1s\u00e1rl\u00e1sa ugyanolyan biztons\u00e1gos, mint a saj\u00e1t v\u00e1ros\u00e1ban \u2013 de potenci\u00e1lisan sokkal j\u00f6vedelmez\u0151bb!<\/strong><\/p>\n","protected":false},"excerpt":{"rendered":"<p>Az online lott\u00f3szelv\u00e9nyek v\u00e1s\u00e1rl\u00e1sa t\u00f6bb lehet\u0151s\u00e9get nyit meg Ahelyett, hogy csak a helyi lott\u00f3ra koncentr\u00e1lna, \u00e9rdemes t\u00e1j\u00e9koz\u00f3dnia a lott\u00f3szelv\u00e9nyek online v\u00e1s\u00e1rl\u00e1s\u00e1nak lehet\u0151s\u00e9geir\u0151l is! V\u00e9g\u00fcl is m\u00e1r nem f\u00fcgg a saj\u00e1t orsz\u00e1g\u00e1ban k\u00edn\u00e1lt lott\u00f3kt\u00f3l. Manaps\u00e1g m\u00e1r r\u00e9szt vehet a vil\u00e1g \u00f6sszes jackpotj\u00e1nak sorsol\u00e1s\u00e1n \u2013 egy 100%-ban leg\u00e1lis, online v\u00e1s\u00e1rolt szelv\u00e9nnyel. Ez egy rendk\u00edv\u00fcl k\u00e9nyelmes j\u00e1t\u00e9km\u00f3d is [&hellip;]<\/p>\n","protected":false},"author":1,"featured_media":0,"parent":0,"menu_order":0,"comment_status":"closed","ping_status":"closed","template":"","meta":{"footnotes":""},"class_list":["post-254","page","type-page","status-publish","hentry"],"blocksy_meta":[],"yoast_head":"<!-- This site is optimized with the Yoast SEO plugin v27.5 - https:\/\/yoast.com\/product\/yoast-seo-wordpress\/ -->\n<title>V\u00e1s\u00e1roljon lott\u00f3szelv\u00e9nyeket online<\/title>\n<meta name=\"description\" content=\"V\u00e1s\u00e1roljon hivatalos lott\u00f3szelv\u00e9nyeket online otthona k\u00e9nyelm\u00e9b\u0151l.\" \/>\n<meta name=\"robots\" content=\"index, follow, max-snippet:-1, max-image-preview:large, max-video-preview:-1\" \/>\n<link rel=\"canonical\" href=\"https:\/\/lottoonline365.com\/hu\/\" \/>\n<meta property=\"og:locale\" content=\"hu_HU\" \/>\n<meta property=\"og:type\" content=\"article\" \/>\n<meta property=\"og:title\" content=\"V\u00e1s\u00e1roljon lott\u00f3szelv\u00e9nyeket online\" \/>\n<meta property=\"og:description\" content=\"V\u00e1s\u00e1roljon hivatalos lott\u00f3szelv\u00e9nyeket online otthona k\u00e9nyelm\u00e9b\u0151l.\" \/>\n<meta property=\"og:url\" content=\"https:\/\/lottoonline365.com\/hu\/\" \/>\n<meta name=\"twitter:card\" content=\"summary_large_image\" \/>\n<meta name=\"twitter:label1\" content=\"Becs\u00fclt olvas\u00e1si id\u0151\" \/>\n\t<meta name=\"twitter:data1\" content=\"4 perc\" \/>\n<script type=\"application\/ld+json\" class=\"yoast-schema-graph\">{\"@context\":\"https:\\\/\\\/schema.org\",\"@graph\":[{\"@type\":\"WebPage\",\"@id\":\"https:\\\/\\\/lottoonline365.com\\\/hu\\\/\",\"url\":\"https:\\\/\\\/lottoonline365.com\\\/hu\\\/\",\"name\":\"V\u00e1s\u00e1roljon lott\u00f3szelv\u00e9nyeket online\",\"isPartOf\":{\"@id\":\"https:\\\/\\\/lottoonline365.com\\\/hu\\\/#website\"},\"datePublished\":\"2025-08-04T09:28:57+00:00\",\"description\":\"V\u00e1s\u00e1roljon hivatalos lott\u00f3szelv\u00e9nyeket online otthona k\u00e9nyelm\u00e9b\u0151l.\",\"breadcrumb\":{\"@id\":\"https:\\\/\\\/lottoonline365.com\\\/hu\\\/#breadcrumb\"},\"inLanguage\":\"hu\",\"potentialAction\":[{\"@type\":\"ReadAction\",\"target\":[\"https:\\\/\\\/lottoonline365.com\\\/hu\\\/\"]}]},{\"@type\":\"BreadcrumbList\",\"@id\":\"https:\\\/\\\/lottoonline365.com\\\/hu\\\/#breadcrumb\",\"itemListElement\":[{\"@type\":\"ListItem\",\"position\":1,\"name\":\"Home\",\"item\":\"https:\\\/\\\/lottoonline365.com\\\/hu\\\/\"},{\"@type\":\"ListItem\",\"position\":2,\"name\":\"Otthon\"}]},{\"@type\":\"WebSite\",\"@id\":\"https:\\\/\\\/lottoonline365.com\\\/hu\\\/#website\",\"url\":\"https:\\\/\\\/lottoonline365.com\\\/hu\\\/\",\"name\":\"\",\"description\":\"\",\"potentialAction\":[{\"@type\":\"SearchAction\",\"target\":{\"@type\":\"EntryPoint\",\"urlTemplate\":\"https:\\\/\\\/lottoonline365.com\\\/hu\\\/?s={search_term_string}\"},\"query-input\":{\"@type\":\"PropertyValueSpecification\",\"valueRequired\":true,\"valueName\":\"search_term_string\"}}],\"inLanguage\":\"hu\"}]}<\/script>\n<!-- \/ Yoast SEO plugin. -->","yoast_head_json":{"title":"V\u00e1s\u00e1roljon lott\u00f3szelv\u00e9nyeket online","description":"V\u00e1s\u00e1roljon hivatalos lott\u00f3szelv\u00e9nyeket online otthona k\u00e9nyelm\u00e9b\u0151l.","robots":{"index":"index","follow":"follow","max-snippet":"max-snippet:-1","max-image-preview":"max-image-preview:large","max-video-preview":"max-video-preview:-1"},"canonical":"https:\/\/lottoonline365.com\/hu\/","og_locale":"hu_HU","og_type":"article","og_title":"V\u00e1s\u00e1roljon lott\u00f3szelv\u00e9nyeket online","og_description":"V\u00e1s\u00e1roljon hivatalos lott\u00f3szelv\u00e9nyeket online otthona k\u00e9nyelm\u00e9b\u0151l.","og_url":"https:\/\/lottoonline365.com\/hu\/","twitter_card":"summary_large_image","twitter_misc":{"Becs\u00fclt olvas\u00e1si id\u0151":"4 perc"},"schema":{"@context":"https:\/\/schema.org","@graph":[{"@type":"WebPage","@id":"https:\/\/lottoonline365.com\/hu\/","url":"https:\/\/lottoonline365.com\/hu\/","name":"V\u00e1s\u00e1roljon lott\u00f3szelv\u00e9nyeket online","isPartOf":{"@id":"https:\/\/lottoonline365.com\/hu\/#website"},"datePublished":"2025-08-04T09:28:57+00:00","description":"V\u00e1s\u00e1roljon hivatalos lott\u00f3szelv\u00e9nyeket online otthona k\u00e9nyelm\u00e9b\u0151l.","breadcrumb":{"@id":"https:\/\/lottoonline365.com\/hu\/#breadcrumb"},"inLanguage":"hu","potentialAction":[{"@type":"ReadAction","target":["https:\/\/lottoonline365.com\/hu\/"]}]},{"@type":"BreadcrumbList","@id":"https:\/\/lottoonline365.com\/hu\/#breadcrumb","itemListElement":[{"@type":"ListItem","position":1,"name":"Home","item":"https:\/\/lottoonline365.com\/hu\/"},{"@type":"ListItem","position":2,"name":"Otthon"}]},{"@type":"WebSite","@id":"https:\/\/lottoonline365.com\/hu\/#website","url":"https:\/\/lottoonline365.com\/hu\/","name":"","description":"","potentialAction":[{"@type":"SearchAction","target":{"@type":"EntryPoint","urlTemplate":"https:\/\/lottoonline365.com\/hu\/?s={search_term_string}"},"query-input":{"@type":"PropertyValueSpecification","valueRequired":true,"valueName":"search_term_string"}}],"inLanguage":"hu"}]}},"_links":{"self":[{"href":"https:\/\/lottoonline365.com\/hu\/wp-json\/wp\/v2\/pages\/254","targetHints":{"allow":["GET"]}}],"collection":[{"href":"https:\/\/lottoonline365.com\/hu\/wp-json\/wp\/v2\/pages"}],"about":[{"href":"https:\/\/lottoonline365.com\/hu\/wp-json\/wp\/v2\/types\/page"}],"author":[{"embeddable":true,"href":"https:\/\/lottoonline365.com\/hu\/wp-json\/wp\/v2\/users\/1"}],"replies":[{"embeddable":true,"href":"https:\/\/lottoonline365.com\/hu\/wp-json\/wp\/v2\/comments?post=254"}],"version-history":[{"count":0,"href":"https:\/\/lottoonline365.com\/hu\/wp-json\/wp\/v2\/pages\/254\/revisions"}],"wp:attachment":[{"href":"https:\/\/lottoonline365.com\/hu\/wp-json\/wp\/v2\/media?parent=254"}],"curies":[{"name":"wp","href":"https:\/\/api.w.org\/{rel}","templated":true}]}}