{"id":244,"date":"2025-08-04T09:28:57","date_gmt":"2025-08-04T09:28:57","guid":{"rendered":"https:\/\/lottoonline365.com\/dom\/"},"modified":"2025-08-04T09:28:57","modified_gmt":"2025-08-04T09:28:57","slug":"dom","status":"publish","type":"page","link":"https:\/\/lottoonline365.com\/hr\/","title":{"rendered":"Dom"},"content":{"rendered":"<h2>Kupnja loto listi\u0107a online otvara vi\u0161e mogu\u0107nosti<\/h2>\n<p>Umjesto da se usredoto\u010dite samo na svoju lokalnu lutriju, trebali biste znati i o svojim mogu\u0107nostima kupnje loto listi\u0107a online! Uostalom, vi\u0161e niste ovisni o lutrijama koje se nude u va\u0161oj zemlji.<\/p>\n<p>Danas mo\u017eete sudjelovati u izvla\u010denjima svih jackpotova na svijetu &#8211; sa 100% legalnim listi\u0107em koji ste kupili online. Ovo je tako\u0111er izuzetno udoban na\u010din igranja, uz pomo\u0107 loto kurirske slu\u017ebe RedFoxLotto. <strong><span style=\"text-decoration: underline;\"><a href=\"https:\/\/redfoxlotto.com\/?ref=A8564250A2&amp;medium=lo365\" target=\"_blank\" rel=\"noopener\">Kliknite ovdje da biste posjetili web stranicu RedFoxLotto<\/a><\/span><\/strong>. Princip njihove online usluge je da RedFoxLotto kupi listi\u0107 koji ste naru\u010dili, a zatim vam pru\u017ei skeniranu kopiju va\u0161eg listi\u0107a kao dokaz.<\/p>\n<p>Dakle, kako biste kupili sre\u0107ku za bilo koju lutriju, vi\u0161e nije va\u017eno u kojoj zemlji \u017eivite ili gdje se trenutno nalazite.<\/p>\n<h2>Deseci vrlo atraktivnih jackpotova<\/h2>\n<p>Ako pogledate svoju nacionalnu lutriju, mo\u017eete otkriti da su jackpotovi relativno niski. S druge strane, ako kupujete sre\u0107ke putem interneta, imate slobodan izbor izme\u0111u raznih lutrija iz mnogih zemalja svijeta.<\/p>\n<p>Sigurno ste \u010duli vijesti o ogromnim jackpotovima ameri\u010dkih lutrija poput <a href=\"en\/powerball-usa\">Powerball <\/a>i <a href=\"en\/mega-millions\">MegaMillions<\/a>. Nedavno je u SAD-u osvojen jackpot vrijedan 1,5 milijardi ameri\u010dkih dolara. Takav iznos te\u0161ko je i zamisliti, ali \u010dinjenica je da i vi mo\u017eete sigurno i legalno naru\u010diti listi\u0107 za ove i <a href=\"en\/more-international-jackpots\/euromillions\" target=\"_blank\" rel=\"noopener\">druge lutrije<\/a> iz vlastite zemlje.<\/p>\n<p>Naravno, cijena listi\u0107a je ne\u0161to vi\u0161a od obi\u010dnog listi\u0107a zbog tro\u0161kova kurirske slu\u017ebe, ali odnos izme\u0111u potro\u0161enog novca i potencijalne dobiti je vi\u0161estruko bolji. Ve\u0107ina igra\u010da bira <a href=\"en\/more-international-jackpots\/el-gordo-lotto-spain\" target=\"_blank\" rel=\"noopener\">jackpot <\/a>koji trenutno ima najve\u0107i iznos &#8211; ovo je potpuno logi\u010dna i matemati\u010dki ispravna strategija!<\/p>\n<h2>Postupak kupnje listi\u0107a<\/h2>\n<p><img loading=\"lazy\" decoding=\"async\" style=\"margin: 5px; float: right;\" src=\"images\/powerball_los.jpg\" alt=\"powerball tiket\" width=\"300\" height=\"169\" \/>Nakon \u0161to se na\u0111ete na web stranici RedFoxLotto, prvo odaberite lutriju u kojoj \u017eelite sudjelovati. Zatim odaberite svoje brojeve &#8211; ne mo\u017eete pogrije\u0161iti, jer vam web stranica to\u010dno govori koliko glavnih i dodatnih brojeva trebate ozna\u010diti za lutriju koju ste odabrali. Osim toga, mo\u017eete prepustiti cijeli ili dio odabira slu\u010daju i pustiti integrirani generator slu\u010dajnih brojeva da odabere brojeve za vas.<\/p>\n<p>Naravno, mo\u017eete naru\u010diti i vi\u0161e listi\u0107a ili igrati <a href=\"index.php?option=com_content&amp;view=article&amp;id=42&amp;Itemid=269&amp;lang=en\">vi\u0161e lutrija<\/a>. Istovremeno, imate mogu\u0107nost sudjelovanja u izvla\u010denjima nekoliko tjedana. To je posebno korisno: prvo, jer vam RedFoxLotto obi\u010dno nudi popust ako sudjelujete u vi\u0161e izvla\u010denja; i drugo, jer \u010dak ni posebno veliki jackpot mo\u017eda ne\u0107e biti osvojen na sljede\u0107em izvla\u010denju, a s &#8220;trajnom sre\u0107kom&#8221; automatski ste i dalje u utrci za sljede\u0107e izvla\u010denje!<\/p>\n<p>Za dovr\u0161etak kupnje potrebno je registrirati se na RedFoxLotto, a zatim koristiti jednu od brojnih i sigurnih metoda pla\u0107anja. Ubrzo nakon toga primit \u0107ete potvrdu i svoju sre\u0107ku.<\/p>\n<p>Ako <a href=\"en\/winning-numbers\" target=\"_blank\" rel=\"noopener\">pobijedite<\/a>, RedFoxLotto \u0107e vas automatski obavijestiti. Isplata dobitaka do 600 USD bit \u0107e upla\u0107ena na va\u0161 korisni\u010dki ra\u010dun &#8211; novac vam mo\u017ee biti odmah ispla\u0107en.<\/p>\n<p>Za ve\u0107e dobitke postoji jednostavan obrazac koji treba ispuniti i poslati RedFoxLotto e-po\u0161tom. Oni \u0107e ga obraditi za vas, a Loto komisija \u0107e vas zatim kontaktirati i, u ve\u0107ini slu\u010dajeva, poslati vam \u010dek.<\/p>\n<p><strong>Vidite, kupnja loto listi\u0107a online jednako je sigurna kao i kupnja listi\u0107a u va\u0161em gradu &#8211; ali potencijalno puno unosnija!<\/strong><\/p>\n","protected":false},"excerpt":{"rendered":"<p>Kupnja loto listi\u0107a online otvara vi\u0161e mogu\u0107nosti Umjesto da se usredoto\u010dite samo na svoju lokalnu lutriju, trebali biste znati i o svojim mogu\u0107nostima kupnje loto listi\u0107a online! Uostalom, vi\u0161e niste ovisni o lutrijama koje se nude u va\u0161oj zemlji. Danas mo\u017eete sudjelovati u izvla\u010denjima svih jackpotova na svijetu &#8211; sa 100% legalnim listi\u0107em koji ste [&hellip;]<\/p>\n","protected":false},"author":1,"featured_media":0,"parent":0,"menu_order":0,"comment_status":"closed","ping_status":"closed","template":"","meta":{"footnotes":""},"class_list":["post-244","page","type-page","status-publish","hentry"],"blocksy_meta":[],"yoast_head":"<!-- This site is optimized with the Yoast SEO plugin v27.5 - https:\/\/yoast.com\/product\/yoast-seo-wordpress\/ -->\n<title>Kupite loto karte online<\/title>\n<meta name=\"description\" content=\"Kupite slu\u017ebene lutrijske karte online iz udobnosti svog doma.\" \/>\n<meta name=\"robots\" content=\"index, follow, max-snippet:-1, max-image-preview:large, max-video-preview:-1\" \/>\n<link rel=\"canonical\" href=\"https:\/\/lottoonline365.com\/hr\/\" \/>\n<meta property=\"og:locale\" content=\"hr_HR\" \/>\n<meta property=\"og:type\" content=\"article\" \/>\n<meta property=\"og:title\" content=\"Kupite loto karte online\" \/>\n<meta property=\"og:description\" content=\"Kupite slu\u017ebene lutrijske karte online iz udobnosti svog doma.\" \/>\n<meta property=\"og:url\" content=\"https:\/\/lottoonline365.com\/hr\/\" \/>\n<meta name=\"twitter:card\" content=\"summary_large_image\" \/>\n<meta name=\"twitter:label1\" content=\"Procijenjeno vrijeme \u010ditanja\" \/>\n\t<meta name=\"twitter:data1\" content=\"3 minute\" \/>\n<script type=\"application\/ld+json\" class=\"yoast-schema-graph\">{\"@context\":\"https:\\\/\\\/schema.org\",\"@graph\":[{\"@type\":\"WebPage\",\"@id\":\"https:\\\/\\\/lottoonline365.com\\\/hr\\\/\",\"url\":\"https:\\\/\\\/lottoonline365.com\\\/hr\\\/\",\"name\":\"Kupite loto karte online\",\"isPartOf\":{\"@id\":\"https:\\\/\\\/lottoonline365.com\\\/hr\\\/#website\"},\"datePublished\":\"2025-08-04T09:28:57+00:00\",\"description\":\"Kupite slu\u017ebene lutrijske karte online iz udobnosti svog doma.\",\"breadcrumb\":{\"@id\":\"https:\\\/\\\/lottoonline365.com\\\/hr\\\/#breadcrumb\"},\"inLanguage\":\"hr\",\"potentialAction\":[{\"@type\":\"ReadAction\",\"target\":[\"https:\\\/\\\/lottoonline365.com\\\/hr\\\/\"]}]},{\"@type\":\"BreadcrumbList\",\"@id\":\"https:\\\/\\\/lottoonline365.com\\\/hr\\\/#breadcrumb\",\"itemListElement\":[{\"@type\":\"ListItem\",\"position\":1,\"name\":\"Home\",\"item\":\"https:\\\/\\\/lottoonline365.com\\\/hr\\\/\"},{\"@type\":\"ListItem\",\"position\":2,\"name\":\"Dom\"}]},{\"@type\":\"WebSite\",\"@id\":\"https:\\\/\\\/lottoonline365.com\\\/hr\\\/#website\",\"url\":\"https:\\\/\\\/lottoonline365.com\\\/hr\\\/\",\"name\":\"\",\"description\":\"\",\"potentialAction\":[{\"@type\":\"SearchAction\",\"target\":{\"@type\":\"EntryPoint\",\"urlTemplate\":\"https:\\\/\\\/lottoonline365.com\\\/hr\\\/?s={search_term_string}\"},\"query-input\":{\"@type\":\"PropertyValueSpecification\",\"valueRequired\":true,\"valueName\":\"search_term_string\"}}],\"inLanguage\":\"hr\"}]}<\/script>\n<!-- \/ Yoast SEO plugin. -->","yoast_head_json":{"title":"Kupite loto karte online","description":"Kupite slu\u017ebene lutrijske karte online iz udobnosti svog doma.","robots":{"index":"index","follow":"follow","max-snippet":"max-snippet:-1","max-image-preview":"max-image-preview:large","max-video-preview":"max-video-preview:-1"},"canonical":"https:\/\/lottoonline365.com\/hr\/","og_locale":"hr_HR","og_type":"article","og_title":"Kupite loto karte online","og_description":"Kupite slu\u017ebene lutrijske karte online iz udobnosti svog doma.","og_url":"https:\/\/lottoonline365.com\/hr\/","twitter_card":"summary_large_image","twitter_misc":{"Procijenjeno vrijeme \u010ditanja":"3 minute"},"schema":{"@context":"https:\/\/schema.org","@graph":[{"@type":"WebPage","@id":"https:\/\/lottoonline365.com\/hr\/","url":"https:\/\/lottoonline365.com\/hr\/","name":"Kupite loto karte online","isPartOf":{"@id":"https:\/\/lottoonline365.com\/hr\/#website"},"datePublished":"2025-08-04T09:28:57+00:00","description":"Kupite slu\u017ebene lutrijske karte online iz udobnosti svog doma.","breadcrumb":{"@id":"https:\/\/lottoonline365.com\/hr\/#breadcrumb"},"inLanguage":"hr","potentialAction":[{"@type":"ReadAction","target":["https:\/\/lottoonline365.com\/hr\/"]}]},{"@type":"BreadcrumbList","@id":"https:\/\/lottoonline365.com\/hr\/#breadcrumb","itemListElement":[{"@type":"ListItem","position":1,"name":"Home","item":"https:\/\/lottoonline365.com\/hr\/"},{"@type":"ListItem","position":2,"name":"Dom"}]},{"@type":"WebSite","@id":"https:\/\/lottoonline365.com\/hr\/#website","url":"https:\/\/lottoonline365.com\/hr\/","name":"","description":"","potentialAction":[{"@type":"SearchAction","target":{"@type":"EntryPoint","urlTemplate":"https:\/\/lottoonline365.com\/hr\/?s={search_term_string}"},"query-input":{"@type":"PropertyValueSpecification","valueRequired":true,"valueName":"search_term_string"}}],"inLanguage":"hr"}]}},"_links":{"self":[{"href":"https:\/\/lottoonline365.com\/hr\/wp-json\/wp\/v2\/pages\/244","targetHints":{"allow":["GET"]}}],"collection":[{"href":"https:\/\/lottoonline365.com\/hr\/wp-json\/wp\/v2\/pages"}],"about":[{"href":"https:\/\/lottoonline365.com\/hr\/wp-json\/wp\/v2\/types\/page"}],"author":[{"embeddable":true,"href":"https:\/\/lottoonline365.com\/hr\/wp-json\/wp\/v2\/users\/1"}],"replies":[{"embeddable":true,"href":"https:\/\/lottoonline365.com\/hr\/wp-json\/wp\/v2\/comments?post=244"}],"version-history":[{"count":0,"href":"https:\/\/lottoonline365.com\/hr\/wp-json\/wp\/v2\/pages\/244\/revisions"}],"wp:attachment":[{"href":"https:\/\/lottoonline365.com\/hr\/wp-json\/wp\/v2\/media?parent=244"}],"curies":[{"name":"wp","href":"https:\/\/api.w.org\/{rel}","templated":true}]}}