{"id":80,"date":"2025-08-04T09:17:44","date_gmt":"2025-08-04T09:17:44","guid":{"rendered":"https:\/\/lottoonline365.com\/plus-de-jackpots-internationaux\/eurojackpot-lotto\/"},"modified":"2025-08-04T09:17:44","modified_gmt":"2025-08-04T09:17:44","slug":"eurojackpot-lotto","status":"publish","type":"page","link":"https:\/\/lottoonline365.com\/fr\/plus-de-jackpots-internationaux\/eurojackpot-lotto\/","title":{"rendered":"Eurojackpot lotto"},"content":{"rendered":"<h1>Jouez et gagnez \u00e0 l&rsquo;Eurojackpot depuis votre pays de r\u00e9sidence<\/h1>\n<p>L&rsquo;Eurojackpot est une loterie europ\u00e9enne majeure, particuli\u00e8rement populaire car la probabilit\u00e9 math\u00e9matique de remporter le jackpot est tr\u00e8s \u00e9lev\u00e9e par rapport \u00e0 la plupart des autres loteries. Pourtant, l&rsquo;Eurojackpot peut atteindre des sommes consid\u00e9rables r\u00e9guli\u00e8rement. Vous entendez ou lisez peut-\u00eatre parler d&rsquo;Eurojackpot et, \u00e0 chaque fois, la question se pose\u00a0: <strong>Puis-je acheter des billets pour l&rsquo;Eurojackpot en ligne\u00a0?<\/strong><\/p>\n<p>Si vous vivez dans l&rsquo;un des pays europ\u00e9ens participant officiellement \u00e0 cette loterie, vous n&rsquo;avez m\u00eame pas besoin de le faire, car vous pouvez acheter votre billet dans un magasin local. Il en va de m\u00eame si vous \u00eates dans le pays, car les non-r\u00e9sidents sont \u00e9galement autoris\u00e9s \u00e0 acheter des tickets pour l&rsquo;Eurojackpot.<\/p>\n<p>Mais si vous ne r\u00e9sidez pas dans l&rsquo;un des pays participants (\u00e0 savoir\u00a0: l&rsquo;Espagne, l&rsquo;Italie, les Pays-Bas, l&rsquo;Allemagne, la Norv\u00e8ge, la Su\u00e8de, la Finlande, le Danemark, l&rsquo;Islande, la Croatie, la R\u00e9publique tch\u00e8que, la Hongrie, l&rsquo;Estonie, la Lettonie, la Lituanie, la Pologne, la Slovaquie et la Slov\u00e9nie), vous devrez chercher d&rsquo;autres moyens d&rsquo;acheter un ticket.<\/p>\n<p>Et voici la solution\u00a0: achetez simplement votre ticket pour l&rsquo;Eurojackpot en ligne. Il existe une soci\u00e9t\u00e9 appel\u00e9e RedFoxLotto\u00a0: <span style=\"text-decoration: underline;\"><a href=\"https:\/\/redfoxlotto.com\/play\/eurojackpot\/?ref=A8564250A2&amp;medium=lo365\" target=\"_blank\" rel=\"noopener\">cliquez ici pour visiter leur site web<\/a><\/span>. Leur mod\u00e8le \u00e9conomique est aussi simple qu&rsquo;ing\u00e9nieux\u00a0: ils emploient plusieurs agents partout dans le monde qui ach\u00e8tent des billets pour les clients de RedFoxLotto. Vous, le client, pouvez commander autant de billets que vous le souhaitez pour plus de 20 loteries comme le Powerball, le Megamillions, <a href=\"https:\/\/lottoonline365.com\/fr\/plus-de-jackpots-internationaux\/mega-sena-bresil\/\" target=\"_blank\" rel=\"noopener\">Mega-Sena<\/a>, <a href=\"https:\/\/lottoonline365.com\/fr\/plus-de-jackpots-internationaux\/euromillions\/\">Euromillions<\/a>, l&rsquo;Eurojackpot, <a href=\"https:\/\/lottoonline365.com\/en\/more-international-jackpots\/superenalotto\" target=\"_blank\" rel=\"noopener\">Superena<\/a> et bien d&rsquo;autres. Vous pouvez choisir vos propres num\u00e9ros, sans avoir \u00e0 vous soucier de ne pas s\u00e9lectionner tous les num\u00e9ros requis\u00a0: le site web vous rappellera le nombre de num\u00e9ros requis sur votre ticket.<\/p>\n<p>Une fois cela fait, enregistrez votre compte de loterie en ligne, choisissez une option de paiement (toutes leurs options sont parfaitement s\u00e9curis\u00e9es) et recevez rapidement un e-mail de confirmation. Plus besoin de craindre de perdre votre ticket ou d&rsquo;oublier de v\u00e9rifier vos num\u00e9ros\u00a0: si votre ticket est gagnant, vous recevrez \u00e9galement un e-mail. De plus, RedFoxLotto traitera vos gains, sans frais ni commission.<\/p>\n<p>Pourriez-vous imaginer une meilleure id\u00e9e pour satisfaire les fans de loterie du monde entier\u00a0? RedFoxLotto vous offre un choix encore plus vaste\u00a0: acheter des tickets de loterie en ligne vous offre plus de choix. Plus important encore, inutile d&rsquo;attendre que votre loterie nationale atteigne un jackpot cons\u00e9quent. Choisissez simplement la loterie offrant le jackpot le plus \u00e9lev\u00e9 du moment. M\u00eame si l&rsquo;Eurojackpot ne semble pas tr\u00e8s attractif actuellement (m\u00eame si le minimum est toujours de 10 millions d&rsquo;euros), vous trouverez une loterie qui en vaut la peine. Fantastique, n&rsquo;est-ce pas\u00a0?<\/p>\n<p>Consultez la banni\u00e8re \u00e0 droite pour d\u00e9couvrir les meilleurs jackpots du moment, puis rendez-vous sur RedFoxLotto pour jouer et gagner des millions\u00a0!<\/p>\n","protected":false},"excerpt":{"rendered":"<p>Jouez et gagnez \u00e0 l&rsquo;Eurojackpot depuis votre pays de r\u00e9sidence L&rsquo;Eurojackpot est une loterie europ\u00e9enne majeure, particuli\u00e8rement populaire car la probabilit\u00e9 math\u00e9matique de remporter le jackpot est tr\u00e8s \u00e9lev\u00e9e par rapport \u00e0 la plupart des autres loteries. Pourtant, l&rsquo;Eurojackpot peut atteindre des sommes consid\u00e9rables r\u00e9guli\u00e8rement. Vous entendez ou lisez peut-\u00eatre parler d&rsquo;Eurojackpot et, \u00e0 chaque [&hellip;]<\/p>\n","protected":false},"author":1,"featured_media":0,"parent":53,"menu_order":0,"comment_status":"closed","ping_status":"closed","template":"","meta":{"footnotes":""},"class_list":["post-80","page","type-page","status-publish","hentry"],"blocksy_meta":[],"yoast_head":"<!-- This site is optimized with the Yoast SEO plugin v27.5 - https:\/\/yoast.com\/product\/yoast-seo-wordpress\/ -->\n<title>Puis-je acheter des billets Eurojackpot en ligne ?<\/title>\n<meta name=\"robots\" content=\"index, follow, max-snippet:-1, max-image-preview:large, max-video-preview:-1\" \/>\n<link rel=\"canonical\" href=\"https:\/\/lottoonline365.com\/fr\/plus-de-jackpots-internationaux\/eurojackpot-lotto\/\" \/>\n<meta property=\"og:locale\" content=\"fr_FR\" \/>\n<meta property=\"og:type\" content=\"article\" \/>\n<meta property=\"og:title\" content=\"Puis-je acheter des billets Eurojackpot en ligne ?\" \/>\n<meta property=\"og:description\" content=\"Jouez et gagnez \u00e0 l&rsquo;Eurojackpot depuis votre pays de r\u00e9sidence L&rsquo;Eurojackpot est une loterie europ\u00e9enne majeure, particuli\u00e8rement populaire car la probabilit\u00e9 math\u00e9matique de remporter le jackpot est tr\u00e8s \u00e9lev\u00e9e par rapport \u00e0 la plupart des autres loteries. Pourtant, l&rsquo;Eurojackpot peut atteindre des sommes consid\u00e9rables r\u00e9guli\u00e8rement. Vous entendez ou lisez peut-\u00eatre parler d&rsquo;Eurojackpot et, \u00e0 chaque [&hellip;]\" \/>\n<meta property=\"og:url\" content=\"https:\/\/lottoonline365.com\/fr\/plus-de-jackpots-internationaux\/eurojackpot-lotto\/\" \/>\n<meta name=\"twitter:card\" content=\"summary_large_image\" \/>\n<meta name=\"twitter:label1\" content=\"Dur\u00e9e de lecture estim\u00e9e\" \/>\n\t<meta name=\"twitter:data1\" content=\"2 minutes\" \/>\n<script type=\"application\/ld+json\" class=\"yoast-schema-graph\">{\"@context\":\"https:\\\/\\\/schema.org\",\"@graph\":[{\"@type\":\"WebPage\",\"@id\":\"https:\\\/\\\/lottoonline365.com\\\/fr\\\/plus-de-jackpots-internationaux\\\/eurojackpot-lotto\\\/\",\"url\":\"https:\\\/\\\/lottoonline365.com\\\/fr\\\/plus-de-jackpots-internationaux\\\/eurojackpot-lotto\\\/\",\"name\":\"Puis-je acheter des billets Eurojackpot en ligne ?\",\"isPartOf\":{\"@id\":\"https:\\\/\\\/lottoonline365.com\\\/fr\\\/#website\"},\"datePublished\":\"2025-08-04T09:17:44+00:00\",\"breadcrumb\":{\"@id\":\"https:\\\/\\\/lottoonline365.com\\\/fr\\\/plus-de-jackpots-internationaux\\\/eurojackpot-lotto\\\/#breadcrumb\"},\"inLanguage\":\"fr-FR\",\"potentialAction\":[{\"@type\":\"ReadAction\",\"target\":[\"https:\\\/\\\/lottoonline365.com\\\/fr\\\/plus-de-jackpots-internationaux\\\/eurojackpot-lotto\\\/\"]}]},{\"@type\":\"BreadcrumbList\",\"@id\":\"https:\\\/\\\/lottoonline365.com\\\/fr\\\/plus-de-jackpots-internationaux\\\/eurojackpot-lotto\\\/#breadcrumb\",\"itemListElement\":[{\"@type\":\"ListItem\",\"position\":1,\"name\":\"Home\",\"item\":\"https:\\\/\\\/lottoonline365.com\\\/fr\\\/\"},{\"@type\":\"ListItem\",\"position\":2,\"name\":\"Plus de jackpots internationaux\",\"item\":\"https:\\\/\\\/lottoonline365.com\\\/fr\\\/plus-de-jackpots-internationaux\\\/\"},{\"@type\":\"ListItem\",\"position\":3,\"name\":\"Eurojackpot lotto\"}]},{\"@type\":\"WebSite\",\"@id\":\"https:\\\/\\\/lottoonline365.com\\\/fr\\\/#website\",\"url\":\"https:\\\/\\\/lottoonline365.com\\\/fr\\\/\",\"name\":\"\",\"description\":\"\",\"potentialAction\":[{\"@type\":\"SearchAction\",\"target\":{\"@type\":\"EntryPoint\",\"urlTemplate\":\"https:\\\/\\\/lottoonline365.com\\\/fr\\\/?s={search_term_string}\"},\"query-input\":{\"@type\":\"PropertyValueSpecification\",\"valueRequired\":true,\"valueName\":\"search_term_string\"}}],\"inLanguage\":\"fr-FR\"}]}<\/script>\n<!-- \/ Yoast SEO plugin. -->","yoast_head_json":{"title":"Puis-je acheter des billets Eurojackpot en ligne ?","robots":{"index":"index","follow":"follow","max-snippet":"max-snippet:-1","max-image-preview":"max-image-preview:large","max-video-preview":"max-video-preview:-1"},"canonical":"https:\/\/lottoonline365.com\/fr\/plus-de-jackpots-internationaux\/eurojackpot-lotto\/","og_locale":"fr_FR","og_type":"article","og_title":"Puis-je acheter des billets Eurojackpot en ligne ?","og_description":"Jouez et gagnez \u00e0 l&rsquo;Eurojackpot depuis votre pays de r\u00e9sidence L&rsquo;Eurojackpot est une loterie europ\u00e9enne majeure, particuli\u00e8rement populaire car la probabilit\u00e9 math\u00e9matique de remporter le jackpot est tr\u00e8s \u00e9lev\u00e9e par rapport \u00e0 la plupart des autres loteries. Pourtant, l&rsquo;Eurojackpot peut atteindre des sommes consid\u00e9rables r\u00e9guli\u00e8rement. Vous entendez ou lisez peut-\u00eatre parler d&rsquo;Eurojackpot et, \u00e0 chaque [&hellip;]","og_url":"https:\/\/lottoonline365.com\/fr\/plus-de-jackpots-internationaux\/eurojackpot-lotto\/","twitter_card":"summary_large_image","twitter_misc":{"Dur\u00e9e de lecture estim\u00e9e":"2 minutes"},"schema":{"@context":"https:\/\/schema.org","@graph":[{"@type":"WebPage","@id":"https:\/\/lottoonline365.com\/fr\/plus-de-jackpots-internationaux\/eurojackpot-lotto\/","url":"https:\/\/lottoonline365.com\/fr\/plus-de-jackpots-internationaux\/eurojackpot-lotto\/","name":"Puis-je acheter des billets Eurojackpot en ligne ?","isPartOf":{"@id":"https:\/\/lottoonline365.com\/fr\/#website"},"datePublished":"2025-08-04T09:17:44+00:00","breadcrumb":{"@id":"https:\/\/lottoonline365.com\/fr\/plus-de-jackpots-internationaux\/eurojackpot-lotto\/#breadcrumb"},"inLanguage":"fr-FR","potentialAction":[{"@type":"ReadAction","target":["https:\/\/lottoonline365.com\/fr\/plus-de-jackpots-internationaux\/eurojackpot-lotto\/"]}]},{"@type":"BreadcrumbList","@id":"https:\/\/lottoonline365.com\/fr\/plus-de-jackpots-internationaux\/eurojackpot-lotto\/#breadcrumb","itemListElement":[{"@type":"ListItem","position":1,"name":"Home","item":"https:\/\/lottoonline365.com\/fr\/"},{"@type":"ListItem","position":2,"name":"Plus de jackpots internationaux","item":"https:\/\/lottoonline365.com\/fr\/plus-de-jackpots-internationaux\/"},{"@type":"ListItem","position":3,"name":"Eurojackpot lotto"}]},{"@type":"WebSite","@id":"https:\/\/lottoonline365.com\/fr\/#website","url":"https:\/\/lottoonline365.com\/fr\/","name":"","description":"","potentialAction":[{"@type":"SearchAction","target":{"@type":"EntryPoint","urlTemplate":"https:\/\/lottoonline365.com\/fr\/?s={search_term_string}"},"query-input":{"@type":"PropertyValueSpecification","valueRequired":true,"valueName":"search_term_string"}}],"inLanguage":"fr-FR"}]}},"_links":{"self":[{"href":"https:\/\/lottoonline365.com\/fr\/wp-json\/wp\/v2\/pages\/80","targetHints":{"allow":["GET"]}}],"collection":[{"href":"https:\/\/lottoonline365.com\/fr\/wp-json\/wp\/v2\/pages"}],"about":[{"href":"https:\/\/lottoonline365.com\/fr\/wp-json\/wp\/v2\/types\/page"}],"author":[{"embeddable":true,"href":"https:\/\/lottoonline365.com\/fr\/wp-json\/wp\/v2\/users\/1"}],"replies":[{"embeddable":true,"href":"https:\/\/lottoonline365.com\/fr\/wp-json\/wp\/v2\/comments?post=80"}],"version-history":[{"count":0,"href":"https:\/\/lottoonline365.com\/fr\/wp-json\/wp\/v2\/pages\/80\/revisions"}],"up":[{"embeddable":true,"href":"https:\/\/lottoonline365.com\/fr\/wp-json\/wp\/v2\/pages\/53"}],"wp:attachment":[{"href":"https:\/\/lottoonline365.com\/fr\/wp-json\/wp\/v2\/media?parent=80"}],"curies":[{"name":"wp","href":"https:\/\/api.w.org\/{rel}","templated":true}]}}