{"id":77,"date":"2025-08-04T09:19:12","date_gmt":"2025-08-04T09:19:12","guid":{"rendered":"https:\/\/lottoonline365.com\/plus-de-jackpots-internationaux\/euromillions\/"},"modified":"2025-08-04T09:19:12","modified_gmt":"2025-08-04T09:19:12","slug":"euromillions","status":"publish","type":"page","link":"https:\/\/lottoonline365.com\/fr\/plus-de-jackpots-internationaux\/euromillions\/","title":{"rendered":"EuroMillions"},"content":{"rendered":"<h1>L&rsquo;Euromillions est d\u00e9sormais accessible en ligne pour tous\u00a0!<\/h1>\n<p>Lorsque l&rsquo;on entend le nom EuroMillions, on pourrait penser que cette loterie est propos\u00e9e dans toute l&rsquo;Europe. Malheureusement, ce n&rsquo;est pas le cas, car seuls certains pays europ\u00e9ens autorisent la vente de billets classiques en magasin. Et bien s\u00fbr, aucun ticket n&rsquo;est disponible de mani\u00e8re traditionnelle si vous r\u00e9sidez hors d&rsquo;Europe.<\/p>\n<p>Mais cela ne signifie pas qu&rsquo;un joueur de loterie ne r\u00e9sidant pas dans l&rsquo;un de ces pays doit se passer de l&rsquo;EuroMillions\u00a0: vous pouvez toujours <a href=\"index.php?option=com_content&amp;view=article&amp;id=42&amp;Itemid=269&amp;lang=fr\">acheter des tickets pour cette loterie en ligne\u00a0!<\/a><\/p>\n<p>Il existe un fournisseur de loterie en ligne appel\u00e9 RedFoxLotto (<strong><span style=\"text-decoration: underline;\"><a href=\"https:\/\/redfoxlotto.com\/play\/euromillions\/?ref=A8564250A2&amp;medium=lo365\" target=\"_blank\" rel=\"noopener\">cliquez ici pour ouvrir leur site web dans un nouvel onglet<\/a><\/span><\/strong>), qui ach\u00e8te les tickets de votre choix. Commandez et payez en ligne\u00a0; bien s\u00fbr, vous pouvez choisir vos num\u00e9ros librement. Ce fournisseur prend \u00e9galement soin de vous en cas de gain.<\/p>\n<h2>Un fournisseur\u00a0: de nombreuses loteries, des jackpots colossaux<\/h2>\n<p>Chez RedFoxLotto, vous pouvez non seulement obtenir des billets pour l&rsquo;EuroMillions, mais aussi pour plus de 20 autres loteries majeures. Parmi elles, les <a href=\"https:\/\/lottoonline365.com\/en\/mega-millions\" target=\"_blank\" rel=\"noopener\">deux plus grandes loteries am\u00e9ricaines\u00a0: le Powerball et le Mega Millions<\/a>, qui font r\u00e9guli\u00e8rement la une des journaux gr\u00e2ce \u00e0 leurs jackpots d\u00e9passant souvent les 500\u00a0millions de dollars.<\/p>\n<p>Vous pouvez y trouver un jackpot colossal \u00e0 tout moment et les prix des lots, service de livraison compris, sont raisonnables.<\/p>\n<h2>Est-ce vraiment l\u00e9gal\u00a0?<\/h2>\n<p>Oui, tout \u00e0 fait. Si vous \u00e9tiez en vacances aux \u00c9tats-Unis et que vous achetiez un billet Powerball l\u00e0-bas, ou si vous achetiez un billet pour l&rsquo;EuroMillions lors d&rsquo;un s\u00e9jour dans un autre pays europ\u00e9en, cela serait tout \u00e0 fait l\u00e9gal. Si vous gagnez, vous auriez un droit de r\u00e9clamation irr\u00e9vocable envers la loterie. La seule diff\u00e9rence avec RedFoxLotto est que quelqu&rsquo;un d&rsquo;autre ach\u00e8te les billets \u00e0 votre nom.<\/p>\n<h2>Comment fonctionne l&rsquo;EuroMillions\u00a0?<\/h2>\n<p>Vous devez s\u00e9lectionner 5 num\u00e9ros principaux parmi 50, ainsi que des num\u00e9ros \u00e0 2 \u00e9toiles de 1 \u00e0 12. Le jackpot d\u00e9marre toujours \u00e0 14 millions minimum, et le jackpot est plafonn\u00e9 \u00e0 190 millions. Les num\u00e9ros sont tir\u00e9s au sort tous les mardis et vendredis.<\/p>\n","protected":false},"excerpt":{"rendered":"<p>L&rsquo;Euromillions est d\u00e9sormais accessible en ligne pour tous\u00a0! Lorsque l&rsquo;on entend le nom EuroMillions, on pourrait penser que cette loterie est propos\u00e9e dans toute l&rsquo;Europe. Malheureusement, ce n&rsquo;est pas le cas, car seuls certains pays europ\u00e9ens autorisent la vente de billets classiques en magasin. Et bien s\u00fbr, aucun ticket n&rsquo;est disponible de mani\u00e8re traditionnelle si [&hellip;]<\/p>\n","protected":false},"author":1,"featured_media":0,"parent":53,"menu_order":0,"comment_status":"closed","ping_status":"closed","template":"","meta":{"footnotes":""},"class_list":["post-77","page","type-page","status-publish","hentry"],"blocksy_meta":[],"yoast_head":"<!-- This site is optimized with the Yoast SEO plugin v27.5 - https:\/\/yoast.com\/product\/yoast-seo-wordpress\/ -->\n<title>Achetez des billets pour l&#039;Euromillions en ligne - \u00e9galement possible depuis l&#039;ext\u00e9rieur de l&#039;Europe !<\/title>\n<meta name=\"robots\" content=\"index, follow, max-snippet:-1, max-image-preview:large, max-video-preview:-1\" \/>\n<link rel=\"canonical\" href=\"https:\/\/lottoonline365.com\/fr\/plus-de-jackpots-internationaux\/euromillions\/\" \/>\n<meta property=\"og:locale\" content=\"fr_FR\" \/>\n<meta property=\"og:type\" content=\"article\" \/>\n<meta property=\"og:title\" content=\"Achetez des billets pour l&#039;Euromillions en ligne - \u00e9galement possible depuis l&#039;ext\u00e9rieur de l&#039;Europe !\" \/>\n<meta property=\"og:description\" content=\"L&rsquo;Euromillions est d\u00e9sormais accessible en ligne pour tous\u00a0! Lorsque l&rsquo;on entend le nom EuroMillions, on pourrait penser que cette loterie est propos\u00e9e dans toute l&rsquo;Europe. Malheureusement, ce n&rsquo;est pas le cas, car seuls certains pays europ\u00e9ens autorisent la vente de billets classiques en magasin. Et bien s\u00fbr, aucun ticket n&rsquo;est disponible de mani\u00e8re traditionnelle si [&hellip;]\" \/>\n<meta property=\"og:url\" content=\"https:\/\/lottoonline365.com\/fr\/plus-de-jackpots-internationaux\/euromillions\/\" \/>\n<meta name=\"twitter:card\" content=\"summary_large_image\" \/>\n<meta name=\"twitter:label1\" content=\"Dur\u00e9e de lecture estim\u00e9e\" \/>\n\t<meta name=\"twitter:data1\" content=\"2 minutes\" \/>\n<script type=\"application\/ld+json\" class=\"yoast-schema-graph\">{\"@context\":\"https:\\\/\\\/schema.org\",\"@graph\":[{\"@type\":\"WebPage\",\"@id\":\"https:\\\/\\\/lottoonline365.com\\\/fr\\\/plus-de-jackpots-internationaux\\\/euromillions\\\/\",\"url\":\"https:\\\/\\\/lottoonline365.com\\\/fr\\\/plus-de-jackpots-internationaux\\\/euromillions\\\/\",\"name\":\"Achetez des billets pour l'Euromillions en ligne - \u00e9galement possible depuis l'ext\u00e9rieur de l'Europe !\",\"isPartOf\":{\"@id\":\"https:\\\/\\\/lottoonline365.com\\\/fr\\\/#website\"},\"datePublished\":\"2025-08-04T09:19:12+00:00\",\"breadcrumb\":{\"@id\":\"https:\\\/\\\/lottoonline365.com\\\/fr\\\/plus-de-jackpots-internationaux\\\/euromillions\\\/#breadcrumb\"},\"inLanguage\":\"fr-FR\",\"potentialAction\":[{\"@type\":\"ReadAction\",\"target\":[\"https:\\\/\\\/lottoonline365.com\\\/fr\\\/plus-de-jackpots-internationaux\\\/euromillions\\\/\"]}]},{\"@type\":\"BreadcrumbList\",\"@id\":\"https:\\\/\\\/lottoonline365.com\\\/fr\\\/plus-de-jackpots-internationaux\\\/euromillions\\\/#breadcrumb\",\"itemListElement\":[{\"@type\":\"ListItem\",\"position\":1,\"name\":\"Home\",\"item\":\"https:\\\/\\\/lottoonline365.com\\\/fr\\\/\"},{\"@type\":\"ListItem\",\"position\":2,\"name\":\"Plus de jackpots internationaux\",\"item\":\"https:\\\/\\\/lottoonline365.com\\\/fr\\\/plus-de-jackpots-internationaux\\\/\"},{\"@type\":\"ListItem\",\"position\":3,\"name\":\"EuroMillions\"}]},{\"@type\":\"WebSite\",\"@id\":\"https:\\\/\\\/lottoonline365.com\\\/fr\\\/#website\",\"url\":\"https:\\\/\\\/lottoonline365.com\\\/fr\\\/\",\"name\":\"\",\"description\":\"\",\"potentialAction\":[{\"@type\":\"SearchAction\",\"target\":{\"@type\":\"EntryPoint\",\"urlTemplate\":\"https:\\\/\\\/lottoonline365.com\\\/fr\\\/?s={search_term_string}\"},\"query-input\":{\"@type\":\"PropertyValueSpecification\",\"valueRequired\":true,\"valueName\":\"search_term_string\"}}],\"inLanguage\":\"fr-FR\"}]}<\/script>\n<!-- \/ Yoast SEO plugin. -->","yoast_head_json":{"title":"Achetez des billets pour l'Euromillions en ligne - \u00e9galement possible depuis l'ext\u00e9rieur de l'Europe !","robots":{"index":"index","follow":"follow","max-snippet":"max-snippet:-1","max-image-preview":"max-image-preview:large","max-video-preview":"max-video-preview:-1"},"canonical":"https:\/\/lottoonline365.com\/fr\/plus-de-jackpots-internationaux\/euromillions\/","og_locale":"fr_FR","og_type":"article","og_title":"Achetez des billets pour l'Euromillions en ligne - \u00e9galement possible depuis l'ext\u00e9rieur de l'Europe !","og_description":"L&rsquo;Euromillions est d\u00e9sormais accessible en ligne pour tous\u00a0! Lorsque l&rsquo;on entend le nom EuroMillions, on pourrait penser que cette loterie est propos\u00e9e dans toute l&rsquo;Europe. Malheureusement, ce n&rsquo;est pas le cas, car seuls certains pays europ\u00e9ens autorisent la vente de billets classiques en magasin. Et bien s\u00fbr, aucun ticket n&rsquo;est disponible de mani\u00e8re traditionnelle si [&hellip;]","og_url":"https:\/\/lottoonline365.com\/fr\/plus-de-jackpots-internationaux\/euromillions\/","twitter_card":"summary_large_image","twitter_misc":{"Dur\u00e9e de lecture estim\u00e9e":"2 minutes"},"schema":{"@context":"https:\/\/schema.org","@graph":[{"@type":"WebPage","@id":"https:\/\/lottoonline365.com\/fr\/plus-de-jackpots-internationaux\/euromillions\/","url":"https:\/\/lottoonline365.com\/fr\/plus-de-jackpots-internationaux\/euromillions\/","name":"Achetez des billets pour l'Euromillions en ligne - \u00e9galement possible depuis l'ext\u00e9rieur de l'Europe !","isPartOf":{"@id":"https:\/\/lottoonline365.com\/fr\/#website"},"datePublished":"2025-08-04T09:19:12+00:00","breadcrumb":{"@id":"https:\/\/lottoonline365.com\/fr\/plus-de-jackpots-internationaux\/euromillions\/#breadcrumb"},"inLanguage":"fr-FR","potentialAction":[{"@type":"ReadAction","target":["https:\/\/lottoonline365.com\/fr\/plus-de-jackpots-internationaux\/euromillions\/"]}]},{"@type":"BreadcrumbList","@id":"https:\/\/lottoonline365.com\/fr\/plus-de-jackpots-internationaux\/euromillions\/#breadcrumb","itemListElement":[{"@type":"ListItem","position":1,"name":"Home","item":"https:\/\/lottoonline365.com\/fr\/"},{"@type":"ListItem","position":2,"name":"Plus de jackpots internationaux","item":"https:\/\/lottoonline365.com\/fr\/plus-de-jackpots-internationaux\/"},{"@type":"ListItem","position":3,"name":"EuroMillions"}]},{"@type":"WebSite","@id":"https:\/\/lottoonline365.com\/fr\/#website","url":"https:\/\/lottoonline365.com\/fr\/","name":"","description":"","potentialAction":[{"@type":"SearchAction","target":{"@type":"EntryPoint","urlTemplate":"https:\/\/lottoonline365.com\/fr\/?s={search_term_string}"},"query-input":{"@type":"PropertyValueSpecification","valueRequired":true,"valueName":"search_term_string"}}],"inLanguage":"fr-FR"}]}},"_links":{"self":[{"href":"https:\/\/lottoonline365.com\/fr\/wp-json\/wp\/v2\/pages\/77","targetHints":{"allow":["GET"]}}],"collection":[{"href":"https:\/\/lottoonline365.com\/fr\/wp-json\/wp\/v2\/pages"}],"about":[{"href":"https:\/\/lottoonline365.com\/fr\/wp-json\/wp\/v2\/types\/page"}],"author":[{"embeddable":true,"href":"https:\/\/lottoonline365.com\/fr\/wp-json\/wp\/v2\/users\/1"}],"replies":[{"embeddable":true,"href":"https:\/\/lottoonline365.com\/fr\/wp-json\/wp\/v2\/comments?post=77"}],"version-history":[{"count":0,"href":"https:\/\/lottoonline365.com\/fr\/wp-json\/wp\/v2\/pages\/77\/revisions"}],"up":[{"embeddable":true,"href":"https:\/\/lottoonline365.com\/fr\/wp-json\/wp\/v2\/pages\/53"}],"wp:attachment":[{"href":"https:\/\/lottoonline365.com\/fr\/wp-json\/wp\/v2\/media?parent=77"}],"curies":[{"name":"wp","href":"https:\/\/api.w.org\/{rel}","templated":true}]}}