{"id":74,"date":"2025-08-04T09:22:43","date_gmt":"2025-08-04T09:22:43","guid":{"rendered":"https:\/\/lottoonline365.com\/plus-de-jackpots-internationaux\/mega-sena-bresil\/"},"modified":"2025-08-04T09:22:43","modified_gmt":"2025-08-04T09:22:43","slug":"mega-sena-bresil","status":"publish","type":"page","link":"https:\/\/lottoonline365.com\/fr\/plus-de-jackpots-internationaux\/mega-sena-bresil\/","title":{"rendered":"Mega Sena Br\u00e9sil"},"content":{"rendered":"<h1>Mega-Sena offre \u00e9galement des prix importants<\/h1>\n<p>La loterie Mega-Sena se d\u00e9roule au Br\u00e9sil, et les personnes ne r\u00e9sidant pas ou ne s\u00e9journant pas dans le pays n&rsquo;ont aucune chance d&rsquo;y participer. Cependant, les joueurs du monde entier peuvent d\u00e9sormais y participer en commandant un ticket en ligne. RedFoxLotto, un service de billetterie, permet \u00e0 tous les amateurs de loterie d&rsquo;acheter autant de tickets qu&rsquo;ils le souhaitent. <span style=\"text-decoration: underline;\"><a href=\"https:\/\/redfoxlotto.com\/?ref=A8564250A2&#038;medium=lo365\" target=\"_blank\" rel=\"noopener\">Ce lien m\u00e8ne \u00e0 leur site web<\/a><\/span>, o\u00f9 vous pouvez s\u00e9lectionner vos num\u00e9ros en quelques clics, puis payer en ligne. Peu de temps apr\u00e8s, vous recevrez une confirmation d&rsquo;achat dans votre bo\u00eete mail.<\/p>\n<p>En cas de gain, le paiement de vos gains (sans aucune d\u00e9duction) sera \u00e9galement pris en charge par RedFoxLotto. Le ticket est \u00e0 votre nom et vous \u00eates assur\u00e9 d&rsquo;\u00eatre le seul \u00e0 recevoir le prix. De plus, vous recevez automatiquement une notification lorsque vous gagnez\u00a0!<\/p>\n<p>Le format de Mega-Sena est plus simple que celui de la plupart des autres loteries. Chaque participant peut en s\u00e9lectionner 6 parmi 60 num\u00e9ros. Il n&rsquo;y a pas de num\u00e9ros suppl\u00e9mentaires. La probabilit\u00e9 d&rsquo;obtenir 6 num\u00e9ros corrects sur 60 est d&rsquo;environ 1 sur 50 millions. Il y a deux tirages par semaine, le mercredi et le samedi.<\/p>\n<p>Le <a href=\"https:\/\/lottoonline365.com\/en\/tips-for-players\/which-lottery-has-the-worlds-biggest-jackpots\" target=\"_blank\" rel=\"noopener\">jackpot record de ces derni\u00e8res ann\u00e9es<\/a> s&rsquo;\u00e9levait \u00e0 environ 75 millions d&rsquo;euros.<\/p>\n<h2>Quels sont les avantages de participer aux loteries internationales en ligne\u00a0?<\/h2>\n<p>Tout d&rsquo;abord, RedFoxLotto vous propose plus de 20 loteries en ligne pour lesquelles il n&rsquo;est pas possible d&rsquo;obtenir de ticket par la voie traditionnelle. Le principal avantage est bien s\u00fbr que, pour un prix fixe par ticket, vous pouvez choisir un jackpot de loterie nettement plus important que celui actuellement propos\u00e9 dans votre pays. En termes math\u00e9matiques, cela augmente vos attentes de gains\u00a0; autrement dit, vous en avez plus pour votre argent en participant en ligne\u00a0!<\/p>\n<p>Consultez la partie droite de notre site web (si vous lisez ceci sur votre t\u00e9l\u00e9phone portable, faites d\u00e9filer vers le bas)\u00a0: vous d\u00e9couvrirez les jackpots de loterie offrant actuellement les gains les plus importants. Si le jackpot de Mega-Sena n&rsquo;est pas si \u00e9lev\u00e9, mieux vaut choisir un autre jackpot qui vous semble plus avantageux. <strong>Avec RedFoxLotto, vous pouvez gagner n&rsquo;importe quel jackpot en ligne en quelques secondes\u00a0!<\/strong><\/p>\n","protected":false},"excerpt":{"rendered":"<p>Mega-Sena offre \u00e9galement des prix importants La loterie Mega-Sena se d\u00e9roule au Br\u00e9sil, et les personnes ne r\u00e9sidant pas ou ne s\u00e9journant pas dans le pays n&rsquo;ont aucune chance d&rsquo;y participer. Cependant, les joueurs du monde entier peuvent d\u00e9sormais y participer en commandant un ticket en ligne. RedFoxLotto, un service de billetterie, permet \u00e0 tous [&hellip;]<\/p>\n","protected":false},"author":1,"featured_media":0,"parent":53,"menu_order":0,"comment_status":"closed","ping_status":"closed","template":"","meta":{"footnotes":""},"class_list":["post-74","page","type-page","status-publish","hentry"],"blocksy_meta":[],"yoast_head":"<!-- This site is optimized with the Yoast SEO plugin v27.3 - https:\/\/yoast.com\/product\/yoast-seo-wordpress\/ -->\n<title>Comment puis-je participer au Mega-Sena Lotto depuis le Br\u00e9sil ?<\/title>\n<meta name=\"robots\" content=\"index, follow, max-snippet:-1, max-image-preview:large, max-video-preview:-1\" \/>\n<link rel=\"canonical\" href=\"https:\/\/lottoonline365.com\/fr\/plus-de-jackpots-internationaux\/mega-sena-bresil\/\" \/>\n<meta property=\"og:locale\" content=\"fr_FR\" \/>\n<meta property=\"og:type\" content=\"article\" \/>\n<meta property=\"og:title\" content=\"Comment puis-je participer au Mega-Sena Lotto depuis le Br\u00e9sil ?\" \/>\n<meta property=\"og:description\" content=\"Mega-Sena offre \u00e9galement des prix importants La loterie Mega-Sena se d\u00e9roule au Br\u00e9sil, et les personnes ne r\u00e9sidant pas ou ne s\u00e9journant pas dans le pays n&rsquo;ont aucune chance d&rsquo;y participer. Cependant, les joueurs du monde entier peuvent d\u00e9sormais y participer en commandant un ticket en ligne. RedFoxLotto, un service de billetterie, permet \u00e0 tous [&hellip;]\" \/>\n<meta property=\"og:url\" content=\"https:\/\/lottoonline365.com\/fr\/plus-de-jackpots-internationaux\/mega-sena-bresil\/\" \/>\n<meta name=\"twitter:card\" content=\"summary_large_image\" \/>\n<meta name=\"twitter:label1\" content=\"Dur\u00e9e de lecture estim\u00e9e\" \/>\n\t<meta name=\"twitter:data1\" content=\"2 minutes\" \/>\n<script type=\"application\/ld+json\" class=\"yoast-schema-graph\">{\"@context\":\"https:\\\/\\\/schema.org\",\"@graph\":[{\"@type\":\"WebPage\",\"@id\":\"https:\\\/\\\/lottoonline365.com\\\/fr\\\/plus-de-jackpots-internationaux\\\/mega-sena-bresil\\\/\",\"url\":\"https:\\\/\\\/lottoonline365.com\\\/fr\\\/plus-de-jackpots-internationaux\\\/mega-sena-bresil\\\/\",\"name\":\"Comment puis-je participer au Mega-Sena Lotto depuis le Br\u00e9sil ?\",\"isPartOf\":{\"@id\":\"https:\\\/\\\/lottoonline365.com\\\/fr\\\/#website\"},\"datePublished\":\"2025-08-04T09:22:43+00:00\",\"breadcrumb\":{\"@id\":\"https:\\\/\\\/lottoonline365.com\\\/fr\\\/plus-de-jackpots-internationaux\\\/mega-sena-bresil\\\/#breadcrumb\"},\"inLanguage\":\"fr-FR\",\"potentialAction\":[{\"@type\":\"ReadAction\",\"target\":[\"https:\\\/\\\/lottoonline365.com\\\/fr\\\/plus-de-jackpots-internationaux\\\/mega-sena-bresil\\\/\"]}]},{\"@type\":\"BreadcrumbList\",\"@id\":\"https:\\\/\\\/lottoonline365.com\\\/fr\\\/plus-de-jackpots-internationaux\\\/mega-sena-bresil\\\/#breadcrumb\",\"itemListElement\":[{\"@type\":\"ListItem\",\"position\":1,\"name\":\"Home\",\"item\":\"https:\\\/\\\/lottoonline365.com\\\/fr\\\/\"},{\"@type\":\"ListItem\",\"position\":2,\"name\":\"Plus de jackpots internationaux\",\"item\":\"https:\\\/\\\/lottoonline365.com\\\/fr\\\/plus-de-jackpots-internationaux\\\/\"},{\"@type\":\"ListItem\",\"position\":3,\"name\":\"Mega Sena Br\u00e9sil\"}]},{\"@type\":\"WebSite\",\"@id\":\"https:\\\/\\\/lottoonline365.com\\\/fr\\\/#website\",\"url\":\"https:\\\/\\\/lottoonline365.com\\\/fr\\\/\",\"name\":\"\",\"description\":\"\",\"potentialAction\":[{\"@type\":\"SearchAction\",\"target\":{\"@type\":\"EntryPoint\",\"urlTemplate\":\"https:\\\/\\\/lottoonline365.com\\\/fr\\\/?s={search_term_string}\"},\"query-input\":{\"@type\":\"PropertyValueSpecification\",\"valueRequired\":true,\"valueName\":\"search_term_string\"}}],\"inLanguage\":\"fr-FR\"}]}<\/script>\n<!-- \/ Yoast SEO plugin. -->","yoast_head_json":{"title":"Comment puis-je participer au Mega-Sena Lotto depuis le Br\u00e9sil ?","robots":{"index":"index","follow":"follow","max-snippet":"max-snippet:-1","max-image-preview":"max-image-preview:large","max-video-preview":"max-video-preview:-1"},"canonical":"https:\/\/lottoonline365.com\/fr\/plus-de-jackpots-internationaux\/mega-sena-bresil\/","og_locale":"fr_FR","og_type":"article","og_title":"Comment puis-je participer au Mega-Sena Lotto depuis le Br\u00e9sil ?","og_description":"Mega-Sena offre \u00e9galement des prix importants La loterie Mega-Sena se d\u00e9roule au Br\u00e9sil, et les personnes ne r\u00e9sidant pas ou ne s\u00e9journant pas dans le pays n&rsquo;ont aucune chance d&rsquo;y participer. Cependant, les joueurs du monde entier peuvent d\u00e9sormais y participer en commandant un ticket en ligne. RedFoxLotto, un service de billetterie, permet \u00e0 tous [&hellip;]","og_url":"https:\/\/lottoonline365.com\/fr\/plus-de-jackpots-internationaux\/mega-sena-bresil\/","twitter_card":"summary_large_image","twitter_misc":{"Dur\u00e9e de lecture estim\u00e9e":"2 minutes"},"schema":{"@context":"https:\/\/schema.org","@graph":[{"@type":"WebPage","@id":"https:\/\/lottoonline365.com\/fr\/plus-de-jackpots-internationaux\/mega-sena-bresil\/","url":"https:\/\/lottoonline365.com\/fr\/plus-de-jackpots-internationaux\/mega-sena-bresil\/","name":"Comment puis-je participer au Mega-Sena Lotto depuis le Br\u00e9sil ?","isPartOf":{"@id":"https:\/\/lottoonline365.com\/fr\/#website"},"datePublished":"2025-08-04T09:22:43+00:00","breadcrumb":{"@id":"https:\/\/lottoonline365.com\/fr\/plus-de-jackpots-internationaux\/mega-sena-bresil\/#breadcrumb"},"inLanguage":"fr-FR","potentialAction":[{"@type":"ReadAction","target":["https:\/\/lottoonline365.com\/fr\/plus-de-jackpots-internationaux\/mega-sena-bresil\/"]}]},{"@type":"BreadcrumbList","@id":"https:\/\/lottoonline365.com\/fr\/plus-de-jackpots-internationaux\/mega-sena-bresil\/#breadcrumb","itemListElement":[{"@type":"ListItem","position":1,"name":"Home","item":"https:\/\/lottoonline365.com\/fr\/"},{"@type":"ListItem","position":2,"name":"Plus de jackpots internationaux","item":"https:\/\/lottoonline365.com\/fr\/plus-de-jackpots-internationaux\/"},{"@type":"ListItem","position":3,"name":"Mega Sena Br\u00e9sil"}]},{"@type":"WebSite","@id":"https:\/\/lottoonline365.com\/fr\/#website","url":"https:\/\/lottoonline365.com\/fr\/","name":"","description":"","potentialAction":[{"@type":"SearchAction","target":{"@type":"EntryPoint","urlTemplate":"https:\/\/lottoonline365.com\/fr\/?s={search_term_string}"},"query-input":{"@type":"PropertyValueSpecification","valueRequired":true,"valueName":"search_term_string"}}],"inLanguage":"fr-FR"}]}},"_links":{"self":[{"href":"https:\/\/lottoonline365.com\/fr\/wp-json\/wp\/v2\/pages\/74","targetHints":{"allow":["GET"]}}],"collection":[{"href":"https:\/\/lottoonline365.com\/fr\/wp-json\/wp\/v2\/pages"}],"about":[{"href":"https:\/\/lottoonline365.com\/fr\/wp-json\/wp\/v2\/types\/page"}],"author":[{"embeddable":true,"href":"https:\/\/lottoonline365.com\/fr\/wp-json\/wp\/v2\/users\/1"}],"replies":[{"embeddable":true,"href":"https:\/\/lottoonline365.com\/fr\/wp-json\/wp\/v2\/comments?post=74"}],"version-history":[{"count":0,"href":"https:\/\/lottoonline365.com\/fr\/wp-json\/wp\/v2\/pages\/74\/revisions"}],"up":[{"embeddable":true,"href":"https:\/\/lottoonline365.com\/fr\/wp-json\/wp\/v2\/pages\/53"}],"wp:attachment":[{"href":"https:\/\/lottoonline365.com\/fr\/wp-json\/wp\/v2\/media?parent=74"}],"curies":[{"name":"wp","href":"https:\/\/api.w.org\/{rel}","templated":true}]}}