{"id":71,"date":"2025-08-04T09:21:08","date_gmt":"2025-08-04T09:21:08","guid":{"rendered":"https:\/\/lottoonline365.com\/plus-de-jackpots-internationaux\/megamillions-usa\/"},"modified":"2025-08-04T09:21:08","modified_gmt":"2025-08-04T09:21:08","slug":"megamillions-usa","status":"publish","type":"page","link":"https:\/\/lottoonline365.com\/fr\/plus-de-jackpots-internationaux\/megamillions-usa\/","title":{"rendered":"Megamillions USA"},"content":{"rendered":"<h1>Megamillions offre les plus gros jackpots<\/h1>\n<p>Si vous souhaitez acheter des billets pour le Mega Millions en ligne, c&rsquo;est d\u00e9sormais possible, o\u00f9 que vous soyez dans le monde. La solution est un service de livraison de billets de loterie appel\u00e9 RedFoxLotto<redfoxlotto -=\"\" cliquez ici=\"\" pour visiter=\"\" leur=\"\" site=\"\"\">. Cette entreprise emploie des employ\u00e9s dans plusieurs pays dont la mission est d&rsquo;acheter les billets command\u00e9s en ligne dans les magasins de loterie habituels du pays concern\u00e9. Cela signifie, par exemple, qu&rsquo;un client du Royaume-Uni peut acheter un billet de loterie pour une loterie am\u00e9ricaine.<\/redfoxlotto><\/p>\n<p>Cette m\u00e9thode est totalement l\u00e9gale et s\u00fbre, \u00e0 condition de faire appel \u00e0 un service fiable tel que <strong><span style=\"text-decoration: underline;\"><a href=\"https:\/\/redfoxlotto.com\/play\/mega-millions\/?ref=A8564250A2&amp;medium=lo365\" target=\"_blank\" rel=\"noopener\">RedFoxLotto &#8211; cliquez ici pour visiter leur site web<\/a>.<\/span><\/strong><\/p>\n<h2>Comment fonctionne le processus d&rsquo;achat\u00a0?<\/h2>\n<p>Tout simplement\u00a0: visitez le site web de RedFoxLotto en cliquant sur ce lien, puis s\u00e9lectionnez <a href=\"https:\/\/lottoonline365.com\/fr\/quelle-loterie-offre-les-meilleures-chances-de-gagner\/\" target=\"_blank\" rel=\"noopener\">loterie de votre choix<\/a> (plus de 20 autres m\u00e9ga loteries sont disponibles, en plus du Mega Millions), puis choisissez vos num\u00e9ros. Enfin, vous payez en ligne. Des protocoles de s\u00e9curit\u00e9 de pointe garantissent la s\u00e9curit\u00e9 de vos donn\u00e9es personnelles. Votre ticket (vous pouvez \u00e9galement en acheter plusieurs) vous sera envoy\u00e9 par e-mail.<\/p>\n<h2>Qu&rsquo;est-ce qui rend le Mega Millions si attractif\u00a0?<\/h2>\n<p>Tout d&rsquo;abord, le jackpot est toujours extr\u00eamement \u00e9lev\u00e9. Cela s&rsquo;explique en partie par le fait qu&rsquo;il d\u00e9marre toujours \u00e0 40 millions de dollars. Une autre raison est que de nombreux tickets sont achet\u00e9s aux \u00c9tats-Unis semaine apr\u00e8s semaine, et que le jackpot reste souvent longtemps insaisissable. La chance de gagner le jackpot est de 1 sur 300 millions, il peut donc falloir plusieurs semaines avant qu&rsquo;un gagnant ne le remporte.<\/p>\n<p>Le jackpot le plus \u00e9lev\u00e9 jamais remport\u00e9 aux \u00c9tats-Unis d\u00e9passe actuellement 1,5 milliard de dollars, et les jackpots sup\u00e9rieurs \u00e0 100 millions de dollars sont la r\u00e8gle plut\u00f4t que l&rsquo;exception\u00a0!<\/p>\n<p>La formule gagnante du Mega Millions est \u00ab\u00a0cinq sur soixante-dix\u00a0\u00bb plus \u00ab\u00a0un sur vingt-cinq\u00a0\u00bb. Cela signifie que vous devez avoir cinq num\u00e9ros corrects sur 70 num\u00e9ros principaux, plus un num\u00e9ro suppl\u00e9mentaire entre 1 et 25, pour remporter le jackpot. Si vous le souhaitez, vous pouvez \u00e9galement utiliser un g\u00e9n\u00e9rateur de nombres al\u00e9atoires propos\u00e9 par RedFoxLotto pour choisir vos <a href=\"https:\/\/lottoonline365.com\/fr\/numeros-gagnants\/\" target=\"_blank\" rel=\"noopener\">num\u00e9ros<\/a>.<\/p>\n<h2>Megaplier<\/h2>\n<p>Une autre fonctionnalit\u00e9 de cette loterie est le Megaplier. En choisissant cette option, vous pouvez multiplier vos gains (hors jackpot). \u00c0 la fin du tirage, la valeur du Megaplier (2-3-4-5x) sera d\u00e9termin\u00e9e. Si vous avez choisi cette option et pay\u00e9 1 $ de plus, vos gains seront multipli\u00e9s en fonction du num\u00e9ro Megaplier tir\u00e9.<\/p>\n<p>Avec de tels jackpots, on se demande in\u00e9vitablement s&rsquo;il est judicieux de jouer \u00e0 la <a href=\"https:\/\/lottoonline365.com\/fr\/plus-de-jackpots-internationaux\/eurojackpot-lotto\/\" target=\"_blank\" rel=\"noopener\">loterie<\/a> locale. Frais de livraison inclus, vous payez environ 2,70 $ par billet (le montant exact varie selon la loterie), mais si le jackpot est 10 \u00e0 20 fois plus \u00e9lev\u00e9, il est clairement plus \u00e9conomique de jouer \u00e0 ces loteries plut\u00f4t qu&rsquo;\u00e0 votre loto national.<\/p>\n","protected":false},"excerpt":{"rendered":"<p>Megamillions offre les plus gros jackpots Si vous souhaitez acheter des billets pour le Mega Millions en ligne, c&rsquo;est d\u00e9sormais possible, o\u00f9 que vous soyez dans le monde. La solution est un service de livraison de billets de loterie appel\u00e9 RedFoxLotto<\/p>\n","protected":false},"author":1,"featured_media":0,"parent":53,"menu_order":0,"comment_status":"closed","ping_status":"closed","template":"","meta":{"footnotes":""},"class_list":["post-71","page","type-page","status-publish","hentry"],"blocksy_meta":[],"yoast_head":"<!-- This site is optimized with the Yoast SEO plugin v27.6 - https:\/\/yoast.com\/product\/yoast-seo-wordpress\/ -->\n<title>Achetez des billets de loterie Mega Millions en ligne<\/title>\n<meta name=\"robots\" content=\"index, follow, max-snippet:-1, max-image-preview:large, max-video-preview:-1\" \/>\n<link rel=\"canonical\" href=\"https:\/\/lottoonline365.com\/fr\/plus-de-jackpots-internationaux\/megamillions-usa\/\" \/>\n<meta property=\"og:locale\" content=\"fr_FR\" \/>\n<meta property=\"og:type\" content=\"article\" \/>\n<meta property=\"og:title\" content=\"Achetez des billets de loterie Mega Millions en ligne\" \/>\n<meta property=\"og:description\" content=\"Megamillions offre les plus gros jackpots Si vous souhaitez acheter des billets pour le Mega Millions en ligne, c&rsquo;est d\u00e9sormais possible, o\u00f9 que vous soyez dans le monde. La solution est un service de livraison de billets de loterie appel\u00e9 RedFoxLotto\" \/>\n<meta property=\"og:url\" content=\"https:\/\/lottoonline365.com\/fr\/plus-de-jackpots-internationaux\/megamillions-usa\/\" \/>\n<meta name=\"twitter:card\" content=\"summary_large_image\" \/>\n<script type=\"application\/ld+json\" class=\"yoast-schema-graph\">{\"@context\":\"https:\\\/\\\/schema.org\",\"@graph\":[{\"@type\":\"WebPage\",\"@id\":\"https:\\\/\\\/lottoonline365.com\\\/fr\\\/plus-de-jackpots-internationaux\\\/megamillions-usa\\\/\",\"url\":\"https:\\\/\\\/lottoonline365.com\\\/fr\\\/plus-de-jackpots-internationaux\\\/megamillions-usa\\\/\",\"name\":\"Achetez des billets de loterie Mega Millions en ligne\",\"isPartOf\":{\"@id\":\"https:\\\/\\\/lottoonline365.com\\\/fr\\\/#website\"},\"datePublished\":\"2025-08-04T09:21:08+00:00\",\"breadcrumb\":{\"@id\":\"https:\\\/\\\/lottoonline365.com\\\/fr\\\/plus-de-jackpots-internationaux\\\/megamillions-usa\\\/#breadcrumb\"},\"inLanguage\":\"fr-FR\",\"potentialAction\":[{\"@type\":\"ReadAction\",\"target\":[\"https:\\\/\\\/lottoonline365.com\\\/fr\\\/plus-de-jackpots-internationaux\\\/megamillions-usa\\\/\"]}]},{\"@type\":\"BreadcrumbList\",\"@id\":\"https:\\\/\\\/lottoonline365.com\\\/fr\\\/plus-de-jackpots-internationaux\\\/megamillions-usa\\\/#breadcrumb\",\"itemListElement\":[{\"@type\":\"ListItem\",\"position\":1,\"name\":\"Home\",\"item\":\"https:\\\/\\\/lottoonline365.com\\\/fr\\\/\"},{\"@type\":\"ListItem\",\"position\":2,\"name\":\"Plus de jackpots internationaux\",\"item\":\"https:\\\/\\\/lottoonline365.com\\\/fr\\\/plus-de-jackpots-internationaux\\\/\"},{\"@type\":\"ListItem\",\"position\":3,\"name\":\"Megamillions USA\"}]},{\"@type\":\"WebSite\",\"@id\":\"https:\\\/\\\/lottoonline365.com\\\/fr\\\/#website\",\"url\":\"https:\\\/\\\/lottoonline365.com\\\/fr\\\/\",\"name\":\"\",\"description\":\"\",\"potentialAction\":[{\"@type\":\"SearchAction\",\"target\":{\"@type\":\"EntryPoint\",\"urlTemplate\":\"https:\\\/\\\/lottoonline365.com\\\/fr\\\/?s={search_term_string}\"},\"query-input\":{\"@type\":\"PropertyValueSpecification\",\"valueRequired\":true,\"valueName\":\"search_term_string\"}}],\"inLanguage\":\"fr-FR\"}]}<\/script>\n<!-- \/ Yoast SEO plugin. -->","yoast_head_json":{"title":"Achetez des billets de loterie Mega Millions en ligne","robots":{"index":"index","follow":"follow","max-snippet":"max-snippet:-1","max-image-preview":"max-image-preview:large","max-video-preview":"max-video-preview:-1"},"canonical":"https:\/\/lottoonline365.com\/fr\/plus-de-jackpots-internationaux\/megamillions-usa\/","og_locale":"fr_FR","og_type":"article","og_title":"Achetez des billets de loterie Mega Millions en ligne","og_description":"Megamillions offre les plus gros jackpots Si vous souhaitez acheter des billets pour le Mega Millions en ligne, c&rsquo;est d\u00e9sormais possible, o\u00f9 que vous soyez dans le monde. La solution est un service de livraison de billets de loterie appel\u00e9 RedFoxLotto","og_url":"https:\/\/lottoonline365.com\/fr\/plus-de-jackpots-internationaux\/megamillions-usa\/","twitter_card":"summary_large_image","schema":{"@context":"https:\/\/schema.org","@graph":[{"@type":"WebPage","@id":"https:\/\/lottoonline365.com\/fr\/plus-de-jackpots-internationaux\/megamillions-usa\/","url":"https:\/\/lottoonline365.com\/fr\/plus-de-jackpots-internationaux\/megamillions-usa\/","name":"Achetez des billets de loterie Mega Millions en ligne","isPartOf":{"@id":"https:\/\/lottoonline365.com\/fr\/#website"},"datePublished":"2025-08-04T09:21:08+00:00","breadcrumb":{"@id":"https:\/\/lottoonline365.com\/fr\/plus-de-jackpots-internationaux\/megamillions-usa\/#breadcrumb"},"inLanguage":"fr-FR","potentialAction":[{"@type":"ReadAction","target":["https:\/\/lottoonline365.com\/fr\/plus-de-jackpots-internationaux\/megamillions-usa\/"]}]},{"@type":"BreadcrumbList","@id":"https:\/\/lottoonline365.com\/fr\/plus-de-jackpots-internationaux\/megamillions-usa\/#breadcrumb","itemListElement":[{"@type":"ListItem","position":1,"name":"Home","item":"https:\/\/lottoonline365.com\/fr\/"},{"@type":"ListItem","position":2,"name":"Plus de jackpots internationaux","item":"https:\/\/lottoonline365.com\/fr\/plus-de-jackpots-internationaux\/"},{"@type":"ListItem","position":3,"name":"Megamillions USA"}]},{"@type":"WebSite","@id":"https:\/\/lottoonline365.com\/fr\/#website","url":"https:\/\/lottoonline365.com\/fr\/","name":"","description":"","potentialAction":[{"@type":"SearchAction","target":{"@type":"EntryPoint","urlTemplate":"https:\/\/lottoonline365.com\/fr\/?s={search_term_string}"},"query-input":{"@type":"PropertyValueSpecification","valueRequired":true,"valueName":"search_term_string"}}],"inLanguage":"fr-FR"}]}},"_links":{"self":[{"href":"https:\/\/lottoonline365.com\/fr\/wp-json\/wp\/v2\/pages\/71","targetHints":{"allow":["GET"]}}],"collection":[{"href":"https:\/\/lottoonline365.com\/fr\/wp-json\/wp\/v2\/pages"}],"about":[{"href":"https:\/\/lottoonline365.com\/fr\/wp-json\/wp\/v2\/types\/page"}],"author":[{"embeddable":true,"href":"https:\/\/lottoonline365.com\/fr\/wp-json\/wp\/v2\/users\/1"}],"replies":[{"embeddable":true,"href":"https:\/\/lottoonline365.com\/fr\/wp-json\/wp\/v2\/comments?post=71"}],"version-history":[{"count":0,"href":"https:\/\/lottoonline365.com\/fr\/wp-json\/wp\/v2\/pages\/71\/revisions"}],"up":[{"embeddable":true,"href":"https:\/\/lottoonline365.com\/fr\/wp-json\/wp\/v2\/pages\/53"}],"wp:attachment":[{"href":"https:\/\/lottoonline365.com\/fr\/wp-json\/wp\/v2\/media?parent=71"}],"curies":[{"name":"wp","href":"https:\/\/api.w.org\/{rel}","templated":true}]}}