{"id":65,"date":"2025-08-04T09:16:18","date_gmt":"2025-08-04T09:16:18","guid":{"rendered":"https:\/\/lottoonline365.com\/plus-de-jackpots-internationaux\/el-gordo-lotto-espagne\/"},"modified":"2025-08-04T09:16:18","modified_gmt":"2025-08-04T09:16:18","slug":"el-gordo-lotto-espagne","status":"publish","type":"page","link":"https:\/\/lottoonline365.com\/fr\/plus-de-jackpots-internationaux\/el-gordo-lotto-espagne\/","title":{"rendered":"El Gordo Lotto Espagne"},"content":{"rendered":"<h1>Participer \u00e0 El Gordo La Primitiva est tr\u00e8s simple<\/h1>\n<p>Cette loterie est particuli\u00e8rement populaire pendant la p\u00e9riode de No\u00ebl, car d&rsquo;importantes sommes d&rsquo;argent sont en jeu \u00e0 cette p\u00e9riode. Comme les billets de cette plus grande loterie espagnole ne peuvent \u00eatre achet\u00e9s nulle part, sauf en Espagne, vous ne pouvez jouer \u00e0 El Gordo Lotto qu&rsquo;en ligne, sur RedFoxLotto. Ce service d&rsquo;agence propose un service d&rsquo;achat et de livraison de billets de loterie sp\u00e9cialement con\u00e7u pour les joueurs.<\/a> <span style=\"text-decoration: underline;\"><strong><a href=\"https:\/\/redfoxlotto.com\/play\/la-primitiva\/?ref=A8564250A2&amp;medium=lo365\" target=\"_blank\" rel=\"noopener\">Cliquez sur ce lien pour ouvrir le site web de RedFoxLotto dans un nouvel onglet<\/a><\/strong><\/span>.<\/p>\n<h2>Les particularit\u00e9s d&rsquo;El Gordo<\/h2>\n<p>Le nom r\u00e9el de cette loterie est \u00ab\u00a0Sorteo Extraordinario de Navidad\u00a0\u00bb, mais le nom <a href=\"https:\/\/redfoxlotto.com\/results\/el-gordo-primitiva\/\" target=\"_blank\" rel=\"noopener\">El Gordo<\/a> (traduit par \u00ab\u00a0le gros\/le gros\u00a0\u00bb) est devenu plus connu. Dans cette loterie, on ne choisit pas, par exemple, 5 num\u00e9ros sur 50, mais on ach\u00e8te un ticket avec un num\u00e9ro de s\u00e9rie. Il n&rsquo;en existe que 100\u00a0000 diff\u00e9rents, dont le num\u00e9ro de ticket est compris entre 000\u00a0000 et 999\u00a0999. Un ticket entier co\u00fbte 200\u00a0\u20ac\u00a0; et comme cela serait trop cher pour la plupart des amateurs de loterie, il est divisible en 10\u00a0parties, les \u00ab\u00a0Decimos\u00a0\u00bb, au prix de 20,00\u00a0\u20ac chacune. Avec un ticket partiel, le joueur ne remporte \u00ab\u00a0que\u00a0\u00bb 10\u00a0% du gain attribu\u00e9 au num\u00e9ro de ticket.<\/p>\n<p>Comme le ticket entier, ou ses \u00ab\u00a0Decimos\u00a0\u00bb, est g\u00e9n\u00e9ralement vendu \u00e0 diff\u00e9rents joueurs dans un seul point de vente, il arrive fr\u00e9quemment que, par exemple, dans un petit village, 10\u00a0habitants deviennent millionnaires lors d&rsquo;un m\u00eame tirage. Il est \u00e9galement tr\u00e8s courant d&rsquo;acheter un ticket et de le partager avec les membres de la famille\u00a0; ainsi, en cas de gain, la loterie fait le bonheur de toute la famille.<\/p>\n<p>Alors, si vous souhaitez participer \u00e0 une loterie un peu diff\u00e9rente (ou offrir des tickets partiels \u00e0 vos proches), El Gordo est fait pour vous. <a href=\"https:\/\/redfoxlotto.com\/play\/la-primitiva\/?ref=A8564250A2&amp;medium=lo365\" target=\"_blank\" rel=\"noopener\">Achetez votre ticket en ligne<\/a> d\u00e8s maintenant sur RedFoxLotto\u00a0!<\/p>\n","protected":false},"excerpt":{"rendered":"<p>Participer \u00e0 El Gordo La Primitiva est tr\u00e8s simple Cette loterie est particuli\u00e8rement populaire pendant la p\u00e9riode de No\u00ebl, car d&rsquo;importantes sommes d&rsquo;argent sont en jeu \u00e0 cette p\u00e9riode. Comme les billets de cette plus grande loterie espagnole ne peuvent \u00eatre achet\u00e9s nulle part, sauf en Espagne, vous ne pouvez jouer \u00e0 El Gordo Lotto [&hellip;]<\/p>\n","protected":false},"author":1,"featured_media":0,"parent":53,"menu_order":0,"comment_status":"closed","ping_status":"closed","template":"","meta":{"footnotes":""},"class_list":["post-65","page","type-page","status-publish","hentry"],"blocksy_meta":[],"yoast_head":"<!-- This site is optimized with the Yoast SEO plugin v27.3 - https:\/\/yoast.com\/product\/yoast-seo-wordpress\/ -->\n<title>Achetez vos billets pour El Gordo Lotto en ligne<\/title>\n<meta name=\"robots\" content=\"index, follow, max-snippet:-1, max-image-preview:large, max-video-preview:-1\" \/>\n<link rel=\"canonical\" href=\"https:\/\/lottoonline365.com\/fr\/plus-de-jackpots-internationaux\/el-gordo-lotto-espagne\/\" \/>\n<meta property=\"og:locale\" content=\"fr_FR\" \/>\n<meta property=\"og:type\" content=\"article\" \/>\n<meta property=\"og:title\" content=\"Achetez vos billets pour El Gordo Lotto en ligne\" \/>\n<meta property=\"og:description\" content=\"Participer \u00e0 El Gordo La Primitiva est tr\u00e8s simple Cette loterie est particuli\u00e8rement populaire pendant la p\u00e9riode de No\u00ebl, car d&rsquo;importantes sommes d&rsquo;argent sont en jeu \u00e0 cette p\u00e9riode. Comme les billets de cette plus grande loterie espagnole ne peuvent \u00eatre achet\u00e9s nulle part, sauf en Espagne, vous ne pouvez jouer \u00e0 El Gordo Lotto [&hellip;]\" \/>\n<meta property=\"og:url\" content=\"https:\/\/lottoonline365.com\/fr\/plus-de-jackpots-internationaux\/el-gordo-lotto-espagne\/\" \/>\n<meta name=\"twitter:card\" content=\"summary_large_image\" \/>\n<meta name=\"twitter:label1\" content=\"Dur\u00e9e de lecture estim\u00e9e\" \/>\n\t<meta name=\"twitter:data1\" content=\"2 minutes\" \/>\n<script type=\"application\/ld+json\" class=\"yoast-schema-graph\">{\"@context\":\"https:\\\/\\\/schema.org\",\"@graph\":[{\"@type\":\"WebPage\",\"@id\":\"https:\\\/\\\/lottoonline365.com\\\/fr\\\/plus-de-jackpots-internationaux\\\/el-gordo-lotto-espagne\\\/\",\"url\":\"https:\\\/\\\/lottoonline365.com\\\/fr\\\/plus-de-jackpots-internationaux\\\/el-gordo-lotto-espagne\\\/\",\"name\":\"Achetez vos billets pour El Gordo Lotto en ligne\",\"isPartOf\":{\"@id\":\"https:\\\/\\\/lottoonline365.com\\\/fr\\\/#website\"},\"datePublished\":\"2025-08-04T09:16:18+00:00\",\"breadcrumb\":{\"@id\":\"https:\\\/\\\/lottoonline365.com\\\/fr\\\/plus-de-jackpots-internationaux\\\/el-gordo-lotto-espagne\\\/#breadcrumb\"},\"inLanguage\":\"fr-FR\",\"potentialAction\":[{\"@type\":\"ReadAction\",\"target\":[\"https:\\\/\\\/lottoonline365.com\\\/fr\\\/plus-de-jackpots-internationaux\\\/el-gordo-lotto-espagne\\\/\"]}]},{\"@type\":\"BreadcrumbList\",\"@id\":\"https:\\\/\\\/lottoonline365.com\\\/fr\\\/plus-de-jackpots-internationaux\\\/el-gordo-lotto-espagne\\\/#breadcrumb\",\"itemListElement\":[{\"@type\":\"ListItem\",\"position\":1,\"name\":\"Home\",\"item\":\"https:\\\/\\\/lottoonline365.com\\\/fr\\\/\"},{\"@type\":\"ListItem\",\"position\":2,\"name\":\"Plus de jackpots internationaux\",\"item\":\"https:\\\/\\\/lottoonline365.com\\\/fr\\\/plus-de-jackpots-internationaux\\\/\"},{\"@type\":\"ListItem\",\"position\":3,\"name\":\"El Gordo Lotto Espagne\"}]},{\"@type\":\"WebSite\",\"@id\":\"https:\\\/\\\/lottoonline365.com\\\/fr\\\/#website\",\"url\":\"https:\\\/\\\/lottoonline365.com\\\/fr\\\/\",\"name\":\"\",\"description\":\"\",\"potentialAction\":[{\"@type\":\"SearchAction\",\"target\":{\"@type\":\"EntryPoint\",\"urlTemplate\":\"https:\\\/\\\/lottoonline365.com\\\/fr\\\/?s={search_term_string}\"},\"query-input\":{\"@type\":\"PropertyValueSpecification\",\"valueRequired\":true,\"valueName\":\"search_term_string\"}}],\"inLanguage\":\"fr-FR\"}]}<\/script>\n<!-- \/ Yoast SEO plugin. -->","yoast_head_json":{"title":"Achetez vos billets pour El Gordo Lotto en ligne","robots":{"index":"index","follow":"follow","max-snippet":"max-snippet:-1","max-image-preview":"max-image-preview:large","max-video-preview":"max-video-preview:-1"},"canonical":"https:\/\/lottoonline365.com\/fr\/plus-de-jackpots-internationaux\/el-gordo-lotto-espagne\/","og_locale":"fr_FR","og_type":"article","og_title":"Achetez vos billets pour El Gordo Lotto en ligne","og_description":"Participer \u00e0 El Gordo La Primitiva est tr\u00e8s simple Cette loterie est particuli\u00e8rement populaire pendant la p\u00e9riode de No\u00ebl, car d&rsquo;importantes sommes d&rsquo;argent sont en jeu \u00e0 cette p\u00e9riode. Comme les billets de cette plus grande loterie espagnole ne peuvent \u00eatre achet\u00e9s nulle part, sauf en Espagne, vous ne pouvez jouer \u00e0 El Gordo Lotto [&hellip;]","og_url":"https:\/\/lottoonline365.com\/fr\/plus-de-jackpots-internationaux\/el-gordo-lotto-espagne\/","twitter_card":"summary_large_image","twitter_misc":{"Dur\u00e9e de lecture estim\u00e9e":"2 minutes"},"schema":{"@context":"https:\/\/schema.org","@graph":[{"@type":"WebPage","@id":"https:\/\/lottoonline365.com\/fr\/plus-de-jackpots-internationaux\/el-gordo-lotto-espagne\/","url":"https:\/\/lottoonline365.com\/fr\/plus-de-jackpots-internationaux\/el-gordo-lotto-espagne\/","name":"Achetez vos billets pour El Gordo Lotto en ligne","isPartOf":{"@id":"https:\/\/lottoonline365.com\/fr\/#website"},"datePublished":"2025-08-04T09:16:18+00:00","breadcrumb":{"@id":"https:\/\/lottoonline365.com\/fr\/plus-de-jackpots-internationaux\/el-gordo-lotto-espagne\/#breadcrumb"},"inLanguage":"fr-FR","potentialAction":[{"@type":"ReadAction","target":["https:\/\/lottoonline365.com\/fr\/plus-de-jackpots-internationaux\/el-gordo-lotto-espagne\/"]}]},{"@type":"BreadcrumbList","@id":"https:\/\/lottoonline365.com\/fr\/plus-de-jackpots-internationaux\/el-gordo-lotto-espagne\/#breadcrumb","itemListElement":[{"@type":"ListItem","position":1,"name":"Home","item":"https:\/\/lottoonline365.com\/fr\/"},{"@type":"ListItem","position":2,"name":"Plus de jackpots internationaux","item":"https:\/\/lottoonline365.com\/fr\/plus-de-jackpots-internationaux\/"},{"@type":"ListItem","position":3,"name":"El Gordo Lotto Espagne"}]},{"@type":"WebSite","@id":"https:\/\/lottoonline365.com\/fr\/#website","url":"https:\/\/lottoonline365.com\/fr\/","name":"","description":"","potentialAction":[{"@type":"SearchAction","target":{"@type":"EntryPoint","urlTemplate":"https:\/\/lottoonline365.com\/fr\/?s={search_term_string}"},"query-input":{"@type":"PropertyValueSpecification","valueRequired":true,"valueName":"search_term_string"}}],"inLanguage":"fr-FR"}]}},"_links":{"self":[{"href":"https:\/\/lottoonline365.com\/fr\/wp-json\/wp\/v2\/pages\/65","targetHints":{"allow":["GET"]}}],"collection":[{"href":"https:\/\/lottoonline365.com\/fr\/wp-json\/wp\/v2\/pages"}],"about":[{"href":"https:\/\/lottoonline365.com\/fr\/wp-json\/wp\/v2\/types\/page"}],"author":[{"embeddable":true,"href":"https:\/\/lottoonline365.com\/fr\/wp-json\/wp\/v2\/users\/1"}],"replies":[{"embeddable":true,"href":"https:\/\/lottoonline365.com\/fr\/wp-json\/wp\/v2\/comments?post=65"}],"version-history":[{"count":0,"href":"https:\/\/lottoonline365.com\/fr\/wp-json\/wp\/v2\/pages\/65\/revisions"}],"up":[{"embeddable":true,"href":"https:\/\/lottoonline365.com\/fr\/wp-json\/wp\/v2\/pages\/53"}],"wp:attachment":[{"href":"https:\/\/lottoonline365.com\/fr\/wp-json\/wp\/v2\/media?parent=65"}],"curies":[{"name":"wp","href":"https:\/\/api.w.org\/{rel}","templated":true}]}}