{"id":62,"date":"2025-08-04T09:25:58","date_gmt":"2025-08-04T09:25:58","guid":{"rendered":"https:\/\/lottoonline365.com\/plus-de-jackpots-internationaux\/superenalotto-italie\/"},"modified":"2025-08-04T09:25:58","modified_gmt":"2025-08-04T09:25:58","slug":"superenalotto-italie","status":"publish","type":"page","link":"https:\/\/lottoonline365.com\/fr\/plus-de-jackpots-internationaux\/superenalotto-italie\/","title":{"rendered":"Superenalotto Italie"},"content":{"rendered":"<h1>Cette immense loterie italienne est d\u00e9sormais ouverte au monde entier<\/h1>\n<p>Cette loterie est diff\u00e9rente de la plupart des loteries d&rsquo;autres pays. Le nombre de combinaisons possibles est relativement \u00e9lev\u00e9, ce qui permet d&rsquo;obtenir des jackpots importants, car il arrive souvent que personne ne d\u00e9tienne la combinaison gagnante pendant plusieurs semaines. Le prix des billets pour cette loterie est inf\u00e9rieur \u00e0 la moyenne. En Italie, les gens adorent la loterie et, lorsque le jackpot augmente, ils ach\u00e8tent encore plus de billets.<\/p>\n<h2>Jouer depuis d&rsquo;autres pays<\/h2>\n<p>Les billets pour le Superenalotto ne sont pas en vente chez vous\u00a0? Pas de probl\u00e8me\u00a0! Il vous suffit de vous rendre sur <a href=\"https:\/\/redfoxlotto.com\/play\/superenalotto\/?ref=A8564250A2&amp;medium=lo365\" target=\"_blank\" rel=\"noopener\"><span style=\"text-decoration: underline;\">RedfoxLotto.com (cliquez sur ce lien)<\/span><\/a> et de commander des billets en ligne. Outre Superenalotto, ce service de livraison de <a href=\"https:\/\/lottoonline365.com\/en\/tips-for-players\/which-lottery-has-the-worlds-biggest-jackpots\">billets de loterie d&rsquo;autres pays<\/a> peut vous fournir des billets pour les grandes loteries am\u00e9ricaines, l&rsquo;Euromillions et bien plus encore. Les paiements sont possibles via un large choix de m\u00e9thodes, et vous pouvez m\u00eame payer par PayPal.<\/p>\n<h2>Attendez simplement le tirage et v\u00e9rifiez vos num\u00e9ros<\/h2>\n<p>Une fois les <a href=\"https:\/\/lottoonline365.com\/fr\/numeros-gagnants\/\" target=\"_blank\" rel=\"noopener\">r\u00e9sultats du tirage<\/a> publi\u00e9s, il vous suffit de retourner sur votre compte client RedFoxLotto et de v\u00e9rifier vos tickets. Tous les num\u00e9ros gagnants seront mis en surbrillance. Si vous gagnez, vous recevrez \u00e9galement un e-mail pour vous assurer de ne rien manquer.<\/p>\n<h2>Consultez \u00e9galement les autres jackpots<\/h2>\n<p>Nous vous sugg\u00e9rons de v\u00e9rifier d&rsquo;abord le montant des diff\u00e9rents jackpots de loterie. Si vous trouvez un jackpot sup\u00e9rieur \u00e0 celui propos\u00e9 actuellement par Superenalotto, vous pourriez envisager d&rsquo;acheter un ticket pour cette loterie. Bonne chance\u00a0!<\/p>\n","protected":false},"excerpt":{"rendered":"<p>Cette immense loterie italienne est d\u00e9sormais ouverte au monde entier Cette loterie est diff\u00e9rente de la plupart des loteries d&rsquo;autres pays. Le nombre de combinaisons possibles est relativement \u00e9lev\u00e9, ce qui permet d&rsquo;obtenir des jackpots importants, car il arrive souvent que personne ne d\u00e9tienne la combinaison gagnante pendant plusieurs semaines. Le prix des billets pour [&hellip;]<\/p>\n","protected":false},"author":1,"featured_media":0,"parent":53,"menu_order":0,"comment_status":"closed","ping_status":"closed","template":"","meta":{"footnotes":""},"class_list":["post-62","page","type-page","status-publish","hentry"],"blocksy_meta":[],"yoast_head":"<!-- This site is optimized with the Yoast SEO plugin v27.4 - https:\/\/yoast.com\/product\/yoast-seo-wordpress\/ -->\n<title>Puis-je jouer au Superenalotto en ligne ?<\/title>\n<meta name=\"robots\" content=\"index, follow, max-snippet:-1, max-image-preview:large, max-video-preview:-1\" \/>\n<link rel=\"canonical\" href=\"https:\/\/lottoonline365.com\/fr\/plus-de-jackpots-internationaux\/superenalotto-italie\/\" \/>\n<meta property=\"og:locale\" content=\"fr_FR\" \/>\n<meta property=\"og:type\" content=\"article\" \/>\n<meta property=\"og:title\" content=\"Puis-je jouer au Superenalotto en ligne ?\" \/>\n<meta property=\"og:description\" content=\"Cette immense loterie italienne est d\u00e9sormais ouverte au monde entier Cette loterie est diff\u00e9rente de la plupart des loteries d&rsquo;autres pays. Le nombre de combinaisons possibles est relativement \u00e9lev\u00e9, ce qui permet d&rsquo;obtenir des jackpots importants, car il arrive souvent que personne ne d\u00e9tienne la combinaison gagnante pendant plusieurs semaines. Le prix des billets pour [&hellip;]\" \/>\n<meta property=\"og:url\" content=\"https:\/\/lottoonline365.com\/fr\/plus-de-jackpots-internationaux\/superenalotto-italie\/\" \/>\n<meta name=\"twitter:card\" content=\"summary_large_image\" \/>\n<meta name=\"twitter:label1\" content=\"Dur\u00e9e de lecture estim\u00e9e\" \/>\n\t<meta name=\"twitter:data1\" content=\"1 minute\" \/>\n<script type=\"application\/ld+json\" class=\"yoast-schema-graph\">{\"@context\":\"https:\\\/\\\/schema.org\",\"@graph\":[{\"@type\":\"WebPage\",\"@id\":\"https:\\\/\\\/lottoonline365.com\\\/fr\\\/plus-de-jackpots-internationaux\\\/superenalotto-italie\\\/\",\"url\":\"https:\\\/\\\/lottoonline365.com\\\/fr\\\/plus-de-jackpots-internationaux\\\/superenalotto-italie\\\/\",\"name\":\"Puis-je jouer au Superenalotto en ligne ?\",\"isPartOf\":{\"@id\":\"https:\\\/\\\/lottoonline365.com\\\/fr\\\/#website\"},\"datePublished\":\"2025-08-04T09:25:58+00:00\",\"breadcrumb\":{\"@id\":\"https:\\\/\\\/lottoonline365.com\\\/fr\\\/plus-de-jackpots-internationaux\\\/superenalotto-italie\\\/#breadcrumb\"},\"inLanguage\":\"fr-FR\",\"potentialAction\":[{\"@type\":\"ReadAction\",\"target\":[\"https:\\\/\\\/lottoonline365.com\\\/fr\\\/plus-de-jackpots-internationaux\\\/superenalotto-italie\\\/\"]}]},{\"@type\":\"BreadcrumbList\",\"@id\":\"https:\\\/\\\/lottoonline365.com\\\/fr\\\/plus-de-jackpots-internationaux\\\/superenalotto-italie\\\/#breadcrumb\",\"itemListElement\":[{\"@type\":\"ListItem\",\"position\":1,\"name\":\"Home\",\"item\":\"https:\\\/\\\/lottoonline365.com\\\/fr\\\/\"},{\"@type\":\"ListItem\",\"position\":2,\"name\":\"Plus de jackpots internationaux\",\"item\":\"https:\\\/\\\/lottoonline365.com\\\/fr\\\/plus-de-jackpots-internationaux\\\/\"},{\"@type\":\"ListItem\",\"position\":3,\"name\":\"Superenalotto Italie\"}]},{\"@type\":\"WebSite\",\"@id\":\"https:\\\/\\\/lottoonline365.com\\\/fr\\\/#website\",\"url\":\"https:\\\/\\\/lottoonline365.com\\\/fr\\\/\",\"name\":\"\",\"description\":\"\",\"potentialAction\":[{\"@type\":\"SearchAction\",\"target\":{\"@type\":\"EntryPoint\",\"urlTemplate\":\"https:\\\/\\\/lottoonline365.com\\\/fr\\\/?s={search_term_string}\"},\"query-input\":{\"@type\":\"PropertyValueSpecification\",\"valueRequired\":true,\"valueName\":\"search_term_string\"}}],\"inLanguage\":\"fr-FR\"}]}<\/script>\n<!-- \/ Yoast SEO plugin. -->","yoast_head_json":{"title":"Puis-je jouer au Superenalotto en ligne ?","robots":{"index":"index","follow":"follow","max-snippet":"max-snippet:-1","max-image-preview":"max-image-preview:large","max-video-preview":"max-video-preview:-1"},"canonical":"https:\/\/lottoonline365.com\/fr\/plus-de-jackpots-internationaux\/superenalotto-italie\/","og_locale":"fr_FR","og_type":"article","og_title":"Puis-je jouer au Superenalotto en ligne ?","og_description":"Cette immense loterie italienne est d\u00e9sormais ouverte au monde entier Cette loterie est diff\u00e9rente de la plupart des loteries d&rsquo;autres pays. Le nombre de combinaisons possibles est relativement \u00e9lev\u00e9, ce qui permet d&rsquo;obtenir des jackpots importants, car il arrive souvent que personne ne d\u00e9tienne la combinaison gagnante pendant plusieurs semaines. Le prix des billets pour [&hellip;]","og_url":"https:\/\/lottoonline365.com\/fr\/plus-de-jackpots-internationaux\/superenalotto-italie\/","twitter_card":"summary_large_image","twitter_misc":{"Dur\u00e9e de lecture estim\u00e9e":"1 minute"},"schema":{"@context":"https:\/\/schema.org","@graph":[{"@type":"WebPage","@id":"https:\/\/lottoonline365.com\/fr\/plus-de-jackpots-internationaux\/superenalotto-italie\/","url":"https:\/\/lottoonline365.com\/fr\/plus-de-jackpots-internationaux\/superenalotto-italie\/","name":"Puis-je jouer au Superenalotto en ligne ?","isPartOf":{"@id":"https:\/\/lottoonline365.com\/fr\/#website"},"datePublished":"2025-08-04T09:25:58+00:00","breadcrumb":{"@id":"https:\/\/lottoonline365.com\/fr\/plus-de-jackpots-internationaux\/superenalotto-italie\/#breadcrumb"},"inLanguage":"fr-FR","potentialAction":[{"@type":"ReadAction","target":["https:\/\/lottoonline365.com\/fr\/plus-de-jackpots-internationaux\/superenalotto-italie\/"]}]},{"@type":"BreadcrumbList","@id":"https:\/\/lottoonline365.com\/fr\/plus-de-jackpots-internationaux\/superenalotto-italie\/#breadcrumb","itemListElement":[{"@type":"ListItem","position":1,"name":"Home","item":"https:\/\/lottoonline365.com\/fr\/"},{"@type":"ListItem","position":2,"name":"Plus de jackpots internationaux","item":"https:\/\/lottoonline365.com\/fr\/plus-de-jackpots-internationaux\/"},{"@type":"ListItem","position":3,"name":"Superenalotto Italie"}]},{"@type":"WebSite","@id":"https:\/\/lottoonline365.com\/fr\/#website","url":"https:\/\/lottoonline365.com\/fr\/","name":"","description":"","potentialAction":[{"@type":"SearchAction","target":{"@type":"EntryPoint","urlTemplate":"https:\/\/lottoonline365.com\/fr\/?s={search_term_string}"},"query-input":{"@type":"PropertyValueSpecification","valueRequired":true,"valueName":"search_term_string"}}],"inLanguage":"fr-FR"}]}},"_links":{"self":[{"href":"https:\/\/lottoonline365.com\/fr\/wp-json\/wp\/v2\/pages\/62","targetHints":{"allow":["GET"]}}],"collection":[{"href":"https:\/\/lottoonline365.com\/fr\/wp-json\/wp\/v2\/pages"}],"about":[{"href":"https:\/\/lottoonline365.com\/fr\/wp-json\/wp\/v2\/types\/page"}],"author":[{"embeddable":true,"href":"https:\/\/lottoonline365.com\/fr\/wp-json\/wp\/v2\/users\/1"}],"replies":[{"embeddable":true,"href":"https:\/\/lottoonline365.com\/fr\/wp-json\/wp\/v2\/comments?post=62"}],"version-history":[{"count":0,"href":"https:\/\/lottoonline365.com\/fr\/wp-json\/wp\/v2\/pages\/62\/revisions"}],"up":[{"embeddable":true,"href":"https:\/\/lottoonline365.com\/fr\/wp-json\/wp\/v2\/pages\/53"}],"wp:attachment":[{"href":"https:\/\/lottoonline365.com\/fr\/wp-json\/wp\/v2\/media?parent=62"}],"curies":[{"name":"wp","href":"https:\/\/api.w.org\/{rel}","templated":true}]}}