{"id":59,"date":"2025-08-04T09:13:44","date_gmt":"2025-08-04T09:13:44","guid":{"rendered":"https:\/\/lottoonline365.com\/quelle-loterie-offre-les-meilleures-chances-de-gagner\/"},"modified":"2025-08-04T09:13:44","modified_gmt":"2025-08-04T09:13:44","slug":"quelle-loterie-offre-les-meilleures-chances-de-gagner","status":"publish","type":"page","link":"https:\/\/lottoonline365.com\/fr\/quelle-loterie-offre-les-meilleures-chances-de-gagner\/","title":{"rendered":"Quelle loterie offre les meilleures chances de gagner ?"},"content":{"rendered":"<h1>O\u00f9 sont vos chances de gagner\u00a0?<\/h1>\n<p>Comme pour tout achat, avant de d\u00e9cider d&rsquo;investir dans un billet de loterie, il est conseill\u00e9 d&rsquo;examiner attentivement la loterie qui offre les meilleures chances de gagner. Nous allons tenter de r\u00e9pondre \u00e0 cette question, m\u00eame si ce n&rsquo;est pas une d\u00e9cision facile et qu&rsquo;il existe plusieurs variables.<\/p>\n<h2>Comment calculer les chances de gagner \u00e0 la loterie\u00a0?<\/h2>\n<p>Commen\u00e7ons par clarifier quelques points. Lorsque l&rsquo;on parle de chances de gagner \u00e0 la loterie, de quoi parle-t-on exactement\u00a0? Du montant que l&rsquo;on peut gagner, des chances de remporter le jackpot, ou encore du facteur d\u00e9cisif\u00a0? D&rsquo;un point de vue math\u00e9matique, la meilleure d\u00e9finition serait ce qu&rsquo;on appelle l&rsquo;esp\u00e9rance de gain, ou \u00ab\u00a0valeur attendue\u00a0\u00bb, de votre investissement. La discipline math\u00e9matique qui traite de ce calcul s&rsquo;appelle la statistique.<\/p>\n<p>La valeur attendue signifie que, d&rsquo;un c\u00f4t\u00e9, vous avez votre investissement. D&rsquo;autre part, vous avez les gains possibles. Avec un ticket de loto, vous pouvez non seulement gagner un jackpot, mais aussi plusieurs niveaux de gains. Prenons l&rsquo;exemple du <a href=\"https:\/\/lottoonline365.com\/en\/mega-millions\" target=\"_blank\" rel=\"noopener\">Megamillions Lotto<\/a>\u00a0: vous choisissez 5 num\u00e9ros principaux parmi 70, avec un num\u00e9ro suppl\u00e9mentaire entre 1 et 25. Le troisi\u00e8me prix correspond \u00e0 la somme obtenue en obtenant deux num\u00e9ros principaux et le num\u00e9ro suppl\u00e9mentaire.<\/p>\n<p>Il faut ici calculer la probabilit\u00e9 d&rsquo;avoir ces deux num\u00e9ros corrects. Pour cela, il faut utiliser une \u00e9quation avec facult\u00e9s\u2026 Enfin, c&rsquo;est tr\u00e8s compliqu\u00e9, donc nous prenons ce chiffre sur le site web de Megamillions. C&rsquo;est 1 sur 693, soit 0,001443 % en pourcentage.<br \/>Prenez maintenant le prix gagn\u00e9 pour ce niveau, soit 10 $, multipliez-le par ce pourcentage, puis divisez par 2 $ (les d\u00e9penses pour un ticket). Vous obtenez 0,007215 %. Il s&rsquo;agit de la valeur esp\u00e9r\u00e9e de votre ticket pour le niveau 3.<\/p>\n<p>Vous devez maintenant effectuer le m\u00eame calcul pour tous les autres niveaux, en additionnant les r\u00e9sultats finaux de chaque niveau. Vous obtenez alors la valeur esp\u00e9r\u00e9e totale. Il devient \u00e9vident que plus le prix est \u00e9lev\u00e9, plus la valeur esp\u00e9r\u00e9e, ou VE, est \u00e9lev\u00e9e. La VE totale d\u00e9pend fortement du montant du jackpot, c&rsquo;est-\u00e0-dire du prix du niveau sup\u00e9rieur. Ce palier unique a la plus forte influence sur votre esp\u00e9rance de gain.<\/p>\n<h2>Ainsi, plus le jackpot est \u00e9lev\u00e9, plus mon esp\u00e9rance de gain (et mes chances de gagner) sont \u00e9lev\u00e9es.<\/h2>\n<p>C&rsquo;est exact, toutes choses \u00e9gales par ailleurs. Les d\u00e9tails du tirage (nombre de boules num\u00e9rot\u00e9es, nombre de num\u00e9ros \u00e0 tirer, un ou deux num\u00e9ros suppl\u00e9mentaires, etc.) sont \u00e9galement importants. Mais voici un fait important\u00a0: si les chances de trouver tous les bons num\u00e9ros sont extr\u00eamement faibles pour vous, la loterie a tendance \u00e0 g\u00e9n\u00e9rer des jackpots plus \u00e9lev\u00e9s.<\/p>\n<p>La raison est simple\u00a0: de faibles probabilit\u00e9s signifient que le jackpot ne sera probablement pas remport\u00e9 sur une longue p\u00e9riode. Les chances de remporter le premier prix au Megamillions sont d&rsquo;environ 1 sur 302 millions, ce qui signifie que statistiquement, 302 millions de tickets (ou lignes) doivent \u00eatre vendus avant que quelqu&rsquo;un ne d\u00e9croche le jackpot. Ainsi, plus ce chiffre est \u00e9lev\u00e9, plus le jackpot sera important (sauf si le montant est plafonn\u00e9).<\/p>\n<p>Par cons\u00e9quent, si vous recherchez la loterie offrant les meilleures chances de gagner, la solution la plus simple est de toujours miser sur le jackpot le plus \u00e9lev\u00e9 du moment. Faut-il pour autant attendre que le jackpot de votre loterie locale atteigne un certain montant\u00a0? Non, m\u00eame si c&rsquo;\u00e9tait le cas auparavant, vous pouvez aujourd&rsquo;hui choisir parmi une multitude de loteries du monde entier. RedFoxLotto vous offre cette possibilit\u00e9 en vous proposant un service en ligne vous permettant de commander des tickets pour plus de 20 des plus gros et plus lucratifs jackpots de loteries internationales. <span style=\"text-decoration: underline;\"><a href=\"https:\/\/redfoxlotto.com\/?ref=A8564250A2&amp;medium=lo365\" target=\"_blank\" rel=\"noopener\">Un seul clic sur ce lien suffit pour acc\u00e9der \u00e0 plusieurs jackpots sur leur site.<\/a><\/span>. <strong>Voici comment am\u00e9liorer vos chances de gagner \u00e0 la loterie\u00a0!<\/strong><\/p>\n<p>&nbsp;<\/p>\n<p>&nbsp;<\/p>\n","protected":false},"excerpt":{"rendered":"<p>O\u00f9 sont vos chances de gagner\u00a0? Comme pour tout achat, avant de d\u00e9cider d&rsquo;investir dans un billet de loterie, il est conseill\u00e9 d&rsquo;examiner attentivement la loterie qui offre les meilleures chances de gagner. Nous allons tenter de r\u00e9pondre \u00e0 cette question, m\u00eame si ce n&rsquo;est pas une d\u00e9cision facile et qu&rsquo;il existe plusieurs variables. Comment [&hellip;]<\/p>\n","protected":false},"author":1,"featured_media":0,"parent":0,"menu_order":0,"comment_status":"closed","ping_status":"closed","template":"","meta":{"footnotes":""},"class_list":["post-59","page","type-page","status-publish","hentry"],"blocksy_meta":[],"yoast_head":"<!-- This site is optimized with the Yoast SEO plugin v27.4 - https:\/\/yoast.com\/product\/yoast-seo-wordpress\/ -->\n<title>Quelle loterie offre les meilleures chances de gagner ?<\/title>\n<meta name=\"robots\" content=\"index, follow, max-snippet:-1, max-image-preview:large, max-video-preview:-1\" \/>\n<link rel=\"canonical\" href=\"https:\/\/lottoonline365.com\/fr\/quelle-loterie-offre-les-meilleures-chances-de-gagner\/\" \/>\n<meta property=\"og:locale\" content=\"fr_FR\" \/>\n<meta property=\"og:type\" content=\"article\" \/>\n<meta property=\"og:title\" content=\"Quelle loterie offre les meilleures chances de gagner ?\" \/>\n<meta property=\"og:description\" content=\"O\u00f9 sont vos chances de gagner\u00a0? Comme pour tout achat, avant de d\u00e9cider d&rsquo;investir dans un billet de loterie, il est conseill\u00e9 d&rsquo;examiner attentivement la loterie qui offre les meilleures chances de gagner. Nous allons tenter de r\u00e9pondre \u00e0 cette question, m\u00eame si ce n&rsquo;est pas une d\u00e9cision facile et qu&rsquo;il existe plusieurs variables. Comment [&hellip;]\" \/>\n<meta property=\"og:url\" content=\"https:\/\/lottoonline365.com\/fr\/quelle-loterie-offre-les-meilleures-chances-de-gagner\/\" \/>\n<meta name=\"twitter:card\" content=\"summary_large_image\" \/>\n<meta name=\"twitter:label1\" content=\"Dur\u00e9e de lecture estim\u00e9e\" \/>\n\t<meta name=\"twitter:data1\" content=\"3 minutes\" \/>\n<script type=\"application\/ld+json\" class=\"yoast-schema-graph\">{\"@context\":\"https:\\\/\\\/schema.org\",\"@graph\":[{\"@type\":\"WebPage\",\"@id\":\"https:\\\/\\\/lottoonline365.com\\\/fr\\\/quelle-loterie-offre-les-meilleures-chances-de-gagner\\\/\",\"url\":\"https:\\\/\\\/lottoonline365.com\\\/fr\\\/quelle-loterie-offre-les-meilleures-chances-de-gagner\\\/\",\"name\":\"Quelle loterie offre les meilleures chances de gagner ?\",\"isPartOf\":{\"@id\":\"https:\\\/\\\/lottoonline365.com\\\/fr\\\/#website\"},\"datePublished\":\"2025-08-04T09:13:44+00:00\",\"breadcrumb\":{\"@id\":\"https:\\\/\\\/lottoonline365.com\\\/fr\\\/quelle-loterie-offre-les-meilleures-chances-de-gagner\\\/#breadcrumb\"},\"inLanguage\":\"fr-FR\",\"potentialAction\":[{\"@type\":\"ReadAction\",\"target\":[\"https:\\\/\\\/lottoonline365.com\\\/fr\\\/quelle-loterie-offre-les-meilleures-chances-de-gagner\\\/\"]}]},{\"@type\":\"BreadcrumbList\",\"@id\":\"https:\\\/\\\/lottoonline365.com\\\/fr\\\/quelle-loterie-offre-les-meilleures-chances-de-gagner\\\/#breadcrumb\",\"itemListElement\":[{\"@type\":\"ListItem\",\"position\":1,\"name\":\"Home\",\"item\":\"https:\\\/\\\/lottoonline365.com\\\/fr\\\/\"},{\"@type\":\"ListItem\",\"position\":2,\"name\":\"Quelle loterie offre les meilleures chances de gagner ?\"}]},{\"@type\":\"WebSite\",\"@id\":\"https:\\\/\\\/lottoonline365.com\\\/fr\\\/#website\",\"url\":\"https:\\\/\\\/lottoonline365.com\\\/fr\\\/\",\"name\":\"\",\"description\":\"\",\"potentialAction\":[{\"@type\":\"SearchAction\",\"target\":{\"@type\":\"EntryPoint\",\"urlTemplate\":\"https:\\\/\\\/lottoonline365.com\\\/fr\\\/?s={search_term_string}\"},\"query-input\":{\"@type\":\"PropertyValueSpecification\",\"valueRequired\":true,\"valueName\":\"search_term_string\"}}],\"inLanguage\":\"fr-FR\"}]}<\/script>\n<!-- \/ Yoast SEO plugin. -->","yoast_head_json":{"title":"Quelle loterie offre les meilleures chances de gagner ?","robots":{"index":"index","follow":"follow","max-snippet":"max-snippet:-1","max-image-preview":"max-image-preview:large","max-video-preview":"max-video-preview:-1"},"canonical":"https:\/\/lottoonline365.com\/fr\/quelle-loterie-offre-les-meilleures-chances-de-gagner\/","og_locale":"fr_FR","og_type":"article","og_title":"Quelle loterie offre les meilleures chances de gagner ?","og_description":"O\u00f9 sont vos chances de gagner\u00a0? Comme pour tout achat, avant de d\u00e9cider d&rsquo;investir dans un billet de loterie, il est conseill\u00e9 d&rsquo;examiner attentivement la loterie qui offre les meilleures chances de gagner. Nous allons tenter de r\u00e9pondre \u00e0 cette question, m\u00eame si ce n&rsquo;est pas une d\u00e9cision facile et qu&rsquo;il existe plusieurs variables. Comment [&hellip;]","og_url":"https:\/\/lottoonline365.com\/fr\/quelle-loterie-offre-les-meilleures-chances-de-gagner\/","twitter_card":"summary_large_image","twitter_misc":{"Dur\u00e9e de lecture estim\u00e9e":"3 minutes"},"schema":{"@context":"https:\/\/schema.org","@graph":[{"@type":"WebPage","@id":"https:\/\/lottoonline365.com\/fr\/quelle-loterie-offre-les-meilleures-chances-de-gagner\/","url":"https:\/\/lottoonline365.com\/fr\/quelle-loterie-offre-les-meilleures-chances-de-gagner\/","name":"Quelle loterie offre les meilleures chances de gagner ?","isPartOf":{"@id":"https:\/\/lottoonline365.com\/fr\/#website"},"datePublished":"2025-08-04T09:13:44+00:00","breadcrumb":{"@id":"https:\/\/lottoonline365.com\/fr\/quelle-loterie-offre-les-meilleures-chances-de-gagner\/#breadcrumb"},"inLanguage":"fr-FR","potentialAction":[{"@type":"ReadAction","target":["https:\/\/lottoonline365.com\/fr\/quelle-loterie-offre-les-meilleures-chances-de-gagner\/"]}]},{"@type":"BreadcrumbList","@id":"https:\/\/lottoonline365.com\/fr\/quelle-loterie-offre-les-meilleures-chances-de-gagner\/#breadcrumb","itemListElement":[{"@type":"ListItem","position":1,"name":"Home","item":"https:\/\/lottoonline365.com\/fr\/"},{"@type":"ListItem","position":2,"name":"Quelle loterie offre les meilleures chances de gagner ?"}]},{"@type":"WebSite","@id":"https:\/\/lottoonline365.com\/fr\/#website","url":"https:\/\/lottoonline365.com\/fr\/","name":"","description":"","potentialAction":[{"@type":"SearchAction","target":{"@type":"EntryPoint","urlTemplate":"https:\/\/lottoonline365.com\/fr\/?s={search_term_string}"},"query-input":{"@type":"PropertyValueSpecification","valueRequired":true,"valueName":"search_term_string"}}],"inLanguage":"fr-FR"}]}},"_links":{"self":[{"href":"https:\/\/lottoonline365.com\/fr\/wp-json\/wp\/v2\/pages\/59","targetHints":{"allow":["GET"]}}],"collection":[{"href":"https:\/\/lottoonline365.com\/fr\/wp-json\/wp\/v2\/pages"}],"about":[{"href":"https:\/\/lottoonline365.com\/fr\/wp-json\/wp\/v2\/types\/page"}],"author":[{"embeddable":true,"href":"https:\/\/lottoonline365.com\/fr\/wp-json\/wp\/v2\/users\/1"}],"replies":[{"embeddable":true,"href":"https:\/\/lottoonline365.com\/fr\/wp-json\/wp\/v2\/comments?post=59"}],"version-history":[{"count":0,"href":"https:\/\/lottoonline365.com\/fr\/wp-json\/wp\/v2\/pages\/59\/revisions"}],"wp:attachment":[{"href":"https:\/\/lottoonline365.com\/fr\/wp-json\/wp\/v2\/media?parent=59"}],"curies":[{"name":"wp","href":"https:\/\/api.w.org\/{rel}","templated":true}]}}