{"id":47,"date":"2025-08-04T09:28:57","date_gmt":"2025-08-04T09:28:57","guid":{"rendered":"https:\/\/lottoonline365.com\/maison\/"},"modified":"2025-08-26T19:08:26","modified_gmt":"2025-08-26T19:08:26","slug":"maison","status":"publish","type":"page","link":"https:\/\/lottoonline365.com\/fr\/","title":{"rendered":"Maison"},"content":{"rendered":"<h1>Acheter des tickets de loto en ligne vous ouvre de nouvelles possibilit\u00e9s<\/h1>\n<p>Au lieu de vous concentrer uniquement sur votre loterie locale, renseignez-vous \u00e9galement sur les options d&rsquo;achat de tickets de loto en ligne\u00a0! Vous ne d\u00e9pendrez plus des loteries propos\u00e9es dans votre pays.<\/p>\n<p>Aujourd&rsquo;hui, vous pouvez participer aux tirages de tous les jackpots du monde avec un ticket 100\u00a0% l\u00e9gal achet\u00e9 en ligne. C&rsquo;est aussi une fa\u00e7on extr\u00eamement confortable de jouer, gr\u00e2ce au service de messagerie de RedFoxLotto. <strong><span style=\"text-decoration: underline;\"><a href=\"https:\/\/redfoxlotto.com\/?ref=A8564250A2&amp;medium=lo365\" target=\"_blank\" rel=\"noopener\">Cliquez ici pour visiter le site web de RedFoxLotto<\/a><\/span><\/strong>. Le principe de leur service en ligne est le suivant\u00a0: RedFoxLotto ach\u00e8te le billet que vous avez command\u00e9 et vous fournit ensuite une copie scann\u00e9e de votre billet comme justificatif.<\/p>\n<p>Ainsi, pour acheter un billet de loterie, quel que soit votre pays de r\u00e9sidence ou votre lieu de r\u00e9sidence actuel, cela n&rsquo;a plus d&rsquo;importance.<\/p>\n<h2>Des dizaines de jackpots tr\u00e8s attractifs<\/h2>\n<p>Si vous regardez les jackpots de votre loterie nationale, vous constaterez peut-\u00eatre que les jackpots sont relativement faibles. En revanche, si vous achetez des billets de loterie en ligne, vous avez le choix entre une vari\u00e9t\u00e9 de loteries de nombreux pays du monde.<\/p>\n<p>Vous avez s\u00fbrement entendu parler des jackpots colossaux remport\u00e9s par des loteries am\u00e9ricaines comme <a href=\"en\/powerball-usa\">Powerball <\/a> et <a href=\"en\/mega-millions\">MegaMillions<\/a>. R\u00e9cemment, un jackpot de 1,5 milliard de dollars am\u00e9ricains a \u00e9t\u00e9 remport\u00e9 aux \u00c9tats-Unis. Un tel montant est difficile \u00e0 imaginer, mais le fait est que vous aussi pouvez commander en toute s\u00e9curit\u00e9 et en toute l\u00e9galit\u00e9 un billet pour ces loteries et d&rsquo;autres <a href=\"fr\/plus-de-jackpots-internationaux\/euromillions\" target=\"_blank\" rel=\"noopener\">autres<\/a> depuis votre pays.<\/p>\n<p>Bien s\u00fbr, le prix d&rsquo;un billet est l\u00e9g\u00e8rement plus \u00e9lev\u00e9 qu&rsquo;un billet normal en raison des frais de livraison, mais le rapport entre l&rsquo;argent d\u00e9pens\u00e9 et le b\u00e9n\u00e9fice potentiel est bien meilleur. La plupart des joueurs choisissent le <a href=\"fr\/plus-de-jackpots-internationaux\/el-gordo-lotto-espagne\" target=\"_blank\" rel=\"noopener\">jackpot<\/a> actuellement le plus \u00e9lev\u00e9. C&rsquo;est une strat\u00e9gie parfaitement logique et math\u00e9matiquement correcte\u00a0!<\/p>\n<h2>Proc\u00e9dure d&rsquo;achat des tickets<\/h2>\n<p><img loading=\"lazy\" decoding=\"async\" src=\"images\/powerball_los.jpg\" width=\"300\" height=\"169\" alt=\"ticket powerball\" style=\"margin: 5px; float: right;\" \/>Une fois sur le site web de RedFoxLotto, s\u00e9lectionnez d&rsquo;abord la loterie \u00e0 laquelle vous souhaitez participer. Ensuite, choisissez vos num\u00e9ros. Impossible de se tromper\u00a0: le site web vous indique pr\u00e9cis\u00e9ment le nombre de num\u00e9ros principaux et de num\u00e9ros suppl\u00e9mentaires \u00e0 cocher pour la loterie choisie. De plus, vous pouvez laisser tout ou partie de la s\u00e9lection au hasard et laisser un g\u00e9n\u00e9rateur de nombres al\u00e9atoires int\u00e9gr\u00e9 choisir les num\u00e9ros pour vous.<\/p>\n<p>Bien s\u00fbr, vous pouvez \u00e9galement commander plusieurs tickets ou jouer \u00e0 <a href=\"index.php?option=com_content&amp;view=article&amp;id=42&amp;Itemid=269&amp;lang=fr\">plusieurs loteries<\/a>. Vous avez \u00e9galement la possibilit\u00e9 de participer aux tirages pendant plusieurs semaines. C&rsquo;est particuli\u00e8rement avantageux\u00a0: d&rsquo;une part, car RedFoxLotto vous offre g\u00e9n\u00e9ralement une r\u00e9duction si vous participez \u00e0 plusieurs tirages\u00a0; et d&rsquo;autre part, car m\u00eame un jackpot particuli\u00e8rement important peut ne pas \u00eatre remport\u00e9 au tirage suivant. Avec un \u00ab\u00a0ticket permanent\u00a0\u00bb, vous \u00eates automatiquement toujours en course pour le prochain tirage\u00a0!<\/p>\n<p>Pour finaliser l&rsquo;achat, vous devez vous inscrire sur RedFoxLotto et utiliser l&rsquo;un des nombreux modes de paiement s\u00e9curis\u00e9s. Peu de temps apr\u00e8s, vous recevrez la confirmation et votre ticket.<\/p>\n<p>Si vous <a href=\"fr\/num\u00e9ros-gagnants\" target=\"_blank\" rel=\"noopener\">gagnez<\/a>, vous serez automatiquement averti par RedFoxLotto. Le paiement des gains jusqu&rsquo;\u00e0 600 $ sera cr\u00e9dit\u00e9 sur votre compte client\u00a0; vous pouvez recevoir l&rsquo;argent imm\u00e9diatement.<\/p>\n<p>Pour des gains plus importants, il suffit de remplir un formulaire simple et de l&rsquo;envoyer \u00e0 RedFoxLotto par e-mail. Ils le traiteront pour vous, puis la Commission du Loto vous contactera et, dans la plupart des cas, vous enverra un ch\u00e8que.<\/p>\n<p><strong>Voyez-vous, acheter des tickets de loterie en ligne est aussi s\u00fbr qu&rsquo;acheter un ticket dans votre ville, mais potentiellement beaucoup plus lucratif\u00a0!<\/strong><\/p>\n","protected":false},"excerpt":{"rendered":"<p>Acheter des tickets de loto en ligne vous ouvre de nouvelles possibilit\u00e9s Au lieu de vous concentrer uniquement sur votre loterie locale, renseignez-vous \u00e9galement sur les options d&rsquo;achat de tickets de loto en ligne\u00a0! Vous ne d\u00e9pendrez plus des loteries propos\u00e9es dans votre pays. Aujourd&rsquo;hui, vous pouvez participer aux tirages de tous les jackpots du [&hellip;]<\/p>\n","protected":false},"author":1,"featured_media":0,"parent":0,"menu_order":0,"comment_status":"closed","ping_status":"closed","template":"","meta":{"footnotes":""},"class_list":["post-47","page","type-page","status-publish","hentry"],"blocksy_meta":[],"yoast_head":"<!-- This site is optimized with the Yoast SEO plugin v27.5 - https:\/\/yoast.com\/product\/yoast-seo-wordpress\/ -->\n<title>Achetez des billets de loterie en ligne<\/title>\n<meta name=\"description\" content=\"Achetez des billets de loterie officiels en ligne dans le confort de votre maison.\" \/>\n<meta name=\"robots\" content=\"index, follow, max-snippet:-1, max-image-preview:large, max-video-preview:-1\" \/>\n<link rel=\"canonical\" href=\"https:\/\/lottoonline365.com\/fr\/\" \/>\n<meta property=\"og:locale\" content=\"fr_FR\" \/>\n<meta property=\"og:type\" content=\"article\" \/>\n<meta property=\"og:title\" content=\"Achetez des billets de loterie en ligne\" \/>\n<meta property=\"og:description\" content=\"Achetez des billets de loterie officiels en ligne dans le confort de votre maison.\" \/>\n<meta property=\"og:url\" content=\"https:\/\/lottoonline365.com\/fr\/\" \/>\n<meta property=\"article:modified_time\" content=\"2025-08-26T19:08:26+00:00\" \/>\n<meta name=\"twitter:card\" content=\"summary_large_image\" \/>\n<meta name=\"twitter:label1\" content=\"Dur\u00e9e de lecture estim\u00e9e\" \/>\n\t<meta name=\"twitter:data1\" content=\"3 minutes\" \/>\n<script type=\"application\/ld+json\" class=\"yoast-schema-graph\">{\"@context\":\"https:\\\/\\\/schema.org\",\"@graph\":[{\"@type\":\"WebPage\",\"@id\":\"https:\\\/\\\/lottoonline365.com\\\/fr\\\/\",\"url\":\"https:\\\/\\\/lottoonline365.com\\\/fr\\\/\",\"name\":\"Achetez des billets de loterie en ligne\",\"isPartOf\":{\"@id\":\"https:\\\/\\\/lottoonline365.com\\\/fr\\\/#website\"},\"datePublished\":\"2025-08-04T09:28:57+00:00\",\"dateModified\":\"2025-08-26T19:08:26+00:00\",\"description\":\"Achetez des billets de loterie officiels en ligne dans le confort de votre maison.\",\"breadcrumb\":{\"@id\":\"https:\\\/\\\/lottoonline365.com\\\/fr\\\/#breadcrumb\"},\"inLanguage\":\"fr-FR\",\"potentialAction\":[{\"@type\":\"ReadAction\",\"target\":[\"https:\\\/\\\/lottoonline365.com\\\/fr\\\/\"]}]},{\"@type\":\"BreadcrumbList\",\"@id\":\"https:\\\/\\\/lottoonline365.com\\\/fr\\\/#breadcrumb\",\"itemListElement\":[{\"@type\":\"ListItem\",\"position\":1,\"name\":\"Home\",\"item\":\"https:\\\/\\\/lottoonline365.com\\\/fr\\\/\"},{\"@type\":\"ListItem\",\"position\":2,\"name\":\"Maison\"}]},{\"@type\":\"WebSite\",\"@id\":\"https:\\\/\\\/lottoonline365.com\\\/fr\\\/#website\",\"url\":\"https:\\\/\\\/lottoonline365.com\\\/fr\\\/\",\"name\":\"\",\"description\":\"\",\"potentialAction\":[{\"@type\":\"SearchAction\",\"target\":{\"@type\":\"EntryPoint\",\"urlTemplate\":\"https:\\\/\\\/lottoonline365.com\\\/fr\\\/?s={search_term_string}\"},\"query-input\":{\"@type\":\"PropertyValueSpecification\",\"valueRequired\":true,\"valueName\":\"search_term_string\"}}],\"inLanguage\":\"fr-FR\"}]}<\/script>\n<!-- \/ Yoast SEO plugin. -->","yoast_head_json":{"title":"Achetez des billets de loterie en ligne","description":"Achetez des billets de loterie officiels en ligne dans le confort de votre maison.","robots":{"index":"index","follow":"follow","max-snippet":"max-snippet:-1","max-image-preview":"max-image-preview:large","max-video-preview":"max-video-preview:-1"},"canonical":"https:\/\/lottoonline365.com\/fr\/","og_locale":"fr_FR","og_type":"article","og_title":"Achetez des billets de loterie en ligne","og_description":"Achetez des billets de loterie officiels en ligne dans le confort de votre maison.","og_url":"https:\/\/lottoonline365.com\/fr\/","article_modified_time":"2025-08-26T19:08:26+00:00","twitter_card":"summary_large_image","twitter_misc":{"Dur\u00e9e de lecture estim\u00e9e":"3 minutes"},"schema":{"@context":"https:\/\/schema.org","@graph":[{"@type":"WebPage","@id":"https:\/\/lottoonline365.com\/fr\/","url":"https:\/\/lottoonline365.com\/fr\/","name":"Achetez des billets de loterie en ligne","isPartOf":{"@id":"https:\/\/lottoonline365.com\/fr\/#website"},"datePublished":"2025-08-04T09:28:57+00:00","dateModified":"2025-08-26T19:08:26+00:00","description":"Achetez des billets de loterie officiels en ligne dans le confort de votre maison.","breadcrumb":{"@id":"https:\/\/lottoonline365.com\/fr\/#breadcrumb"},"inLanguage":"fr-FR","potentialAction":[{"@type":"ReadAction","target":["https:\/\/lottoonline365.com\/fr\/"]}]},{"@type":"BreadcrumbList","@id":"https:\/\/lottoonline365.com\/fr\/#breadcrumb","itemListElement":[{"@type":"ListItem","position":1,"name":"Home","item":"https:\/\/lottoonline365.com\/fr\/"},{"@type":"ListItem","position":2,"name":"Maison"}]},{"@type":"WebSite","@id":"https:\/\/lottoonline365.com\/fr\/#website","url":"https:\/\/lottoonline365.com\/fr\/","name":"","description":"","potentialAction":[{"@type":"SearchAction","target":{"@type":"EntryPoint","urlTemplate":"https:\/\/lottoonline365.com\/fr\/?s={search_term_string}"},"query-input":{"@type":"PropertyValueSpecification","valueRequired":true,"valueName":"search_term_string"}}],"inLanguage":"fr-FR"}]}},"_links":{"self":[{"href":"https:\/\/lottoonline365.com\/fr\/wp-json\/wp\/v2\/pages\/47","targetHints":{"allow":["GET"]}}],"collection":[{"href":"https:\/\/lottoonline365.com\/fr\/wp-json\/wp\/v2\/pages"}],"about":[{"href":"https:\/\/lottoonline365.com\/fr\/wp-json\/wp\/v2\/types\/page"}],"author":[{"embeddable":true,"href":"https:\/\/lottoonline365.com\/fr\/wp-json\/wp\/v2\/users\/1"}],"replies":[{"embeddable":true,"href":"https:\/\/lottoonline365.com\/fr\/wp-json\/wp\/v2\/comments?post=47"}],"version-history":[{"count":1,"href":"https:\/\/lottoonline365.com\/fr\/wp-json\/wp\/v2\/pages\/47\/revisions"}],"predecessor-version":[{"id":239,"href":"https:\/\/lottoonline365.com\/fr\/wp-json\/wp\/v2\/pages\/47\/revisions\/239"}],"wp:attachment":[{"href":"https:\/\/lottoonline365.com\/fr\/wp-json\/wp\/v2\/media?parent=47"}],"curies":[{"name":"wp","href":"https:\/\/api.w.org\/{rel}","templated":true}]}}