{"id":251,"date":"2025-08-04T09:28:57","date_gmt":"2025-08-04T09:28:57","guid":{"rendered":"https:\/\/lottoonline365.com\/kotiin\/"},"modified":"2025-08-04T09:28:57","modified_gmt":"2025-08-04T09:28:57","slug":"kotiin","status":"publish","type":"page","link":"https:\/\/lottoonline365.com\/fi\/","title":{"rendered":"Kotiin"},"content":{"rendered":"<h2>Lottolipun ostaminen verkosta avaa lis\u00e4\u00e4 mahdollisuuksia<\/h2>\n<p>Sen sijaan, ett\u00e4 keskittyisit vain paikalliseen lottoosi, sinun kannattaa tiet\u00e4\u00e4 my\u00f6s vaihtoehdoistasi ostaa lottolipuja verkosta! Et ole loppujen lopuksi en\u00e4\u00e4 riippuvainen omassa maassasi tarjottavista lottoista.<\/p>\n<p>Nyky\u00e4\u00e4n voit osallistua kaikkien maailman j\u00e4ttipottien arvontaan \u2013 100 % laillisella lipulla, jonka ostit verkosta. T\u00e4m\u00e4 on my\u00f6s eritt\u00e4in mukava tapa pelata RedFoxLotton lottol\u00e4hettipalvelun avulla. <strong><span style=\"text-decoration: underline;\"><a href=\"https:\/\/redfoxlotto.com\/?ref=A8564250A2&amp;medium=lo365\" target=\"_blank\" rel=\"noopener\">Klikkaa t\u00e4st\u00e4 vieraillaksesi RedFoxLotton verkkosivustolla<\/a><\/span><\/strong>. Heid\u00e4n verkkopalvelunsa periaatteena on, ett\u00e4 RedFoxLotto ostaa tilaamasi lipun ja toimittaa sinulle sitten skannatun kopion lipustasi todisteeksi.<\/p>\n<p>Joten ostaaksesi lipun mihin tahansa lottoon, sill\u00e4 ei ole en\u00e4\u00e4 v\u00e4li\u00e4 miss\u00e4 maassa asut tai miss\u00e4 olet t\u00e4ll\u00e4 hetkell\u00e4.<\/p>\n<h2>Kymmeni\u00e4 eritt\u00e4in houkuttelevia j\u00e4ttipotteja<\/h2>\n<p>Jos katsot kansallista lottoasi, saatat huomata, ett\u00e4 j\u00e4ttipotit ovat suhteellisen pieni\u00e4. Toisaalta, jos ostat lottokuponkeja internetin kautta, voit valita vapaasti useista lottoista monista maista ymp\u00e4ri maailmaa.<\/p>\n<p>Olet varmasti kuullut uutisista valtavista j\u00e4ttipoteista yhdysvaltalaisissa lottoissa, kuten <a href=\"en\/powerball-usa\">Powerball<\/a> ja <a href=\"en\/mega-millions\">MegaMillions<\/a>. \u00c4skett\u00e4in Yhdysvalloissa voitettiin 1,5 miljardin Yhdysvaltain dollarin j\u00e4ttipotti. Tuollaista summaa on vaikea edes kuvitella, mutta tosiasia on, ett\u00e4 sin\u00e4kin voit turvallisesti ja laillisesti tilata lipun n\u00e4ihin ja <a href=\"en\/more-international-jackpots\/euromillions\" target=\"_blank\" rel=\"noopener\">muihin lottoihin<\/a> omasta maastasi.<\/p>\n<p>Lipun hinta on tietenkin hieman korkeampi kuin tavallisen lipun kuriiripalvelun kustannusten vuoksi, mutta k\u00e4ytetyn rahan ja mahdollisen voiton v\u00e4linen suhde on moninkertaisesti parempi. Useimmat pelaajat valitsevat <a href=\"en\/more-international-jackpots\/el-gordo-lotto-spain\" target=\"_blank\" rel=\"noopener\">p\u00e4\u00e4potin<\/a>, jossa on t\u00e4ll\u00e4 hetkell\u00e4 suurin summa \u2013 t\u00e4m\u00e4 on t\u00e4ysin looginen ja matemaattisesti oikea strategia!<\/p>\n<h2>Lipun ostoprosessi<\/h2>\n<p><img loading=\"lazy\" decoding=\"async\" style=\"margin: 5px; float: right;\" src=\"images\/powerball_los.jpg\" alt=\"powerball ticket\" width=\"300\" height=\"169\" \/>Kun olet RedFoxLotto-verkkosivustolla, valitse ensin lotto, johon haluat osallistua. Sitten valitset numerosi \u2013 et voi menn\u00e4 vikaan, koska verkkosivusto kertoo tarkalleen, kuinka monta p\u00e4\u00e4numeroa ja lis\u00e4numeroa sinun on valittava valitsemaasi lottoon. Lis\u00e4ksi voit j\u00e4tt\u00e4\u00e4 koko valinnan tai osan siit\u00e4 sattuman varaan ja antaa integroidun satunnaislukugeneraattorin valita numerot puolestasi.<\/p>\n<p>Tietenkin voit my\u00f6s tilata useita lippuja tai pelata <a href=\"index.php?option=com_content&amp;view=article&amp;id=42&amp;Itemid=269&amp;lang=en\">useita lottoja<\/a>. Samalla sinulla on mahdollisuus osallistua arvontoihin useiden viikkojen ajan. T\u00e4m\u00e4 on erityisen hy\u00f6dyllist\u00e4: ensinn\u00e4kin, koska RedFoxLotto tarjoaa yleens\u00e4 alennuksen, jos osallistut useisiin arvontoihin; ja toiseksi, koska edes erityisen suurta j\u00e4ttipottia ei v\u00e4ltt\u00e4m\u00e4tt\u00e4 voi voittaa seuraavassa arvonnassa, ja &#8221;pysyv\u00e4ll\u00e4 lipulla&#8221; olet automaattisesti mukana kilpailussa seuraavasta arvonnasta!<\/p>\n<p>Oston suorittamiseksi sinun on rekister\u00f6idytt\u00e4v\u00e4 RedFoxLotto-palveluun ja k\u00e4ytett\u00e4v\u00e4 sitten yht\u00e4 lukuisista ja turvallisista maksutavoista. Hetken kuluttua saat vahvistuksen ja lippusi.<\/p>\n<p>Jos <a href=\"en\/winning-numbers\" target=\"_blank\" rel=\"noopener\">voitat<\/a>, RedFoxLotto ilmoittaa sinulle automaattisesti. Voittojen maksu jopa 600 dollariin asti hyvitet\u00e4\u00e4n asiakastilillesi \u2013 voit saada rahat maksettua v\u00e4litt\u00f6m\u00e4sti.<\/p>\n<p>Suurempia voittoja varten on yksinkertainen lomake, joka on t\u00e4ytett\u00e4v\u00e4 ja l\u00e4hetett\u00e4v\u00e4 RedFoxLotto-palveluun s\u00e4hk\u00f6postitse. He k\u00e4sittelev\u00e4t sen puolestasi, ja Lotto Commission ottaa sitten sinuun yhteytt\u00e4 ja useimmissa tapauksissa l\u00e4hett\u00e4\u00e4 sinulle shekin.<\/p>\n<p><strong>N\u00e4etk\u00f6, lottolipun ostaminen netist\u00e4 on yht\u00e4 turvallista kuin lipun ostaminen omasta kaupungistasi \u2013 mutta mahdollisesti paljon tuottoisampaa!<\/strong><\/p>\n","protected":false},"excerpt":{"rendered":"<p>Lottolipun ostaminen verkosta avaa lis\u00e4\u00e4 mahdollisuuksia Sen sijaan, ett\u00e4 keskittyisit vain paikalliseen lottoosi, sinun kannattaa tiet\u00e4\u00e4 my\u00f6s vaihtoehdoistasi ostaa lottolipuja verkosta! Et ole loppujen lopuksi en\u00e4\u00e4 riippuvainen omassa maassasi tarjottavista lottoista. Nyky\u00e4\u00e4n voit osallistua kaikkien maailman j\u00e4ttipottien arvontaan \u2013 100 % laillisella lipulla, jonka ostit verkosta. T\u00e4m\u00e4 on my\u00f6s eritt\u00e4in mukava tapa pelata RedFoxLotton lottol\u00e4hettipalvelun [&hellip;]<\/p>\n","protected":false},"author":1,"featured_media":0,"parent":0,"menu_order":0,"comment_status":"closed","ping_status":"closed","template":"","meta":{"footnotes":""},"class_list":["post-251","page","type-page","status-publish","hentry"],"blocksy_meta":[],"yoast_head":"<!-- This site is optimized with the Yoast SEO plugin v27.3 - https:\/\/yoast.com\/product\/yoast-seo-wordpress\/ -->\n<title>Osta lottolipun netist\u00e4<\/title>\n<meta name=\"description\" content=\"Osta virallisia arpalipukkeita verkosta mukavasti kotoa k\u00e4sin.\" \/>\n<meta name=\"robots\" content=\"index, follow, max-snippet:-1, max-image-preview:large, max-video-preview:-1\" \/>\n<link rel=\"canonical\" href=\"https:\/\/lottoonline365.com\/fi\/\" \/>\n<meta property=\"og:locale\" content=\"fi_FI\" \/>\n<meta property=\"og:type\" content=\"article\" \/>\n<meta property=\"og:title\" content=\"Osta lottolipun netist\u00e4\" \/>\n<meta property=\"og:description\" content=\"Osta virallisia arpalipukkeita verkosta mukavasti kotoa k\u00e4sin.\" \/>\n<meta property=\"og:url\" content=\"https:\/\/lottoonline365.com\/fi\/\" \/>\n<meta name=\"twitter:card\" content=\"summary_large_image\" \/>\n<meta name=\"twitter:label1\" content=\"Arvioitu lukuaika\" \/>\n\t<meta name=\"twitter:data1\" content=\"2 minuuttia\" \/>\n<script type=\"application\/ld+json\" class=\"yoast-schema-graph\">{\"@context\":\"https:\\\/\\\/schema.org\",\"@graph\":[{\"@type\":\"WebPage\",\"@id\":\"https:\\\/\\\/lottoonline365.com\\\/fi\\\/\",\"url\":\"https:\\\/\\\/lottoonline365.com\\\/fi\\\/\",\"name\":\"Osta lottolipun netist\u00e4\",\"isPartOf\":{\"@id\":\"https:\\\/\\\/lottoonline365.com\\\/fi\\\/#website\"},\"datePublished\":\"2025-08-04T09:28:57+00:00\",\"description\":\"Osta virallisia arpalipukkeita verkosta mukavasti kotoa k\u00e4sin.\",\"breadcrumb\":{\"@id\":\"https:\\\/\\\/lottoonline365.com\\\/fi\\\/#breadcrumb\"},\"inLanguage\":\"fi\",\"potentialAction\":[{\"@type\":\"ReadAction\",\"target\":[\"https:\\\/\\\/lottoonline365.com\\\/fi\\\/\"]}]},{\"@type\":\"BreadcrumbList\",\"@id\":\"https:\\\/\\\/lottoonline365.com\\\/fi\\\/#breadcrumb\",\"itemListElement\":[{\"@type\":\"ListItem\",\"position\":1,\"name\":\"Home\",\"item\":\"https:\\\/\\\/lottoonline365.com\\\/fi\\\/\"},{\"@type\":\"ListItem\",\"position\":2,\"name\":\"Kotiin\"}]},{\"@type\":\"WebSite\",\"@id\":\"https:\\\/\\\/lottoonline365.com\\\/fi\\\/#website\",\"url\":\"https:\\\/\\\/lottoonline365.com\\\/fi\\\/\",\"name\":\"\",\"description\":\"\",\"potentialAction\":[{\"@type\":\"SearchAction\",\"target\":{\"@type\":\"EntryPoint\",\"urlTemplate\":\"https:\\\/\\\/lottoonline365.com\\\/fi\\\/?s={search_term_string}\"},\"query-input\":{\"@type\":\"PropertyValueSpecification\",\"valueRequired\":true,\"valueName\":\"search_term_string\"}}],\"inLanguage\":\"fi\"}]}<\/script>\n<!-- \/ Yoast SEO plugin. -->","yoast_head_json":{"title":"Osta lottolipun netist\u00e4","description":"Osta virallisia arpalipukkeita verkosta mukavasti kotoa k\u00e4sin.","robots":{"index":"index","follow":"follow","max-snippet":"max-snippet:-1","max-image-preview":"max-image-preview:large","max-video-preview":"max-video-preview:-1"},"canonical":"https:\/\/lottoonline365.com\/fi\/","og_locale":"fi_FI","og_type":"article","og_title":"Osta lottolipun netist\u00e4","og_description":"Osta virallisia arpalipukkeita verkosta mukavasti kotoa k\u00e4sin.","og_url":"https:\/\/lottoonline365.com\/fi\/","twitter_card":"summary_large_image","twitter_misc":{"Arvioitu lukuaika":"2 minuuttia"},"schema":{"@context":"https:\/\/schema.org","@graph":[{"@type":"WebPage","@id":"https:\/\/lottoonline365.com\/fi\/","url":"https:\/\/lottoonline365.com\/fi\/","name":"Osta lottolipun netist\u00e4","isPartOf":{"@id":"https:\/\/lottoonline365.com\/fi\/#website"},"datePublished":"2025-08-04T09:28:57+00:00","description":"Osta virallisia arpalipukkeita verkosta mukavasti kotoa k\u00e4sin.","breadcrumb":{"@id":"https:\/\/lottoonline365.com\/fi\/#breadcrumb"},"inLanguage":"fi","potentialAction":[{"@type":"ReadAction","target":["https:\/\/lottoonline365.com\/fi\/"]}]},{"@type":"BreadcrumbList","@id":"https:\/\/lottoonline365.com\/fi\/#breadcrumb","itemListElement":[{"@type":"ListItem","position":1,"name":"Home","item":"https:\/\/lottoonline365.com\/fi\/"},{"@type":"ListItem","position":2,"name":"Kotiin"}]},{"@type":"WebSite","@id":"https:\/\/lottoonline365.com\/fi\/#website","url":"https:\/\/lottoonline365.com\/fi\/","name":"","description":"","potentialAction":[{"@type":"SearchAction","target":{"@type":"EntryPoint","urlTemplate":"https:\/\/lottoonline365.com\/fi\/?s={search_term_string}"},"query-input":{"@type":"PropertyValueSpecification","valueRequired":true,"valueName":"search_term_string"}}],"inLanguage":"fi"}]}},"_links":{"self":[{"href":"https:\/\/lottoonline365.com\/fi\/wp-json\/wp\/v2\/pages\/251","targetHints":{"allow":["GET"]}}],"collection":[{"href":"https:\/\/lottoonline365.com\/fi\/wp-json\/wp\/v2\/pages"}],"about":[{"href":"https:\/\/lottoonline365.com\/fi\/wp-json\/wp\/v2\/types\/page"}],"author":[{"embeddable":true,"href":"https:\/\/lottoonline365.com\/fi\/wp-json\/wp\/v2\/users\/1"}],"replies":[{"embeddable":true,"href":"https:\/\/lottoonline365.com\/fi\/wp-json\/wp\/v2\/comments?post=251"}],"version-history":[{"count":0,"href":"https:\/\/lottoonline365.com\/fi\/wp-json\/wp\/v2\/pages\/251\/revisions"}],"wp:attachment":[{"href":"https:\/\/lottoonline365.com\/fi\/wp-json\/wp\/v2\/media?parent=251"}],"curies":[{"name":"wp","href":"https:\/\/api.w.org\/{rel}","templated":true}]}}