{"id":250,"date":"2025-08-04T09:28:57","date_gmt":"2025-08-04T09:28:57","guid":{"rendered":"https:\/\/lottoonline365.com\/avaleht\/"},"modified":"2025-08-26T19:26:40","modified_gmt":"2025-08-26T19:26:40","slug":"avaleht","status":"publish","type":"page","link":"https:\/\/lottoonline365.com\/et\/","title":{"rendered":"Avaleht"},"content":{"rendered":"<h2>Lottopiletite ostmine veebist avab rohkem v\u00f5imalusi<\/h2>\n<p>Selle asemel, et keskenduda ainult oma kohalikule loteriile, peaksite teadma ka oma v\u00f5imalusi lotopiletite ostmiseks veebis! L\u00f5ppude l\u00f5puks ei s\u00f5ltu te enam oma riigis pakutavatest loteriidest.<\/p>\n<p>T\u00e4nap\u00e4eval saate osaleda k\u00f5igi maailma jackpotide loosimistes \u2013 100% seadusliku piletiga, mille ostsite veebist. See on ka \u00e4\u00e4rmiselt mugav m\u00e4ngimisviis RedFoxLotto lotokullerteenuse abiga. <strong><span style=\"text-decoration: underline;\"><a href=\"https:\/\/redfoxlotto.com\/?ref=A8564250A2&amp;medium=lo365\" target=\"_blank\" rel=\"noopener\">RedFoxLotto veebisaidi k\u00fclastamiseks kl\u00f5psake siin<\/a><\/span><\/strong>. Nende veebiteenuse p\u00f5him\u00f5te on, et RedFoxLotto ostab teie tellitud pileti ja annab teile seej\u00e4rel t\u00f5endina teie pileti skannitud koopia.<\/p>\n<p>Seega, mis tahes loterii pileti ostmiseks pole enam oluline, millises riigis te elate v\u00f5i kus te praegu viibite.<\/p>\n<h2>K\u00fcmned v\u00e4ga atraktiivsed jackpotid<\/h2>\n<p>Kui vaatate oma riiklikku loteriid, v\u00f5ite avastada, et jackpotid on suhteliselt madalad. Teisest k\u00fcljest, kui ostate loteriipileteid interneti kaudu, saate vabalt valida paljude maailma riikide loteriide hulgast.<\/p>\n<p>Kindlasti olete kuulnud uudistest USA loteriide, n\u00e4iteks <a href=\"en\/powerball-usa\">Powerball<\/a> ja <a href=\"en\/mega-millions\">MegaMillions<\/a>, hiiglaslikest jackpotidest. Hiljuti v\u00f5ideti USA-s 1,5 miljardi USA dollari suurune jackpot. Sellist summat on raske ettegi kujutada, aga fakt on see, et ka sina saad turvaliselt ja seaduslikult tellida pileti nii nendele kui ka <a href=\"en\/more-international-jackpots\/euromillions\" target=\"_blank\" rel=\"noopener\">teistele loteriidele<\/a> oma riigist.<\/p>\n<p>Muidugi on pileti hind kullerteenuse kulude t\u00f5ttu tavalisest piletist veidi k\u00f5rgem, aga kulutatud raha ja potentsiaalse kasumi suhe on mitu korda parem. Enamik m\u00e4ngijaid valib <a href=\"en\/more-international-jackpots\/el-gordo-lotto-spain\" target=\"_blank\" rel=\"noopener\">jackpoti<\/a>, millel on hetkel k\u00f5ige suurem summa \u2013 see on t\u00e4iesti loogiline ja matemaatiliselt korrektne strateegia!<\/p>\n<h2>Pileti ostmise protseduur<\/h2>\n<p><img loading=\"lazy\" decoding=\"async\" style=\"margin: 5px; float: right;\" src=\"images\/powerball_los.jpg\" alt=\"powerball ticket\" width=\"300\" height=\"169\" \/>Kui olete RedFoxLotto veebisaidil, valige k\u00f5igepealt loterii, milles soovite osaleda. Seej\u00e4rel valige oma numbrid \u2013 te ei saa valesti minna, sest veebisait \u00fctleb teile t\u00e4pselt, mitu p\u00f5hi- ja lisanumbrit peate valitud loterii jaoks m\u00e4rkima. Lisaks v\u00f5ite j\u00e4tta kogu valiku v\u00f5i osa sellest juhuse hooleks ja lasta integreeritud juhuslike arvude generaatoril numbrid teie eest valida.<\/p>\n<p>Muidugi saate tellida ka mitu piletit v\u00f5i m\u00e4ngida <a href=\"index.php?option=com_content&amp;view=article&amp;id=42&amp;Itemid=269&amp;lang=en\">mitut loteriid<\/a>. Samal ajal on teil v\u00f5imalus osaleda loosimistes mitu n\u00e4dalat. See on eriti kasulik: esiteks seet\u00f5ttu, et RedFoxLotto pakub teile tavaliselt allahindlust, kui osalete mitmes loosimises; ja teiseks, isegi eriti suurt jackpotti ei pruugi j\u00e4rgmisel loosimisel v\u00f5ita ning \u201ep\u00fcsiva piletiga\u201c olete automaatselt j\u00e4rgmise loosimise v\u00f5idujooksus!<\/p>\n<p>Ostu sooritamiseks peate registreeruma RedFoxLottosse ja seej\u00e4rel kasutama \u00fchte paljudest ja turvalistest makseviisidest. Veidi aja p\u00e4rast saate kinnituse ja oma pileti.<\/p>\n<p>Kui <a href=\"en\/winning-numbers\" target=\"_blank\" rel=\"noopener\">v\u00f5idate<\/a>, teavitab RedFoxLotto teid sellest automaatselt. Kuni 600 dollari suuruste v\u00f5itude v\u00e4ljamakse kantakse teie kliendikontole \u2013 raha saate kohe v\u00e4lja maksta.<\/p>\n<p>Suuremate v\u00f5itude korral tuleb t\u00e4ita lihtne vorm ja saata see RedFoxLottole e-posti teel. Nad t\u00f6\u00f6tlevad selle teie eest ja seej\u00e4rel v\u00f5tab Lotto komisjon teiega \u00fchendust ning enamasti saadab teile t\u0161eki.<\/p>\n<p><strong>N\u00e4ete, lotopiletite ostmine veebist on sama turvaline kui pileti ostmine oma kodulinnas \u2013 aga potentsiaalselt palju tulusam!<\/strong><\/p>\n","protected":false},"excerpt":{"rendered":"<p>Lottopiletite ostmine veebist avab rohkem v\u00f5imalusi Selle asemel, et keskenduda ainult oma kohalikule loteriile, peaksite teadma ka oma v\u00f5imalusi lotopiletite ostmiseks veebis! L\u00f5ppude l\u00f5puks ei s\u00f5ltu te enam oma riigis pakutavatest loteriidest. T\u00e4nap\u00e4eval saate osaleda k\u00f5igi maailma jackpotide loosimistes \u2013 100% seadusliku piletiga, mille ostsite veebist. See on ka \u00e4\u00e4rmiselt mugav m\u00e4ngimisviis RedFoxLotto lotokullerteenuse abiga. [&hellip;]<\/p>\n","protected":false},"author":1,"featured_media":0,"parent":0,"menu_order":0,"comment_status":"closed","ping_status":"closed","template":"","meta":{"footnotes":""},"class_list":["post-250","page","type-page","status-publish","hentry"],"blocksy_meta":[],"yoast_head":"<!-- This site is optimized with the Yoast SEO plugin v27.3 - https:\/\/yoast.com\/product\/yoast-seo-wordpress\/ -->\n<title>Osta lotopileteid veebis<\/title>\n<meta name=\"description\" content=\"Buy official lottery tickets online from the comfort of your home.\" \/>\n<meta name=\"robots\" content=\"index, follow, max-snippet:-1, max-image-preview:large, max-video-preview:-1\" \/>\n<link rel=\"canonical\" href=\"https:\/\/lottoonline365.com\/et\/\" \/>\n<meta property=\"og:locale\" content=\"et_EE\" \/>\n<meta property=\"og:type\" content=\"article\" \/>\n<meta property=\"og:title\" content=\"Osta lotopileteid veebis\" \/>\n<meta property=\"og:description\" content=\"Buy official lottery tickets online from the comfort of your home.\" \/>\n<meta property=\"og:url\" content=\"https:\/\/lottoonline365.com\/et\/\" \/>\n<meta property=\"article:modified_time\" content=\"2025-08-26T19:26:40+00:00\" \/>\n<meta name=\"twitter:card\" content=\"summary_large_image\" \/>\n<meta name=\"twitter:label1\" content=\"Est. reading time\" \/>\n\t<meta name=\"twitter:data1\" content=\"2 minutit\" \/>\n<script type=\"application\/ld+json\" class=\"yoast-schema-graph\">{\"@context\":\"https:\\\/\\\/schema.org\",\"@graph\":[{\"@type\":\"WebPage\",\"@id\":\"https:\\\/\\\/lottoonline365.com\\\/et\\\/\",\"url\":\"https:\\\/\\\/lottoonline365.com\\\/et\\\/\",\"name\":\"Osta lotopileteid veebis\",\"isPartOf\":{\"@id\":\"https:\\\/\\\/lottoonline365.com\\\/et\\\/#website\"},\"datePublished\":\"2025-08-04T09:28:57+00:00\",\"dateModified\":\"2025-08-26T19:26:40+00:00\",\"description\":\"Buy official lottery tickets online from the comfort of your home.\",\"breadcrumb\":{\"@id\":\"https:\\\/\\\/lottoonline365.com\\\/et\\\/#breadcrumb\"},\"inLanguage\":\"et\",\"potentialAction\":[{\"@type\":\"ReadAction\",\"target\":[\"https:\\\/\\\/lottoonline365.com\\\/et\\\/\"]}]},{\"@type\":\"BreadcrumbList\",\"@id\":\"https:\\\/\\\/lottoonline365.com\\\/et\\\/#breadcrumb\",\"itemListElement\":[{\"@type\":\"ListItem\",\"position\":1,\"name\":\"Home\",\"item\":\"https:\\\/\\\/lottoonline365.com\\\/et\\\/\"},{\"@type\":\"ListItem\",\"position\":2,\"name\":\"Avaleht\"}]},{\"@type\":\"WebSite\",\"@id\":\"https:\\\/\\\/lottoonline365.com\\\/et\\\/#website\",\"url\":\"https:\\\/\\\/lottoonline365.com\\\/et\\\/\",\"name\":\"\",\"description\":\"\",\"potentialAction\":[{\"@type\":\"SearchAction\",\"target\":{\"@type\":\"EntryPoint\",\"urlTemplate\":\"https:\\\/\\\/lottoonline365.com\\\/et\\\/?s={search_term_string}\"},\"query-input\":{\"@type\":\"PropertyValueSpecification\",\"valueRequired\":true,\"valueName\":\"search_term_string\"}}],\"inLanguage\":\"et\"}]}<\/script>\n<!-- \/ Yoast SEO plugin. -->","yoast_head_json":{"title":"Osta lotopileteid veebis","description":"Buy official lottery tickets online from the comfort of your home.","robots":{"index":"index","follow":"follow","max-snippet":"max-snippet:-1","max-image-preview":"max-image-preview:large","max-video-preview":"max-video-preview:-1"},"canonical":"https:\/\/lottoonline365.com\/et\/","og_locale":"et_EE","og_type":"article","og_title":"Osta lotopileteid veebis","og_description":"Buy official lottery tickets online from the comfort of your home.","og_url":"https:\/\/lottoonline365.com\/et\/","article_modified_time":"2025-08-26T19:26:40+00:00","twitter_card":"summary_large_image","twitter_misc":{"Est. reading time":"2 minutit"},"schema":{"@context":"https:\/\/schema.org","@graph":[{"@type":"WebPage","@id":"https:\/\/lottoonline365.com\/et\/","url":"https:\/\/lottoonline365.com\/et\/","name":"Osta lotopileteid veebis","isPartOf":{"@id":"https:\/\/lottoonline365.com\/et\/#website"},"datePublished":"2025-08-04T09:28:57+00:00","dateModified":"2025-08-26T19:26:40+00:00","description":"Buy official lottery tickets online from the comfort of your home.","breadcrumb":{"@id":"https:\/\/lottoonline365.com\/et\/#breadcrumb"},"inLanguage":"et","potentialAction":[{"@type":"ReadAction","target":["https:\/\/lottoonline365.com\/et\/"]}]},{"@type":"BreadcrumbList","@id":"https:\/\/lottoonline365.com\/et\/#breadcrumb","itemListElement":[{"@type":"ListItem","position":1,"name":"Home","item":"https:\/\/lottoonline365.com\/et\/"},{"@type":"ListItem","position":2,"name":"Avaleht"}]},{"@type":"WebSite","@id":"https:\/\/lottoonline365.com\/et\/#website","url":"https:\/\/lottoonline365.com\/et\/","name":"","description":"","potentialAction":[{"@type":"SearchAction","target":{"@type":"EntryPoint","urlTemplate":"https:\/\/lottoonline365.com\/et\/?s={search_term_string}"},"query-input":{"@type":"PropertyValueSpecification","valueRequired":true,"valueName":"search_term_string"}}],"inLanguage":"et"}]}},"_links":{"self":[{"href":"https:\/\/lottoonline365.com\/et\/wp-json\/wp\/v2\/pages\/250","targetHints":{"allow":["GET"]}}],"collection":[{"href":"https:\/\/lottoonline365.com\/et\/wp-json\/wp\/v2\/pages"}],"about":[{"href":"https:\/\/lottoonline365.com\/et\/wp-json\/wp\/v2\/types\/page"}],"author":[{"embeddable":true,"href":"https:\/\/lottoonline365.com\/et\/wp-json\/wp\/v2\/users\/1"}],"replies":[{"embeddable":true,"href":"https:\/\/lottoonline365.com\/et\/wp-json\/wp\/v2\/comments?post=250"}],"version-history":[{"count":1,"href":"https:\/\/lottoonline365.com\/et\/wp-json\/wp\/v2\/pages\/250\/revisions"}],"predecessor-version":[{"id":252,"href":"https:\/\/lottoonline365.com\/et\/wp-json\/wp\/v2\/pages\/250\/revisions\/252"}],"wp:attachment":[{"href":"https:\/\/lottoonline365.com\/et\/wp-json\/wp\/v2\/media?parent=250"}],"curies":[{"name":"wp","href":"https:\/\/api.w.org\/{rel}","templated":true}]}}