{"id":82,"date":"2025-08-04T09:17:44","date_gmt":"2025-08-04T09:17:44","guid":{"rendered":"https:\/\/lottoonline365.com\/mas-jackpots-internacionales\/eurojackpot-lotto\/"},"modified":"2025-08-04T09:17:44","modified_gmt":"2025-08-04T09:17:44","slug":"eurojackpot-lotto","status":"publish","type":"page","link":"https:\/\/lottoonline365.com\/es\/mas-jackpots-internacionales\/eurojackpot-lotto\/","title":{"rendered":"Eurojackpot lotto"},"content":{"rendered":"<p>Juega y gana Eurojackpot desde tu pa\u00eds de residencia<\/p>\n<p>Eurojackpot es una importante loter\u00eda europea, especialmente popular porque la probabilidad matem\u00e1tica de ganar el bote es muy alta en comparaci\u00f3n con la mayor\u00eda de las dem\u00e1s loter\u00edas. Aun as\u00ed, Eurojackpot puede alcanzar cantidades considerables con regularidad. Quiz\u00e1s hayas o\u00eddo hablar o le\u00eddo sobre Eurojackpot y, cada vez que lo haces, te surge la pregunta: \u00bfPuedo comprar boletos de Eurojackpot en l\u00ednea?<\/p>\n<p>Bueno, si vives en uno de los pa\u00edses europeos que participan oficialmente en esta loter\u00eda, ni siquiera tienes que hacerlo, ya que puedes comprar tu boleto en la tienda local. Lo mismo ocurre si te encuentras en el pa\u00eds, ya que los no residentes tambi\u00e9n pueden comprar boletos para Eurojackpot.<\/p>\n<p>Pero si no resides en uno de los pa\u00edses participantes (que, por cierto, son: Espa\u00f1a, Italia, Pa\u00edses Bajos, Alemania, Noruega, Suecia, Finlandia, Dinamarca, Islandia, Croacia, Rep\u00fablica Checa, Hungr\u00eda, Estonia, Letonia, Lituania, Polonia, Eslovaquia y Eslovenia), tendr\u00e1s que buscar otras formas de comprar un boleto.<\/p>\n<p>Y esta es la soluci\u00f3n: simplemente compra tu boleto para Eurojackpot en l\u00ednea. Existe una empresa llamada RedFoxLotto: <span style=\"text-decoration: underline;\"><a href=\"https:\/\/redfoxlotto.com\/play\/eurojackpot\/?ref=A8564250A2&amp;medium=lo365\" target=\"_blank\" rel=\"noopener\">haz clic aqu\u00ed para visitar su sitio web<\/a><\/span>. Su modelo de negocio es tan simple como ingenioso: emplean a varios agentes en todo el mundo que compran boletos para los clientes de RedFoxLotto. Usted, como cliente, puede solicitar cualquier cantidad de boletos para m\u00e1s de 20 loter\u00edas, como Powerball, Megamillions, <a href=\"https:\/\/lottoonline365.com\/es\/mas-jackpots-internacionales\/mega-sena-brasil\/\" target=\"_blank\" rel=\"noopener\">Mega-Sena<\/a>, <a href=\"https:\/\/lottoonline365.com\/es\/mas-jackpots-internacionales\/euromillions\/\">Euromillions<\/a>, Eurojackpot, <a href=\"https:\/\/lottoonline365.com\/en\/more-international-jackpots\/superenalotto\" target=\"_blank\" rel=\"noopener\">Superena<\/a> y muchas m\u00e1s. Puedes elegir tus propios n\u00fameros sin preocuparte por no elegir todos los necesarios: el sitio web te recordar\u00e1 cu\u00e1ntos n\u00fameros necesitas en tu boleto.<\/p>\n<p>Una vez hecho esto, registra tu cuenta de loter\u00eda en l\u00ednea, elige una opci\u00f3n de pago (todas las opciones son totalmente seguras) y, poco despu\u00e9s, recibir\u00e1s un correo electr\u00f3nico de confirmaci\u00f3n como comprobante. No te preocupes por perder tu boleto ni por olvidarte de comparar tus n\u00fameros con los del sorteo: si tu boleto ha ganado, tambi\u00e9n recibir\u00e1s un correo electr\u00f3nico inform\u00e1ndote. Adem\u00e1s, RedFoxLotto procesar\u00e1 tus ganancias sin cobrarte ninguna comisi\u00f3n.<\/p>\n<p>\u00bfSe te ocurre una mejor idea para hacer felices a los aficionados a la loter\u00eda de todo el mundo? Acaban de abrirte un mont\u00f3n de posibilidades: al comprar boletos de loter\u00eda en l\u00ednea, tienes m\u00e1s opciones. Y lo m\u00e1s importante, no tienes que esperar a que tu loter\u00eda nacional alcance un premio gordo considerable. Simplemente elige la loter\u00eda con el premio mayor actual. Aunque Eurojackpot no te parezca tan atractivo ahora mismo (aunque el m\u00ednimo siempre es de 10 millones de euros), encontrar\u00e1s una loter\u00eda que vale la pena. \u00bfNo es fant\u00e1stico?<\/p>\n<p>Consulta el banner de la derecha para ver cu\u00e1les son los mejores botes del momento. \u00a1Luego, visita RedFoxLotto para jugar y ganar millones!<\/p>\n","protected":false},"excerpt":{"rendered":"<p>Juega y gana Eurojackpot desde tu pa\u00eds de residencia Eurojackpot es una importante loter\u00eda europea, especialmente popular porque la probabilidad matem\u00e1tica de ganar el bote es muy alta en comparaci\u00f3n con la mayor\u00eda de las dem\u00e1s loter\u00edas. Aun as\u00ed, Eurojackpot puede alcanzar cantidades considerables con regularidad. Quiz\u00e1s hayas o\u00eddo hablar o le\u00eddo sobre Eurojackpot y, [&hellip;]<\/p>\n","protected":false},"author":1,"featured_media":0,"parent":55,"menu_order":0,"comment_status":"closed","ping_status":"closed","template":"","meta":{"footnotes":""},"class_list":["post-82","page","type-page","status-publish","hentry"],"blocksy_meta":[],"yoast_head":"<!-- This site is optimized with the Yoast SEO plugin v27.3 - https:\/\/yoast.com\/product\/yoast-seo-wordpress\/ -->\n<title>\u00bfPuedo comprar billetes de Eurojackpot online?<\/title>\n<meta name=\"robots\" content=\"index, follow, max-snippet:-1, max-image-preview:large, max-video-preview:-1\" \/>\n<link rel=\"canonical\" href=\"https:\/\/lottoonline365.com\/es\/mas-jackpots-internacionales\/eurojackpot-lotto\/\" \/>\n<meta property=\"og:locale\" content=\"es_ES\" \/>\n<meta property=\"og:type\" content=\"article\" \/>\n<meta property=\"og:title\" content=\"\u00bfPuedo comprar billetes de Eurojackpot online?\" \/>\n<meta property=\"og:description\" content=\"Juega y gana Eurojackpot desde tu pa\u00eds de residencia Eurojackpot es una importante loter\u00eda europea, especialmente popular porque la probabilidad matem\u00e1tica de ganar el bote es muy alta en comparaci\u00f3n con la mayor\u00eda de las dem\u00e1s loter\u00edas. Aun as\u00ed, Eurojackpot puede alcanzar cantidades considerables con regularidad. Quiz\u00e1s hayas o\u00eddo hablar o le\u00eddo sobre Eurojackpot y, [&hellip;]\" \/>\n<meta property=\"og:url\" content=\"https:\/\/lottoonline365.com\/es\/mas-jackpots-internacionales\/eurojackpot-lotto\/\" \/>\n<meta name=\"twitter:card\" content=\"summary_large_image\" \/>\n<meta name=\"twitter:label1\" content=\"Tiempo de lectura\" \/>\n\t<meta name=\"twitter:data1\" content=\"3 minutos\" \/>\n<script type=\"application\/ld+json\" class=\"yoast-schema-graph\">{\"@context\":\"https:\\\/\\\/schema.org\",\"@graph\":[{\"@type\":\"WebPage\",\"@id\":\"https:\\\/\\\/lottoonline365.com\\\/es\\\/mas-jackpots-internacionales\\\/eurojackpot-lotto\\\/\",\"url\":\"https:\\\/\\\/lottoonline365.com\\\/es\\\/mas-jackpots-internacionales\\\/eurojackpot-lotto\\\/\",\"name\":\"\u00bfPuedo comprar billetes de Eurojackpot online?\",\"isPartOf\":{\"@id\":\"https:\\\/\\\/lottoonline365.com\\\/es\\\/#website\"},\"datePublished\":\"2025-08-04T09:17:44+00:00\",\"breadcrumb\":{\"@id\":\"https:\\\/\\\/lottoonline365.com\\\/es\\\/mas-jackpots-internacionales\\\/eurojackpot-lotto\\\/#breadcrumb\"},\"inLanguage\":\"es\",\"potentialAction\":[{\"@type\":\"ReadAction\",\"target\":[\"https:\\\/\\\/lottoonline365.com\\\/es\\\/mas-jackpots-internacionales\\\/eurojackpot-lotto\\\/\"]}]},{\"@type\":\"BreadcrumbList\",\"@id\":\"https:\\\/\\\/lottoonline365.com\\\/es\\\/mas-jackpots-internacionales\\\/eurojackpot-lotto\\\/#breadcrumb\",\"itemListElement\":[{\"@type\":\"ListItem\",\"position\":1,\"name\":\"Home\",\"item\":\"https:\\\/\\\/lottoonline365.com\\\/es\\\/\"},{\"@type\":\"ListItem\",\"position\":2,\"name\":\"M\u00e1s jackpots internacionales\",\"item\":\"https:\\\/\\\/lottoonline365.com\\\/es\\\/mas-jackpots-internacionales\\\/\"},{\"@type\":\"ListItem\",\"position\":3,\"name\":\"Eurojackpot lotto\"}]},{\"@type\":\"WebSite\",\"@id\":\"https:\\\/\\\/lottoonline365.com\\\/es\\\/#website\",\"url\":\"https:\\\/\\\/lottoonline365.com\\\/es\\\/\",\"name\":\"\",\"description\":\"\",\"potentialAction\":[{\"@type\":\"SearchAction\",\"target\":{\"@type\":\"EntryPoint\",\"urlTemplate\":\"https:\\\/\\\/lottoonline365.com\\\/es\\\/?s={search_term_string}\"},\"query-input\":{\"@type\":\"PropertyValueSpecification\",\"valueRequired\":true,\"valueName\":\"search_term_string\"}}],\"inLanguage\":\"es\"}]}<\/script>\n<!-- \/ Yoast SEO plugin. -->","yoast_head_json":{"title":"\u00bfPuedo comprar billetes de Eurojackpot online?","robots":{"index":"index","follow":"follow","max-snippet":"max-snippet:-1","max-image-preview":"max-image-preview:large","max-video-preview":"max-video-preview:-1"},"canonical":"https:\/\/lottoonline365.com\/es\/mas-jackpots-internacionales\/eurojackpot-lotto\/","og_locale":"es_ES","og_type":"article","og_title":"\u00bfPuedo comprar billetes de Eurojackpot online?","og_description":"Juega y gana Eurojackpot desde tu pa\u00eds de residencia Eurojackpot es una importante loter\u00eda europea, especialmente popular porque la probabilidad matem\u00e1tica de ganar el bote es muy alta en comparaci\u00f3n con la mayor\u00eda de las dem\u00e1s loter\u00edas. Aun as\u00ed, Eurojackpot puede alcanzar cantidades considerables con regularidad. Quiz\u00e1s hayas o\u00eddo hablar o le\u00eddo sobre Eurojackpot y, [&hellip;]","og_url":"https:\/\/lottoonline365.com\/es\/mas-jackpots-internacionales\/eurojackpot-lotto\/","twitter_card":"summary_large_image","twitter_misc":{"Tiempo de lectura":"3 minutos"},"schema":{"@context":"https:\/\/schema.org","@graph":[{"@type":"WebPage","@id":"https:\/\/lottoonline365.com\/es\/mas-jackpots-internacionales\/eurojackpot-lotto\/","url":"https:\/\/lottoonline365.com\/es\/mas-jackpots-internacionales\/eurojackpot-lotto\/","name":"\u00bfPuedo comprar billetes de Eurojackpot online?","isPartOf":{"@id":"https:\/\/lottoonline365.com\/es\/#website"},"datePublished":"2025-08-04T09:17:44+00:00","breadcrumb":{"@id":"https:\/\/lottoonline365.com\/es\/mas-jackpots-internacionales\/eurojackpot-lotto\/#breadcrumb"},"inLanguage":"es","potentialAction":[{"@type":"ReadAction","target":["https:\/\/lottoonline365.com\/es\/mas-jackpots-internacionales\/eurojackpot-lotto\/"]}]},{"@type":"BreadcrumbList","@id":"https:\/\/lottoonline365.com\/es\/mas-jackpots-internacionales\/eurojackpot-lotto\/#breadcrumb","itemListElement":[{"@type":"ListItem","position":1,"name":"Home","item":"https:\/\/lottoonline365.com\/es\/"},{"@type":"ListItem","position":2,"name":"M\u00e1s jackpots internacionales","item":"https:\/\/lottoonline365.com\/es\/mas-jackpots-internacionales\/"},{"@type":"ListItem","position":3,"name":"Eurojackpot lotto"}]},{"@type":"WebSite","@id":"https:\/\/lottoonline365.com\/es\/#website","url":"https:\/\/lottoonline365.com\/es\/","name":"","description":"","potentialAction":[{"@type":"SearchAction","target":{"@type":"EntryPoint","urlTemplate":"https:\/\/lottoonline365.com\/es\/?s={search_term_string}"},"query-input":{"@type":"PropertyValueSpecification","valueRequired":true,"valueName":"search_term_string"}}],"inLanguage":"es"}]}},"_links":{"self":[{"href":"https:\/\/lottoonline365.com\/es\/wp-json\/wp\/v2\/pages\/82","targetHints":{"allow":["GET"]}}],"collection":[{"href":"https:\/\/lottoonline365.com\/es\/wp-json\/wp\/v2\/pages"}],"about":[{"href":"https:\/\/lottoonline365.com\/es\/wp-json\/wp\/v2\/types\/page"}],"author":[{"embeddable":true,"href":"https:\/\/lottoonline365.com\/es\/wp-json\/wp\/v2\/users\/1"}],"replies":[{"embeddable":true,"href":"https:\/\/lottoonline365.com\/es\/wp-json\/wp\/v2\/comments?post=82"}],"version-history":[{"count":0,"href":"https:\/\/lottoonline365.com\/es\/wp-json\/wp\/v2\/pages\/82\/revisions"}],"up":[{"embeddable":true,"href":"https:\/\/lottoonline365.com\/es\/wp-json\/wp\/v2\/pages\/55"}],"wp:attachment":[{"href":"https:\/\/lottoonline365.com\/es\/wp-json\/wp\/v2\/media?parent=82"}],"curies":[{"name":"wp","href":"https:\/\/api.w.org\/{rel}","templated":true}]}}