{"id":76,"date":"2025-08-04T09:22:43","date_gmt":"2025-08-04T09:22:43","guid":{"rendered":"https:\/\/lottoonline365.com\/mas-jackpots-internacionales\/mega-sena-brasil\/"},"modified":"2025-08-04T09:22:43","modified_gmt":"2025-08-04T09:22:43","slug":"mega-sena-brasil","status":"publish","type":"page","link":"https:\/\/lottoonline365.com\/es\/mas-jackpots-internacionales\/mega-sena-brasil\/","title":{"rendered":"Mega Sena Brasil"},"content":{"rendered":"<p>Mega-Sena tambi\u00e9n ofrece grandes premios<\/p>\n<p>La loter\u00eda Mega-Sena se celebra en Brasil, y quienes no residen en el pa\u00eds no pueden participar. Sin embargo, ahora existe la posibilidad de participar para jugadores de todo el mundo, concretamente comprando un boleto en l\u00ednea. RedFoxLotto, un servicio de venta de boletos de loter\u00eda, permite a todos los aficionados comprar tantos boletos como deseen. <span style=\"text-decoration: underline;\"><a href=\"https:\/\/redfoxlotto.com\/?ref=A8564250A2&#038;medium=lo365\" target=\"_blank\" rel=\"noopener\">Este enlace lleva a su sitio web<\/a><\/span>, donde puede seleccionar sus n\u00fameros con unos pocos clics y luego pagar en l\u00ednea. Poco despu\u00e9s, recibir\u00e1 la confirmaci\u00f3n de compra en su correo electr\u00f3nico.<\/p>\n<p>En caso de ganar, el pago de sus ganancias (sin deducciones) tambi\u00e9n lo gestionar\u00e1 RedFoxLotto. El boleto est\u00e1 a su nombre y puede estar seguro de que solo usted recibir\u00e1 el premio. Adem\u00e1s, \u00a1recibir\u00e1 una notificaci\u00f3n autom\u00e1tica cuando gane!<\/p>\n<p>El formato de Mega-Sena es m\u00e1s sencillo que el de la mayor\u00eda de las loter\u00edas. Hay 60 n\u00fameros de los cuales cada participante puede seleccionar 6. No hay n\u00fameros adicionales. La probabilidad de acertar 6 de los 60 n\u00fameros es de aproximadamente 1 entre 50 millones. Hay dos sorteos a la semana, los mi\u00e9rcoles y los s\u00e1bados.<\/p>\n<p>El <a href=\"https:\/\/lottoonline365.com\/en\/tips-for-players\/which-lottery-has-the-worlds-biggest-jackpots\" target=\"_blank\" rel=\"noopener\">premio r\u00e9cord de los \u00faltimos a\u00f1os<\/a> fue de unos 75 millones de euros.<\/p>\n<h2>\u00bfCu\u00e1les son las ventajas de participar en loter\u00edas internacionales online?<\/h2>\n<p>Bueno, en primer lugar, RedFoxLotto te ofrece m\u00e1s de 20 loter\u00edas online para las que no puedes conseguir un boleto de la forma tradicional. La mayor ventaja, por supuesto, es que, por un precio fijo por boleto, puedes elegir un premio mayor de loter\u00eda significativamente mayor que el que se ofrece actualmente en tu pa\u00eds. En t\u00e9rminos matem\u00e1ticos, esto aumenta tus expectativas de ganancias; en otras palabras, \u00a1obtienes m\u00e1s por tu dinero al participar en l\u00ednea!<\/p>\n<p>Echa un vistazo a la derecha de nuestro sitio web (si lo lees en tu m\u00f3vil, despl\u00e1zate hacia abajo) y ver\u00e1s qu\u00e9 botes de loter\u00eda ofrecen actualmente las mayores ganancias. Si Mega-Sena no es tan alto, lo mejor es elegir otro bote que parezca m\u00e1s gratificante. <strong>\u00a1Con RedFoxLotto puedes participar en cualquier bote en l\u00ednea en segundos!<\/strong><\/p>\n","protected":false},"excerpt":{"rendered":"<p>Mega-Sena tambi\u00e9n ofrece grandes premios La loter\u00eda Mega-Sena se celebra en Brasil, y quienes no residen en el pa\u00eds no pueden participar. Sin embargo, ahora existe la posibilidad de participar para jugadores de todo el mundo, concretamente comprando un boleto en l\u00ednea. RedFoxLotto, un servicio de venta de boletos de loter\u00eda, permite a todos los [&hellip;]<\/p>\n","protected":false},"author":1,"featured_media":0,"parent":55,"menu_order":0,"comment_status":"closed","ping_status":"closed","template":"","meta":{"footnotes":""},"class_list":["post-76","page","type-page","status-publish","hentry"],"blocksy_meta":[],"yoast_head":"<!-- This site is optimized with the Yoast SEO plugin v27.3 - https:\/\/yoast.com\/product\/yoast-seo-wordpress\/ -->\n<title>\u00bfC\u00f3mo puedo participar en el Mega-Sena Lotto desde Brasil?<\/title>\n<meta name=\"robots\" content=\"index, follow, max-snippet:-1, max-image-preview:large, max-video-preview:-1\" \/>\n<link rel=\"canonical\" href=\"https:\/\/lottoonline365.com\/es\/mas-jackpots-internacionales\/mega-sena-brasil\/\" \/>\n<meta property=\"og:locale\" content=\"es_ES\" \/>\n<meta property=\"og:type\" content=\"article\" \/>\n<meta property=\"og:title\" content=\"\u00bfC\u00f3mo puedo participar en el Mega-Sena Lotto desde Brasil?\" \/>\n<meta property=\"og:description\" content=\"Mega-Sena tambi\u00e9n ofrece grandes premios La loter\u00eda Mega-Sena se celebra en Brasil, y quienes no residen en el pa\u00eds no pueden participar. Sin embargo, ahora existe la posibilidad de participar para jugadores de todo el mundo, concretamente comprando un boleto en l\u00ednea. RedFoxLotto, un servicio de venta de boletos de loter\u00eda, permite a todos los [&hellip;]\" \/>\n<meta property=\"og:url\" content=\"https:\/\/lottoonline365.com\/es\/mas-jackpots-internacionales\/mega-sena-brasil\/\" \/>\n<meta name=\"twitter:card\" content=\"summary_large_image\" \/>\n<meta name=\"twitter:label1\" content=\"Tiempo de lectura\" \/>\n\t<meta name=\"twitter:data1\" content=\"2 minutos\" \/>\n<script type=\"application\/ld+json\" class=\"yoast-schema-graph\">{\"@context\":\"https:\\\/\\\/schema.org\",\"@graph\":[{\"@type\":\"WebPage\",\"@id\":\"https:\\\/\\\/lottoonline365.com\\\/es\\\/mas-jackpots-internacionales\\\/mega-sena-brasil\\\/\",\"url\":\"https:\\\/\\\/lottoonline365.com\\\/es\\\/mas-jackpots-internacionales\\\/mega-sena-brasil\\\/\",\"name\":\"\u00bfC\u00f3mo puedo participar en el Mega-Sena Lotto desde Brasil?\",\"isPartOf\":{\"@id\":\"https:\\\/\\\/lottoonline365.com\\\/es\\\/#website\"},\"datePublished\":\"2025-08-04T09:22:43+00:00\",\"breadcrumb\":{\"@id\":\"https:\\\/\\\/lottoonline365.com\\\/es\\\/mas-jackpots-internacionales\\\/mega-sena-brasil\\\/#breadcrumb\"},\"inLanguage\":\"es\",\"potentialAction\":[{\"@type\":\"ReadAction\",\"target\":[\"https:\\\/\\\/lottoonline365.com\\\/es\\\/mas-jackpots-internacionales\\\/mega-sena-brasil\\\/\"]}]},{\"@type\":\"BreadcrumbList\",\"@id\":\"https:\\\/\\\/lottoonline365.com\\\/es\\\/mas-jackpots-internacionales\\\/mega-sena-brasil\\\/#breadcrumb\",\"itemListElement\":[{\"@type\":\"ListItem\",\"position\":1,\"name\":\"Home\",\"item\":\"https:\\\/\\\/lottoonline365.com\\\/es\\\/\"},{\"@type\":\"ListItem\",\"position\":2,\"name\":\"M\u00e1s jackpots internacionales\",\"item\":\"https:\\\/\\\/lottoonline365.com\\\/es\\\/mas-jackpots-internacionales\\\/\"},{\"@type\":\"ListItem\",\"position\":3,\"name\":\"Mega Sena Brasil\"}]},{\"@type\":\"WebSite\",\"@id\":\"https:\\\/\\\/lottoonline365.com\\\/es\\\/#website\",\"url\":\"https:\\\/\\\/lottoonline365.com\\\/es\\\/\",\"name\":\"\",\"description\":\"\",\"potentialAction\":[{\"@type\":\"SearchAction\",\"target\":{\"@type\":\"EntryPoint\",\"urlTemplate\":\"https:\\\/\\\/lottoonline365.com\\\/es\\\/?s={search_term_string}\"},\"query-input\":{\"@type\":\"PropertyValueSpecification\",\"valueRequired\":true,\"valueName\":\"search_term_string\"}}],\"inLanguage\":\"es\"}]}<\/script>\n<!-- \/ Yoast SEO plugin. -->","yoast_head_json":{"title":"\u00bfC\u00f3mo puedo participar en el Mega-Sena Lotto desde Brasil?","robots":{"index":"index","follow":"follow","max-snippet":"max-snippet:-1","max-image-preview":"max-image-preview:large","max-video-preview":"max-video-preview:-1"},"canonical":"https:\/\/lottoonline365.com\/es\/mas-jackpots-internacionales\/mega-sena-brasil\/","og_locale":"es_ES","og_type":"article","og_title":"\u00bfC\u00f3mo puedo participar en el Mega-Sena Lotto desde Brasil?","og_description":"Mega-Sena tambi\u00e9n ofrece grandes premios La loter\u00eda Mega-Sena se celebra en Brasil, y quienes no residen en el pa\u00eds no pueden participar. Sin embargo, ahora existe la posibilidad de participar para jugadores de todo el mundo, concretamente comprando un boleto en l\u00ednea. RedFoxLotto, un servicio de venta de boletos de loter\u00eda, permite a todos los [&hellip;]","og_url":"https:\/\/lottoonline365.com\/es\/mas-jackpots-internacionales\/mega-sena-brasil\/","twitter_card":"summary_large_image","twitter_misc":{"Tiempo de lectura":"2 minutos"},"schema":{"@context":"https:\/\/schema.org","@graph":[{"@type":"WebPage","@id":"https:\/\/lottoonline365.com\/es\/mas-jackpots-internacionales\/mega-sena-brasil\/","url":"https:\/\/lottoonline365.com\/es\/mas-jackpots-internacionales\/mega-sena-brasil\/","name":"\u00bfC\u00f3mo puedo participar en el Mega-Sena Lotto desde Brasil?","isPartOf":{"@id":"https:\/\/lottoonline365.com\/es\/#website"},"datePublished":"2025-08-04T09:22:43+00:00","breadcrumb":{"@id":"https:\/\/lottoonline365.com\/es\/mas-jackpots-internacionales\/mega-sena-brasil\/#breadcrumb"},"inLanguage":"es","potentialAction":[{"@type":"ReadAction","target":["https:\/\/lottoonline365.com\/es\/mas-jackpots-internacionales\/mega-sena-brasil\/"]}]},{"@type":"BreadcrumbList","@id":"https:\/\/lottoonline365.com\/es\/mas-jackpots-internacionales\/mega-sena-brasil\/#breadcrumb","itemListElement":[{"@type":"ListItem","position":1,"name":"Home","item":"https:\/\/lottoonline365.com\/es\/"},{"@type":"ListItem","position":2,"name":"M\u00e1s jackpots internacionales","item":"https:\/\/lottoonline365.com\/es\/mas-jackpots-internacionales\/"},{"@type":"ListItem","position":3,"name":"Mega Sena Brasil"}]},{"@type":"WebSite","@id":"https:\/\/lottoonline365.com\/es\/#website","url":"https:\/\/lottoonline365.com\/es\/","name":"","description":"","potentialAction":[{"@type":"SearchAction","target":{"@type":"EntryPoint","urlTemplate":"https:\/\/lottoonline365.com\/es\/?s={search_term_string}"},"query-input":{"@type":"PropertyValueSpecification","valueRequired":true,"valueName":"search_term_string"}}],"inLanguage":"es"}]}},"_links":{"self":[{"href":"https:\/\/lottoonline365.com\/es\/wp-json\/wp\/v2\/pages\/76","targetHints":{"allow":["GET"]}}],"collection":[{"href":"https:\/\/lottoonline365.com\/es\/wp-json\/wp\/v2\/pages"}],"about":[{"href":"https:\/\/lottoonline365.com\/es\/wp-json\/wp\/v2\/types\/page"}],"author":[{"embeddable":true,"href":"https:\/\/lottoonline365.com\/es\/wp-json\/wp\/v2\/users\/1"}],"replies":[{"embeddable":true,"href":"https:\/\/lottoonline365.com\/es\/wp-json\/wp\/v2\/comments?post=76"}],"version-history":[{"count":0,"href":"https:\/\/lottoonline365.com\/es\/wp-json\/wp\/v2\/pages\/76\/revisions"}],"up":[{"embeddable":true,"href":"https:\/\/lottoonline365.com\/es\/wp-json\/wp\/v2\/pages\/55"}],"wp:attachment":[{"href":"https:\/\/lottoonline365.com\/es\/wp-json\/wp\/v2\/media?parent=76"}],"curies":[{"name":"wp","href":"https:\/\/api.w.org\/{rel}","templated":true}]}}