{"id":73,"date":"2025-08-04T09:21:08","date_gmt":"2025-08-04T09:21:08","guid":{"rendered":"https:\/\/lottoonline365.com\/mas-jackpots-internacionales\/megamillions-usa\/"},"modified":"2025-08-04T09:21:08","modified_gmt":"2025-08-04T09:21:08","slug":"megamillions-usa","status":"publish","type":"page","link":"https:\/\/lottoonline365.com\/es\/mas-jackpots-internacionales\/megamillions-usa\/","title":{"rendered":"Megamillions USA"},"content":{"rendered":"<p>Megamillones tiene los botes m\u00e1s grandes<\/p>\n<p>Si quieres comprar boletos para Mega Millions en l\u00ednea, ahora tienes la oportunidad, desde cualquier parte del mundo. La soluci\u00f3n es un servicio de mensajer\u00eda de boletos de loter\u00eda llamado RedFoxLotto. Esta empresa tiene empleados en varios pa\u00edses que se encargan de comprar los boletos pedidos en l\u00ednea en una tienda de loter\u00eda tradicional del pa\u00eds correspondiente. Esto significa que, por ejemplo, un cliente del Reino Unido puede comprar un billete de loter\u00eda estadounidense.<\/redfoxlotto><\/p>\n<p>Este m\u00e9todo es completamente legal y seguro, siempre que utilice un servicio de confianza como <strong><span style=\"text-decoration: underline;\"><a href=\"https:\/\/redfoxlotto.com\/play\/mega-millions\/?ref=A8564250A2&amp;medium=lo365\" target=\"_blank\" rel=\"noopener\">RedFoxLotto: haga clic aqu\u00ed para visitar su sitio web<\/a>.<\/span><\/strong><\/p>\n<h2>\u00bfC\u00f3mo funciona el proceso de compra?<\/h2>\n<p>Es muy sencillo: visite el sitio web de RedFoxLotto haciendo clic en este enlace y seleccione <a href=\"https:\/\/lottoonline365.com\/es\/que-loteria-ofrece-las-mejores-posibilidades-de-ganar\/\" target=\"_blank\" rel=\"noopener\">la loter\u00eda de tu elecci\u00f3n<\/a> (hay m\u00e1s de 20 mega loter\u00edas para elegir, adem\u00e1s de Mega Millions) y luego elige tus n\u00fameros. Por \u00faltimo, pagas en l\u00ednea. Protocolos de seguridad de \u00faltima generaci\u00f3n garantizan la seguridad de tus datos personales. Tu boleto (tambi\u00e9n puedes comprar varios) te ser\u00e1 enviado por correo electr\u00f3nico.<\/p>\n<h2>\u00bfQu\u00e9 hace que Mega Millions sea tan atractivo?<\/h2>\n<p>Bueno, en primer lugar, el hecho de que el premio mayor siempre es inmensamente alto. Esto se debe en parte a que el premio mayor siempre comienza en $40 millones. Otra raz\u00f3n es que en EE. UU. se compran muchos boletos semana tras semana, y el premio mayor a menudo no se descifra durante mucho tiempo. La probabilidad de ganar el premio mayor es de 1 entre 300 millones, por lo que pueden pasar varias semanas hasta que alguien lo gane.<\/p>\n<p>El premio mayor m\u00e1s alto jam\u00e1s pagado en EE. UU. supera actualmente los 1500 millones de d\u00f3lares, y los premios mayores de 100 millones de d\u00f3lares son la regla, no la excepci\u00f3n.<\/p>\n<p>La f\u00f3rmula ganadora de Mega Millions es \u00abcinco de setenta\u00bb m\u00e1s \u00abuno de veinticinco\u00bb, lo que significa que debes acertar 5 de los 70 n\u00fameros principales, m\u00e1s un n\u00famero adicional entre el 1 y el 25 para ganar el premio mayor. Si lo deseas, tambi\u00e9n puedes usar un generador de n\u00fameros aleatorios de RedFoxLotto para elegir tus <a href=\"https:\/\/lottoonline365.com\/es\/numeros-ganadores\/\" target=\"_blank\" rel=\"noopener\">n\u00fameros<\/a>.<\/p>\n<h2>Megaplier<\/h2>\n<p>Una caracter\u00edstica adicional de esta loter\u00eda es el Megaplier. Si reserva esta opci\u00f3n, puede multiplicar sus ganancias (no aplica a los premios mayores). Al final del sorteo, se determinar\u00e1 el valor del Megaplier (2-3-4-5x). Si eligi\u00f3 esta opci\u00f3n y pag\u00f3 $1 m\u00e1s, sus ganancias se multiplicar\u00e1n seg\u00fan el n\u00famero del Megaplier sorteado.<\/p>\n<p>Con estos premios mayores, uno inevitablemente se pregunta si tiene sentido jugar a la <a href=\"https:\/\/lottoonline365.com\/es\/mas-jackpots-internacionales\/eurojackpot-lotto\/\" target=\"_blank\" rel=\"noopener\">loter\u00eda<\/a> local. Incluyendo el costo del servicio de mensajer\u00eda, paga aproximadamente $2.70 por boleto (la cantidad exacta depende de la loter\u00eda), pero si el premio mayor es de 10 a 20 veces mayor, es claramente m\u00e1s econ\u00f3mico jugar a esas loter\u00edas que a la loter\u00eda nacional.<\/p>\n","protected":false},"excerpt":{"rendered":"<p>Megamillones tiene los botes m\u00e1s grandes Si quieres comprar boletos para Mega Millions en l\u00ednea, ahora tienes la oportunidad, desde cualquier parte del mundo. La soluci\u00f3n es un servicio de mensajer\u00eda de boletos de loter\u00eda llamado RedFoxLotto. Esta empresa tiene empleados en varios pa\u00edses que se encargan de comprar los boletos pedidos en l\u00ednea en [&hellip;]<\/p>\n","protected":false},"author":1,"featured_media":0,"parent":55,"menu_order":0,"comment_status":"closed","ping_status":"closed","template":"","meta":{"footnotes":""},"class_list":["post-73","page","type-page","status-publish","hentry"],"blocksy_meta":[],"yoast_head":"<!-- This site is optimized with the Yoast SEO plugin v27.6 - https:\/\/yoast.com\/product\/yoast-seo-wordpress\/ -->\n<title>Compre boletos de Mega Millions Lotto en l\u00ednea<\/title>\n<meta name=\"robots\" content=\"index, follow, max-snippet:-1, max-image-preview:large, max-video-preview:-1\" \/>\n<link rel=\"canonical\" href=\"https:\/\/lottoonline365.com\/es\/mas-jackpots-internacionales\/megamillions-usa\/\" \/>\n<meta property=\"og:locale\" content=\"es_ES\" \/>\n<meta property=\"og:type\" content=\"article\" \/>\n<meta property=\"og:title\" content=\"Compre boletos de Mega Millions Lotto en l\u00ednea\" \/>\n<meta property=\"og:description\" content=\"Megamillones tiene los botes m\u00e1s grandes Si quieres comprar boletos para Mega Millions en l\u00ednea, ahora tienes la oportunidad, desde cualquier parte del mundo. La soluci\u00f3n es un servicio de mensajer\u00eda de boletos de loter\u00eda llamado RedFoxLotto. Esta empresa tiene empleados en varios pa\u00edses que se encargan de comprar los boletos pedidos en l\u00ednea en [&hellip;]\" \/>\n<meta property=\"og:url\" content=\"https:\/\/lottoonline365.com\/es\/mas-jackpots-internacionales\/megamillions-usa\/\" \/>\n<meta name=\"twitter:card\" content=\"summary_large_image\" \/>\n<meta name=\"twitter:label1\" content=\"Tiempo de lectura\" \/>\n\t<meta name=\"twitter:data1\" content=\"3 minutos\" \/>\n<script type=\"application\/ld+json\" class=\"yoast-schema-graph\">{\"@context\":\"https:\\\/\\\/schema.org\",\"@graph\":[{\"@type\":\"WebPage\",\"@id\":\"https:\\\/\\\/lottoonline365.com\\\/es\\\/mas-jackpots-internacionales\\\/megamillions-usa\\\/\",\"url\":\"https:\\\/\\\/lottoonline365.com\\\/es\\\/mas-jackpots-internacionales\\\/megamillions-usa\\\/\",\"name\":\"Compre boletos de Mega Millions Lotto en l\u00ednea\",\"isPartOf\":{\"@id\":\"https:\\\/\\\/lottoonline365.com\\\/es\\\/#website\"},\"datePublished\":\"2025-08-04T09:21:08+00:00\",\"breadcrumb\":{\"@id\":\"https:\\\/\\\/lottoonline365.com\\\/es\\\/mas-jackpots-internacionales\\\/megamillions-usa\\\/#breadcrumb\"},\"inLanguage\":\"es\",\"potentialAction\":[{\"@type\":\"ReadAction\",\"target\":[\"https:\\\/\\\/lottoonline365.com\\\/es\\\/mas-jackpots-internacionales\\\/megamillions-usa\\\/\"]}]},{\"@type\":\"BreadcrumbList\",\"@id\":\"https:\\\/\\\/lottoonline365.com\\\/es\\\/mas-jackpots-internacionales\\\/megamillions-usa\\\/#breadcrumb\",\"itemListElement\":[{\"@type\":\"ListItem\",\"position\":1,\"name\":\"Home\",\"item\":\"https:\\\/\\\/lottoonline365.com\\\/es\\\/\"},{\"@type\":\"ListItem\",\"position\":2,\"name\":\"M\u00e1s jackpots internacionales\",\"item\":\"https:\\\/\\\/lottoonline365.com\\\/es\\\/mas-jackpots-internacionales\\\/\"},{\"@type\":\"ListItem\",\"position\":3,\"name\":\"Megamillions USA\"}]},{\"@type\":\"WebSite\",\"@id\":\"https:\\\/\\\/lottoonline365.com\\\/es\\\/#website\",\"url\":\"https:\\\/\\\/lottoonline365.com\\\/es\\\/\",\"name\":\"\",\"description\":\"\",\"potentialAction\":[{\"@type\":\"SearchAction\",\"target\":{\"@type\":\"EntryPoint\",\"urlTemplate\":\"https:\\\/\\\/lottoonline365.com\\\/es\\\/?s={search_term_string}\"},\"query-input\":{\"@type\":\"PropertyValueSpecification\",\"valueRequired\":true,\"valueName\":\"search_term_string\"}}],\"inLanguage\":\"es\"}]}<\/script>\n<!-- \/ Yoast SEO plugin. -->","yoast_head_json":{"title":"Compre boletos de Mega Millions Lotto en l\u00ednea","robots":{"index":"index","follow":"follow","max-snippet":"max-snippet:-1","max-image-preview":"max-image-preview:large","max-video-preview":"max-video-preview:-1"},"canonical":"https:\/\/lottoonline365.com\/es\/mas-jackpots-internacionales\/megamillions-usa\/","og_locale":"es_ES","og_type":"article","og_title":"Compre boletos de Mega Millions Lotto en l\u00ednea","og_description":"Megamillones tiene los botes m\u00e1s grandes Si quieres comprar boletos para Mega Millions en l\u00ednea, ahora tienes la oportunidad, desde cualquier parte del mundo. La soluci\u00f3n es un servicio de mensajer\u00eda de boletos de loter\u00eda llamado RedFoxLotto. Esta empresa tiene empleados en varios pa\u00edses que se encargan de comprar los boletos pedidos en l\u00ednea en [&hellip;]","og_url":"https:\/\/lottoonline365.com\/es\/mas-jackpots-internacionales\/megamillions-usa\/","twitter_card":"summary_large_image","twitter_misc":{"Tiempo de lectura":"3 minutos"},"schema":{"@context":"https:\/\/schema.org","@graph":[{"@type":"WebPage","@id":"https:\/\/lottoonline365.com\/es\/mas-jackpots-internacionales\/megamillions-usa\/","url":"https:\/\/lottoonline365.com\/es\/mas-jackpots-internacionales\/megamillions-usa\/","name":"Compre boletos de Mega Millions Lotto en l\u00ednea","isPartOf":{"@id":"https:\/\/lottoonline365.com\/es\/#website"},"datePublished":"2025-08-04T09:21:08+00:00","breadcrumb":{"@id":"https:\/\/lottoonline365.com\/es\/mas-jackpots-internacionales\/megamillions-usa\/#breadcrumb"},"inLanguage":"es","potentialAction":[{"@type":"ReadAction","target":["https:\/\/lottoonline365.com\/es\/mas-jackpots-internacionales\/megamillions-usa\/"]}]},{"@type":"BreadcrumbList","@id":"https:\/\/lottoonline365.com\/es\/mas-jackpots-internacionales\/megamillions-usa\/#breadcrumb","itemListElement":[{"@type":"ListItem","position":1,"name":"Home","item":"https:\/\/lottoonline365.com\/es\/"},{"@type":"ListItem","position":2,"name":"M\u00e1s jackpots internacionales","item":"https:\/\/lottoonline365.com\/es\/mas-jackpots-internacionales\/"},{"@type":"ListItem","position":3,"name":"Megamillions USA"}]},{"@type":"WebSite","@id":"https:\/\/lottoonline365.com\/es\/#website","url":"https:\/\/lottoonline365.com\/es\/","name":"","description":"","potentialAction":[{"@type":"SearchAction","target":{"@type":"EntryPoint","urlTemplate":"https:\/\/lottoonline365.com\/es\/?s={search_term_string}"},"query-input":{"@type":"PropertyValueSpecification","valueRequired":true,"valueName":"search_term_string"}}],"inLanguage":"es"}]}},"_links":{"self":[{"href":"https:\/\/lottoonline365.com\/es\/wp-json\/wp\/v2\/pages\/73","targetHints":{"allow":["GET"]}}],"collection":[{"href":"https:\/\/lottoonline365.com\/es\/wp-json\/wp\/v2\/pages"}],"about":[{"href":"https:\/\/lottoonline365.com\/es\/wp-json\/wp\/v2\/types\/page"}],"author":[{"embeddable":true,"href":"https:\/\/lottoonline365.com\/es\/wp-json\/wp\/v2\/users\/1"}],"replies":[{"embeddable":true,"href":"https:\/\/lottoonline365.com\/es\/wp-json\/wp\/v2\/comments?post=73"}],"version-history":[{"count":0,"href":"https:\/\/lottoonline365.com\/es\/wp-json\/wp\/v2\/pages\/73\/revisions"}],"up":[{"embeddable":true,"href":"https:\/\/lottoonline365.com\/es\/wp-json\/wp\/v2\/pages\/55"}],"wp:attachment":[{"href":"https:\/\/lottoonline365.com\/es\/wp-json\/wp\/v2\/media?parent=73"}],"curies":[{"name":"wp","href":"https:\/\/api.w.org\/{rel}","templated":true}]}}