{"id":70,"date":"2025-08-04T09:24:43","date_gmt":"2025-08-04T09:24:43","guid":{"rendered":"https:\/\/lottoonline365.com\/mas-jackpots-internacionales\/powerball-usa\/"},"modified":"2025-08-04T09:24:43","modified_gmt":"2025-08-04T09:24:43","slug":"powerball-usa","status":"publish","type":"page","link":"https:\/\/lottoonline365.com\/es\/mas-jackpots-internacionales\/powerball-usa\/","title":{"rendered":"Powerball USA"},"content":{"rendered":"<p>C\u00f3mo conseguir tus boletos de Powerball en l\u00ednea<\/p>\n<p>Comparado con lo que se ofrece en EE. UU. en el Powerball Lotto semana a semana, las loter\u00edas en otros pa\u00edses parecen ser relativamente peque\u00f1as, incluso cuando su premio mayor es alto. El premio mayor r\u00e9cord en EE. UU. asciende actualmente a la asombrosa cifra de 1500 millones de d\u00f3lares, \u00a1pagado en 2017!<\/p>\n<p>Por supuesto, esto te hace preguntarte de inmediato si es posible comprar un boleto de Powerball en l\u00ednea. Y, de hecho, puedes jugar al Powerball en l\u00ednea desde cualquier pa\u00eds del mundo, siempre que tengas una tarjeta de cr\u00e9dito o puedas usar cualquier otro m\u00e9todo de pago en l\u00ednea. \u00a1Es completamente seguro y legal!<\/p>\n<p>Es posible a trav\u00e9s de RedFoxLotto, un reconocido servicio de mensajer\u00eda de loter\u00eda. <strong><span style=\"text-decoration: underline;\"><a href=\"https:\/\/redfoxlotto.com\/?ref=A8564250A2&#038;medium=lo365\" target=\"_blank\" rel=\"noopener\">Haga clic aqu\u00ed para visitar el sitio web de RedFoxLotto<\/a><\/span><\/strong>. Simplemente elija una loter\u00eda, marque los n\u00fameros y pague. Su boleto personal ser\u00e1 comprado por un agente de RedFoxLotto y se lo enviar\u00e1 por correo electr\u00f3nico. \u00a1Eso es todo!<\/p>\n<h2>\u00bfC\u00f3mo funciona el Powerball?<\/h2>\n<p>El Powerball probablemente sea un poco diferente de su loter\u00eda local. Aqu\u00ed eliges 5 n\u00fameros de 69, adem\u00e1s de un n\u00famero de Powerball entre el 1 y el 26. Por lo tanto, la probabilidad de ganar el premio mayor (para ello, debes acertar los 5 n\u00fameros principales y el n\u00famero de Powerball) es de 1 entre 292 millones. Suena aterrador, pero \u00a1siempre hay alguien que gana el premio mayor!<\/p>\n<p>Otra caracter\u00edstica especial es que puedes optar por el \u00abMultiplicador\u00bb al comprar un boleto. En cada sorteo, se sortear\u00e1 un multiplicador, que puede ser de dos, tres, cuatro, cinco o diez veces. Dependiendo del multiplicador sorteado, todas las ganancias \u00abmenores\u00bb se multiplicar\u00e1n (excepto los botes y el premio por acertar 5 n\u00fameros principales).<\/p>\n<p>Todo es bastante sencillo si juegas al Powerball en l\u00ednea: no puedes equivocarte con los n\u00fameros (excepto elegir los incorrectos, por supuesto). Si marcas solo 4 n\u00fameros en lugar de 5 u olvidas elegir un n\u00famero del Powerball, RedFoxLotto te lo indicar\u00e1.<\/p>\n<p>Adem\u00e1s del Powerball y la otra gran <a href=\"https:\/\/lottoonline365.com\/en\/mega-millions\" target=\"_blank\" rel=\"noopener\">loter\u00eda estadounidense Mega Millions<\/a>, en RedFoxLotto tambi\u00e9n puedes comprar boletos para m\u00e1s de 20 loter\u00edas de todo el mundo. As\u00ed, tienes la oportunidad de simplemente buscar en el sitio web el bote m\u00e1s alto y obtener tu boleto. Esto maximiza tu <a href=\"https:\/\/lottoonline365.com\/es\/que-loteria-ofrece-las-mejores-posibilidades-de-ganar\/\" target=\"_blank\" rel=\"noopener\">posibilidades de ganar<\/a>: suponiendo que el premio del boleto sea igual, cuanto mayor sea la ganancia potencial, mayor ser\u00e1 la expectativa matem\u00e1tica de ganar.<\/p>\n","protected":false},"excerpt":{"rendered":"<p>C\u00f3mo conseguir tus boletos de Powerball en l\u00ednea Comparado con lo que se ofrece en EE. UU. en el Powerball Lotto semana a semana, las loter\u00edas en otros pa\u00edses parecen ser relativamente peque\u00f1as, incluso cuando su premio mayor es alto. El premio mayor r\u00e9cord en EE. UU. asciende actualmente a la asombrosa cifra de 1500 [&hellip;]<\/p>\n","protected":false},"author":1,"featured_media":0,"parent":55,"menu_order":0,"comment_status":"closed","ping_status":"closed","template":"","meta":{"footnotes":""},"class_list":["post-70","page","type-page","status-publish","hentry"],"blocksy_meta":[],"yoast_head":"<!-- This site is optimized with the Yoast SEO plugin v27.4 - https:\/\/yoast.com\/product\/yoast-seo-wordpress\/ -->\n<title>Can I buy Powerball tickets online?<\/title>\n<meta name=\"robots\" content=\"index, follow, max-snippet:-1, max-image-preview:large, max-video-preview:-1\" \/>\n<link rel=\"canonical\" href=\"https:\/\/lottoonline365.com\/es\/mas-jackpots-internacionales\/powerball-usa\/\" \/>\n<meta property=\"og:locale\" content=\"es_ES\" \/>\n<meta property=\"og:type\" content=\"article\" \/>\n<meta property=\"og:title\" content=\"Can I buy Powerball tickets online?\" \/>\n<meta property=\"og:description\" content=\"C\u00f3mo conseguir tus boletos de Powerball en l\u00ednea Comparado con lo que se ofrece en EE. UU. en el Powerball Lotto semana a semana, las loter\u00edas en otros pa\u00edses parecen ser relativamente peque\u00f1as, incluso cuando su premio mayor es alto. El premio mayor r\u00e9cord en EE. UU. asciende actualmente a la asombrosa cifra de 1500 [&hellip;]\" \/>\n<meta property=\"og:url\" content=\"https:\/\/lottoonline365.com\/es\/mas-jackpots-internacionales\/powerball-usa\/\" \/>\n<meta name=\"twitter:card\" content=\"summary_large_image\" \/>\n<meta name=\"twitter:label1\" content=\"Tiempo de lectura\" \/>\n\t<meta name=\"twitter:data1\" content=\"2 minutos\" \/>\n<script type=\"application\/ld+json\" class=\"yoast-schema-graph\">{\"@context\":\"https:\\\/\\\/schema.org\",\"@graph\":[{\"@type\":\"WebPage\",\"@id\":\"https:\\\/\\\/lottoonline365.com\\\/es\\\/mas-jackpots-internacionales\\\/powerball-usa\\\/\",\"url\":\"https:\\\/\\\/lottoonline365.com\\\/es\\\/mas-jackpots-internacionales\\\/powerball-usa\\\/\",\"name\":\"Can I buy Powerball tickets online?\",\"isPartOf\":{\"@id\":\"https:\\\/\\\/lottoonline365.com\\\/es\\\/#website\"},\"datePublished\":\"2025-08-04T09:24:43+00:00\",\"breadcrumb\":{\"@id\":\"https:\\\/\\\/lottoonline365.com\\\/es\\\/mas-jackpots-internacionales\\\/powerball-usa\\\/#breadcrumb\"},\"inLanguage\":\"es\",\"potentialAction\":[{\"@type\":\"ReadAction\",\"target\":[\"https:\\\/\\\/lottoonline365.com\\\/es\\\/mas-jackpots-internacionales\\\/powerball-usa\\\/\"]}]},{\"@type\":\"BreadcrumbList\",\"@id\":\"https:\\\/\\\/lottoonline365.com\\\/es\\\/mas-jackpots-internacionales\\\/powerball-usa\\\/#breadcrumb\",\"itemListElement\":[{\"@type\":\"ListItem\",\"position\":1,\"name\":\"Home\",\"item\":\"https:\\\/\\\/lottoonline365.com\\\/es\\\/\"},{\"@type\":\"ListItem\",\"position\":2,\"name\":\"M\u00e1s jackpots internacionales\",\"item\":\"https:\\\/\\\/lottoonline365.com\\\/es\\\/mas-jackpots-internacionales\\\/\"},{\"@type\":\"ListItem\",\"position\":3,\"name\":\"Powerball USA\"}]},{\"@type\":\"WebSite\",\"@id\":\"https:\\\/\\\/lottoonline365.com\\\/es\\\/#website\",\"url\":\"https:\\\/\\\/lottoonline365.com\\\/es\\\/\",\"name\":\"\",\"description\":\"\",\"potentialAction\":[{\"@type\":\"SearchAction\",\"target\":{\"@type\":\"EntryPoint\",\"urlTemplate\":\"https:\\\/\\\/lottoonline365.com\\\/es\\\/?s={search_term_string}\"},\"query-input\":{\"@type\":\"PropertyValueSpecification\",\"valueRequired\":true,\"valueName\":\"search_term_string\"}}],\"inLanguage\":\"es\"}]}<\/script>\n<!-- \/ Yoast SEO plugin. -->","yoast_head_json":{"title":"Can I buy Powerball tickets online?","robots":{"index":"index","follow":"follow","max-snippet":"max-snippet:-1","max-image-preview":"max-image-preview:large","max-video-preview":"max-video-preview:-1"},"canonical":"https:\/\/lottoonline365.com\/es\/mas-jackpots-internacionales\/powerball-usa\/","og_locale":"es_ES","og_type":"article","og_title":"Can I buy Powerball tickets online?","og_description":"C\u00f3mo conseguir tus boletos de Powerball en l\u00ednea Comparado con lo que se ofrece en EE. UU. en el Powerball Lotto semana a semana, las loter\u00edas en otros pa\u00edses parecen ser relativamente peque\u00f1as, incluso cuando su premio mayor es alto. El premio mayor r\u00e9cord en EE. UU. asciende actualmente a la asombrosa cifra de 1500 [&hellip;]","og_url":"https:\/\/lottoonline365.com\/es\/mas-jackpots-internacionales\/powerball-usa\/","twitter_card":"summary_large_image","twitter_misc":{"Tiempo de lectura":"2 minutos"},"schema":{"@context":"https:\/\/schema.org","@graph":[{"@type":"WebPage","@id":"https:\/\/lottoonline365.com\/es\/mas-jackpots-internacionales\/powerball-usa\/","url":"https:\/\/lottoonline365.com\/es\/mas-jackpots-internacionales\/powerball-usa\/","name":"Can I buy Powerball tickets online?","isPartOf":{"@id":"https:\/\/lottoonline365.com\/es\/#website"},"datePublished":"2025-08-04T09:24:43+00:00","breadcrumb":{"@id":"https:\/\/lottoonline365.com\/es\/mas-jackpots-internacionales\/powerball-usa\/#breadcrumb"},"inLanguage":"es","potentialAction":[{"@type":"ReadAction","target":["https:\/\/lottoonline365.com\/es\/mas-jackpots-internacionales\/powerball-usa\/"]}]},{"@type":"BreadcrumbList","@id":"https:\/\/lottoonline365.com\/es\/mas-jackpots-internacionales\/powerball-usa\/#breadcrumb","itemListElement":[{"@type":"ListItem","position":1,"name":"Home","item":"https:\/\/lottoonline365.com\/es\/"},{"@type":"ListItem","position":2,"name":"M\u00e1s jackpots internacionales","item":"https:\/\/lottoonline365.com\/es\/mas-jackpots-internacionales\/"},{"@type":"ListItem","position":3,"name":"Powerball USA"}]},{"@type":"WebSite","@id":"https:\/\/lottoonline365.com\/es\/#website","url":"https:\/\/lottoonline365.com\/es\/","name":"","description":"","potentialAction":[{"@type":"SearchAction","target":{"@type":"EntryPoint","urlTemplate":"https:\/\/lottoonline365.com\/es\/?s={search_term_string}"},"query-input":{"@type":"PropertyValueSpecification","valueRequired":true,"valueName":"search_term_string"}}],"inLanguage":"es"}]}},"_links":{"self":[{"href":"https:\/\/lottoonline365.com\/es\/wp-json\/wp\/v2\/pages\/70","targetHints":{"allow":["GET"]}}],"collection":[{"href":"https:\/\/lottoonline365.com\/es\/wp-json\/wp\/v2\/pages"}],"about":[{"href":"https:\/\/lottoonline365.com\/es\/wp-json\/wp\/v2\/types\/page"}],"author":[{"embeddable":true,"href":"https:\/\/lottoonline365.com\/es\/wp-json\/wp\/v2\/users\/1"}],"replies":[{"embeddable":true,"href":"https:\/\/lottoonline365.com\/es\/wp-json\/wp\/v2\/comments?post=70"}],"version-history":[{"count":0,"href":"https:\/\/lottoonline365.com\/es\/wp-json\/wp\/v2\/pages\/70\/revisions"}],"up":[{"embeddable":true,"href":"https:\/\/lottoonline365.com\/es\/wp-json\/wp\/v2\/pages\/55"}],"wp:attachment":[{"href":"https:\/\/lottoonline365.com\/es\/wp-json\/wp\/v2\/media?parent=70"}],"curies":[{"name":"wp","href":"https:\/\/api.w.org\/{rel}","templated":true}]}}