{"id":67,"date":"2025-08-04T09:16:18","date_gmt":"2025-08-04T09:16:18","guid":{"rendered":"https:\/\/lottoonline365.com\/mas-jackpots-internacionales\/el-gordo-lotto-spain\/"},"modified":"2025-08-04T09:16:18","modified_gmt":"2025-08-04T09:16:18","slug":"el-gordo-lotto-spain","status":"publish","type":"page","link":"https:\/\/lottoonline365.com\/es\/mas-jackpots-internacionales\/el-gordo-lotto-spain\/","title":{"rendered":"El Gordo Lotto Spain"},"content":{"rendered":"<p>Participar en El Gordo La Primitiva es muy f\u00e1cil. Esta loter\u00eda es especialmente popular durante la Navidad, ya que, sobre todo en esa \u00e9poca, hay grandes cantidades de dinero en juego. Dado que los billetes de esta loter\u00eda espa\u00f1ola, la m\u00e1s grande, no se pueden comprar en ning\u00fan sitio, a menos que est\u00e9 en Espa\u00f1a, solo puede jugar a El Gordo Lotto en l\u00ednea, en RedFoxLotto. Esta agencia ofrece un servicio de compra y <a href=\"index.php?option=com_content&amp;view=article&amp;id=42&amp;Itemid=269&amp;lang=en\">env\u00edo de billetes de loter\u00eda<\/a>. <span style=\"text-decoration: underline;\"><strong><a href=\"https:\/\/redfoxlotto.com\/play\/la-primitiva\/?ref=A8564250A2&amp;medium=lo365\" target=\"_blank\" rel=\"noopener\">Use este enlace para abrir el sitio web de RedFoxLotto en una nueva pesta\u00f1a<\/a><\/strong><\/span>.<\/p>\n<h2>Las peculiaridades de El Gordo<\/h2>\n<p>El nombre real de esta loter\u00eda es \u00abSorteo Extraordinario de Navidad\u00bb, pero el nombre <a href=\"https:\/\/redfoxlotto.com\/results\/el-gordo-primitiva\/\" target=\"_blank\" rel=\"noopener\">El Gordo<\/a> (traducido: el gordo\/grande) se ha vuelto m\u00e1s conocido. En esta loter\u00eda, no se eligen, por ejemplo, 5 n\u00fameros de 50, sino que se compra un boleto con un n\u00famero de serie. De estos, solo hay 100.000 diferentes, con n\u00fameros de boleto entre 000.000 y 999.999. Un boleto completo cuesta 200 \u20ac, y como esto ser\u00eda excesivo para la mayor\u00eda de los aficionados a la loter\u00eda, se puede dividir en 10 partes, los llamados \u00abd\u00e9cimos\u00bb, a un precio de 20 \u20ac cada una. Con un boleto parcial, el jugador gana \u00absolo\u00bb el 10 % del premio otorgado al n\u00famero del boleto.<\/p>\n<p>Dado que el boleto completo o sus \u00abd\u00e9cimos\u00bb se suele vender en un \u00fanico punto de venta a diferentes jugadores, se da repetidamente la situaci\u00f3n de que, por ejemplo, en un peque\u00f1o pueblo, 10 habitantes se hacen millonarios en el mismo sorteo. Tambi\u00e9n es muy popular comprar un boleto y compartirlo con familiares; as\u00ed, en caso de ganar, la loter\u00eda alegra a toda la familia.<\/p>\n<p>As\u00ed que si quieres participar en una loter\u00eda un poco diferente (o quiz\u00e1s regalar boletos parciales a amigos y familiares), El Gordo es la opci\u00f3n ideal. <a href=\"https:\/\/redfoxlotto.com\/play\/la-primitiva\/?ref=A8564250A2&amp;medium=lo365\" target=\"_blank\" rel=\"noopener\">\u00a1Compra tu boleto en l\u00ednea<\/a> ahora en RedFoxLotto!<\/p>\n","protected":false},"excerpt":{"rendered":"<p>Participar en El Gordo La Primitiva es muy f\u00e1cil. Esta loter\u00eda es especialmente popular durante la Navidad, ya que, sobre todo en esa \u00e9poca, hay grandes cantidades de dinero en juego. Dado que los billetes de esta loter\u00eda espa\u00f1ola, la m\u00e1s grande, no se pueden comprar en ning\u00fan sitio, a menos que est\u00e9 en Espa\u00f1a, [&hellip;]<\/p>\n","protected":false},"author":1,"featured_media":0,"parent":55,"menu_order":0,"comment_status":"closed","ping_status":"closed","template":"","meta":{"footnotes":""},"class_list":["post-67","page","type-page","status-publish","hentry"],"blocksy_meta":[],"yoast_head":"<!-- This site is optimized with the Yoast SEO plugin v27.5 - https:\/\/yoast.com\/product\/yoast-seo-wordpress\/ -->\n<title>Compra billetes para El Gordo Lotto online<\/title>\n<meta name=\"robots\" content=\"index, follow, max-snippet:-1, max-image-preview:large, max-video-preview:-1\" \/>\n<link rel=\"canonical\" href=\"https:\/\/lottoonline365.com\/es\/mas-jackpots-internacionales\/el-gordo-lotto-spain\/\" \/>\n<meta property=\"og:locale\" content=\"es_ES\" \/>\n<meta property=\"og:type\" content=\"article\" \/>\n<meta property=\"og:title\" content=\"Compra billetes para El Gordo Lotto online\" \/>\n<meta property=\"og:description\" content=\"Participar en El Gordo La Primitiva es muy f\u00e1cil. Esta loter\u00eda es especialmente popular durante la Navidad, ya que, sobre todo en esa \u00e9poca, hay grandes cantidades de dinero en juego. Dado que los billetes de esta loter\u00eda espa\u00f1ola, la m\u00e1s grande, no se pueden comprar en ning\u00fan sitio, a menos que est\u00e9 en Espa\u00f1a, [&hellip;]\" \/>\n<meta property=\"og:url\" content=\"https:\/\/lottoonline365.com\/es\/mas-jackpots-internacionales\/el-gordo-lotto-spain\/\" \/>\n<meta name=\"twitter:card\" content=\"summary_large_image\" \/>\n<meta name=\"twitter:label1\" content=\"Tiempo de lectura\" \/>\n\t<meta name=\"twitter:data1\" content=\"2 minutos\" \/>\n<script type=\"application\/ld+json\" class=\"yoast-schema-graph\">{\"@context\":\"https:\\\/\\\/schema.org\",\"@graph\":[{\"@type\":\"WebPage\",\"@id\":\"https:\\\/\\\/lottoonline365.com\\\/es\\\/mas-jackpots-internacionales\\\/el-gordo-lotto-spain\\\/\",\"url\":\"https:\\\/\\\/lottoonline365.com\\\/es\\\/mas-jackpots-internacionales\\\/el-gordo-lotto-spain\\\/\",\"name\":\"Compra billetes para El Gordo Lotto online\",\"isPartOf\":{\"@id\":\"https:\\\/\\\/lottoonline365.com\\\/es\\\/#website\"},\"datePublished\":\"2025-08-04T09:16:18+00:00\",\"breadcrumb\":{\"@id\":\"https:\\\/\\\/lottoonline365.com\\\/es\\\/mas-jackpots-internacionales\\\/el-gordo-lotto-spain\\\/#breadcrumb\"},\"inLanguage\":\"es\",\"potentialAction\":[{\"@type\":\"ReadAction\",\"target\":[\"https:\\\/\\\/lottoonline365.com\\\/es\\\/mas-jackpots-internacionales\\\/el-gordo-lotto-spain\\\/\"]}]},{\"@type\":\"BreadcrumbList\",\"@id\":\"https:\\\/\\\/lottoonline365.com\\\/es\\\/mas-jackpots-internacionales\\\/el-gordo-lotto-spain\\\/#breadcrumb\",\"itemListElement\":[{\"@type\":\"ListItem\",\"position\":1,\"name\":\"Home\",\"item\":\"https:\\\/\\\/lottoonline365.com\\\/es\\\/\"},{\"@type\":\"ListItem\",\"position\":2,\"name\":\"M\u00e1s jackpots internacionales\",\"item\":\"https:\\\/\\\/lottoonline365.com\\\/es\\\/mas-jackpots-internacionales\\\/\"},{\"@type\":\"ListItem\",\"position\":3,\"name\":\"El Gordo Lotto Spain\"}]},{\"@type\":\"WebSite\",\"@id\":\"https:\\\/\\\/lottoonline365.com\\\/es\\\/#website\",\"url\":\"https:\\\/\\\/lottoonline365.com\\\/es\\\/\",\"name\":\"\",\"description\":\"\",\"potentialAction\":[{\"@type\":\"SearchAction\",\"target\":{\"@type\":\"EntryPoint\",\"urlTemplate\":\"https:\\\/\\\/lottoonline365.com\\\/es\\\/?s={search_term_string}\"},\"query-input\":{\"@type\":\"PropertyValueSpecification\",\"valueRequired\":true,\"valueName\":\"search_term_string\"}}],\"inLanguage\":\"es\"}]}<\/script>\n<!-- \/ Yoast SEO plugin. -->","yoast_head_json":{"title":"Compra billetes para El Gordo Lotto online","robots":{"index":"index","follow":"follow","max-snippet":"max-snippet:-1","max-image-preview":"max-image-preview:large","max-video-preview":"max-video-preview:-1"},"canonical":"https:\/\/lottoonline365.com\/es\/mas-jackpots-internacionales\/el-gordo-lotto-spain\/","og_locale":"es_ES","og_type":"article","og_title":"Compra billetes para El Gordo Lotto online","og_description":"Participar en El Gordo La Primitiva es muy f\u00e1cil. Esta loter\u00eda es especialmente popular durante la Navidad, ya que, sobre todo en esa \u00e9poca, hay grandes cantidades de dinero en juego. Dado que los billetes de esta loter\u00eda espa\u00f1ola, la m\u00e1s grande, no se pueden comprar en ning\u00fan sitio, a menos que est\u00e9 en Espa\u00f1a, [&hellip;]","og_url":"https:\/\/lottoonline365.com\/es\/mas-jackpots-internacionales\/el-gordo-lotto-spain\/","twitter_card":"summary_large_image","twitter_misc":{"Tiempo de lectura":"2 minutos"},"schema":{"@context":"https:\/\/schema.org","@graph":[{"@type":"WebPage","@id":"https:\/\/lottoonline365.com\/es\/mas-jackpots-internacionales\/el-gordo-lotto-spain\/","url":"https:\/\/lottoonline365.com\/es\/mas-jackpots-internacionales\/el-gordo-lotto-spain\/","name":"Compra billetes para El Gordo Lotto online","isPartOf":{"@id":"https:\/\/lottoonline365.com\/es\/#website"},"datePublished":"2025-08-04T09:16:18+00:00","breadcrumb":{"@id":"https:\/\/lottoonline365.com\/es\/mas-jackpots-internacionales\/el-gordo-lotto-spain\/#breadcrumb"},"inLanguage":"es","potentialAction":[{"@type":"ReadAction","target":["https:\/\/lottoonline365.com\/es\/mas-jackpots-internacionales\/el-gordo-lotto-spain\/"]}]},{"@type":"BreadcrumbList","@id":"https:\/\/lottoonline365.com\/es\/mas-jackpots-internacionales\/el-gordo-lotto-spain\/#breadcrumb","itemListElement":[{"@type":"ListItem","position":1,"name":"Home","item":"https:\/\/lottoonline365.com\/es\/"},{"@type":"ListItem","position":2,"name":"M\u00e1s jackpots internacionales","item":"https:\/\/lottoonline365.com\/es\/mas-jackpots-internacionales\/"},{"@type":"ListItem","position":3,"name":"El Gordo Lotto Spain"}]},{"@type":"WebSite","@id":"https:\/\/lottoonline365.com\/es\/#website","url":"https:\/\/lottoonline365.com\/es\/","name":"","description":"","potentialAction":[{"@type":"SearchAction","target":{"@type":"EntryPoint","urlTemplate":"https:\/\/lottoonline365.com\/es\/?s={search_term_string}"},"query-input":{"@type":"PropertyValueSpecification","valueRequired":true,"valueName":"search_term_string"}}],"inLanguage":"es"}]}},"_links":{"self":[{"href":"https:\/\/lottoonline365.com\/es\/wp-json\/wp\/v2\/pages\/67","targetHints":{"allow":["GET"]}}],"collection":[{"href":"https:\/\/lottoonline365.com\/es\/wp-json\/wp\/v2\/pages"}],"about":[{"href":"https:\/\/lottoonline365.com\/es\/wp-json\/wp\/v2\/types\/page"}],"author":[{"embeddable":true,"href":"https:\/\/lottoonline365.com\/es\/wp-json\/wp\/v2\/users\/1"}],"replies":[{"embeddable":true,"href":"https:\/\/lottoonline365.com\/es\/wp-json\/wp\/v2\/comments?post=67"}],"version-history":[{"count":0,"href":"https:\/\/lottoonline365.com\/es\/wp-json\/wp\/v2\/pages\/67\/revisions"}],"up":[{"embeddable":true,"href":"https:\/\/lottoonline365.com\/es\/wp-json\/wp\/v2\/pages\/55"}],"wp:attachment":[{"href":"https:\/\/lottoonline365.com\/es\/wp-json\/wp\/v2\/media?parent=67"}],"curies":[{"name":"wp","href":"https:\/\/api.w.org\/{rel}","templated":true}]}}