{"id":64,"date":"2025-08-04T09:25:58","date_gmt":"2025-08-04T09:25:58","guid":{"rendered":"https:\/\/lottoonline365.com\/mas-jackpots-internacionales\/superenalotto-italia\/"},"modified":"2025-08-04T09:25:58","modified_gmt":"2025-08-04T09:25:58","slug":"superenalotto-italia","status":"publish","type":"page","link":"https:\/\/lottoonline365.com\/es\/mas-jackpots-internacionales\/superenalotto-italia\/","title":{"rendered":"Superenalotto Italia"},"content":{"rendered":"<p>Esta enorme loter\u00eda italiana ya est\u00e1 abierta al mundo.<\/p>\n<p>Esta loter\u00eda es diferente a la mayor\u00eda de las loter\u00edas de otros pa\u00edses. El n\u00famero de combinaciones posibles es relativamente alto. Esto se traduce en grandes botes, ya que a menudo nadie tiene las combinaciones ganadoras durante varias semanas. Los precios de los billetes de esta loter\u00eda son m\u00e1s bajos que en la mayor\u00eda. En Italia, a la gente le encanta la loter\u00eda, y cuando el bote sube, compran a\u00fan m\u00e1s billetes.<\/p>\n<p>\u00bfJugando desde otros pa\u00edses?<\/p>\n<p>\u00bfNo se venden billetes para la Superenalotto en tu zona? No hay problema. Solo tienes que visitar <a href=\"https:\/\/redfoxlotto.com\/play\/superenalotto\/?ref=A8564250A2&amp;medium=lo365\" target=\"_blank\" rel=\"noopener\"><span style=\"text-decoration: underline;\">RedfoxLotto.com (haz clic en este enlace)<\/span><\/a> y comprar tus billetes en l\u00ednea. Adem\u00e1s de Superenalotto, este servicio de mensajer\u00eda para <a href=\"https:\/\/lottoonline365.com\/en\/tips-for-players\/which-lottery-has-the-worlds-biggest-jackpots\">billetes de loter\u00eda de otros pa\u00edses<\/a> puede proporcionarte billetes para las grandes loter\u00edas estadounidenses, para Euromillones y mucho m\u00e1s. Puedes pagar a trav\u00e9s de una amplia variedad de m\u00e9todos; incluso puedes pagar con PayPal.<\/p>\n<h2>Solo espera el sorteo y consulta tus n\u00fameros<\/h2>\n<p>Despu\u00e9s de que se publiquen los <a href=\"https:\/\/lottoonline365.com\/es\/numeros-ganadores\/\" target=\"_blank\" rel=\"noopener\">resultados del sorteo<\/a>, puedes volver a tu cuenta de cliente de RedFoxLotto, consultar tus boletos y ver\u00e1s todos los n\u00fameros ganadores resaltados. De todos modos, si ganas, tambi\u00e9n te enviar\u00e1n un correo electr\u00f3nico para asegurarte de que no pierdas ninguna ganancia.<\/p>\n<h2>Consulta tambi\u00e9n los otros botes<\/h2>\n<p>Te sugerimos que primero consultes el tama\u00f1o de los diferentes botes de loter\u00eda. Si encuentras un bote mayor que el que ofrece Superenalotto actualmente, quiz\u00e1s quieras comprar un boleto para esa loter\u00eda. \u00a1Te deseamos mucha suerte!<\/p>\n","protected":false},"excerpt":{"rendered":"<p>Esta enorme loter\u00eda italiana ya est\u00e1 abierta al mundo. Esta loter\u00eda es diferente a la mayor\u00eda de las loter\u00edas de otros pa\u00edses. El n\u00famero de combinaciones posibles es relativamente alto. Esto se traduce en grandes botes, ya que a menudo nadie tiene las combinaciones ganadoras durante varias semanas. Los precios de los billetes de esta [&hellip;]<\/p>\n","protected":false},"author":1,"featured_media":0,"parent":55,"menu_order":0,"comment_status":"closed","ping_status":"closed","template":"","meta":{"footnotes":""},"class_list":["post-64","page","type-page","status-publish","hentry"],"blocksy_meta":[],"yoast_head":"<!-- This site is optimized with the Yoast SEO plugin v27.4 - https:\/\/yoast.com\/product\/yoast-seo-wordpress\/ -->\n<title>\u00bfPuedo jugar a Superenalotto online?<\/title>\n<meta name=\"robots\" content=\"index, follow, max-snippet:-1, max-image-preview:large, max-video-preview:-1\" \/>\n<link rel=\"canonical\" href=\"https:\/\/lottoonline365.com\/es\/mas-jackpots-internacionales\/superenalotto-italia\/\" \/>\n<meta property=\"og:locale\" content=\"es_ES\" \/>\n<meta property=\"og:type\" content=\"article\" \/>\n<meta property=\"og:title\" content=\"\u00bfPuedo jugar a Superenalotto online?\" \/>\n<meta property=\"og:description\" content=\"Esta enorme loter\u00eda italiana ya est\u00e1 abierta al mundo. Esta loter\u00eda es diferente a la mayor\u00eda de las loter\u00edas de otros pa\u00edses. El n\u00famero de combinaciones posibles es relativamente alto. Esto se traduce en grandes botes, ya que a menudo nadie tiene las combinaciones ganadoras durante varias semanas. Los precios de los billetes de esta [&hellip;]\" \/>\n<meta property=\"og:url\" content=\"https:\/\/lottoonline365.com\/es\/mas-jackpots-internacionales\/superenalotto-italia\/\" \/>\n<meta name=\"twitter:card\" content=\"summary_large_image\" \/>\n<meta name=\"twitter:label1\" content=\"Tiempo de lectura\" \/>\n\t<meta name=\"twitter:data1\" content=\"1 minuto\" \/>\n<script type=\"application\/ld+json\" class=\"yoast-schema-graph\">{\"@context\":\"https:\\\/\\\/schema.org\",\"@graph\":[{\"@type\":\"WebPage\",\"@id\":\"https:\\\/\\\/lottoonline365.com\\\/es\\\/mas-jackpots-internacionales\\\/superenalotto-italia\\\/\",\"url\":\"https:\\\/\\\/lottoonline365.com\\\/es\\\/mas-jackpots-internacionales\\\/superenalotto-italia\\\/\",\"name\":\"\u00bfPuedo jugar a Superenalotto online?\",\"isPartOf\":{\"@id\":\"https:\\\/\\\/lottoonline365.com\\\/es\\\/#website\"},\"datePublished\":\"2025-08-04T09:25:58+00:00\",\"breadcrumb\":{\"@id\":\"https:\\\/\\\/lottoonline365.com\\\/es\\\/mas-jackpots-internacionales\\\/superenalotto-italia\\\/#breadcrumb\"},\"inLanguage\":\"es\",\"potentialAction\":[{\"@type\":\"ReadAction\",\"target\":[\"https:\\\/\\\/lottoonline365.com\\\/es\\\/mas-jackpots-internacionales\\\/superenalotto-italia\\\/\"]}]},{\"@type\":\"BreadcrumbList\",\"@id\":\"https:\\\/\\\/lottoonline365.com\\\/es\\\/mas-jackpots-internacionales\\\/superenalotto-italia\\\/#breadcrumb\",\"itemListElement\":[{\"@type\":\"ListItem\",\"position\":1,\"name\":\"Home\",\"item\":\"https:\\\/\\\/lottoonline365.com\\\/es\\\/\"},{\"@type\":\"ListItem\",\"position\":2,\"name\":\"M\u00e1s jackpots internacionales\",\"item\":\"https:\\\/\\\/lottoonline365.com\\\/es\\\/mas-jackpots-internacionales\\\/\"},{\"@type\":\"ListItem\",\"position\":3,\"name\":\"Superenalotto Italia\"}]},{\"@type\":\"WebSite\",\"@id\":\"https:\\\/\\\/lottoonline365.com\\\/es\\\/#website\",\"url\":\"https:\\\/\\\/lottoonline365.com\\\/es\\\/\",\"name\":\"\",\"description\":\"\",\"potentialAction\":[{\"@type\":\"SearchAction\",\"target\":{\"@type\":\"EntryPoint\",\"urlTemplate\":\"https:\\\/\\\/lottoonline365.com\\\/es\\\/?s={search_term_string}\"},\"query-input\":{\"@type\":\"PropertyValueSpecification\",\"valueRequired\":true,\"valueName\":\"search_term_string\"}}],\"inLanguage\":\"es\"}]}<\/script>\n<!-- \/ Yoast SEO plugin. -->","yoast_head_json":{"title":"\u00bfPuedo jugar a Superenalotto online?","robots":{"index":"index","follow":"follow","max-snippet":"max-snippet:-1","max-image-preview":"max-image-preview:large","max-video-preview":"max-video-preview:-1"},"canonical":"https:\/\/lottoonline365.com\/es\/mas-jackpots-internacionales\/superenalotto-italia\/","og_locale":"es_ES","og_type":"article","og_title":"\u00bfPuedo jugar a Superenalotto online?","og_description":"Esta enorme loter\u00eda italiana ya est\u00e1 abierta al mundo. Esta loter\u00eda es diferente a la mayor\u00eda de las loter\u00edas de otros pa\u00edses. El n\u00famero de combinaciones posibles es relativamente alto. Esto se traduce en grandes botes, ya que a menudo nadie tiene las combinaciones ganadoras durante varias semanas. Los precios de los billetes de esta [&hellip;]","og_url":"https:\/\/lottoonline365.com\/es\/mas-jackpots-internacionales\/superenalotto-italia\/","twitter_card":"summary_large_image","twitter_misc":{"Tiempo de lectura":"1 minuto"},"schema":{"@context":"https:\/\/schema.org","@graph":[{"@type":"WebPage","@id":"https:\/\/lottoonline365.com\/es\/mas-jackpots-internacionales\/superenalotto-italia\/","url":"https:\/\/lottoonline365.com\/es\/mas-jackpots-internacionales\/superenalotto-italia\/","name":"\u00bfPuedo jugar a Superenalotto online?","isPartOf":{"@id":"https:\/\/lottoonline365.com\/es\/#website"},"datePublished":"2025-08-04T09:25:58+00:00","breadcrumb":{"@id":"https:\/\/lottoonline365.com\/es\/mas-jackpots-internacionales\/superenalotto-italia\/#breadcrumb"},"inLanguage":"es","potentialAction":[{"@type":"ReadAction","target":["https:\/\/lottoonline365.com\/es\/mas-jackpots-internacionales\/superenalotto-italia\/"]}]},{"@type":"BreadcrumbList","@id":"https:\/\/lottoonline365.com\/es\/mas-jackpots-internacionales\/superenalotto-italia\/#breadcrumb","itemListElement":[{"@type":"ListItem","position":1,"name":"Home","item":"https:\/\/lottoonline365.com\/es\/"},{"@type":"ListItem","position":2,"name":"M\u00e1s jackpots internacionales","item":"https:\/\/lottoonline365.com\/es\/mas-jackpots-internacionales\/"},{"@type":"ListItem","position":3,"name":"Superenalotto Italia"}]},{"@type":"WebSite","@id":"https:\/\/lottoonline365.com\/es\/#website","url":"https:\/\/lottoonline365.com\/es\/","name":"","description":"","potentialAction":[{"@type":"SearchAction","target":{"@type":"EntryPoint","urlTemplate":"https:\/\/lottoonline365.com\/es\/?s={search_term_string}"},"query-input":{"@type":"PropertyValueSpecification","valueRequired":true,"valueName":"search_term_string"}}],"inLanguage":"es"}]}},"_links":{"self":[{"href":"https:\/\/lottoonline365.com\/es\/wp-json\/wp\/v2\/pages\/64","targetHints":{"allow":["GET"]}}],"collection":[{"href":"https:\/\/lottoonline365.com\/es\/wp-json\/wp\/v2\/pages"}],"about":[{"href":"https:\/\/lottoonline365.com\/es\/wp-json\/wp\/v2\/types\/page"}],"author":[{"embeddable":true,"href":"https:\/\/lottoonline365.com\/es\/wp-json\/wp\/v2\/users\/1"}],"replies":[{"embeddable":true,"href":"https:\/\/lottoonline365.com\/es\/wp-json\/wp\/v2\/comments?post=64"}],"version-history":[{"count":0,"href":"https:\/\/lottoonline365.com\/es\/wp-json\/wp\/v2\/pages\/64\/revisions"}],"up":[{"embeddable":true,"href":"https:\/\/lottoonline365.com\/es\/wp-json\/wp\/v2\/pages\/55"}],"wp:attachment":[{"href":"https:\/\/lottoonline365.com\/es\/wp-json\/wp\/v2\/media?parent=64"}],"curies":[{"name":"wp","href":"https:\/\/api.w.org\/{rel}","templated":true}]}}