{"id":61,"date":"2025-08-04T09:13:44","date_gmt":"2025-08-04T09:13:44","guid":{"rendered":"https:\/\/lottoonline365.com\/que-loteria-ofrece-las-mejores-posibilidades-de-ganar\/"},"modified":"2025-08-04T09:13:44","modified_gmt":"2025-08-04T09:13:44","slug":"que-loteria-ofrece-las-mejores-posibilidades-de-ganar","status":"publish","type":"page","link":"https:\/\/lottoonline365.com\/es\/que-loteria-ofrece-las-mejores-posibilidades-de-ganar\/","title":{"rendered":"\u00bfQu\u00e9 loter\u00eda ofrece las mejores posibilidades de ganar?"},"content":{"rendered":"<p>D\u00f3nde tienes buenas posibilidades<\/p>\n<p>Como con cualquier otra compra, antes de decidirte a gastar dinero en un billete de loter\u00eda, deber\u00edas analizarlo detenidamente y determinar qu\u00e9 loter\u00eda tiene las mejores probabilidades de ganar. Intentaremos responder a esta pregunta, aunque no es una decisi\u00f3n f\u00e1cil y existen algunas variables.<\/p>\n<p>\u00bfC\u00f3mo calcular las probabilidades de ganar en una loter\u00eda?<\/p>\n<p>Primero, aclaremos algunas cosas. Cuando hablamos de probabilidades de ganar en la loter\u00eda, \u00bfde qu\u00e9 hablamos realmente? \u00bfDe la cantidad que podemos ganar, de las probabilidades de ganar el premio mayor o cu\u00e1l es el factor decisivo? Bueno, desde un punto de vista matem\u00e1tico, la mejor definici\u00f3n ser\u00eda lo que se llama expectativa de ganar o \u00abvalor esperado\u00bb de tu inversi\u00f3n. La disciplina matem\u00e1tica que se encarga de este c\u00e1lculo se llama estad\u00edstica.<\/p>\n<p>El valor esperado significa que, por un lado, tienes tu inversi\u00f3n. Por otro lado, existen los posibles premios que puedes ganar. Con un billete de loter\u00eda, no solo puedes ganar el premio mayor, sino que existen varios niveles de premios. Por ejemplo, veamos la loter\u00eda Megamillions, donde eliges 5 de 70 n\u00fameros principales con un n\u00famero extra entre el 1 y el 25. El premio del nivel tres es el que obtienes por acertar dos n\u00fameros principales m\u00e1s el n\u00famero extra.<\/p>\n<p>Aqu\u00ed necesitamos calcular la probabilidad de acertar esos dos n\u00fameros. Para ello, debes usar una ecuaci\u00f3n con facultades&#8230; bueno, es un tema muy complejo, as\u00ed que simplemente tomamos ese n\u00famero del sitio web de Megamillions. Es 1 en 693, o, como porcentaje, es el 0,001443 %.<br \/>Ahora toma el premio que ganas para este nivel, que es de $10, lo multiplicas por ese porcentaje y lo divides entre $2 (los gastos de un boleto). El resultado es 0,007215 %. Ese es el valor esperado de tu boleto para el nivel 3.<\/p>\n<p>Ahora tendr\u00edas que hacer el mismo c\u00e1lculo para todos los dem\u00e1s niveles, y los resultados finales de cada nivel deben sumarse. Lo que obtienes es el valor esperado total. Ahora resulta obvio que cuanto mayor sea el precio, mayor ser\u00e1 el valor esperado o EV. El EV total depende en gran medida del monto del premio mayor, el precio del nivel superior. Este nivel es el que m\u00e1s influye en tu EV.<\/p>\n<h2>Entonces, cuanto mayor sea el premio mayor, mayor ser\u00e1 mi valor esperado (y mis posibilidades de ganar).<\/h2>\n<p>Eso es correcto, suponiendo que todos los dem\u00e1s factores sean iguales. Los detalles del sorteo (cu\u00e1ntas bolas numeradas tiene la loter\u00eda, cu\u00e1ntos n\u00fameros debo elegir, uno o dos n\u00fameros extra, etc.) tambi\u00e9n son importantes. Pero aqu\u00ed hay un dato importante: si las probabilidades de acertar todos los n\u00fameros son extremadamente malas para ti como jugador, la loter\u00eda tiende a generar botes m\u00e1s altos. La raz\u00f3n es simple: unas probabilidades bajas significan que el bote probablemente no se ganar\u00e1 en un per\u00edodo prolongado. Las probabilidades de ganar el primer premio en Megamillions son de aproximadamente 1 entre 302 millones, lo que significa que, estad\u00edsticamente, se deben vender 302 millones de boletos (o l\u00edneas) para que alguien gane el bote. Por lo tanto, cuanto mayor sea ese n\u00famero, mayor ser\u00e1 el bote (a menos que el monto del bote est\u00e9 limitado). En consecuencia, si buscas la loter\u00eda con las mejores probabilidades de ganar, la soluci\u00f3n simple es jugar siempre por el bote m\u00e1s alto en ese momento. \u00bfSignifica eso que tienes que esperar a que el premio mayor de tu loter\u00eda local alcance cierta cantidad? No. Aunque antes era as\u00ed, hoy en d\u00eda puedes elegir entre una multitud de <a href=\"index.php?option=com_content&amp;view=article&amp;id=42&amp;Itemid=269&amp;lang=en\">loter\u00edas de todo el mundo<\/a>. La empresa RedFoxLotto te lo pone f\u00e1cil ofreci\u00e9ndote un servicio en l\u00ednea donde puedes comprar billetes para m\u00e1s de 20 de los premios mayores de loter\u00eda internacionales m\u00e1s grandes y lucrativos. <span style=\"text-decoration: underline;\"><a href=\"https:\/\/redfoxlotto.com\/?ref=A8564250A2&amp;medium=lo365\" target=\"_blank\" rel=\"noopener\">Basta con un clic en este enlace y ver\u00e1s varios premios mayores en su sitio web<\/a><\/span>. \u00a1As\u00ed es como puedes mejorar realmente tus posibilidades de ganar la loter\u00eda!<\/p>\n","protected":false},"excerpt":{"rendered":"<p>D\u00f3nde tienes buenas posibilidades Como con cualquier otra compra, antes de decidirte a gastar dinero en un billete de loter\u00eda, deber\u00edas analizarlo detenidamente y determinar qu\u00e9 loter\u00eda tiene las mejores probabilidades de ganar. Intentaremos responder a esta pregunta, aunque no es una decisi\u00f3n f\u00e1cil y existen algunas variables. \u00bfC\u00f3mo calcular las probabilidades de ganar en [&hellip;]<\/p>\n","protected":false},"author":1,"featured_media":0,"parent":0,"menu_order":0,"comment_status":"closed","ping_status":"closed","template":"","meta":{"footnotes":""},"class_list":["post-61","page","type-page","status-publish","hentry"],"blocksy_meta":[],"yoast_head":"<!-- This site is optimized with the Yoast SEO plugin v27.3 - https:\/\/yoast.com\/product\/yoast-seo-wordpress\/ -->\n<title>\u00bfQu\u00e9 loter\u00eda ofrece las mejores posibilidades de ganar?<\/title>\n<meta name=\"robots\" content=\"index, follow, max-snippet:-1, max-image-preview:large, max-video-preview:-1\" \/>\n<link rel=\"canonical\" href=\"https:\/\/lottoonline365.com\/es\/que-loteria-ofrece-las-mejores-posibilidades-de-ganar\/\" \/>\n<meta property=\"og:locale\" content=\"es_ES\" \/>\n<meta property=\"og:type\" content=\"article\" \/>\n<meta property=\"og:title\" content=\"\u00bfQu\u00e9 loter\u00eda ofrece las mejores posibilidades de ganar?\" \/>\n<meta property=\"og:description\" content=\"D\u00f3nde tienes buenas posibilidades Como con cualquier otra compra, antes de decidirte a gastar dinero en un billete de loter\u00eda, deber\u00edas analizarlo detenidamente y determinar qu\u00e9 loter\u00eda tiene las mejores probabilidades de ganar. Intentaremos responder a esta pregunta, aunque no es una decisi\u00f3n f\u00e1cil y existen algunas variables. \u00bfC\u00f3mo calcular las probabilidades de ganar en [&hellip;]\" \/>\n<meta property=\"og:url\" content=\"https:\/\/lottoonline365.com\/es\/que-loteria-ofrece-las-mejores-posibilidades-de-ganar\/\" \/>\n<meta name=\"twitter:card\" content=\"summary_large_image\" \/>\n<meta name=\"twitter:label1\" content=\"Tiempo de lectura\" \/>\n\t<meta name=\"twitter:data1\" content=\"3 minutos\" \/>\n<script type=\"application\/ld+json\" class=\"yoast-schema-graph\">{\"@context\":\"https:\\\/\\\/schema.org\",\"@graph\":[{\"@type\":\"WebPage\",\"@id\":\"https:\\\/\\\/lottoonline365.com\\\/es\\\/que-loteria-ofrece-las-mejores-posibilidades-de-ganar\\\/\",\"url\":\"https:\\\/\\\/lottoonline365.com\\\/es\\\/que-loteria-ofrece-las-mejores-posibilidades-de-ganar\\\/\",\"name\":\"\u00bfQu\u00e9 loter\u00eda ofrece las mejores posibilidades de ganar?\",\"isPartOf\":{\"@id\":\"https:\\\/\\\/lottoonline365.com\\\/es\\\/#website\"},\"datePublished\":\"2025-08-04T09:13:44+00:00\",\"breadcrumb\":{\"@id\":\"https:\\\/\\\/lottoonline365.com\\\/es\\\/que-loteria-ofrece-las-mejores-posibilidades-de-ganar\\\/#breadcrumb\"},\"inLanguage\":\"es\",\"potentialAction\":[{\"@type\":\"ReadAction\",\"target\":[\"https:\\\/\\\/lottoonline365.com\\\/es\\\/que-loteria-ofrece-las-mejores-posibilidades-de-ganar\\\/\"]}]},{\"@type\":\"BreadcrumbList\",\"@id\":\"https:\\\/\\\/lottoonline365.com\\\/es\\\/que-loteria-ofrece-las-mejores-posibilidades-de-ganar\\\/#breadcrumb\",\"itemListElement\":[{\"@type\":\"ListItem\",\"position\":1,\"name\":\"Home\",\"item\":\"https:\\\/\\\/lottoonline365.com\\\/es\\\/\"},{\"@type\":\"ListItem\",\"position\":2,\"name\":\"\u00bfQu\u00e9 loter\u00eda ofrece las mejores posibilidades de ganar?\"}]},{\"@type\":\"WebSite\",\"@id\":\"https:\\\/\\\/lottoonline365.com\\\/es\\\/#website\",\"url\":\"https:\\\/\\\/lottoonline365.com\\\/es\\\/\",\"name\":\"\",\"description\":\"\",\"potentialAction\":[{\"@type\":\"SearchAction\",\"target\":{\"@type\":\"EntryPoint\",\"urlTemplate\":\"https:\\\/\\\/lottoonline365.com\\\/es\\\/?s={search_term_string}\"},\"query-input\":{\"@type\":\"PropertyValueSpecification\",\"valueRequired\":true,\"valueName\":\"search_term_string\"}}],\"inLanguage\":\"es\"}]}<\/script>\n<!-- \/ Yoast SEO plugin. -->","yoast_head_json":{"title":"\u00bfQu\u00e9 loter\u00eda ofrece las mejores posibilidades de ganar?","robots":{"index":"index","follow":"follow","max-snippet":"max-snippet:-1","max-image-preview":"max-image-preview:large","max-video-preview":"max-video-preview:-1"},"canonical":"https:\/\/lottoonline365.com\/es\/que-loteria-ofrece-las-mejores-posibilidades-de-ganar\/","og_locale":"es_ES","og_type":"article","og_title":"\u00bfQu\u00e9 loter\u00eda ofrece las mejores posibilidades de ganar?","og_description":"D\u00f3nde tienes buenas posibilidades Como con cualquier otra compra, antes de decidirte a gastar dinero en un billete de loter\u00eda, deber\u00edas analizarlo detenidamente y determinar qu\u00e9 loter\u00eda tiene las mejores probabilidades de ganar. Intentaremos responder a esta pregunta, aunque no es una decisi\u00f3n f\u00e1cil y existen algunas variables. \u00bfC\u00f3mo calcular las probabilidades de ganar en [&hellip;]","og_url":"https:\/\/lottoonline365.com\/es\/que-loteria-ofrece-las-mejores-posibilidades-de-ganar\/","twitter_card":"summary_large_image","twitter_misc":{"Tiempo de lectura":"3 minutos"},"schema":{"@context":"https:\/\/schema.org","@graph":[{"@type":"WebPage","@id":"https:\/\/lottoonline365.com\/es\/que-loteria-ofrece-las-mejores-posibilidades-de-ganar\/","url":"https:\/\/lottoonline365.com\/es\/que-loteria-ofrece-las-mejores-posibilidades-de-ganar\/","name":"\u00bfQu\u00e9 loter\u00eda ofrece las mejores posibilidades de ganar?","isPartOf":{"@id":"https:\/\/lottoonline365.com\/es\/#website"},"datePublished":"2025-08-04T09:13:44+00:00","breadcrumb":{"@id":"https:\/\/lottoonline365.com\/es\/que-loteria-ofrece-las-mejores-posibilidades-de-ganar\/#breadcrumb"},"inLanguage":"es","potentialAction":[{"@type":"ReadAction","target":["https:\/\/lottoonline365.com\/es\/que-loteria-ofrece-las-mejores-posibilidades-de-ganar\/"]}]},{"@type":"BreadcrumbList","@id":"https:\/\/lottoonline365.com\/es\/que-loteria-ofrece-las-mejores-posibilidades-de-ganar\/#breadcrumb","itemListElement":[{"@type":"ListItem","position":1,"name":"Home","item":"https:\/\/lottoonline365.com\/es\/"},{"@type":"ListItem","position":2,"name":"\u00bfQu\u00e9 loter\u00eda ofrece las mejores posibilidades de ganar?"}]},{"@type":"WebSite","@id":"https:\/\/lottoonline365.com\/es\/#website","url":"https:\/\/lottoonline365.com\/es\/","name":"","description":"","potentialAction":[{"@type":"SearchAction","target":{"@type":"EntryPoint","urlTemplate":"https:\/\/lottoonline365.com\/es\/?s={search_term_string}"},"query-input":{"@type":"PropertyValueSpecification","valueRequired":true,"valueName":"search_term_string"}}],"inLanguage":"es"}]}},"_links":{"self":[{"href":"https:\/\/lottoonline365.com\/es\/wp-json\/wp\/v2\/pages\/61","targetHints":{"allow":["GET"]}}],"collection":[{"href":"https:\/\/lottoonline365.com\/es\/wp-json\/wp\/v2\/pages"}],"about":[{"href":"https:\/\/lottoonline365.com\/es\/wp-json\/wp\/v2\/types\/page"}],"author":[{"embeddable":true,"href":"https:\/\/lottoonline365.com\/es\/wp-json\/wp\/v2\/users\/1"}],"replies":[{"embeddable":true,"href":"https:\/\/lottoonline365.com\/es\/wp-json\/wp\/v2\/comments?post=61"}],"version-history":[{"count":0,"href":"https:\/\/lottoonline365.com\/es\/wp-json\/wp\/v2\/pages\/61\/revisions"}],"wp:attachment":[{"href":"https:\/\/lottoonline365.com\/es\/wp-json\/wp\/v2\/media?parent=61"}],"curies":[{"name":"wp","href":"https:\/\/api.w.org\/{rel}","templated":true}]}}