{"id":58,"date":"2025-08-04T09:12:05","date_gmt":"2025-08-04T09:12:05","guid":{"rendered":"https:\/\/lottoonline365.com\/numeros-ganadores\/"},"modified":"2025-08-04T09:12:05","modified_gmt":"2025-08-04T09:12:05","slug":"numeros-ganadores","status":"publish","type":"page","link":"https:\/\/lottoonline365.com\/es\/numeros-ganadores\/","title":{"rendered":"N\u00fameros ganadores"},"content":{"rendered":"<p>Comprueba si tu boleto ha ganado<\/p>\n<p>En esta p\u00e1gina, te mostraremos los <a href=\"https:\/\/redfoxlotto.com\/results\/eurojackpot\/\">n\u00fameros ganadores de las loter\u00edas m\u00e1s grandes del mundo<\/a>, incluyendo Powerball, Megamillions, Euromillions y Eurojackpot. Consulta todos los resultados de los sorteos aqu\u00ed: nuestros datos se actualizar\u00e1n permanentemente en cuanto se extraigan los n\u00fameros.<\/p>\n<h2>\u00bfTe gustar\u00eda conseguir un boleto para alguna de estas loter\u00edas?<\/h2>\n<p>Quiz\u00e1s te hayas preguntado si es posible conseguir un boleto para uno de esos botes de loter\u00eda de los que has o\u00eddo hablar o le\u00eddo. Mucha gente piensa: \u00ab\u00a1Qu\u00e9 l\u00e1stima no poder conseguir un boleto para ese enorme <a href=\"https:\/\/lottoonline365.com\/more-international-jackpots\/powerball-usa\/\" target=\"_blank\" rel=\"noopener\">bote del Powerball<\/a>! Solo los estadounidenses pueden conseguirlo\u00bb. \u00a1No podr\u00edan estar m\u00e1s equivocados!<\/p>\n<p>En la era de internet, comprar un billete de loter\u00eda fuera de tu pa\u00eds de residencia es muy f\u00e1cil. Existe un servicio para <a href=\"index.php?option=com_content&amp;view=article&amp;id=42&amp;Itemid=269&amp;lang=en\">comprar billetes de loter\u00eda en todo el mundo<\/a> llamado RedFoxLotto. Solo tienes que hacer clic en uno de los recuadros de \u00abJugar\u00bb a continuaci\u00f3n y acceder\u00e1s a la p\u00e1gina donde eliges tus n\u00fameros, decides si quieres participar en uno o varios sorteos y la cantidad de billetes que quieres. Despu\u00e9s, pagas tu billete en l\u00ednea y, antes de que te des cuenta, recibes una copia de tu billete original en tu correo electr\u00f3nico.<\/p>\n<p>El secreto de este servicio reside en una red mundial de agentes que trabajan para RedFoxLotto. Compran los billetes que has pedido en el sitio web, los escanean y te los env\u00edan por correo electr\u00f3nico. RedFoxLotto se encarga de tus pagos si ganas, sin cobrarte un porcentaje de tus ganancias. La \u00fanica desventaja es que los boletos son un poco m\u00e1s caros que el boleto original, debido a los gastos de compra y gesti\u00f3n.<\/p>\n<p><script src=\"https:\/\/www.RedFoxLotto-affiliates.com\/scripts\/banner.php?tl_affid=8190&amp;tl_bannerid=925c7ea6&amp;chan=lo365numbers\" type=\"text\/javascript\"><\/script><br \/>\n<script src=\"https:\/\/www.RedFoxLotto-affiliates.com\/scripts\/banner.php?tl_affid=8190&amp;tl_bannerid=379337d4&amp;chan=lo365numbers\" type=\"text\/javascript\"><\/script><br \/>\n<script Fuente: https:\/\/www.RedFoxLotto-affiliates.com\/scripts\/banner.php?tl_affid=8190&#038;tl_bannerid=e9840c5f&#038;chan=lo365numbers\nFuente: https:\/\/www.RedFoxLotto-affiliates.com\/scripts\/banner.php?tl_affid=8190&#038;tl_bannerid=54fb7097&#038;chan=lo365numbers\nFuente: https:\/\/www.RedFoxLotto-affiliates.com\/scripts\/banner.php?tl_affid=8190&#038;tl_bannerid=01b328c1&#038;chan=lo365numbers\nFuente: Fuente: https:\/\/www.RedFoxLotto-affiliates.com\/scripts\/banner.php?tl_affid=8190&#038;tl_bannerid=a149c04c&#038;chan=lo365numbers\nFuente: https:\/\/www.RedFoxLotto-affiliates.com\/scripts\/banner.php?tl_affid=8190&#038;tl_bannerid=2bbda3ce&#038;chan=lo365numbers\nFuente: https:\/\/www.RedFoxLotto-affiliates.com\/scripts\/banner.php?tl_affid=8190&#038;tl_bannerid=1d268791&#038;chan=lo365numbers\nFuente: Fuente: https:\/\/www.RedFoxLotto-affiliates.com\/scripts\/banner.php?tl_affid=8190&#038;tl_bannerid=00bfee43&#038;chan=lo365numbers\nFuente: https:\/\/www.RedFoxLotto-affiliates.com\/scripts\/banner.php?tl_affid=8190&#038;tl_bannerid=fd25c415&#038;chan=lo365numbers\nFuente:\n\n<script\nFuente: https:\/\/www.RedFoxLotto-affiliates.com\/scripts\/banner.php?tl_affid=8190&#038;tl_bannerid=09e05ca8&#038;chan=lo365numbers\nFuente:\n<script Fuente: https:\/\/www.RedFoxLotto-affiliates.com\/scripts\/banner.php?tl_affid=8190&amp;tl_bannerid=de7cc525&amp;chan=lo365numbers\nFuente: https:\/\/www.RedFoxLotto-affiliates.com\/scripts\/banner.php?tl_affid=8190&amp;tl_bannerid=1927fe29&amp;chan=lo365numbers\nFuente: https:\/\/www.RedFoxLotto-affiliates.com\/scripts\/banner.php?tl_affid=8190&amp;tl_bannerid=a025ab9c&amp;chan=lo365numbers\n<\/p>\n","protected":false},"excerpt":{"rendered":"<p>Comprueba si tu boleto ha ganado En esta p\u00e1gina, te mostraremos los n\u00fameros ganadores de las loter\u00edas m\u00e1s grandes del mundo, incluyendo Powerball, Megamillions, Euromillions y Eurojackpot. Consulta todos los resultados de los sorteos aqu\u00ed: nuestros datos se actualizar\u00e1n permanentemente en cuanto se extraigan los n\u00fameros. \u00bfTe gustar\u00eda conseguir un boleto para alguna de estas [&hellip;]<\/p>\n","protected":false},"author":1,"featured_media":0,"parent":0,"menu_order":0,"comment_status":"closed","ping_status":"closed","template":"","meta":{"footnotes":""},"class_list":["post-58","page","type-page","status-publish","hentry"],"blocksy_meta":[],"yoast_head":"<!-- This site is optimized with the Yoast SEO plugin v27.4 - https:\/\/yoast.com\/product\/yoast-seo-wordpress\/ -->\n<title>\u00daltimos n\u00fameros ganadores de Powerball, Megamillones, Euromillones, Eurojackpot<\/title>\n<meta name=\"robots\" content=\"index, follow, max-snippet:-1, max-image-preview:large, max-video-preview:-1\" \/>\n<link rel=\"canonical\" href=\"https:\/\/lottoonline365.com\/es\/numeros-ganadores\/\" \/>\n<meta property=\"og:locale\" content=\"es_ES\" \/>\n<meta property=\"og:type\" content=\"article\" \/>\n<meta property=\"og:title\" content=\"\u00daltimos n\u00fameros ganadores de Powerball, Megamillones, Euromillones, Eurojackpot\" \/>\n<meta property=\"og:description\" content=\"Comprueba si tu boleto ha ganado En esta p\u00e1gina, te mostraremos los n\u00fameros ganadores de las loter\u00edas m\u00e1s grandes del mundo, incluyendo Powerball, Megamillions, Euromillions y Eurojackpot. Consulta todos los resultados de los sorteos aqu\u00ed: nuestros datos se actualizar\u00e1n permanentemente en cuanto se extraigan los n\u00fameros. \u00bfTe gustar\u00eda conseguir un boleto para alguna de estas [&hellip;]\" \/>\n<meta property=\"og:url\" content=\"https:\/\/lottoonline365.com\/es\/numeros-ganadores\/\" \/>\n<meta name=\"twitter:card\" content=\"summary_large_image\" \/>\n<meta name=\"twitter:label1\" content=\"Tiempo de lectura\" \/>\n\t<meta name=\"twitter:data1\" content=\"2 minutos\" \/>\n<script type=\"application\/ld+json\" class=\"yoast-schema-graph\">{\"@context\":\"https:\\\/\\\/schema.org\",\"@graph\":[{\"@type\":\"WebPage\",\"@id\":\"https:\\\/\\\/lottoonline365.com\\\/es\\\/numeros-ganadores\\\/\",\"url\":\"https:\\\/\\\/lottoonline365.com\\\/es\\\/numeros-ganadores\\\/\",\"name\":\"\u00daltimos n\u00fameros ganadores de Powerball, Megamillones, Euromillones, Eurojackpot\",\"isPartOf\":{\"@id\":\"https:\\\/\\\/lottoonline365.com\\\/es\\\/#website\"},\"datePublished\":\"2025-08-04T09:12:05+00:00\",\"breadcrumb\":{\"@id\":\"https:\\\/\\\/lottoonline365.com\\\/es\\\/numeros-ganadores\\\/#breadcrumb\"},\"inLanguage\":\"es\",\"potentialAction\":[{\"@type\":\"ReadAction\",\"target\":[\"https:\\\/\\\/lottoonline365.com\\\/es\\\/numeros-ganadores\\\/\"]}]},{\"@type\":\"BreadcrumbList\",\"@id\":\"https:\\\/\\\/lottoonline365.com\\\/es\\\/numeros-ganadores\\\/#breadcrumb\",\"itemListElement\":[{\"@type\":\"ListItem\",\"position\":1,\"name\":\"Home\",\"item\":\"https:\\\/\\\/lottoonline365.com\\\/es\\\/\"},{\"@type\":\"ListItem\",\"position\":2,\"name\":\"N\u00fameros ganadores\"}]},{\"@type\":\"WebSite\",\"@id\":\"https:\\\/\\\/lottoonline365.com\\\/es\\\/#website\",\"url\":\"https:\\\/\\\/lottoonline365.com\\\/es\\\/\",\"name\":\"\",\"description\":\"\",\"potentialAction\":[{\"@type\":\"SearchAction\",\"target\":{\"@type\":\"EntryPoint\",\"urlTemplate\":\"https:\\\/\\\/lottoonline365.com\\\/es\\\/?s={search_term_string}\"},\"query-input\":{\"@type\":\"PropertyValueSpecification\",\"valueRequired\":true,\"valueName\":\"search_term_string\"}}],\"inLanguage\":\"es\"}]}<\/script>\n<!-- \/ Yoast SEO plugin. -->","yoast_head_json":{"title":"\u00daltimos n\u00fameros ganadores de Powerball, Megamillones, Euromillones, Eurojackpot","robots":{"index":"index","follow":"follow","max-snippet":"max-snippet:-1","max-image-preview":"max-image-preview:large","max-video-preview":"max-video-preview:-1"},"canonical":"https:\/\/lottoonline365.com\/es\/numeros-ganadores\/","og_locale":"es_ES","og_type":"article","og_title":"\u00daltimos n\u00fameros ganadores de Powerball, Megamillones, Euromillones, Eurojackpot","og_description":"Comprueba si tu boleto ha ganado En esta p\u00e1gina, te mostraremos los n\u00fameros ganadores de las loter\u00edas m\u00e1s grandes del mundo, incluyendo Powerball, Megamillions, Euromillions y Eurojackpot. Consulta todos los resultados de los sorteos aqu\u00ed: nuestros datos se actualizar\u00e1n permanentemente en cuanto se extraigan los n\u00fameros. \u00bfTe gustar\u00eda conseguir un boleto para alguna de estas [&hellip;]","og_url":"https:\/\/lottoonline365.com\/es\/numeros-ganadores\/","twitter_card":"summary_large_image","twitter_misc":{"Tiempo de lectura":"2 minutos"},"schema":{"@context":"https:\/\/schema.org","@graph":[{"@type":"WebPage","@id":"https:\/\/lottoonline365.com\/es\/numeros-ganadores\/","url":"https:\/\/lottoonline365.com\/es\/numeros-ganadores\/","name":"\u00daltimos n\u00fameros ganadores de Powerball, Megamillones, Euromillones, Eurojackpot","isPartOf":{"@id":"https:\/\/lottoonline365.com\/es\/#website"},"datePublished":"2025-08-04T09:12:05+00:00","breadcrumb":{"@id":"https:\/\/lottoonline365.com\/es\/numeros-ganadores\/#breadcrumb"},"inLanguage":"es","potentialAction":[{"@type":"ReadAction","target":["https:\/\/lottoonline365.com\/es\/numeros-ganadores\/"]}]},{"@type":"BreadcrumbList","@id":"https:\/\/lottoonline365.com\/es\/numeros-ganadores\/#breadcrumb","itemListElement":[{"@type":"ListItem","position":1,"name":"Home","item":"https:\/\/lottoonline365.com\/es\/"},{"@type":"ListItem","position":2,"name":"N\u00fameros ganadores"}]},{"@type":"WebSite","@id":"https:\/\/lottoonline365.com\/es\/#website","url":"https:\/\/lottoonline365.com\/es\/","name":"","description":"","potentialAction":[{"@type":"SearchAction","target":{"@type":"EntryPoint","urlTemplate":"https:\/\/lottoonline365.com\/es\/?s={search_term_string}"},"query-input":{"@type":"PropertyValueSpecification","valueRequired":true,"valueName":"search_term_string"}}],"inLanguage":"es"}]}},"_links":{"self":[{"href":"https:\/\/lottoonline365.com\/es\/wp-json\/wp\/v2\/pages\/58","targetHints":{"allow":["GET"]}}],"collection":[{"href":"https:\/\/lottoonline365.com\/es\/wp-json\/wp\/v2\/pages"}],"about":[{"href":"https:\/\/lottoonline365.com\/es\/wp-json\/wp\/v2\/types\/page"}],"author":[{"embeddable":true,"href":"https:\/\/lottoonline365.com\/es\/wp-json\/wp\/v2\/users\/1"}],"replies":[{"embeddable":true,"href":"https:\/\/lottoonline365.com\/es\/wp-json\/wp\/v2\/comments?post=58"}],"version-history":[{"count":0,"href":"https:\/\/lottoonline365.com\/es\/wp-json\/wp\/v2\/pages\/58\/revisions"}],"wp:attachment":[{"href":"https:\/\/lottoonline365.com\/es\/wp-json\/wp\/v2\/media?parent=58"}],"curies":[{"name":"wp","href":"https:\/\/api.w.org\/{rel}","templated":true}]}}