{"id":49,"date":"2025-08-04T09:28:57","date_gmt":"2025-08-04T09:28:57","guid":{"rendered":"https:\/\/lottoonline365.com\/hogar\/"},"modified":"2025-08-26T19:10:09","modified_gmt":"2025-08-26T19:10:09","slug":"hogar","status":"publish","type":"page","link":"https:\/\/lottoonline365.com\/es\/","title":{"rendered":"Hogar"},"content":{"rendered":"<p>Comprar billetes de loter\u00eda online te abre m\u00e1s posibilidades.<\/p>\n<p>En lugar de centrarte solo en tu loter\u00eda local, \u00a1conoce tambi\u00e9n las opciones para comprar billetes de loter\u00eda online! Al fin y al cabo, ya no dependes de las loter\u00edas de tu pa\u00eds.<\/p>\n<p>Hoy en d\u00eda puedes participar en los sorteos de todos los botes del mundo con un billete 100 % legal comprado online. Adem\u00e1s, es una forma muy c\u00f3moda de jugar gracias al servicio de mensajer\u00eda de loter\u00eda de RedFoxLotto. <strong><span style=\"text-decoration: underline;\"><a href=\"https:\/\/redfoxlotto.com\/?ref=A8564250A2&amp;medium=lo365\" target=\"_blank\" rel=\"noopener\">Haz clic aqu\u00ed para visitar el sitio web de RedFoxLotto<\/a><\/span><\/strong>. El principio detr\u00e1s de su servicio en l\u00ednea es que RedFoxLotto compra el boleto que usted pidi\u00f3 y luego le proporciona una copia escaneada como comprobante.<\/p>\n<p>As\u00ed que, para comprar un boleto de cualquier loter\u00eda, ya no importa en qu\u00e9 pa\u00eds viva ni d\u00f3nde se encuentre.<\/p>\n<h2>Docenas de botes muy atractivos<\/h2>\n<p>Si consulta la loter\u00eda de su pa\u00eds, puede encontrar botes relativamente bajos. Por otro lado, si compra boletos de loter\u00eda por internet, puede elegir libremente entre una variedad de loter\u00edas de muchos pa\u00edses del mundo.<\/p>\n<p>Seguramente ha o\u00eddo hablar en las noticias de enormes botes en loter\u00edas estadounidenses como <a href=\"en\/powerball-usa\">Powerball<\/a> y <a href=\"en\/mega-millions\">MegaMillions<\/a>. Recientemente, se gan\u00f3 un bote de 1.500 millones de d\u00f3lares estadounidenses en Estados Unidos. Es dif\u00edcil siquiera imaginar una cantidad as\u00ed, pero lo cierto es que t\u00fa tambi\u00e9n puedes pedir de forma segura y legal un billete para estas y <a href=\"en\/more-international-jackpots\/euromillions\" target=\"_blank\" rel=\"noopener\">otras loter\u00edas<\/a> desde tu pa\u00eds.<\/p>\n<p>Por supuesto, el precio de un billete es ligeramente superior al de uno normal debido a los gastos de env\u00edo, pero la relaci\u00f3n entre el dinero gastado y el beneficio potencial es mucho mejor. La mayor\u00eda de los jugadores eligen el <a href=\"en\/more-international-jackpots\/el-gordo-lotto-spain\" target=\"_blank\" rel=\"noopener\">bote<\/a> que actualmente tiene la mayor cantidad. \u00a1Esta es una estrategia completamente l\u00f3gica y matem\u00e1ticamente correcta!<\/p>\n<h2>El procedimiento de compra del boleto<\/h2>\n<p><img loading=\"lazy\" decoding=\"async\" src=\"images\/powerball_los.jpg\" width=\"300\" height=\"169\" alt=\"powerball ticket\" style=\"margin: 5px; float: right;\" \/>Una vez en la p\u00e1gina web de RedFoxLotto, primero selecciona la loter\u00eda en la que quieres participar. Luego, elige tus n\u00fameros; no te equivocar\u00e1s, porque la p\u00e1gina web te dice exactamente cu\u00e1ntos n\u00fameros principales y adicionales debes marcar para la loter\u00eda que has elegido. Adem\u00e1s, puede dejar toda o parte de la selecci\u00f3n al azar y dejar que un generador de n\u00fameros aleatorios integrado elija los n\u00fameros por usted.<\/p>\n<p>Por supuesto, tambi\u00e9n puede pedir varios boletos o jugar a <a href=\"index.php?option=com_content&amp;view=article&amp;id=42&amp;Itemid=269&amp;lang=en\">varias loter\u00edas<\/a>. Al mismo tiempo, tiene la opci\u00f3n de participar en los sorteos durante varias semanas. Esto es especialmente beneficioso: primero, porque RedFoxLotto suele ofrecerle un descuento si participa en varios sorteos; y segundo, porque incluso un premio mayor particularmente grande podr\u00eda no ganarse en el siguiente sorteo, y con un \u00abboleto permanente\u00bb, \u00a1autom\u00e1ticamente sigue en la carrera para el pr\u00f3ximo sorteo!<\/p>\n<p>Para completar la compra, debe registrarse en RedFoxLotto y luego utilizar uno de los numerosos y seguros m\u00e9todos de pago. Poco despu\u00e9s, recibir\u00e1 la confirmaci\u00f3n y su boleto.<\/p>\n<p>Si <a href=\"en\/winning-numbers\" target=\"_blank\" rel=\"noopener\">gana<\/a>, RedFoxLotto le notificar\u00e1 autom\u00e1ticamente. El pago de premios de hasta $600 se acreditar\u00e1 en su cuenta de cliente; podr\u00e1 recibir el dinero de inmediato.<\/p>\n<p>Para premios mayores, complete un formulario sencillo y env\u00edelo a RedFoxLotto por correo electr\u00f3nico. Ellos lo procesar\u00e1n y la Comisi\u00f3n de Loter\u00eda se pondr\u00e1 en contacto con usted y, en la mayor\u00eda de los casos, le enviar\u00e1 un cheque.<\/p>\n<p><strong>Comprar boletos de loter\u00eda en l\u00ednea es tan seguro como comprarlos en su ciudad, \u00a1pero potencialmente mucho m\u00e1s lucrativo!<\/strong><\/p>\n","protected":false},"excerpt":{"rendered":"<p>Comprar billetes de loter\u00eda online te abre m\u00e1s posibilidades. En lugar de centrarte solo en tu loter\u00eda local, \u00a1conoce tambi\u00e9n las opciones para comprar billetes de loter\u00eda online! Al fin y al cabo, ya no dependes de las loter\u00edas de tu pa\u00eds. Hoy en d\u00eda puedes participar en los sorteos de todos los botes del [&hellip;]<\/p>\n","protected":false},"author":1,"featured_media":0,"parent":0,"menu_order":0,"comment_status":"closed","ping_status":"closed","template":"","meta":{"footnotes":""},"class_list":["post-49","page","type-page","status-publish","hentry"],"blocksy_meta":[],"yoast_head":"<!-- This site is optimized with the Yoast SEO plugin v27.4 - https:\/\/yoast.com\/product\/yoast-seo-wordpress\/ -->\n<title>Compre billetes de loter\u00eda en l\u00ednea<\/title>\n<meta name=\"description\" content=\"Compra billetes de loter\u00eda oficiales online desde la comodidad de tu casa.\" \/>\n<meta name=\"robots\" content=\"index, follow, max-snippet:-1, max-image-preview:large, max-video-preview:-1\" \/>\n<link rel=\"canonical\" href=\"https:\/\/lottoonline365.com\/es\/\" \/>\n<meta property=\"og:locale\" content=\"es_ES\" \/>\n<meta property=\"og:type\" content=\"article\" \/>\n<meta property=\"og:title\" content=\"Compre billetes de loter\u00eda en l\u00ednea\" \/>\n<meta property=\"og:description\" content=\"Compra billetes de loter\u00eda oficiales online desde la comodidad de tu casa.\" \/>\n<meta property=\"og:url\" content=\"https:\/\/lottoonline365.com\/es\/\" \/>\n<meta property=\"article:modified_time\" content=\"2025-08-26T19:10:09+00:00\" \/>\n<meta name=\"twitter:card\" content=\"summary_large_image\" \/>\n<meta name=\"twitter:label1\" content=\"Tiempo de lectura\" \/>\n\t<meta name=\"twitter:data1\" content=\"3 minutos\" \/>\n<script type=\"application\/ld+json\" class=\"yoast-schema-graph\">{\"@context\":\"https:\\\/\\\/schema.org\",\"@graph\":[{\"@type\":\"WebPage\",\"@id\":\"https:\\\/\\\/lottoonline365.com\\\/es\\\/\",\"url\":\"https:\\\/\\\/lottoonline365.com\\\/es\\\/\",\"name\":\"Compre billetes de loter\u00eda en l\u00ednea\",\"isPartOf\":{\"@id\":\"https:\\\/\\\/lottoonline365.com\\\/es\\\/#website\"},\"datePublished\":\"2025-08-04T09:28:57+00:00\",\"dateModified\":\"2025-08-26T19:10:09+00:00\",\"description\":\"Compra billetes de loter\u00eda oficiales online desde la comodidad de tu casa.\",\"breadcrumb\":{\"@id\":\"https:\\\/\\\/lottoonline365.com\\\/es\\\/#breadcrumb\"},\"inLanguage\":\"es\",\"potentialAction\":[{\"@type\":\"ReadAction\",\"target\":[\"https:\\\/\\\/lottoonline365.com\\\/es\\\/\"]}]},{\"@type\":\"BreadcrumbList\",\"@id\":\"https:\\\/\\\/lottoonline365.com\\\/es\\\/#breadcrumb\",\"itemListElement\":[{\"@type\":\"ListItem\",\"position\":1,\"name\":\"Home\",\"item\":\"https:\\\/\\\/lottoonline365.com\\\/es\\\/\"},{\"@type\":\"ListItem\",\"position\":2,\"name\":\"Hogar\"}]},{\"@type\":\"WebSite\",\"@id\":\"https:\\\/\\\/lottoonline365.com\\\/es\\\/#website\",\"url\":\"https:\\\/\\\/lottoonline365.com\\\/es\\\/\",\"name\":\"\",\"description\":\"\",\"potentialAction\":[{\"@type\":\"SearchAction\",\"target\":{\"@type\":\"EntryPoint\",\"urlTemplate\":\"https:\\\/\\\/lottoonline365.com\\\/es\\\/?s={search_term_string}\"},\"query-input\":{\"@type\":\"PropertyValueSpecification\",\"valueRequired\":true,\"valueName\":\"search_term_string\"}}],\"inLanguage\":\"es\"}]}<\/script>\n<!-- \/ Yoast SEO plugin. -->","yoast_head_json":{"title":"Compre billetes de loter\u00eda en l\u00ednea","description":"Compra billetes de loter\u00eda oficiales online desde la comodidad de tu casa.","robots":{"index":"index","follow":"follow","max-snippet":"max-snippet:-1","max-image-preview":"max-image-preview:large","max-video-preview":"max-video-preview:-1"},"canonical":"https:\/\/lottoonline365.com\/es\/","og_locale":"es_ES","og_type":"article","og_title":"Compre billetes de loter\u00eda en l\u00ednea","og_description":"Compra billetes de loter\u00eda oficiales online desde la comodidad de tu casa.","og_url":"https:\/\/lottoonline365.com\/es\/","article_modified_time":"2025-08-26T19:10:09+00:00","twitter_card":"summary_large_image","twitter_misc":{"Tiempo de lectura":"3 minutos"},"schema":{"@context":"https:\/\/schema.org","@graph":[{"@type":"WebPage","@id":"https:\/\/lottoonline365.com\/es\/","url":"https:\/\/lottoonline365.com\/es\/","name":"Compre billetes de loter\u00eda en l\u00ednea","isPartOf":{"@id":"https:\/\/lottoonline365.com\/es\/#website"},"datePublished":"2025-08-04T09:28:57+00:00","dateModified":"2025-08-26T19:10:09+00:00","description":"Compra billetes de loter\u00eda oficiales online desde la comodidad de tu casa.","breadcrumb":{"@id":"https:\/\/lottoonline365.com\/es\/#breadcrumb"},"inLanguage":"es","potentialAction":[{"@type":"ReadAction","target":["https:\/\/lottoonline365.com\/es\/"]}]},{"@type":"BreadcrumbList","@id":"https:\/\/lottoonline365.com\/es\/#breadcrumb","itemListElement":[{"@type":"ListItem","position":1,"name":"Home","item":"https:\/\/lottoonline365.com\/es\/"},{"@type":"ListItem","position":2,"name":"Hogar"}]},{"@type":"WebSite","@id":"https:\/\/lottoonline365.com\/es\/#website","url":"https:\/\/lottoonline365.com\/es\/","name":"","description":"","potentialAction":[{"@type":"SearchAction","target":{"@type":"EntryPoint","urlTemplate":"https:\/\/lottoonline365.com\/es\/?s={search_term_string}"},"query-input":{"@type":"PropertyValueSpecification","valueRequired":true,"valueName":"search_term_string"}}],"inLanguage":"es"}]}},"_links":{"self":[{"href":"https:\/\/lottoonline365.com\/es\/wp-json\/wp\/v2\/pages\/49","targetHints":{"allow":["GET"]}}],"collection":[{"href":"https:\/\/lottoonline365.com\/es\/wp-json\/wp\/v2\/pages"}],"about":[{"href":"https:\/\/lottoonline365.com\/es\/wp-json\/wp\/v2\/types\/page"}],"author":[{"embeddable":true,"href":"https:\/\/lottoonline365.com\/es\/wp-json\/wp\/v2\/users\/1"}],"replies":[{"embeddable":true,"href":"https:\/\/lottoonline365.com\/es\/wp-json\/wp\/v2\/comments?post=49"}],"version-history":[{"count":1,"href":"https:\/\/lottoonline365.com\/es\/wp-json\/wp\/v2\/pages\/49\/revisions"}],"predecessor-version":[{"id":242,"href":"https:\/\/lottoonline365.com\/es\/wp-json\/wp\/v2\/pages\/49\/revisions\/242"}],"wp:attachment":[{"href":"https:\/\/lottoonline365.com\/es\/wp-json\/wp\/v2\/media?parent=49"}],"curies":[{"name":"wp","href":"https:\/\/api.w.org\/{rel}","templated":true}]}}