{"id":45,"date":"2025-08-04T09:17:44","date_gmt":"2025-08-04T09:17:44","guid":{"rendered":"https:\/\/lottoonline365.com\/mehr-internationale-jackpots\/eurojackpot-lotterie\/"},"modified":"2025-08-04T09:17:44","modified_gmt":"2025-08-04T09:17:44","slug":"eurojackpot-lotterie","status":"publish","type":"page","link":"https:\/\/lottoonline365.com\/de\/mehr-internationale-jackpots\/eurojackpot-lotterie\/","title":{"rendered":"Eurojackpot-Lotterie"},"content":{"rendered":"<h1>Spielen und gewinnen Sie Eurojackpot von Ihrem Wohnsitzland aus<\/h1>\n<p>Eurojackpot ist eine der gr\u00f6\u00dften europ\u00e4ischen Lotterien und besonders beliebt, da die mathematische Gewinnwahrscheinlichkeit im Vergleich zu den meisten anderen Lotterien sehr hoch ist. Dennoch kann der Eurojackpot regelm\u00e4\u00dfig betr\u00e4chtliche Summen erreichen. Sie h\u00f6ren oder lesen vielleicht von Eurojackpot und jedes Mal stellt sich die Frage: <strong>Kann ich Eurojackpot-Lose online kaufen?<\/strong><\/p>\n<p>Wenn Sie in einem der europ\u00e4ischen L\u00e4nder leben, die offiziell an dieser Lotterie teilnehmen, ist das nicht n\u00f6tig, denn Sie k\u00f6nnen Ihr Los auch in der \u00f6rtlichen Filiale kaufen. Dasselbe gilt, wenn Sie sich im Land aufhalten, denn auch Nichtans\u00e4ssige d\u00fcrfen Eurojackpot-Lose kaufen.<\/p>\n<p>Wenn Sie jedoch nicht in einem der teilnehmenden L\u00e4nder wohnen (das sind \u00fcbrigens: Spanien, Italien, die Niederlande, Deutschland, Norwegen, Schweden, Finnland, D\u00e4nemark, Island, Kroatien, die Tschechische Republik, Ungarn, Estland, Lettland, Litauen, Polen, die Slowakei und Slowenien), m\u00fcssen Sie sich nach anderen M\u00f6glichkeiten umsehen, ein Los zu kaufen.<\/p>\n<p>Und hier ist die L\u00f6sung: Kaufen Sie Ihr Eurojackpot-Los einfach online. Es gibt ein Unternehmen namens RedFoxLotto \u2013 <span style=\"text-decoration: underline;\"><a href=\"https:\/\/redfoxlotto.com\/play\/eurojackpot\/?ref=A8564250A2&amp;medium=lo365\" target=\"_blank\" rel=\"noopener\">klicken Sie einfach hier, um die Website zu besuchen<\/a><\/span>. Das Gesch\u00e4ftsmodell von RedFoxLotto ist einfach und genial: Sie besch\u00e4ftigen weltweit Agenten, die f\u00fcr die Kunden von RedFoxLotto Lose kaufen. Sie als Kunde k\u00f6nnen beliebig viele Lose f\u00fcr \u00fcber 20 Lotterien bestellen, darunter Powerball, Megamillions, <a href=\"https:\/\/lottoonline365.com\/de\/mehr-internationale-jackpots\/mega-sena-brazil\/\" target=\"_blank\" rel=\"noopener\">Mega-Sena<\/a>, <a href=\"https:\/\/lottoonline365.com\/de\/mehr-internationale-jackpots\/euromillions\/\">Euromillions<\/a>, Eurojackpot, <a href=\"https:\/\/lottoonline365.com\/en\/more-international-jackpots\/superenalotto\" target=\"_blank\" rel=\"noopener\">Superena<\/a> und viele mehr. Sie k\u00f6nnen Ihre Zahlen selbst w\u00e4hlen, ohne sich Sorgen machen zu m\u00fcssen, nicht alle erforderlichen Zahlen zu tippen \u2013 die Website erinnert Sie daran, wie viele Zahlen Ihr Tippschein haben muss.<\/p>\n<p>Sobald dies erledigt ist, registrieren Sie Ihr Online-Lottokonto, w\u00e4hlen eine Zahlungsmethode (alle Optionen sind absolut sicher) und erhalten kurz darauf eine Best\u00e4tigungs-E-Mail. Sie m\u00fcssen sich keine Sorgen machen, Ihren Tippschein zu verlieren oder zu vergessen, Ihre Zahlen mit der Ziehung abzugleichen \u2013 falls Ihr Tippschein gewonnen hat, erhalten Sie ebenfalls eine E-Mail. RedFoxLotto bearbeitet Ihre Gewinne au\u00dferdem geb\u00fchrenfrei.<\/p>\n<p>K\u00f6nnen Sie sich eine bessere Idee vorstellen, um Lottofans auf der ganzen Welt gl\u00fccklich zu machen? Sie haben gerade viel mehr M\u00f6glichkeiten \u2013 wenn Sie Lottoscheine online kaufen, haben Sie mehr Auswahl. Und das Wichtigste: Sie m\u00fcssen nicht warten, bis Ihre nationale Lotterie einen ordentlichen Jackpot erreicht hat. Sie k\u00f6nnen einfach die Lotterie mit dem aktuell h\u00f6chsten Jackpot w\u00e4hlen. Auch wenn der Eurojackpot derzeit nicht so attraktiv erscheint (obwohl der Mindestgewinn immer bei 10 Millionen Euro liegt), finden Sie hier eine Lotterie, die sich lohnt. Ist das nicht fantastisch?<\/p>\n<p>Schauen Sie sich das Banner rechts an und sehen Sie sich die aktuellen Top-Jackpots an. Dann besuchen Sie RedFoxLotto, um mitzuspielen und Millionen zu gewinnen!<\/p>\n","protected":false},"excerpt":{"rendered":"<p>Spielen und gewinnen Sie Eurojackpot von Ihrem Wohnsitzland aus Eurojackpot ist eine der gr\u00f6\u00dften europ\u00e4ischen Lotterien und besonders beliebt, da die mathematische Gewinnwahrscheinlichkeit im Vergleich zu den meisten anderen Lotterien sehr hoch ist. Dennoch kann der Eurojackpot regelm\u00e4\u00dfig betr\u00e4chtliche Summen erreichen. Sie h\u00f6ren oder lesen vielleicht von Eurojackpot und jedes Mal stellt sich die Frage: [&hellip;]<\/p>\n","protected":false},"author":1,"featured_media":0,"parent":37,"menu_order":0,"comment_status":"closed","ping_status":"closed","template":"","meta":{"footnotes":""},"class_list":["post-45","page","type-page","status-publish","hentry"],"blocksy_meta":[],"yoast_head":"<!-- This site is optimized with the Yoast SEO plugin v27.3 - https:\/\/yoast.com\/product\/yoast-seo-wordpress\/ -->\n<title>Kann ich Eurojackpot-Lose online kaufen?<\/title>\n<meta name=\"robots\" content=\"index, follow, max-snippet:-1, max-image-preview:large, max-video-preview:-1\" \/>\n<link rel=\"canonical\" href=\"https:\/\/lottoonline365.com\/de\/mehr-internationale-jackpots\/eurojackpot-lotterie\/\" \/>\n<meta property=\"og:locale\" content=\"de_DE\" \/>\n<meta property=\"og:type\" content=\"article\" \/>\n<meta property=\"og:title\" content=\"Kann ich Eurojackpot-Lose online kaufen?\" \/>\n<meta property=\"og:description\" content=\"Spielen und gewinnen Sie Eurojackpot von Ihrem Wohnsitzland aus Eurojackpot ist eine der gr\u00f6\u00dften europ\u00e4ischen Lotterien und besonders beliebt, da die mathematische Gewinnwahrscheinlichkeit im Vergleich zu den meisten anderen Lotterien sehr hoch ist. Dennoch kann der Eurojackpot regelm\u00e4\u00dfig betr\u00e4chtliche Summen erreichen. Sie h\u00f6ren oder lesen vielleicht von Eurojackpot und jedes Mal stellt sich die Frage: [&hellip;]\" \/>\n<meta property=\"og:url\" content=\"https:\/\/lottoonline365.com\/de\/mehr-internationale-jackpots\/eurojackpot-lotterie\/\" \/>\n<meta name=\"twitter:card\" content=\"summary_large_image\" \/>\n<meta name=\"twitter:label1\" content=\"Gesch\u00e4tzte Lesezeit\" \/>\n\t<meta name=\"twitter:data1\" content=\"2\u00a0Minuten\" \/>\n<script type=\"application\/ld+json\" class=\"yoast-schema-graph\">{\"@context\":\"https:\\\/\\\/schema.org\",\"@graph\":[{\"@type\":\"WebPage\",\"@id\":\"https:\\\/\\\/lottoonline365.com\\\/de\\\/mehr-internationale-jackpots\\\/eurojackpot-lotterie\\\/\",\"url\":\"https:\\\/\\\/lottoonline365.com\\\/de\\\/mehr-internationale-jackpots\\\/eurojackpot-lotterie\\\/\",\"name\":\"Kann ich Eurojackpot-Lose online kaufen?\",\"isPartOf\":{\"@id\":\"https:\\\/\\\/lottoonline365.com\\\/de\\\/#website\"},\"datePublished\":\"2025-08-04T09:17:44+00:00\",\"breadcrumb\":{\"@id\":\"https:\\\/\\\/lottoonline365.com\\\/de\\\/mehr-internationale-jackpots\\\/eurojackpot-lotterie\\\/#breadcrumb\"},\"inLanguage\":\"de\",\"potentialAction\":[{\"@type\":\"ReadAction\",\"target\":[\"https:\\\/\\\/lottoonline365.com\\\/de\\\/mehr-internationale-jackpots\\\/eurojackpot-lotterie\\\/\"]}]},{\"@type\":\"BreadcrumbList\",\"@id\":\"https:\\\/\\\/lottoonline365.com\\\/de\\\/mehr-internationale-jackpots\\\/eurojackpot-lotterie\\\/#breadcrumb\",\"itemListElement\":[{\"@type\":\"ListItem\",\"position\":1,\"name\":\"Home\",\"item\":\"https:\\\/\\\/lottoonline365.com\\\/de\\\/\"},{\"@type\":\"ListItem\",\"position\":2,\"name\":\"Mehr internationale Jackpots\",\"item\":\"https:\\\/\\\/lottoonline365.com\\\/de\\\/mehr-internationale-jackpots\\\/\"},{\"@type\":\"ListItem\",\"position\":3,\"name\":\"Eurojackpot-Lotterie\"}]},{\"@type\":\"WebSite\",\"@id\":\"https:\\\/\\\/lottoonline365.com\\\/de\\\/#website\",\"url\":\"https:\\\/\\\/lottoonline365.com\\\/de\\\/\",\"name\":\"\",\"description\":\"\",\"potentialAction\":[{\"@type\":\"SearchAction\",\"target\":{\"@type\":\"EntryPoint\",\"urlTemplate\":\"https:\\\/\\\/lottoonline365.com\\\/de\\\/?s={search_term_string}\"},\"query-input\":{\"@type\":\"PropertyValueSpecification\",\"valueRequired\":true,\"valueName\":\"search_term_string\"}}],\"inLanguage\":\"de\"}]}<\/script>\n<!-- \/ Yoast SEO plugin. -->","yoast_head_json":{"title":"Kann ich Eurojackpot-Lose online kaufen?","robots":{"index":"index","follow":"follow","max-snippet":"max-snippet:-1","max-image-preview":"max-image-preview:large","max-video-preview":"max-video-preview:-1"},"canonical":"https:\/\/lottoonline365.com\/de\/mehr-internationale-jackpots\/eurojackpot-lotterie\/","og_locale":"de_DE","og_type":"article","og_title":"Kann ich Eurojackpot-Lose online kaufen?","og_description":"Spielen und gewinnen Sie Eurojackpot von Ihrem Wohnsitzland aus Eurojackpot ist eine der gr\u00f6\u00dften europ\u00e4ischen Lotterien und besonders beliebt, da die mathematische Gewinnwahrscheinlichkeit im Vergleich zu den meisten anderen Lotterien sehr hoch ist. Dennoch kann der Eurojackpot regelm\u00e4\u00dfig betr\u00e4chtliche Summen erreichen. Sie h\u00f6ren oder lesen vielleicht von Eurojackpot und jedes Mal stellt sich die Frage: [&hellip;]","og_url":"https:\/\/lottoonline365.com\/de\/mehr-internationale-jackpots\/eurojackpot-lotterie\/","twitter_card":"summary_large_image","twitter_misc":{"Gesch\u00e4tzte Lesezeit":"2\u00a0Minuten"},"schema":{"@context":"https:\/\/schema.org","@graph":[{"@type":"WebPage","@id":"https:\/\/lottoonline365.com\/de\/mehr-internationale-jackpots\/eurojackpot-lotterie\/","url":"https:\/\/lottoonline365.com\/de\/mehr-internationale-jackpots\/eurojackpot-lotterie\/","name":"Kann ich Eurojackpot-Lose online kaufen?","isPartOf":{"@id":"https:\/\/lottoonline365.com\/de\/#website"},"datePublished":"2025-08-04T09:17:44+00:00","breadcrumb":{"@id":"https:\/\/lottoonline365.com\/de\/mehr-internationale-jackpots\/eurojackpot-lotterie\/#breadcrumb"},"inLanguage":"de","potentialAction":[{"@type":"ReadAction","target":["https:\/\/lottoonline365.com\/de\/mehr-internationale-jackpots\/eurojackpot-lotterie\/"]}]},{"@type":"BreadcrumbList","@id":"https:\/\/lottoonline365.com\/de\/mehr-internationale-jackpots\/eurojackpot-lotterie\/#breadcrumb","itemListElement":[{"@type":"ListItem","position":1,"name":"Home","item":"https:\/\/lottoonline365.com\/de\/"},{"@type":"ListItem","position":2,"name":"Mehr internationale Jackpots","item":"https:\/\/lottoonline365.com\/de\/mehr-internationale-jackpots\/"},{"@type":"ListItem","position":3,"name":"Eurojackpot-Lotterie"}]},{"@type":"WebSite","@id":"https:\/\/lottoonline365.com\/de\/#website","url":"https:\/\/lottoonline365.com\/de\/","name":"","description":"","potentialAction":[{"@type":"SearchAction","target":{"@type":"EntryPoint","urlTemplate":"https:\/\/lottoonline365.com\/de\/?s={search_term_string}"},"query-input":{"@type":"PropertyValueSpecification","valueRequired":true,"valueName":"search_term_string"}}],"inLanguage":"de"}]}},"_links":{"self":[{"href":"https:\/\/lottoonline365.com\/de\/wp-json\/wp\/v2\/pages\/45","targetHints":{"allow":["GET"]}}],"collection":[{"href":"https:\/\/lottoonline365.com\/de\/wp-json\/wp\/v2\/pages"}],"about":[{"href":"https:\/\/lottoonline365.com\/de\/wp-json\/wp\/v2\/types\/page"}],"author":[{"embeddable":true,"href":"https:\/\/lottoonline365.com\/de\/wp-json\/wp\/v2\/users\/1"}],"replies":[{"embeddable":true,"href":"https:\/\/lottoonline365.com\/de\/wp-json\/wp\/v2\/comments?post=45"}],"version-history":[{"count":0,"href":"https:\/\/lottoonline365.com\/de\/wp-json\/wp\/v2\/pages\/45\/revisions"}],"up":[{"embeddable":true,"href":"https:\/\/lottoonline365.com\/de\/wp-json\/wp\/v2\/pages\/37"}],"wp:attachment":[{"href":"https:\/\/lottoonline365.com\/de\/wp-json\/wp\/v2\/media?parent=45"}],"curies":[{"name":"wp","href":"https:\/\/api.w.org\/{rel}","templated":true}]}}