{"id":44,"date":"2025-08-04T09:21:08","date_gmt":"2025-08-04T09:21:08","guid":{"rendered":"https:\/\/lottoonline365.com\/mehr-internationale-jackpots\/megamillions-usa\/"},"modified":"2025-08-04T09:21:08","modified_gmt":"2025-08-04T09:21:08","slug":"megamillions-usa","status":"publish","type":"page","link":"https:\/\/lottoonline365.com\/de\/mehr-internationale-jackpots\/megamillions-usa\/","title":{"rendered":"Megamillions USA"},"content":{"rendered":"<h1>Megamillions hat die gr\u00f6\u00dften Jackpots<\/h1>\n<p>Wenn Sie Mega Millions-Lose online kaufen m\u00f6chten, haben Sie jetzt die M\u00f6glichkeit \u2013 von \u00fcberall auf der Welt. Die L\u00f6sung ist der Kurierdienst f\u00fcr Lottoscheine namens RedFoxLotto. Das Unternehmen besch\u00e4ftigt Mitarbeiter in verschiedenen L\u00e4ndern, die online bestellte Lose in einer regul\u00e4ren Lotterieannahmestelle im jeweiligen Land kaufen. Das bedeutet beispielsweise, dass ein Kunde aus Gro\u00dfbritannien einen Lottoschein f\u00fcr eine amerikanische Lotterie kaufen kann.<\/redfoxlotto><\/p>\n<p>Diese Methode ist v\u00f6llig legal und sicher, solange Sie einen seri\u00f6sen Anbieter wie <strong><span style=\"text-decoration: underline;\"><a href=\"https:\/\/redfoxlotto.com\/play\/mega-millions\/?ref=A8564250A2&amp;medium=lo365\" target=\"_blank\" rel=\"noopener\">RedFoxLotto \u2013 klicken Sie hier, um die Website zu besuchen<\/a> nutzen.<\/span><\/strong><\/p>\n<h2>Wie funktioniert der Kaufvorgang?<\/h2>\n<p>Ganz einfach: Besuchen Sie die Website von RedFoxLotto, indem Sie auf diesen Link klicken und <a href=\"https:\/\/lottoonline365.com\/de\/welche-lotterie-bietet-die-besten-gewinnchancen\/\" ausw\u00e4hlen. W\u00e4hlen Sie die Lotterie Ihrer Wahl (neben Mega Millions stehen \u00fcber 20 weitere Mega-Lotterien zur Auswahl) und tippen Sie anschlie\u00dfend Ihre Zahlen. Anschlie\u00dfend bezahlen Sie online. Modernste Sicherheitsprotokolle gew\u00e4hrleisten die Sicherheit Ihrer pers\u00f6nlichen Daten. Ihr Los (Sie k\u00f6nnen auch mehrere kaufen) wird Ihnen per E-Mail zugesandt.<\/p>\n<h2>Was macht Mega Millions so attraktiv?<\/h2>\n<p>Nun, zun\u00e4chst einmal der immer immens hohe Jackpot. Das liegt zum einen daran, dass der Jackpot immer bei 40 Millionen Dollar beginnt. Zum anderen werden in den USA Woche f\u00fcr Woche viele Lose gekauft, sodass der Jackpot oft lange Zeit nicht geknackt wird. Die Chance, den Jackpot zu knacken, liegt bei 1 zu 300 Millionen. Daher kann es einige Wochen dauern, bis jemand gewinnt.<\/p>\n<p>Der h\u00f6chste jemals in den USA ausgezahlte Jackpot liegt derzeit bei \u00fcber 1,5 Milliarden US-Dollar, und Jackpots \u00fcber 100 Millionen US-Dollar sind eher die Regel als die Ausnahme!<\/p>\n<p>Die Gewinnformel von Mega Millions lautet \u201eF\u00fcnf aus siebzig\u201c plus \u201eEins aus f\u00fcnfundzwanzig\u201c. Das bedeutet, dass Sie f\u00fcnf von 70 Hauptzahlen plus eine Zusatzzahl zwischen 1 und 25 richtig haben m\u00fcssen, um den Jackpot zu knacken. Wenn Sie m\u00f6chten, k\u00f6nnen Sie auch einen Zufallszahlengenerator von RedFoxLotto verwenden, um Ihre <a href=\"https:\/\/lottoonline365.com\/de\/gewinnzahlen\/\" target=\"_blank\" rel=\"noopener\">Zahlen<\/a> auszuw\u00e4hlen.<\/p>\n<h2>Megaplier<\/h2>\n<p>Ein weiteres Feature dieser Lotterie ist der Megaplier. Wenn Sie diese Option buchen, k\u00f6nnen Sie Ihren Gewinn vervielfachen (gilt nicht f\u00fcr Jackpot-Gewinne). Am Ende der Ziehung wird der Wert des Megapliers (2-3-4-5x) ermittelt. Wenn Sie diese Option gew\u00e4hlt und 1 $ mehr eingezahlt haben, wird Ihr Gewinn entsprechend der gezogenen Megaplier-Zahl multipliziert.<\/p>\n<p>Bei solchen Jackpots fragt man sich unweigerlich, ob es \u00fcberhaupt Sinn macht, die lokale <a href=\"https:\/\/lottoonline365.com\/de\/mehr-internationale-jackpots\/eurojackpot-lotterie\/\" target=\"_blank\" rel=\"noopener\">Lotterie<\/a> zu spielen. Inklusive der Kosten f\u00fcr den Kurierdienst zahlt man etwa 2,70 $ pro Los (der genaue Betrag h\u00e4ngt von der Lotterie ab). Wenn der Jackpot jedoch 10- bis 20-mal so hoch ist, ist es deutlich wirtschaftlicher, diese Lotterien zu spielen als die nationale Lotterie.<\/p>\n","protected":false},"excerpt":{"rendered":"<p>Megamillions hat die gr\u00f6\u00dften Jackpots Wenn Sie Mega Millions-Lose online kaufen m\u00f6chten, haben Sie jetzt die M\u00f6glichkeit \u2013 von \u00fcberall auf der Welt. Die L\u00f6sung ist der Kurierdienst f\u00fcr Lottoscheine namens RedFoxLotto. Das Unternehmen besch\u00e4ftigt Mitarbeiter in verschiedenen L\u00e4ndern, die online bestellte Lose in einer regul\u00e4ren Lotterieannahmestelle im jeweiligen Land kaufen. Das bedeutet beispielsweise, dass [&hellip;]<\/p>\n","protected":false},"author":1,"featured_media":0,"parent":37,"menu_order":0,"comment_status":"closed","ping_status":"closed","template":"","meta":{"footnotes":""},"class_list":["post-44","page","type-page","status-publish","hentry"],"blocksy_meta":[],"yoast_head":"<!-- This site is optimized with the Yoast SEO plugin v27.3 - https:\/\/yoast.com\/product\/yoast-seo-wordpress\/ -->\n<title>Mega Millions Lottoscheine online kaufen<\/title>\n<meta name=\"robots\" content=\"index, follow, max-snippet:-1, max-image-preview:large, max-video-preview:-1\" \/>\n<link rel=\"canonical\" href=\"https:\/\/lottoonline365.com\/de\/mehr-internationale-jackpots\/megamillions-usa\/\" \/>\n<meta property=\"og:locale\" content=\"de_DE\" \/>\n<meta property=\"og:type\" content=\"article\" \/>\n<meta property=\"og:title\" content=\"Mega Millions Lottoscheine online kaufen\" \/>\n<meta property=\"og:description\" content=\"Megamillions hat die gr\u00f6\u00dften Jackpots Wenn Sie Mega Millions-Lose online kaufen m\u00f6chten, haben Sie jetzt die M\u00f6glichkeit \u2013 von \u00fcberall auf der Welt. Die L\u00f6sung ist der Kurierdienst f\u00fcr Lottoscheine namens RedFoxLotto. Das Unternehmen besch\u00e4ftigt Mitarbeiter in verschiedenen L\u00e4ndern, die online bestellte Lose in einer regul\u00e4ren Lotterieannahmestelle im jeweiligen Land kaufen. Das bedeutet beispielsweise, dass [&hellip;]\" \/>\n<meta property=\"og:url\" content=\"https:\/\/lottoonline365.com\/de\/mehr-internationale-jackpots\/megamillions-usa\/\" \/>\n<meta name=\"twitter:card\" content=\"summary_large_image\" \/>\n<meta name=\"twitter:label1\" content=\"Gesch\u00e4tzte Lesezeit\" \/>\n\t<meta name=\"twitter:data1\" content=\"1\u00a0Minute\" \/>\n<script type=\"application\/ld+json\" class=\"yoast-schema-graph\">{\"@context\":\"https:\\\/\\\/schema.org\",\"@graph\":[{\"@type\":\"WebPage\",\"@id\":\"https:\\\/\\\/lottoonline365.com\\\/de\\\/mehr-internationale-jackpots\\\/megamillions-usa\\\/\",\"url\":\"https:\\\/\\\/lottoonline365.com\\\/de\\\/mehr-internationale-jackpots\\\/megamillions-usa\\\/\",\"name\":\"Mega Millions Lottoscheine online kaufen\",\"isPartOf\":{\"@id\":\"https:\\\/\\\/lottoonline365.com\\\/de\\\/#website\"},\"datePublished\":\"2025-08-04T09:21:08+00:00\",\"breadcrumb\":{\"@id\":\"https:\\\/\\\/lottoonline365.com\\\/de\\\/mehr-internationale-jackpots\\\/megamillions-usa\\\/#breadcrumb\"},\"inLanguage\":\"de\",\"potentialAction\":[{\"@type\":\"ReadAction\",\"target\":[\"https:\\\/\\\/lottoonline365.com\\\/de\\\/mehr-internationale-jackpots\\\/megamillions-usa\\\/\"]}]},{\"@type\":\"BreadcrumbList\",\"@id\":\"https:\\\/\\\/lottoonline365.com\\\/de\\\/mehr-internationale-jackpots\\\/megamillions-usa\\\/#breadcrumb\",\"itemListElement\":[{\"@type\":\"ListItem\",\"position\":1,\"name\":\"Home\",\"item\":\"https:\\\/\\\/lottoonline365.com\\\/de\\\/\"},{\"@type\":\"ListItem\",\"position\":2,\"name\":\"Mehr internationale Jackpots\",\"item\":\"https:\\\/\\\/lottoonline365.com\\\/de\\\/mehr-internationale-jackpots\\\/\"},{\"@type\":\"ListItem\",\"position\":3,\"name\":\"Megamillions USA\"}]},{\"@type\":\"WebSite\",\"@id\":\"https:\\\/\\\/lottoonline365.com\\\/de\\\/#website\",\"url\":\"https:\\\/\\\/lottoonline365.com\\\/de\\\/\",\"name\":\"\",\"description\":\"\",\"potentialAction\":[{\"@type\":\"SearchAction\",\"target\":{\"@type\":\"EntryPoint\",\"urlTemplate\":\"https:\\\/\\\/lottoonline365.com\\\/de\\\/?s={search_term_string}\"},\"query-input\":{\"@type\":\"PropertyValueSpecification\",\"valueRequired\":true,\"valueName\":\"search_term_string\"}}],\"inLanguage\":\"de\"}]}<\/script>\n<!-- \/ Yoast SEO plugin. -->","yoast_head_json":{"title":"Mega Millions Lottoscheine online kaufen","robots":{"index":"index","follow":"follow","max-snippet":"max-snippet:-1","max-image-preview":"max-image-preview:large","max-video-preview":"max-video-preview:-1"},"canonical":"https:\/\/lottoonline365.com\/de\/mehr-internationale-jackpots\/megamillions-usa\/","og_locale":"de_DE","og_type":"article","og_title":"Mega Millions Lottoscheine online kaufen","og_description":"Megamillions hat die gr\u00f6\u00dften Jackpots Wenn Sie Mega Millions-Lose online kaufen m\u00f6chten, haben Sie jetzt die M\u00f6glichkeit \u2013 von \u00fcberall auf der Welt. Die L\u00f6sung ist der Kurierdienst f\u00fcr Lottoscheine namens RedFoxLotto. Das Unternehmen besch\u00e4ftigt Mitarbeiter in verschiedenen L\u00e4ndern, die online bestellte Lose in einer regul\u00e4ren Lotterieannahmestelle im jeweiligen Land kaufen. Das bedeutet beispielsweise, dass [&hellip;]","og_url":"https:\/\/lottoonline365.com\/de\/mehr-internationale-jackpots\/megamillions-usa\/","twitter_card":"summary_large_image","twitter_misc":{"Gesch\u00e4tzte Lesezeit":"1\u00a0Minute"},"schema":{"@context":"https:\/\/schema.org","@graph":[{"@type":"WebPage","@id":"https:\/\/lottoonline365.com\/de\/mehr-internationale-jackpots\/megamillions-usa\/","url":"https:\/\/lottoonline365.com\/de\/mehr-internationale-jackpots\/megamillions-usa\/","name":"Mega Millions Lottoscheine online kaufen","isPartOf":{"@id":"https:\/\/lottoonline365.com\/de\/#website"},"datePublished":"2025-08-04T09:21:08+00:00","breadcrumb":{"@id":"https:\/\/lottoonline365.com\/de\/mehr-internationale-jackpots\/megamillions-usa\/#breadcrumb"},"inLanguage":"de","potentialAction":[{"@type":"ReadAction","target":["https:\/\/lottoonline365.com\/de\/mehr-internationale-jackpots\/megamillions-usa\/"]}]},{"@type":"BreadcrumbList","@id":"https:\/\/lottoonline365.com\/de\/mehr-internationale-jackpots\/megamillions-usa\/#breadcrumb","itemListElement":[{"@type":"ListItem","position":1,"name":"Home","item":"https:\/\/lottoonline365.com\/de\/"},{"@type":"ListItem","position":2,"name":"Mehr internationale Jackpots","item":"https:\/\/lottoonline365.com\/de\/mehr-internationale-jackpots\/"},{"@type":"ListItem","position":3,"name":"Megamillions USA"}]},{"@type":"WebSite","@id":"https:\/\/lottoonline365.com\/de\/#website","url":"https:\/\/lottoonline365.com\/de\/","name":"","description":"","potentialAction":[{"@type":"SearchAction","target":{"@type":"EntryPoint","urlTemplate":"https:\/\/lottoonline365.com\/de\/?s={search_term_string}"},"query-input":{"@type":"PropertyValueSpecification","valueRequired":true,"valueName":"search_term_string"}}],"inLanguage":"de"}]}},"_links":{"self":[{"href":"https:\/\/lottoonline365.com\/de\/wp-json\/wp\/v2\/pages\/44","targetHints":{"allow":["GET"]}}],"collection":[{"href":"https:\/\/lottoonline365.com\/de\/wp-json\/wp\/v2\/pages"}],"about":[{"href":"https:\/\/lottoonline365.com\/de\/wp-json\/wp\/v2\/types\/page"}],"author":[{"embeddable":true,"href":"https:\/\/lottoonline365.com\/de\/wp-json\/wp\/v2\/users\/1"}],"replies":[{"embeddable":true,"href":"https:\/\/lottoonline365.com\/de\/wp-json\/wp\/v2\/comments?post=44"}],"version-history":[{"count":0,"href":"https:\/\/lottoonline365.com\/de\/wp-json\/wp\/v2\/pages\/44\/revisions"}],"up":[{"embeddable":true,"href":"https:\/\/lottoonline365.com\/de\/wp-json\/wp\/v2\/pages\/37"}],"wp:attachment":[{"href":"https:\/\/lottoonline365.com\/de\/wp-json\/wp\/v2\/media?parent=44"}],"curies":[{"name":"wp","href":"https:\/\/api.w.org\/{rel}","templated":true}]}}