{"id":42,"date":"2025-08-04T09:22:43","date_gmt":"2025-08-04T09:22:43","guid":{"rendered":"https:\/\/lottoonline365.com\/mehr-internationale-jackpots\/mega-sena-brazil\/"},"modified":"2025-08-04T09:22:43","modified_gmt":"2025-08-04T09:22:43","slug":"mega-sena-brazil","status":"publish","type":"page","link":"https:\/\/lottoonline365.com\/de\/mehr-internationale-jackpots\/mega-sena-brazil\/","title":{"rendered":"Mega-Sena Brazil"},"content":{"rendered":"<h1>Auch bei Mega-Sena gibt es hohe Gewinne<\/h1>\n<p>Die Lotterie Mega-Sena findet eigentlich in Brasilien statt. Wer nicht im Land lebt oder sich aufh\u00e4lt, hat keine Chance, daran teilzunehmen. Doch nun gibt es f\u00fcr Spieler aus aller Welt die M\u00f6glichkeit, teilzunehmen \u2013 n\u00e4mlich durch die Online-Bestellung eines Loses. Der Lotto-Service RedFoxLotto erm\u00f6glicht es allen Lotto-Fans, so viele Lose zu kaufen, wie sie m\u00f6chten. <span style=\"text-decoration: underline;\"><a href=\"https:\/\/redfoxlotto.com\/?ref=A8564250A2&#038;medium=lo365\" target=\"_blank\" rel=\"noopener\">Dieser Link f\u00fchrt zur Website<\/a><\/span>, wo Sie Ihre Zahlen mit wenigen Mausklicks ausw\u00e4hlen und anschlie\u00dfend online bezahlen k\u00f6nnen. Kurze Zeit sp\u00e4ter finden Sie eine Kaufbest\u00e4tigung in Ihrem E-Mail-Postfach.<\/p>\n<p>Im Gewinnfall erfolgt die Auszahlung Ihres Gewinns (\u00fcbrigens ohne Abz\u00fcge) ebenfalls \u00fcber RedFoxLotto. Das Los l\u00e4uft auf Ihren Namen und Sie k\u00f6nnen sicher sein, dass nur Sie den Gewinn erhalten. Au\u00dferdem erhalten Sie automatisch eine Gewinnbenachrichtigung!<\/p>\n<p>Das Format von Mega-Sena ist einfacher als bei den meisten anderen Lotterien. Es gibt 60 Zahlen, aus denen jeder Teilnehmer 6 ausw\u00e4hlen kann. Es gibt keine Zusatzzahlen. Die Wahrscheinlichkeit, 6 von 60 Zahlen richtig zu haben, liegt bei etwa 1:50 Millionen. Es finden zwei Ziehungen pro Woche statt, mittwochs und samstags.<\/p>\n<p>Der <a href=\"https:\/\/lottoonline365.com\/en\/tips-for-players\/which-lottery-has-the-worlds-biggest-jackpots\" target=\"_blank\" rel=\"noopener\">Rekordjackpot der letzten Jahre<\/a> lag bei rund 75 Millionen Euro.<\/p>\n<h2>Welche Vorteile bietet die Online-Teilnahme an internationalen Lotterien?<\/h2>\n<p>RedFoxLotto bietet Ihnen online \u00fcber 20 Lotterien, f\u00fcr die Sie auf herk\u00f6mmlichem Weg kein Los erhalten k\u00f6nnen. Der gr\u00f6\u00dfte Vorteil ist nat\u00fcrlich, dass Sie f\u00fcr einen Festpreis pro Los einen Lotteriejackpot w\u00e4hlen k\u00f6nnen, der deutlich h\u00f6her ist als das, was derzeit in Ihrem Land angeboten wird. Mathematisch gesehen erh\u00f6ht das Ihre Gewinnaussichten \u2013 oder anders gesagt: Sie bekommen bei der Online-Teilnahme mehr f\u00fcr Ihr Geld!<\/p>\n<p>Schauen Sie rechts auf unserer Website nach (wenn Sie dies auf Ihrem Mobiltelefon lesen, scrollen Sie nach unten) \u2013 dann sehen Sie, welche Lotterie-Jackpots aktuell die h\u00f6chsten Gewinne bieten. Sollte Mega-Sena nicht so hoch ausfallen, w\u00e4hlen Sie am besten einfach einen anderen Jackpot, der Ihnen lukrativer erscheint \u2013 <strong>mit RedFoxLotto k\u00f6nnen Sie in Sekundenschnelle online an jedem Jackpot teilnehmen!<\/strong><\/p>\n","protected":false},"excerpt":{"rendered":"<p>Auch bei Mega-Sena gibt es hohe Gewinne Die Lotterie Mega-Sena findet eigentlich in Brasilien statt. Wer nicht im Land lebt oder sich aufh\u00e4lt, hat keine Chance, daran teilzunehmen. Doch nun gibt es f\u00fcr Spieler aus aller Welt die M\u00f6glichkeit, teilzunehmen \u2013 n\u00e4mlich durch die Online-Bestellung eines Loses. Der Lotto-Service RedFoxLotto erm\u00f6glicht es allen Lotto-Fans, so [&hellip;]<\/p>\n","protected":false},"author":1,"featured_media":0,"parent":37,"menu_order":0,"comment_status":"closed","ping_status":"closed","template":"","meta":{"footnotes":""},"class_list":["post-42","page","type-page","status-publish","hentry"],"blocksy_meta":[],"yoast_head":"<!-- This site is optimized with the Yoast SEO plugin v27.6 - https:\/\/yoast.com\/product\/yoast-seo-wordpress\/ -->\n<title>Wie kann ich von Brasilien aus am Mega-Sena-Lotto teilnehmen?<\/title>\n<meta name=\"robots\" content=\"index, follow, max-snippet:-1, max-image-preview:large, max-video-preview:-1\" \/>\n<link rel=\"canonical\" href=\"https:\/\/lottoonline365.com\/de\/mehr-internationale-jackpots\/mega-sena-brazil\/\" \/>\n<meta property=\"og:locale\" content=\"de_DE\" \/>\n<meta property=\"og:type\" content=\"article\" \/>\n<meta property=\"og:title\" content=\"Wie kann ich von Brasilien aus am Mega-Sena-Lotto teilnehmen?\" \/>\n<meta property=\"og:description\" content=\"Auch bei Mega-Sena gibt es hohe Gewinne Die Lotterie Mega-Sena findet eigentlich in Brasilien statt. Wer nicht im Land lebt oder sich aufh\u00e4lt, hat keine Chance, daran teilzunehmen. Doch nun gibt es f\u00fcr Spieler aus aller Welt die M\u00f6glichkeit, teilzunehmen \u2013 n\u00e4mlich durch die Online-Bestellung eines Loses. Der Lotto-Service RedFoxLotto erm\u00f6glicht es allen Lotto-Fans, so [&hellip;]\" \/>\n<meta property=\"og:url\" content=\"https:\/\/lottoonline365.com\/de\/mehr-internationale-jackpots\/mega-sena-brazil\/\" \/>\n<meta name=\"twitter:card\" content=\"summary_large_image\" \/>\n<meta name=\"twitter:label1\" content=\"Gesch\u00e4tzte Lesezeit\" \/>\n\t<meta name=\"twitter:data1\" content=\"2\u00a0Minuten\" \/>\n<script type=\"application\/ld+json\" class=\"yoast-schema-graph\">{\"@context\":\"https:\\\/\\\/schema.org\",\"@graph\":[{\"@type\":\"WebPage\",\"@id\":\"https:\\\/\\\/lottoonline365.com\\\/de\\\/mehr-internationale-jackpots\\\/mega-sena-brazil\\\/\",\"url\":\"https:\\\/\\\/lottoonline365.com\\\/de\\\/mehr-internationale-jackpots\\\/mega-sena-brazil\\\/\",\"name\":\"Wie kann ich von Brasilien aus am Mega-Sena-Lotto teilnehmen?\",\"isPartOf\":{\"@id\":\"https:\\\/\\\/lottoonline365.com\\\/de\\\/#website\"},\"datePublished\":\"2025-08-04T09:22:43+00:00\",\"breadcrumb\":{\"@id\":\"https:\\\/\\\/lottoonline365.com\\\/de\\\/mehr-internationale-jackpots\\\/mega-sena-brazil\\\/#breadcrumb\"},\"inLanguage\":\"de\",\"potentialAction\":[{\"@type\":\"ReadAction\",\"target\":[\"https:\\\/\\\/lottoonline365.com\\\/de\\\/mehr-internationale-jackpots\\\/mega-sena-brazil\\\/\"]}]},{\"@type\":\"BreadcrumbList\",\"@id\":\"https:\\\/\\\/lottoonline365.com\\\/de\\\/mehr-internationale-jackpots\\\/mega-sena-brazil\\\/#breadcrumb\",\"itemListElement\":[{\"@type\":\"ListItem\",\"position\":1,\"name\":\"Home\",\"item\":\"https:\\\/\\\/lottoonline365.com\\\/de\\\/\"},{\"@type\":\"ListItem\",\"position\":2,\"name\":\"Mehr internationale Jackpots\",\"item\":\"https:\\\/\\\/lottoonline365.com\\\/de\\\/mehr-internationale-jackpots\\\/\"},{\"@type\":\"ListItem\",\"position\":3,\"name\":\"Mega-Sena Brazil\"}]},{\"@type\":\"WebSite\",\"@id\":\"https:\\\/\\\/lottoonline365.com\\\/de\\\/#website\",\"url\":\"https:\\\/\\\/lottoonline365.com\\\/de\\\/\",\"name\":\"\",\"description\":\"\",\"potentialAction\":[{\"@type\":\"SearchAction\",\"target\":{\"@type\":\"EntryPoint\",\"urlTemplate\":\"https:\\\/\\\/lottoonline365.com\\\/de\\\/?s={search_term_string}\"},\"query-input\":{\"@type\":\"PropertyValueSpecification\",\"valueRequired\":true,\"valueName\":\"search_term_string\"}}],\"inLanguage\":\"de\"}]}<\/script>\n<!-- \/ Yoast SEO plugin. -->","yoast_head_json":{"title":"Wie kann ich von Brasilien aus am Mega-Sena-Lotto teilnehmen?","robots":{"index":"index","follow":"follow","max-snippet":"max-snippet:-1","max-image-preview":"max-image-preview:large","max-video-preview":"max-video-preview:-1"},"canonical":"https:\/\/lottoonline365.com\/de\/mehr-internationale-jackpots\/mega-sena-brazil\/","og_locale":"de_DE","og_type":"article","og_title":"Wie kann ich von Brasilien aus am Mega-Sena-Lotto teilnehmen?","og_description":"Auch bei Mega-Sena gibt es hohe Gewinne Die Lotterie Mega-Sena findet eigentlich in Brasilien statt. Wer nicht im Land lebt oder sich aufh\u00e4lt, hat keine Chance, daran teilzunehmen. Doch nun gibt es f\u00fcr Spieler aus aller Welt die M\u00f6glichkeit, teilzunehmen \u2013 n\u00e4mlich durch die Online-Bestellung eines Loses. Der Lotto-Service RedFoxLotto erm\u00f6glicht es allen Lotto-Fans, so [&hellip;]","og_url":"https:\/\/lottoonline365.com\/de\/mehr-internationale-jackpots\/mega-sena-brazil\/","twitter_card":"summary_large_image","twitter_misc":{"Gesch\u00e4tzte Lesezeit":"2\u00a0Minuten"},"schema":{"@context":"https:\/\/schema.org","@graph":[{"@type":"WebPage","@id":"https:\/\/lottoonline365.com\/de\/mehr-internationale-jackpots\/mega-sena-brazil\/","url":"https:\/\/lottoonline365.com\/de\/mehr-internationale-jackpots\/mega-sena-brazil\/","name":"Wie kann ich von Brasilien aus am Mega-Sena-Lotto teilnehmen?","isPartOf":{"@id":"https:\/\/lottoonline365.com\/de\/#website"},"datePublished":"2025-08-04T09:22:43+00:00","breadcrumb":{"@id":"https:\/\/lottoonline365.com\/de\/mehr-internationale-jackpots\/mega-sena-brazil\/#breadcrumb"},"inLanguage":"de","potentialAction":[{"@type":"ReadAction","target":["https:\/\/lottoonline365.com\/de\/mehr-internationale-jackpots\/mega-sena-brazil\/"]}]},{"@type":"BreadcrumbList","@id":"https:\/\/lottoonline365.com\/de\/mehr-internationale-jackpots\/mega-sena-brazil\/#breadcrumb","itemListElement":[{"@type":"ListItem","position":1,"name":"Home","item":"https:\/\/lottoonline365.com\/de\/"},{"@type":"ListItem","position":2,"name":"Mehr internationale Jackpots","item":"https:\/\/lottoonline365.com\/de\/mehr-internationale-jackpots\/"},{"@type":"ListItem","position":3,"name":"Mega-Sena Brazil"}]},{"@type":"WebSite","@id":"https:\/\/lottoonline365.com\/de\/#website","url":"https:\/\/lottoonline365.com\/de\/","name":"","description":"","potentialAction":[{"@type":"SearchAction","target":{"@type":"EntryPoint","urlTemplate":"https:\/\/lottoonline365.com\/de\/?s={search_term_string}"},"query-input":{"@type":"PropertyValueSpecification","valueRequired":true,"valueName":"search_term_string"}}],"inLanguage":"de"}]}},"_links":{"self":[{"href":"https:\/\/lottoonline365.com\/de\/wp-json\/wp\/v2\/pages\/42","targetHints":{"allow":["GET"]}}],"collection":[{"href":"https:\/\/lottoonline365.com\/de\/wp-json\/wp\/v2\/pages"}],"about":[{"href":"https:\/\/lottoonline365.com\/de\/wp-json\/wp\/v2\/types\/page"}],"author":[{"embeddable":true,"href":"https:\/\/lottoonline365.com\/de\/wp-json\/wp\/v2\/users\/1"}],"replies":[{"embeddable":true,"href":"https:\/\/lottoonline365.com\/de\/wp-json\/wp\/v2\/comments?post=42"}],"version-history":[{"count":0,"href":"https:\/\/lottoonline365.com\/de\/wp-json\/wp\/v2\/pages\/42\/revisions"}],"up":[{"embeddable":true,"href":"https:\/\/lottoonline365.com\/de\/wp-json\/wp\/v2\/pages\/37"}],"wp:attachment":[{"href":"https:\/\/lottoonline365.com\/de\/wp-json\/wp\/v2\/media?parent=42"}],"curies":[{"name":"wp","href":"https:\/\/api.w.org\/{rel}","templated":true}]}}