{"id":41,"date":"2025-08-04T09:19:12","date_gmt":"2025-08-04T09:19:12","guid":{"rendered":"https:\/\/lottoonline365.com\/mehr-internationale-jackpots\/euromillions\/"},"modified":"2025-08-04T09:19:12","modified_gmt":"2025-08-04T09:19:12","slug":"euromillions","status":"publish","type":"page","link":"https:\/\/lottoonline365.com\/de\/mehr-internationale-jackpots\/euromillions\/","title":{"rendered":"EuroMillions"},"content":{"rendered":"<h1>Euromillionen jetzt online f\u00fcr alle!<\/h1>\n<p>Wenn man den Namen EuroMillionen h\u00f6rt, denkt man nat\u00fcrlich, dass diese Lotterie in ganz Europa angeboten wird. Leider ist das nicht der Fall, da nur in einigen europ\u00e4ischen L\u00e4ndern der Verkauf von regul\u00e4ren Losen im Ladengesch\u00e4ft erlaubt ist. Und nat\u00fcrlich sind keine Lose auf herk\u00f6mmlichem Weg erh\u00e4ltlich, wenn Sie au\u00dferhalb Europas wohnen.<\/p>\n<p>Das bedeutet aber nicht, dass Lottospieler, die nicht in einem dieser L\u00e4nder wohnen, auf EuroMillions verzichten m\u00fcssen \u2013 denn Sie k\u00f6nnen jederzeit <a href=\"index.php?option=com_content&amp;view=article&amp;id=42&amp;Itemid=269&amp;lang=en\">Lose f\u00fcr diese Lotterie online kaufen!<\/a><\/p>\n<p>Es gibt einen Online-Lotterieanbieter namens RedFoxLotto (<strong><span style=\"text-decoration: underline;\"><a href=\"https:\/\/redfoxlotto.com\/play\/euromillions\/?ref=A8564250A2&amp;medium=lo365\" target=\"_blank\" rel=\"noopener\">Klicken Sie hier, um die Website in einem neuen Tab zu \u00f6ffnen<\/a><\/span><\/strong>), der die gew\u00fcnschten Lose f\u00fcr Sie kauft. Sie bestellen und bezahlen online \u2013 Ihre Zahlen k\u00f6nnen Sie selbstverst\u00e4ndlich frei w\u00e4hlen. Und auch im Gewinnfall k\u00fcmmert sich dieser Anbieter um Sie.<\/p>\n<h2>Ein Anbieter \u2013 viele Lotterien, riesige Jackpots<\/h2>\n<p>Bei RedFoxLotto erhalten Sie nicht nur Lose f\u00fcr EuroMillions, sondern auch f\u00fcr \u00fcber 20 weitere gro\u00dfe Lotterien. Dazu geh\u00f6ren auch die <a href=\"https:\/\/lottoonline365.com\/en\/mega-millions\" target=\"_blank\" rel=\"noopener\">zwei gr\u00f6\u00dften Lotterien Amerikas, Powerball und Mega Millions<\/a>, die immer wieder f\u00fcr Schlagzeilen sorgen, weil ihre Jackpots oft \u00fcber 500 Millionen Dollar liegen.<\/p>\n<p>Hier finden Sie jederzeit einen riesigen Jackpot, und die Preise f\u00fcr die Lose inklusive Kurierdienst sind fair.<\/p>\n<h2>Ist das \u00fcberhaupt legal?<\/h2>\n<p>Ja, das ist es, absolut. Wenn Sie im Urlaub in den USA ein Powerball-Los kaufen oder w\u00e4hrend Ihres Aufenthalts in einem anderen europ\u00e4ischen Land ein EuroMillions-Los kaufen, ist das v\u00f6llig legal. Im Gewinnfall haben Sie einen Anspruch auf den Gewinn gegen\u00fcber der Lotteriegesellschaft. Der einzige Unterschied beim Kauf \u00fcber RedFoxLotto besteht darin, dass jemand anderes die Lose in Ihrem Namen kauft.<\/p>\n<h2>Wie funktioniert EuroMillions?<\/h2>\n<p>Hier m\u00fcssen Sie 5 von 50 Hauptzahlen sowie 2-Sterne-Zahlen von 1-12 ausw\u00e4hlen. Der Jackpot beginnt immer bei mindestens 14 Millionen und wird bei 190 Millionen gedeckelt. Die Ziehung findet jeden Dienstag und Freitag statt.<\/p>\n","protected":false},"excerpt":{"rendered":"<p>Euromillionen jetzt online f\u00fcr alle! Wenn man den Namen EuroMillionen h\u00f6rt, denkt man nat\u00fcrlich, dass diese Lotterie in ganz Europa angeboten wird. Leider ist das nicht der Fall, da nur in einigen europ\u00e4ischen L\u00e4ndern der Verkauf von regul\u00e4ren Losen im Ladengesch\u00e4ft erlaubt ist. Und nat\u00fcrlich sind keine Lose auf herk\u00f6mmlichem Weg erh\u00e4ltlich, wenn Sie au\u00dferhalb [&hellip;]<\/p>\n","protected":false},"author":1,"featured_media":0,"parent":37,"menu_order":0,"comment_status":"closed","ping_status":"closed","template":"","meta":{"footnotes":""},"class_list":["post-41","page","type-page","status-publish","hentry"],"blocksy_meta":[],"yoast_head":"<!-- This site is optimized with the Yoast SEO plugin v27.3 - https:\/\/yoast.com\/product\/yoast-seo-wordpress\/ -->\n<title>Tickets f\u00fcr Euromillions online kaufen \u2013 auch von au\u00dferhalb Europas m\u00f6glich!<\/title>\n<meta name=\"robots\" content=\"index, follow, max-snippet:-1, max-image-preview:large, max-video-preview:-1\" \/>\n<link rel=\"canonical\" href=\"https:\/\/lottoonline365.com\/de\/mehr-internationale-jackpots\/euromillions\/\" \/>\n<meta property=\"og:locale\" content=\"de_DE\" \/>\n<meta property=\"og:type\" content=\"article\" \/>\n<meta property=\"og:title\" content=\"Tickets f\u00fcr Euromillions online kaufen \u2013 auch von au\u00dferhalb Europas m\u00f6glich!\" \/>\n<meta property=\"og:description\" content=\"Euromillionen jetzt online f\u00fcr alle! Wenn man den Namen EuroMillionen h\u00f6rt, denkt man nat\u00fcrlich, dass diese Lotterie in ganz Europa angeboten wird. Leider ist das nicht der Fall, da nur in einigen europ\u00e4ischen L\u00e4ndern der Verkauf von regul\u00e4ren Losen im Ladengesch\u00e4ft erlaubt ist. Und nat\u00fcrlich sind keine Lose auf herk\u00f6mmlichem Weg erh\u00e4ltlich, wenn Sie au\u00dferhalb [&hellip;]\" \/>\n<meta property=\"og:url\" content=\"https:\/\/lottoonline365.com\/de\/mehr-internationale-jackpots\/euromillions\/\" \/>\n<meta name=\"twitter:card\" content=\"summary_large_image\" \/>\n<meta name=\"twitter:label1\" content=\"Gesch\u00e4tzte Lesezeit\" \/>\n\t<meta name=\"twitter:data1\" content=\"2\u00a0Minuten\" \/>\n<script type=\"application\/ld+json\" class=\"yoast-schema-graph\">{\"@context\":\"https:\\\/\\\/schema.org\",\"@graph\":[{\"@type\":\"WebPage\",\"@id\":\"https:\\\/\\\/lottoonline365.com\\\/de\\\/mehr-internationale-jackpots\\\/euromillions\\\/\",\"url\":\"https:\\\/\\\/lottoonline365.com\\\/de\\\/mehr-internationale-jackpots\\\/euromillions\\\/\",\"name\":\"Tickets f\u00fcr Euromillions online kaufen \u2013 auch von au\u00dferhalb Europas m\u00f6glich!\",\"isPartOf\":{\"@id\":\"https:\\\/\\\/lottoonline365.com\\\/de\\\/#website\"},\"datePublished\":\"2025-08-04T09:19:12+00:00\",\"breadcrumb\":{\"@id\":\"https:\\\/\\\/lottoonline365.com\\\/de\\\/mehr-internationale-jackpots\\\/euromillions\\\/#breadcrumb\"},\"inLanguage\":\"de\",\"potentialAction\":[{\"@type\":\"ReadAction\",\"target\":[\"https:\\\/\\\/lottoonline365.com\\\/de\\\/mehr-internationale-jackpots\\\/euromillions\\\/\"]}]},{\"@type\":\"BreadcrumbList\",\"@id\":\"https:\\\/\\\/lottoonline365.com\\\/de\\\/mehr-internationale-jackpots\\\/euromillions\\\/#breadcrumb\",\"itemListElement\":[{\"@type\":\"ListItem\",\"position\":1,\"name\":\"Home\",\"item\":\"https:\\\/\\\/lottoonline365.com\\\/de\\\/\"},{\"@type\":\"ListItem\",\"position\":2,\"name\":\"Mehr internationale Jackpots\",\"item\":\"https:\\\/\\\/lottoonline365.com\\\/de\\\/mehr-internationale-jackpots\\\/\"},{\"@type\":\"ListItem\",\"position\":3,\"name\":\"EuroMillions\"}]},{\"@type\":\"WebSite\",\"@id\":\"https:\\\/\\\/lottoonline365.com\\\/de\\\/#website\",\"url\":\"https:\\\/\\\/lottoonline365.com\\\/de\\\/\",\"name\":\"\",\"description\":\"\",\"potentialAction\":[{\"@type\":\"SearchAction\",\"target\":{\"@type\":\"EntryPoint\",\"urlTemplate\":\"https:\\\/\\\/lottoonline365.com\\\/de\\\/?s={search_term_string}\"},\"query-input\":{\"@type\":\"PropertyValueSpecification\",\"valueRequired\":true,\"valueName\":\"search_term_string\"}}],\"inLanguage\":\"de\"}]}<\/script>\n<!-- \/ Yoast SEO plugin. -->","yoast_head_json":{"title":"Tickets f\u00fcr Euromillions online kaufen \u2013 auch von au\u00dferhalb Europas m\u00f6glich!","robots":{"index":"index","follow":"follow","max-snippet":"max-snippet:-1","max-image-preview":"max-image-preview:large","max-video-preview":"max-video-preview:-1"},"canonical":"https:\/\/lottoonline365.com\/de\/mehr-internationale-jackpots\/euromillions\/","og_locale":"de_DE","og_type":"article","og_title":"Tickets f\u00fcr Euromillions online kaufen \u2013 auch von au\u00dferhalb Europas m\u00f6glich!","og_description":"Euromillionen jetzt online f\u00fcr alle! Wenn man den Namen EuroMillionen h\u00f6rt, denkt man nat\u00fcrlich, dass diese Lotterie in ganz Europa angeboten wird. Leider ist das nicht der Fall, da nur in einigen europ\u00e4ischen L\u00e4ndern der Verkauf von regul\u00e4ren Losen im Ladengesch\u00e4ft erlaubt ist. Und nat\u00fcrlich sind keine Lose auf herk\u00f6mmlichem Weg erh\u00e4ltlich, wenn Sie au\u00dferhalb [&hellip;]","og_url":"https:\/\/lottoonline365.com\/de\/mehr-internationale-jackpots\/euromillions\/","twitter_card":"summary_large_image","twitter_misc":{"Gesch\u00e4tzte Lesezeit":"2\u00a0Minuten"},"schema":{"@context":"https:\/\/schema.org","@graph":[{"@type":"WebPage","@id":"https:\/\/lottoonline365.com\/de\/mehr-internationale-jackpots\/euromillions\/","url":"https:\/\/lottoonline365.com\/de\/mehr-internationale-jackpots\/euromillions\/","name":"Tickets f\u00fcr Euromillions online kaufen \u2013 auch von au\u00dferhalb Europas m\u00f6glich!","isPartOf":{"@id":"https:\/\/lottoonline365.com\/de\/#website"},"datePublished":"2025-08-04T09:19:12+00:00","breadcrumb":{"@id":"https:\/\/lottoonline365.com\/de\/mehr-internationale-jackpots\/euromillions\/#breadcrumb"},"inLanguage":"de","potentialAction":[{"@type":"ReadAction","target":["https:\/\/lottoonline365.com\/de\/mehr-internationale-jackpots\/euromillions\/"]}]},{"@type":"BreadcrumbList","@id":"https:\/\/lottoonline365.com\/de\/mehr-internationale-jackpots\/euromillions\/#breadcrumb","itemListElement":[{"@type":"ListItem","position":1,"name":"Home","item":"https:\/\/lottoonline365.com\/de\/"},{"@type":"ListItem","position":2,"name":"Mehr internationale Jackpots","item":"https:\/\/lottoonline365.com\/de\/mehr-internationale-jackpots\/"},{"@type":"ListItem","position":3,"name":"EuroMillions"}]},{"@type":"WebSite","@id":"https:\/\/lottoonline365.com\/de\/#website","url":"https:\/\/lottoonline365.com\/de\/","name":"","description":"","potentialAction":[{"@type":"SearchAction","target":{"@type":"EntryPoint","urlTemplate":"https:\/\/lottoonline365.com\/de\/?s={search_term_string}"},"query-input":{"@type":"PropertyValueSpecification","valueRequired":true,"valueName":"search_term_string"}}],"inLanguage":"de"}]}},"_links":{"self":[{"href":"https:\/\/lottoonline365.com\/de\/wp-json\/wp\/v2\/pages\/41","targetHints":{"allow":["GET"]}}],"collection":[{"href":"https:\/\/lottoonline365.com\/de\/wp-json\/wp\/v2\/pages"}],"about":[{"href":"https:\/\/lottoonline365.com\/de\/wp-json\/wp\/v2\/types\/page"}],"author":[{"embeddable":true,"href":"https:\/\/lottoonline365.com\/de\/wp-json\/wp\/v2\/users\/1"}],"replies":[{"embeddable":true,"href":"https:\/\/lottoonline365.com\/de\/wp-json\/wp\/v2\/comments?post=41"}],"version-history":[{"count":0,"href":"https:\/\/lottoonline365.com\/de\/wp-json\/wp\/v2\/pages\/41\/revisions"}],"up":[{"embeddable":true,"href":"https:\/\/lottoonline365.com\/de\/wp-json\/wp\/v2\/pages\/37"}],"wp:attachment":[{"href":"https:\/\/lottoonline365.com\/de\/wp-json\/wp\/v2\/media?parent=41"}],"curies":[{"name":"wp","href":"https:\/\/api.w.org\/{rel}","templated":true}]}}