{"id":39,"date":"2025-08-04T09:13:44","date_gmt":"2025-08-04T09:13:44","guid":{"rendered":"https:\/\/lottoonline365.com\/welche-lotterie-bietet-die-besten-gewinnchancen\/"},"modified":"2025-08-04T09:13:44","modified_gmt":"2025-08-04T09:13:44","slug":"welche-lotterie-bietet-die-besten-gewinnchancen","status":"publish","type":"page","link":"https:\/\/lottoonline365.com\/de\/welche-lotterie-bietet-die-besten-gewinnchancen\/","title":{"rendered":"Welche Lotterie bietet die besten Gewinnchancen?"},"content":{"rendered":"<h1>Wo Ihre Chancen gut stehen<\/h1>\n<p>Wie bei jedem anderen Kauf sollten Sie sich vor dem Kauf eines Lottoscheins genau ansehen und herausfinden, welche Lotterie die besten Gewinnchancen bietet. Wir versuchen, diese Frage f\u00fcr Sie zu beantworten, auch wenn die Entscheidung nicht leicht ist und einige Variablen eine Rolle spielen.<\/p>\n<h2>Wie berechnet man die Gewinnchancen bei einer Lotterie?<\/h2>\n<p>Lassen Sie uns zun\u00e4chst ein paar Dinge kl\u00e4ren. Wor\u00fcber sprechen wir eigentlich, wenn wir von Gewinnchancen bei einer Lotterie sprechen? \u00dcber den m\u00f6glichen Gewinnbetrag, die Wahrscheinlichkeit, den Jackpot zu knacken, oder was ist der entscheidende Faktor? Aus mathematischer Sicht w\u00e4re die beste Definition die sogenannte Gewinnerwartung oder der \u201eErwartungswert\u201c Ihrer Investition. Die mathematische Disziplin, die sich mit solchen Berechnungen befasst, hei\u00dft Statistik.<\/p>\n<p>Der Erwartungswert bedeutet, dass Sie einerseits Ihre Investition haben. Auf der anderen Seite gibt es die m\u00f6glichen Gewinne. Mit einem Lottoschein k\u00f6nnen Sie nicht nur den Jackpot gewinnen, sondern auch mehrere Gewinnklassen. Als Beispiel betrachten wir <a href=\"https:\/\/lottoonline365.com\/en\/mega-millions\" target=\"_blank\" rel=\"noopener\">Megamillions Lotto<\/a>, wo Sie 5 von 70 Hauptzahlen und eine Zusatzzahl zwischen 1 und 25 tippen. Die dritte Gewinnklasse erhalten Sie, wenn Sie zwei Hauptzahlen und eine Zusatzzahl richtig haben.<\/p>\n<p>Hier m\u00fcssen wir die Wahrscheinlichkeit berechnen, diese beiden Zahlen richtig zu haben. Dazu ben\u00f6tigen wir eine Gleichung mit Fakult\u00e4ten \u2026 nun ja, das ist wirklich kompliziert, also nehmen wir einfach die Zahl von der Megamillions-Website. Die Wahrscheinlichkeit liegt bei 1 zu 693, also 0,001443 %.<br \/>Nun nehmen Sie den Gewinn dieser Stufe von 10 $, multiplizieren ihn mit diesem Prozentsatz und dividieren ihn durch 2 $ (die Kosten f\u00fcr ein Los). Das Ergebnis ist 0,007215 %. Das ist der Erwartungswert Ihres Loses f\u00fcr Stufe 3.<\/p>\n<p>Nun m\u00fcssten Sie die gleiche Berechnung f\u00fcr alle anderen Stufen durchf\u00fchren und die Endergebnisse jeder Stufe addieren. Das Ergebnis ist der Gesamterwartungswert. Es wird nun deutlich: Je h\u00f6her der Preis, desto h\u00f6her der Erwartungswert bzw. EV. Der Gesamterwartungswert h\u00e4ngt stark von der H\u00f6he des Jackpots ab \u2013 dem Preis der h\u00f6chsten Stufe. Diese Stufe hat den st\u00e4rksten Einfluss auf Ihren EV.<\/p>\n<h2>Je h\u00f6her der Jackpot, desto h\u00f6her mein Erwartungswert (und meine Gewinnchancen)<\/h2>\n<p>Das ist richtig \u2013 vorausgesetzt, alle anderen Faktoren sind gleich. Auch die Details der Ziehung (wie viele Zahlenkugeln hat die Lotterie, wie viele Zahlen muss ich tippen, ein oder zwei Zusatzzahlen usw.) sind wichtig. Wichtig ist jedoch: Wenn die Gewinnchancen f\u00fcr alle Zahlen extrem schlecht sind, tendiert die Lotterie zu h\u00f6heren Jackpots.<\/p>\n<p>Der Grund ist einfach: Schlechte Gewinnchancen bedeuten, dass der Jackpot wahrscheinlich \u00fcber einen l\u00e4ngeren Zeitraum nicht geknackt wird. Die Gewinnchancen f\u00fcr den Hauptgewinn bei Megamillions liegen bei etwa 1 zu 302 Millionen. Statistisch gesehen m\u00fcssen also 302 Millionen Lose (oder Reihen) verkauft werden, bevor jemand den Jackpot knackt. Je h\u00f6her diese Zahl, desto h\u00f6her der Jackpot (sofern der Jackpot nicht gedeckelt ist).<\/p>\n<p>Wenn Sie also die <strong>Lotterie mit den besten Gewinnchancen<\/strong> suchen, ist die einfachste L\u00f6sung, immer auf den aktuell h\u00f6chsten Jackpot zu spielen. Hei\u00dft das, Sie m\u00fcssen warten, bis der Jackpot Ihrer lokalen Lotterie eine bestimmte Summe erreicht hat? Nein \u2013 obwohl das fr\u00fcher so war, k\u00f6nnen Sie heute aus einer Vielzahl von <a href=\"index.php?option=com_content&amp;view=article&amp;id=42&amp;Itemid=269&amp;lang=en\">Lotterien aus aller Welt<\/a> w\u00e4hlen. Das Unternehmen RedFoxLotto macht es Ihnen m\u00f6glich, indem es Ihnen einen Online-Service anbietet, bei dem Sie Online-Lose f\u00fcr \u00fcber 20 der gr\u00f6\u00dften und lukrativsten internationalen Lotto-Jackpots bestellen k\u00f6nnen. <span style=\"text-decoration: underline;\"><a href=\"https:\/\/redfoxlotto.com\/?ref=A8564250A2&amp;medium=lo365\" target=\"_blank\" rel=\"noopener\">Ein Klick auf diesen Link gen\u00fcgt, und Ihnen werden auf der Website eine Reihe von Jackpots angezeigt<\/a><\/span>. <strong>So verbessern Sie Ihre Gewinnchancen im Lotto deutlich!<\/strong><\/p>\n<p>&nbsp;<\/p>\n<p>&nbsp;<\/p>\n","protected":false},"excerpt":{"rendered":"<p>Wo Ihre Chancen gut stehen Wie bei jedem anderen Kauf sollten Sie sich vor dem Kauf eines Lottoscheins genau ansehen und herausfinden, welche Lotterie die besten Gewinnchancen bietet. Wir versuchen, diese Frage f\u00fcr Sie zu beantworten, auch wenn die Entscheidung nicht leicht ist und einige Variablen eine Rolle spielen. Wie berechnet man die Gewinnchancen bei [&hellip;]<\/p>\n","protected":false},"author":1,"featured_media":0,"parent":0,"menu_order":0,"comment_status":"closed","ping_status":"closed","template":"","meta":{"footnotes":""},"class_list":["post-39","page","type-page","status-publish","hentry"],"blocksy_meta":[],"yoast_head":"<!-- This site is optimized with the Yoast SEO plugin v27.4 - https:\/\/yoast.com\/product\/yoast-seo-wordpress\/ -->\n<title>Welche Lotterie bietet die besten Gewinnchancen?<\/title>\n<meta name=\"robots\" content=\"index, follow, max-snippet:-1, max-image-preview:large, max-video-preview:-1\" \/>\n<link rel=\"canonical\" href=\"https:\/\/lottoonline365.com\/de\/welche-lotterie-bietet-die-besten-gewinnchancen\/\" \/>\n<meta property=\"og:locale\" content=\"de_DE\" \/>\n<meta property=\"og:type\" content=\"article\" \/>\n<meta property=\"og:title\" content=\"Welche Lotterie bietet die besten Gewinnchancen?\" \/>\n<meta property=\"og:description\" content=\"Wo Ihre Chancen gut stehen Wie bei jedem anderen Kauf sollten Sie sich vor dem Kauf eines Lottoscheins genau ansehen und herausfinden, welche Lotterie die besten Gewinnchancen bietet. Wir versuchen, diese Frage f\u00fcr Sie zu beantworten, auch wenn die Entscheidung nicht leicht ist und einige Variablen eine Rolle spielen. Wie berechnet man die Gewinnchancen bei [&hellip;]\" \/>\n<meta property=\"og:url\" content=\"https:\/\/lottoonline365.com\/de\/welche-lotterie-bietet-die-besten-gewinnchancen\/\" \/>\n<meta name=\"twitter:card\" content=\"summary_large_image\" \/>\n<meta name=\"twitter:label1\" content=\"Gesch\u00e4tzte Lesezeit\" \/>\n\t<meta name=\"twitter:data1\" content=\"3\u00a0Minuten\" \/>\n<script type=\"application\/ld+json\" class=\"yoast-schema-graph\">{\"@context\":\"https:\\\/\\\/schema.org\",\"@graph\":[{\"@type\":\"WebPage\",\"@id\":\"https:\\\/\\\/lottoonline365.com\\\/de\\\/welche-lotterie-bietet-die-besten-gewinnchancen\\\/\",\"url\":\"https:\\\/\\\/lottoonline365.com\\\/de\\\/welche-lotterie-bietet-die-besten-gewinnchancen\\\/\",\"name\":\"Welche Lotterie bietet die besten Gewinnchancen?\",\"isPartOf\":{\"@id\":\"https:\\\/\\\/lottoonline365.com\\\/de\\\/#website\"},\"datePublished\":\"2025-08-04T09:13:44+00:00\",\"breadcrumb\":{\"@id\":\"https:\\\/\\\/lottoonline365.com\\\/de\\\/welche-lotterie-bietet-die-besten-gewinnchancen\\\/#breadcrumb\"},\"inLanguage\":\"de\",\"potentialAction\":[{\"@type\":\"ReadAction\",\"target\":[\"https:\\\/\\\/lottoonline365.com\\\/de\\\/welche-lotterie-bietet-die-besten-gewinnchancen\\\/\"]}]},{\"@type\":\"BreadcrumbList\",\"@id\":\"https:\\\/\\\/lottoonline365.com\\\/de\\\/welche-lotterie-bietet-die-besten-gewinnchancen\\\/#breadcrumb\",\"itemListElement\":[{\"@type\":\"ListItem\",\"position\":1,\"name\":\"Home\",\"item\":\"https:\\\/\\\/lottoonline365.com\\\/de\\\/\"},{\"@type\":\"ListItem\",\"position\":2,\"name\":\"Welche Lotterie bietet die besten Gewinnchancen?\"}]},{\"@type\":\"WebSite\",\"@id\":\"https:\\\/\\\/lottoonline365.com\\\/de\\\/#website\",\"url\":\"https:\\\/\\\/lottoonline365.com\\\/de\\\/\",\"name\":\"\",\"description\":\"\",\"potentialAction\":[{\"@type\":\"SearchAction\",\"target\":{\"@type\":\"EntryPoint\",\"urlTemplate\":\"https:\\\/\\\/lottoonline365.com\\\/de\\\/?s={search_term_string}\"},\"query-input\":{\"@type\":\"PropertyValueSpecification\",\"valueRequired\":true,\"valueName\":\"search_term_string\"}}],\"inLanguage\":\"de\"}]}<\/script>\n<!-- \/ Yoast SEO plugin. -->","yoast_head_json":{"title":"Welche Lotterie bietet die besten Gewinnchancen?","robots":{"index":"index","follow":"follow","max-snippet":"max-snippet:-1","max-image-preview":"max-image-preview:large","max-video-preview":"max-video-preview:-1"},"canonical":"https:\/\/lottoonline365.com\/de\/welche-lotterie-bietet-die-besten-gewinnchancen\/","og_locale":"de_DE","og_type":"article","og_title":"Welche Lotterie bietet die besten Gewinnchancen?","og_description":"Wo Ihre Chancen gut stehen Wie bei jedem anderen Kauf sollten Sie sich vor dem Kauf eines Lottoscheins genau ansehen und herausfinden, welche Lotterie die besten Gewinnchancen bietet. Wir versuchen, diese Frage f\u00fcr Sie zu beantworten, auch wenn die Entscheidung nicht leicht ist und einige Variablen eine Rolle spielen. Wie berechnet man die Gewinnchancen bei [&hellip;]","og_url":"https:\/\/lottoonline365.com\/de\/welche-lotterie-bietet-die-besten-gewinnchancen\/","twitter_card":"summary_large_image","twitter_misc":{"Gesch\u00e4tzte Lesezeit":"3\u00a0Minuten"},"schema":{"@context":"https:\/\/schema.org","@graph":[{"@type":"WebPage","@id":"https:\/\/lottoonline365.com\/de\/welche-lotterie-bietet-die-besten-gewinnchancen\/","url":"https:\/\/lottoonline365.com\/de\/welche-lotterie-bietet-die-besten-gewinnchancen\/","name":"Welche Lotterie bietet die besten Gewinnchancen?","isPartOf":{"@id":"https:\/\/lottoonline365.com\/de\/#website"},"datePublished":"2025-08-04T09:13:44+00:00","breadcrumb":{"@id":"https:\/\/lottoonline365.com\/de\/welche-lotterie-bietet-die-besten-gewinnchancen\/#breadcrumb"},"inLanguage":"de","potentialAction":[{"@type":"ReadAction","target":["https:\/\/lottoonline365.com\/de\/welche-lotterie-bietet-die-besten-gewinnchancen\/"]}]},{"@type":"BreadcrumbList","@id":"https:\/\/lottoonline365.com\/de\/welche-lotterie-bietet-die-besten-gewinnchancen\/#breadcrumb","itemListElement":[{"@type":"ListItem","position":1,"name":"Home","item":"https:\/\/lottoonline365.com\/de\/"},{"@type":"ListItem","position":2,"name":"Welche Lotterie bietet die besten Gewinnchancen?"}]},{"@type":"WebSite","@id":"https:\/\/lottoonline365.com\/de\/#website","url":"https:\/\/lottoonline365.com\/de\/","name":"","description":"","potentialAction":[{"@type":"SearchAction","target":{"@type":"EntryPoint","urlTemplate":"https:\/\/lottoonline365.com\/de\/?s={search_term_string}"},"query-input":{"@type":"PropertyValueSpecification","valueRequired":true,"valueName":"search_term_string"}}],"inLanguage":"de"}]}},"_links":{"self":[{"href":"https:\/\/lottoonline365.com\/de\/wp-json\/wp\/v2\/pages\/39","targetHints":{"allow":["GET"]}}],"collection":[{"href":"https:\/\/lottoonline365.com\/de\/wp-json\/wp\/v2\/pages"}],"about":[{"href":"https:\/\/lottoonline365.com\/de\/wp-json\/wp\/v2\/types\/page"}],"author":[{"embeddable":true,"href":"https:\/\/lottoonline365.com\/de\/wp-json\/wp\/v2\/users\/1"}],"replies":[{"embeddable":true,"href":"https:\/\/lottoonline365.com\/de\/wp-json\/wp\/v2\/comments?post=39"}],"version-history":[{"count":0,"href":"https:\/\/lottoonline365.com\/de\/wp-json\/wp\/v2\/pages\/39\/revisions"}],"wp:attachment":[{"href":"https:\/\/lottoonline365.com\/de\/wp-json\/wp\/v2\/media?parent=39"}],"curies":[{"name":"wp","href":"https:\/\/api.w.org\/{rel}","templated":true}]}}